{"id":27059,"date":"2024-04-30T10:21:49","date_gmt":"2024-04-30T10:21:49","guid":{"rendered":"https:\/\/cienmilhijos.es\/?post_type=product&#038;p=27059"},"modified":"2024-04-30T10:21:50","modified_gmt":"2024-04-30T10:21:50","slug":"profine-gatitos-bebes","status":"publish","type":"product","link":"https:\/\/cienmilhijos.es\/en\/product\/profine-gatitos-bebes\/","title":{"rendered":"Profine Gatitos bebes"},"content":{"rendered":"<p>Pienso Profine Cat Kitten es un alimento animal de calidad excelente formulado especialmente para gatos de 1 a 12 meses. Es un estupendo alimento con una diversidad de nutrientes, vitaminas, minerales y fibra para el apropiado desarrollo de gatitos beb\u00e9s, incluyendo 70% de carne de pollo y arroz que hace m\u00e1s f\u00e1cil la digesti\u00f3n.<\/p>\n<p>La alimentaci\u00f3n en la primera etapa de la vida de un gatito es fundamental para su desarrollo. De manera que el Profine Cat Kitten, aporta varios componentes nutricionales que lo hacen efectivo para que viva sano y feliz. Esta comida tambi\u00e9n es de f\u00e1cil digesti\u00f3n y ayuda a reforzar el sistema inmunol\u00f3gico para evitar la aparici\u00f3n de las enfermedades.<\/p>\n<p>VENTAJAS: Contiene nutrientes, vitaminas, minerales y fibra. Facilita la digesti\u00f3n. Refuerza el sistema inmunol\u00f3gico. INGREDIENTES Profine Cat Kitten: Pollo 42% (pollo triturado 26%, pollo deshidratado 16%), ma\u00edz, arroz (14%), grasa de pollo (conservada con tocoferoles mezclados) (12%), h\u00edgado de pollo hidrolizado (2%), aceite de salm\u00f3n (2%), manzanas deshidratadas, levadura de cerveza, algas marinas (0,5%), mezcla de hierbas (hinojo, albahaca, salvia 0,02%), ra\u00edces de achicoria (fuente de manano-oligosac\u00e1ridos 0,016%), fructo-oligosac\u00e1ridos (0,013%), extracto de yucca schidigera (0,009%).<\/p>\n<p>COMPONENTES ANAL\u00cdTICOS: Prote\u00edna 37% Grasa 19% Fibra 2,8% Humedad 10% Ceniza 6% Calcio 1,3% F\u00f3sforo 1% Magnesio 0,05% ADITIVOS POR 1 Kg: 24.000 UI de vitamina A 2000 UI de vitamina D3 600 mg de vitamina E (a- tocoferol) 1500 mg de taurina 1mg de vitamina K3 2,5 mg de vitamina B1 2 mg de vitamina B6 0,02 mg de vitamina B12 25 mg de niacina 5 mg de pantotenato de calcio 1 mg de biotina 0,2 mg de \u00e1cido f\u00f3lico 350 mg de cloruro de colina 10,5 mg de zinc org\u00e1nico 21 mg de cobre org\u00e1nico 0,3 mg de selenio org\u00e1nico<\/p>\n<p>Envase disponible 2 y 10k<\/p>","protected":false},"excerpt":{"rendered":"<p>Pienso Profine Cat Kitten es un alimento animal de calidad excelente formulado especialmente para gatos de 1 a 12 meses. Es un estupendo alimento con una diversidad de nutrientes, vitaminas,&hellip;<\/p>","protected":false},"featured_media":27060,"comment_status":"open","ping_status":"closed","template":"","meta":[],"product_cat":[270],"product_tag":[],"class_list":["post-27059","product","type-product","status-publish","has-post-thumbnail","hentry","product_cat-alimetacion-gatos"],"yoast_head":"<!-- This site is optimized with the Yoast SEO plugin v21.6 - https:\/\/yoast.com\/wordpress\/plugins\/seo\/ -->\n<title>Profine Gatitos bebes - Cien Mil Hijos<\/title>\n<meta name=\"robots\" content=\"index, follow, max-snippet:-1, max-image-preview:large, max-video-preview:-1\" \/>\n<link rel=\"canonical\" href=\"https:\/\/cienmilhijos.es\/en\/product\/profine-gatitos-bebes\/\" \/>\n<meta property=\"og:locale\" content=\"en_GB\" \/>\n<meta property=\"og:type\" content=\"article\" \/>\n<meta property=\"og:title\" content=\"Profine Gatitos bebes - Cien Mil Hijos\" \/>\n<meta property=\"og:description\" content=\"Pienso Profine Cat Kitten es un alimento animal de calidad excelente formulado especialmente para gatos de 1 a 12 meses. Es un estupendo alimento con una diversidad de nutrientes, vitaminas,&hellip;\" \/>\n<meta property=\"og:url\" content=\"https:\/\/cienmilhijos.es\/en\/product\/profine-gatitos-bebes\/\" \/>\n<meta property=\"og:site_name\" content=\"Cien Mil Hijos\" \/>\n<meta property=\"article:publisher\" content=\"https:\/\/www.facebook.com\/cienmilhijosanimales\/?locale=es_ES\" \/>\n<meta property=\"article:modified_time\" content=\"2024-04-30T10:21:50+00:00\" \/>\n<meta property=\"og:image\" content=\"https:\/\/cienmilhijos.es\/wp-content\/uploads\/2024\/04\/shopping-2.webp\" \/>\n\t<meta property=\"og:image:width\" content=\"173\" \/>\n\t<meta property=\"og:image:height\" content=\"262\" \/>\n\t<meta property=\"og:image:type\" content=\"image\/webp\" \/>\n<meta name=\"twitter:card\" content=\"summary_large_image\" \/>\n<meta name=\"twitter:label1\" content=\"Estimated reading time\" \/>\n\t<meta name=\"twitter:data1\" content=\"2 minutes\" \/>\n<script type=\"application\/ld+json\" class=\"yoast-schema-graph\">{\"@context\":\"https:\/\/schema.org\",\"@graph\":[{\"@type\":\"WebPage\",\"@id\":\"https:\/\/cienmilhijos.es\/product\/profine-gatitos-bebes\/\",\"url\":\"https:\/\/cienmilhijos.es\/product\/profine-gatitos-bebes\/\",\"name\":\"Profine Gatitos bebes - Cien Mil Hijos\",\"isPartOf\":{\"@id\":\"https:\/\/cienmilhijos.es\/#website\"},\"datePublished\":\"2024-04-30T10:21:49+00:00\",\"dateModified\":\"2024-04-30T10:21:50+00:00\",\"breadcrumb\":{\"@id\":\"https:\/\/cienmilhijos.es\/product\/profine-gatitos-bebes\/#breadcrumb\"},\"inLanguage\":\"en-GB\",\"potentialAction\":[{\"@type\":\"ReadAction\",\"target\":[\"https:\/\/cienmilhijos.es\/product\/profine-gatitos-bebes\/\"]}]},{\"@type\":\"BreadcrumbList\",\"@id\":\"https:\/\/cienmilhijos.es\/product\/profine-gatitos-bebes\/#breadcrumb\",\"itemListElement\":[{\"@type\":\"ListItem\",\"position\":1,\"name\":\"Portada\",\"item\":\"https:\/\/cienmilhijos.es\/\"},{\"@type\":\"ListItem\",\"position\":2,\"name\":\"Tienda\",\"item\":\"https:\/\/cienmilhijos.es\/tienda\/\"},{\"@type\":\"ListItem\",\"position\":3,\"name\":\"Profine Gatitos bebes\"}]},{\"@type\":\"WebSite\",\"@id\":\"https:\/\/cienmilhijos.es\/#website\",\"url\":\"https:\/\/cienmilhijos.es\/\",\"name\":\"Cien Mil Hijos\",\"description\":\"Cuidado de animales &amp; tienda de mascotas\",\"publisher\":{\"@id\":\"https:\/\/cienmilhijos.es\/#organization\"},\"potentialAction\":[{\"@type\":\"SearchAction\",\"target\":{\"@type\":\"EntryPoint\",\"urlTemplate\":\"https:\/\/cienmilhijos.es\/?s={search_term_string}\"},\"query-input\":\"required name=search_term_string\"}],\"inLanguage\":\"en-GB\"},{\"@type\":\"Organization\",\"@id\":\"https:\/\/cienmilhijos.es\/#organization\",\"name\":\"Cien Mil Hijos\",\"url\":\"https:\/\/cienmilhijos.es\/\",\"logo\":{\"@type\":\"ImageObject\",\"inLanguage\":\"en-GB\",\"@id\":\"https:\/\/cienmilhijos.es\/#\/schema\/logo\/image\/\",\"url\":\"https:\/\/cienmilhijos.es\/wp-content\/uploads\/2023\/12\/logo2.png\",\"contentUrl\":\"https:\/\/cienmilhijos.es\/wp-content\/uploads\/2023\/12\/logo2.png\",\"width\":1150,\"height\":127,\"caption\":\"Cien Mil Hijos\"},\"image\":{\"@id\":\"https:\/\/cienmilhijos.es\/#\/schema\/logo\/image\/\"},\"sameAs\":[\"https:\/\/www.facebook.com\/cienmilhijosanimales\/?locale=es_ES\"]}]}<\/script>\n<!-- \/ Yoast SEO plugin. -->","yoast_head_json":{"title":"Profine Gatitos bebes - Cien Mil Hijos","robots":{"index":"index","follow":"follow","max-snippet":"max-snippet:-1","max-image-preview":"max-image-preview:large","max-video-preview":"max-video-preview:-1"},"canonical":"https:\/\/cienmilhijos.es\/en\/product\/profine-gatitos-bebes\/","og_locale":"en_GB","og_type":"article","og_title":"Profine Gatitos bebes - Cien Mil Hijos","og_description":"Pienso Profine Cat Kitten es un alimento animal de calidad excelente formulado especialmente para gatos de 1 a 12 meses. Es un estupendo alimento con una diversidad de nutrientes, vitaminas,&hellip;","og_url":"https:\/\/cienmilhijos.es\/en\/product\/profine-gatitos-bebes\/","og_site_name":"Cien Mil Hijos","article_publisher":"https:\/\/www.facebook.com\/cienmilhijosanimales\/?locale=es_ES","article_modified_time":"2024-04-30T10:21:50+00:00","og_image":[{"width":173,"height":262,"url":"https:\/\/cienmilhijos.es\/wp-content\/uploads\/2024\/04\/shopping-2.webp","type":"image\/webp"}],"twitter_card":"summary_large_image","twitter_misc":{"Estimated reading time":"2 minutes"},"schema":{"@context":"https:\/\/schema.org","@graph":[{"@type":"WebPage","@id":"https:\/\/cienmilhijos.es\/product\/profine-gatitos-bebes\/","url":"https:\/\/cienmilhijos.es\/product\/profine-gatitos-bebes\/","name":"Profine Gatitos bebes - Cien Mil Hijos","isPartOf":{"@id":"https:\/\/cienmilhijos.es\/#website"},"datePublished":"2024-04-30T10:21:49+00:00","dateModified":"2024-04-30T10:21:50+00:00","breadcrumb":{"@id":"https:\/\/cienmilhijos.es\/product\/profine-gatitos-bebes\/#breadcrumb"},"inLanguage":"en-GB","potentialAction":[{"@type":"ReadAction","target":["https:\/\/cienmilhijos.es\/product\/profine-gatitos-bebes\/"]}]},{"@type":"BreadcrumbList","@id":"https:\/\/cienmilhijos.es\/product\/profine-gatitos-bebes\/#breadcrumb","itemListElement":[{"@type":"ListItem","position":1,"name":"Portada","item":"https:\/\/cienmilhijos.es\/"},{"@type":"ListItem","position":2,"name":"Tienda","item":"https:\/\/cienmilhijos.es\/tienda\/"},{"@type":"ListItem","position":3,"name":"Profine Gatitos bebes"}]},{"@type":"WebSite","@id":"https:\/\/cienmilhijos.es\/#website","url":"https:\/\/cienmilhijos.es\/","name":"Cien Mil Hijos","description":"Cuidado de animales &amp; tienda de mascotas","publisher":{"@id":"https:\/\/cienmilhijos.es\/#organization"},"potentialAction":[{"@type":"SearchAction","target":{"@type":"EntryPoint","urlTemplate":"https:\/\/cienmilhijos.es\/?s={search_term_string}"},"query-input":"required name=search_term_string"}],"inLanguage":"en-GB"},{"@type":"Organization","@id":"https:\/\/cienmilhijos.es\/#organization","name":"Cien Mil Hijos","url":"https:\/\/cienmilhijos.es\/","logo":{"@type":"ImageObject","inLanguage":"en-GB","@id":"https:\/\/cienmilhijos.es\/#\/schema\/logo\/image\/","url":"https:\/\/cienmilhijos.es\/wp-content\/uploads\/2023\/12\/logo2.png","contentUrl":"https:\/\/cienmilhijos.es\/wp-content\/uploads\/2023\/12\/logo2.png","width":1150,"height":127,"caption":"Cien Mil Hijos"},"image":{"@id":"https:\/\/cienmilhijos.es\/#\/schema\/logo\/image\/"},"sameAs":["https:\/\/www.facebook.com\/cienmilhijosanimales\/?locale=es_ES"]}]}},"_links":{"self":[{"href":"https:\/\/cienmilhijos.es\/en\/wp-json\/wp\/v2\/product\/27059","targetHints":{"allow":["GET"]}}],"collection":[{"href":"https:\/\/cienmilhijos.es\/en\/wp-json\/wp\/v2\/product"}],"about":[{"href":"https:\/\/cienmilhijos.es\/en\/wp-json\/wp\/v2\/types\/product"}],"replies":[{"embeddable":true,"href":"https:\/\/cienmilhijos.es\/en\/wp-json\/wp\/v2\/comments?post=27059"}],"wp:featuredmedia":[{"embeddable":true,"href":"https:\/\/cienmilhijos.es\/en\/wp-json\/wp\/v2\/media\/27060"}],"wp:attachment":[{"href":"https:\/\/cienmilhijos.es\/en\/wp-json\/wp\/v2\/media?parent=27059"}],"wp:term":[{"taxonomy":"product_cat","embeddable":true,"href":"https:\/\/cienmilhijos.es\/en\/wp-json\/wp\/v2\/product_cat?post=27059"},{"taxonomy":"product_tag","embeddable":true,"href":"https:\/\/cienmilhijos.es\/en\/wp-json\/wp\/v2\/product_tag?post=27059"}],"curies":[{"name":"wp","href":"https:\/\/api.w.org\/{rel}","templated":true}]}}