{"id":27057,"date":"2024-04-30T09:57:35","date_gmt":"2024-04-30T09:57:35","guid":{"rendered":"https:\/\/cienmilhijos.es\/?post_type=product&#038;p=27057"},"modified":"2024-04-30T14:11:07","modified_gmt":"2024-04-30T14:11:07","slug":"profine-gatos-esterilizados","status":"publish","type":"product","link":"https:\/\/cienmilhijos.es\/en\/product\/profine-gatos-esterilizados\/","title":{"rendered":"Profine Gatos Esterilizados"},"content":{"rendered":"<p>Pienso Profine Cat Sterilised con una f\u00f3rmula natural con cordero y arroz para gatos esterilizados. Niveles equilibrados de magnesio y sodio para proteger la salud del tracto urinario.<\/p>\n<h3><strong>INGREDIENTES\u00a0<\/strong><b>Profine Cat Sterilised:<\/b><\/h3>\n<p>Pollo 38% (harina de pollo 24%, pollo secado 14%), arroz (25%), ma\u00edz, manzanas secadas, grasa de pollo (conservada con tocoferoles mezclados) (5%), h\u00edgado de pollo hidrolizado (2%), levadura de cerveza, aceite de salm\u00f3n (1%), cloruro de sodio (1%), algas marinas (0,5%), mezcla de hierbas (hinojo, albahaca, salvia 0,02%), ra\u00edces de achicoria (fuente de manano-oligosac\u00e1ridos 0,015%), fructo-oligosac\u00e1ridos (0,012%), extracto de yucca<em>\u00a0schidigera<\/em>\u00a0(0,008%).<\/p>\n<p>&nbsp;<\/p>\n<h4><strong>ADITIVOS Por 1\u00a0Kg:<\/strong><\/h4>\n<p>Vitamina\u00a0A (3a672a) 19\u00a0000\u00a0UI, vitamina\u00a0E (alfa-tocoferol) (3a700) 500mg, vitamina\u00a0D<sub>3<\/sub>\u00a0(E671) 700\u00a0UI, vitamina\u00a0C (E3a312) 150mg, taurina (3a370) 2000mg, cloruro de colina (3a890) 1.800mg, biotina 3a880) 1,5mg, niacina (3a314) 40mg, pantotenato c\u00e1lcico (3a841) 5mg, vitamina\u00a0B<sub>12<\/sub>\u00a0(cianocobalamina) 0,03mg, vitamina\u00a0B<sub>2<\/sub>\u00a0(riboflavina) 4mg, vitamina\u00a0B<sub>1<\/sub>\u00a0(3a820) 5mg, vitamina\u00a0B<sub>6<\/sub>\u00a0(3a831) 2,5mg, \u00e1cido f\u00f3lico (3a316) 0,7mg, hierro (E1) 40mg, yodo (3b201) 3,5mg, cobre org\u00e1nico (E4) 10mg, zinc org\u00e1nico (E6) 140mg, manganeso org\u00e1nico (E5) 50mg, selenio org\u00e1nico (3b8.10) 0,2mg, L-carnitina (3a910) 50mg,L-arginina (3c3.6.1) 10mg, DL-metionina (3c301) 14mg, L-lisina (3.2.3) 10mg.<\/p>\n<p>&nbsp;<\/p>\n<h4>COMPONENTES ANAL\u00cdTICOS:<\/h4>\n<p>Prote\u00edna bruta 33,0%, contenido de grasa 11,0%, fibras brutas 2,5%, humedad 10%, ceniza bruta 8,8%, calcio 1,0%, f\u00f3sforo 0,8%, sodio 0,9%, magnesio 0,04%, omega 3 0,17%, omega 6 1,30%.<\/p>\n<p>&nbsp;<\/p>\n<p>Energ\u00eda metabolizable:\u00a0<strong>3500 kcal\/kg.<\/strong><\/p>\n<p>Disponible en Envase de 2 y 10k<\/p>","protected":false},"excerpt":{"rendered":"<p>Pienso Profine Cat Sterilised con una f\u00f3rmula natural con cordero y arroz para gatos esterilizados. Niveles equilibrados de magnesio y sodio para proteger la salud del tracto urinario. INGREDIENTES\u00a0Profine Cat&hellip;<\/p>","protected":false},"featured_media":27058,"comment_status":"open","ping_status":"closed","template":"","meta":[],"product_cat":[270],"product_tag":[],"class_list":["post-27057","product","type-product","status-publish","has-post-thumbnail","hentry","product_cat-alimetacion-gatos"],"yoast_head":"<!-- This site is optimized with the Yoast SEO plugin v21.6 - https:\/\/yoast.com\/wordpress\/plugins\/seo\/ -->\n<title>Profine Gatos Esterilizados - Cien Mil Hijos<\/title>\n<meta name=\"robots\" content=\"index, follow, max-snippet:-1, max-image-preview:large, max-video-preview:-1\" \/>\n<link rel=\"canonical\" href=\"https:\/\/cienmilhijos.es\/en\/product\/profine-gatos-esterilizados\/\" \/>\n<meta property=\"og:locale\" content=\"en_GB\" \/>\n<meta property=\"og:type\" content=\"article\" \/>\n<meta property=\"og:title\" content=\"Profine Gatos Esterilizados - Cien Mil Hijos\" \/>\n<meta property=\"og:description\" content=\"Pienso Profine Cat Sterilised con una f\u00f3rmula natural con cordero y arroz para gatos esterilizados. Niveles equilibrados de magnesio y sodio para proteger la salud del tracto urinario. INGREDIENTES\u00a0Profine Cat&hellip;\" \/>\n<meta property=\"og:url\" content=\"https:\/\/cienmilhijos.es\/en\/product\/profine-gatos-esterilizados\/\" \/>\n<meta property=\"og:site_name\" content=\"Cien Mil Hijos\" \/>\n<meta property=\"article:publisher\" content=\"https:\/\/www.facebook.com\/cienmilhijosanimales\/?locale=es_ES\" \/>\n<meta property=\"article:modified_time\" content=\"2024-04-30T14:11:07+00:00\" \/>\n<meta property=\"og:image\" content=\"https:\/\/cienmilhijos.es\/wp-content\/uploads\/2024\/04\/profine-cat-sterilised-1.jpg\" \/>\n\t<meta property=\"og:image:width\" content=\"800\" \/>\n\t<meta property=\"og:image:height\" content=\"800\" \/>\n\t<meta property=\"og:image:type\" content=\"image\/jpeg\" \/>\n<meta name=\"twitter:card\" content=\"summary_large_image\" \/>\n<meta name=\"twitter:label1\" content=\"Estimated reading time\" \/>\n\t<meta name=\"twitter:data1\" content=\"2 minutes\" \/>\n<script type=\"application\/ld+json\" class=\"yoast-schema-graph\">{\"@context\":\"https:\/\/schema.org\",\"@graph\":[{\"@type\":\"WebPage\",\"@id\":\"https:\/\/cienmilhijos.es\/product\/profine-gatos-esterilizados\/\",\"url\":\"https:\/\/cienmilhijos.es\/product\/profine-gatos-esterilizados\/\",\"name\":\"Profine Gatos Esterilizados - Cien Mil Hijos\",\"isPartOf\":{\"@id\":\"https:\/\/cienmilhijos.es\/#website\"},\"datePublished\":\"2024-04-30T09:57:35+00:00\",\"dateModified\":\"2024-04-30T14:11:07+00:00\",\"breadcrumb\":{\"@id\":\"https:\/\/cienmilhijos.es\/product\/profine-gatos-esterilizados\/#breadcrumb\"},\"inLanguage\":\"en-GB\",\"potentialAction\":[{\"@type\":\"ReadAction\",\"target\":[\"https:\/\/cienmilhijos.es\/product\/profine-gatos-esterilizados\/\"]}]},{\"@type\":\"BreadcrumbList\",\"@id\":\"https:\/\/cienmilhijos.es\/product\/profine-gatos-esterilizados\/#breadcrumb\",\"itemListElement\":[{\"@type\":\"ListItem\",\"position\":1,\"name\":\"Portada\",\"item\":\"https:\/\/cienmilhijos.es\/\"},{\"@type\":\"ListItem\",\"position\":2,\"name\":\"Tienda\",\"item\":\"https:\/\/cienmilhijos.es\/tienda\/\"},{\"@type\":\"ListItem\",\"position\":3,\"name\":\"Profine Gatos Esterilizados\"}]},{\"@type\":\"WebSite\",\"@id\":\"https:\/\/cienmilhijos.es\/#website\",\"url\":\"https:\/\/cienmilhijos.es\/\",\"name\":\"Cien Mil Hijos\",\"description\":\"Cuidado de animales &amp; tienda de mascotas\",\"publisher\":{\"@id\":\"https:\/\/cienmilhijos.es\/#organization\"},\"potentialAction\":[{\"@type\":\"SearchAction\",\"target\":{\"@type\":\"EntryPoint\",\"urlTemplate\":\"https:\/\/cienmilhijos.es\/?s={search_term_string}\"},\"query-input\":\"required name=search_term_string\"}],\"inLanguage\":\"en-GB\"},{\"@type\":\"Organization\",\"@id\":\"https:\/\/cienmilhijos.es\/#organization\",\"name\":\"Cien Mil Hijos\",\"url\":\"https:\/\/cienmilhijos.es\/\",\"logo\":{\"@type\":\"ImageObject\",\"inLanguage\":\"en-GB\",\"@id\":\"https:\/\/cienmilhijos.es\/#\/schema\/logo\/image\/\",\"url\":\"https:\/\/cienmilhijos.es\/wp-content\/uploads\/2023\/12\/logo2.png\",\"contentUrl\":\"https:\/\/cienmilhijos.es\/wp-content\/uploads\/2023\/12\/logo2.png\",\"width\":1150,\"height\":127,\"caption\":\"Cien Mil Hijos\"},\"image\":{\"@id\":\"https:\/\/cienmilhijos.es\/#\/schema\/logo\/image\/\"},\"sameAs\":[\"https:\/\/www.facebook.com\/cienmilhijosanimales\/?locale=es_ES\"]}]}<\/script>\n<!-- \/ Yoast SEO plugin. -->","yoast_head_json":{"title":"Profine Gatos Esterilizados - Cien Mil Hijos","robots":{"index":"index","follow":"follow","max-snippet":"max-snippet:-1","max-image-preview":"max-image-preview:large","max-video-preview":"max-video-preview:-1"},"canonical":"https:\/\/cienmilhijos.es\/en\/product\/profine-gatos-esterilizados\/","og_locale":"en_GB","og_type":"article","og_title":"Profine Gatos Esterilizados - Cien Mil Hijos","og_description":"Pienso Profine Cat Sterilised con una f\u00f3rmula natural con cordero y arroz para gatos esterilizados. Niveles equilibrados de magnesio y sodio para proteger la salud del tracto urinario. INGREDIENTES\u00a0Profine Cat&hellip;","og_url":"https:\/\/cienmilhijos.es\/en\/product\/profine-gatos-esterilizados\/","og_site_name":"Cien Mil Hijos","article_publisher":"https:\/\/www.facebook.com\/cienmilhijosanimales\/?locale=es_ES","article_modified_time":"2024-04-30T14:11:07+00:00","og_image":[{"width":800,"height":800,"url":"https:\/\/cienmilhijos.es\/wp-content\/uploads\/2024\/04\/profine-cat-sterilised-1.jpg","type":"image\/jpeg"}],"twitter_card":"summary_large_image","twitter_misc":{"Estimated reading time":"2 minutes"},"schema":{"@context":"https:\/\/schema.org","@graph":[{"@type":"WebPage","@id":"https:\/\/cienmilhijos.es\/product\/profine-gatos-esterilizados\/","url":"https:\/\/cienmilhijos.es\/product\/profine-gatos-esterilizados\/","name":"Profine Gatos Esterilizados - Cien Mil Hijos","isPartOf":{"@id":"https:\/\/cienmilhijos.es\/#website"},"datePublished":"2024-04-30T09:57:35+00:00","dateModified":"2024-04-30T14:11:07+00:00","breadcrumb":{"@id":"https:\/\/cienmilhijos.es\/product\/profine-gatos-esterilizados\/#breadcrumb"},"inLanguage":"en-GB","potentialAction":[{"@type":"ReadAction","target":["https:\/\/cienmilhijos.es\/product\/profine-gatos-esterilizados\/"]}]},{"@type":"BreadcrumbList","@id":"https:\/\/cienmilhijos.es\/product\/profine-gatos-esterilizados\/#breadcrumb","itemListElement":[{"@type":"ListItem","position":1,"name":"Portada","item":"https:\/\/cienmilhijos.es\/"},{"@type":"ListItem","position":2,"name":"Tienda","item":"https:\/\/cienmilhijos.es\/tienda\/"},{"@type":"ListItem","position":3,"name":"Profine Gatos Esterilizados"}]},{"@type":"WebSite","@id":"https:\/\/cienmilhijos.es\/#website","url":"https:\/\/cienmilhijos.es\/","name":"Cien Mil Hijos","description":"Cuidado de animales &amp; tienda de mascotas","publisher":{"@id":"https:\/\/cienmilhijos.es\/#organization"},"potentialAction":[{"@type":"SearchAction","target":{"@type":"EntryPoint","urlTemplate":"https:\/\/cienmilhijos.es\/?s={search_term_string}"},"query-input":"required name=search_term_string"}],"inLanguage":"en-GB"},{"@type":"Organization","@id":"https:\/\/cienmilhijos.es\/#organization","name":"Cien Mil Hijos","url":"https:\/\/cienmilhijos.es\/","logo":{"@type":"ImageObject","inLanguage":"en-GB","@id":"https:\/\/cienmilhijos.es\/#\/schema\/logo\/image\/","url":"https:\/\/cienmilhijos.es\/wp-content\/uploads\/2023\/12\/logo2.png","contentUrl":"https:\/\/cienmilhijos.es\/wp-content\/uploads\/2023\/12\/logo2.png","width":1150,"height":127,"caption":"Cien Mil Hijos"},"image":{"@id":"https:\/\/cienmilhijos.es\/#\/schema\/logo\/image\/"},"sameAs":["https:\/\/www.facebook.com\/cienmilhijosanimales\/?locale=es_ES"]}]}},"_links":{"self":[{"href":"https:\/\/cienmilhijos.es\/en\/wp-json\/wp\/v2\/product\/27057","targetHints":{"allow":["GET"]}}],"collection":[{"href":"https:\/\/cienmilhijos.es\/en\/wp-json\/wp\/v2\/product"}],"about":[{"href":"https:\/\/cienmilhijos.es\/en\/wp-json\/wp\/v2\/types\/product"}],"replies":[{"embeddable":true,"href":"https:\/\/cienmilhijos.es\/en\/wp-json\/wp\/v2\/comments?post=27057"}],"wp:featuredmedia":[{"embeddable":true,"href":"https:\/\/cienmilhijos.es\/en\/wp-json\/wp\/v2\/media\/27058"}],"wp:attachment":[{"href":"https:\/\/cienmilhijos.es\/en\/wp-json\/wp\/v2\/media?parent=27057"}],"wp:term":[{"taxonomy":"product_cat","embeddable":true,"href":"https:\/\/cienmilhijos.es\/en\/wp-json\/wp\/v2\/product_cat?post=27057"},{"taxonomy":"product_tag","embeddable":true,"href":"https:\/\/cienmilhijos.es\/en\/wp-json\/wp\/v2\/product_tag?post=27057"}],"curies":[{"name":"wp","href":"https:\/\/api.w.org\/{rel}","templated":true}]}}