{"id":27055,"date":"2024-04-30T08:59:11","date_gmt":"2024-04-30T08:59:11","guid":{"rendered":"https:\/\/cienmilhijos.es\/?post_type=product&#038;p=27055"},"modified":"2024-04-30T08:59:12","modified_gmt":"2024-04-30T08:59:12","slug":"natura-diet-pienso-para-cachorros-12k","status":"publish","type":"product","link":"https:\/\/cienmilhijos.es\/en\/product\/natura-diet-pienso-para-cachorros-12k\/","title":{"rendered":"Natura Diet Pienso para Cachorros 12k"},"content":{"rendered":"<h2 class=\"tab--title-main\">Natura Diet Pienso Puppy Junior para Cachorros<\/h2>\n<div id=\"description-content\" class=\"tab--content-main tab--content\">\n<p><strong>Alimento completo y equilibrado para cachorros hasta los 8 &#8211; 12 meses, de razas medianas.<\/strong>\u00a0Una dieta natural y nutritiva que gracias a su alta digestibilidad, refuerza su sistema inmunitario, favoreciendo un desarrollo sano de las articulaciones y un crecimiento \u00f3ptimo.<\/p>\n<p>&nbsp;<\/p>\n<p><strong>Beneficios:<\/strong><\/p>\n<ul>\n<li>Salud ocular<\/li>\n<li>Articulaciones sanas<\/li>\n<li>Alta digestibilidad<\/li>\n<li>Peso ideal<\/li>\n<li>Salud pelo y piel<\/li>\n<li>Salud intestinal<\/li>\n<li>Salud dental<\/li>\n<li>Crecimiento \u00f3ptimo<\/li>\n<li>Refuerzo inmunitario<\/li>\n<li>Capacidad de aprendizaje<\/li>\n<\/ul>\n<p><strong>Ingredientes:<\/strong><\/p>\n<p><strong>Carne de pollo deshidratada (35%)<\/strong>, arroz (20%), grasa de pollo, concentrado de prote\u00ednas vegetales AD*, carne de pollo hidrolizada y deshidratada ,pulpa de remolacha, aceite de salm\u00f3n (3%), manzana deshidratada (1%), aceite de linaza, levadura de cerveza, cloruro pot\u00e1sico,\u00a0<strong>PROHEALTH (1%):<\/strong>, zanahoria deshidratada, tomate deshidratado, rosa de la India deshidratada, alfalfa deshidratada, algas deshidratadas, extracto de semilla de diente de le\u00f3n, br\u00f3coli deshidratado, extracto de semilla de t\u00e9 verde, manzanilla deshidratada, extracto de c\u00edtricos, aceite de borraja,\u00a0 extracto de semilla de or\u00e9gano, extracto de semilla de cardo mariano, ar\u00e1ndanos, L-carnitina, taurina, FOS, MOS, probi\u00f3ticos,\u00a0<strong>PROJOINT COMPLEX (0.2%)<\/strong>\u00a0: extracto de mejill\u00f3n de labios verdes, extracto de krill y caldo de hueso ( fuentes naturales de col\u00e1geno, Condroitina y Glucosamina),\u00a0<strong>PROSAFE COMPLEX (0.03%):\u00a0<\/strong>romero, clavo, pomelo , c\u00farcuma y aceite de oliva.<\/p>\n<article class=\"product-info--description secondary-info\">\n<div class=\"product--center-column\">\n<div id=\"ingredients-content\" class=\"tab--content-gen tab--content\">\n<p>*Asimilables y digestibles<\/p>\n<p><strong>Energ\u00eda: 4.000 kcal.<\/strong><\/p>\n<\/div>\n<\/div>\n<\/article>\n<h3 class=\"tab--title-gen\">Caracter\u00edsticasNatura Diet Pienso Puppy Junior para Cachorros<\/h3>\n<ul class=\"tab--content-features\">\n<li><span class=\"feature-title\">REFERENCIA<\/span><span class=\"feature-content\">8437013127165<\/span><\/li>\n<li><span class=\"feature-title\">PESO PRODUCTO<\/span><span class=\"feature-content\">3 Kg, 12 KG, 500 GR<\/span><\/li>\n<li><span class=\"feature-title\">MARCA<\/span><span class=\"feature-content\">Natura Diet<\/span><\/li>\n<li><span class=\"feature-title\">ACTIVIDAD F\u00cdSICA<\/span><span class=\"feature-content\">Media<\/span><\/li>\n<li><span class=\"feature-title\">CONDICIONES NUTRICIONALES<\/span><span class=\"feature-content\">Naturales<\/span><\/li>\n<li><span class=\"feature-title\">EDAD<\/span><span class=\"feature-content\">Cachorros<\/span><\/li>\n<li><span class=\"feature-title\">GUSTO<\/span><span class=\"feature-content\">Pollo, Pescado<\/span><\/li>\n<li><span class=\"feature-title\">TAMA\u00d1O<\/span><span class=\"feature-content\">Razas Peque\u00f1as, Razas Medianas, Razas Grandes<\/span><\/li>\n<li><span class=\"feature-title\">CANTIDAD (KG)<\/span><span class=\"feature-content\">3 Kg, 0,5 Kg, 12 Kg<\/span><\/li>\n<li><span class=\"feature-title\">PRODUCIDO EN<\/span><span class=\"feature-content\">Espa\u00f1a<\/span><\/li>\n<li><span class=\"feature-title\">GAMA<\/span><span class=\"feature-content\">Original Dog<\/span><\/li>\n<\/ul>\n<\/div>","protected":false},"excerpt":{"rendered":"<p>Natura Diet Pienso Puppy Junior para Cachorros Alimento completo y equilibrado para cachorros hasta los 8 &#8211; 12 meses, de razas medianas.\u00a0Una dieta natural y nutritiva que gracias a su&hellip;<\/p>","protected":false},"featured_media":27056,"comment_status":"open","ping_status":"closed","template":"","meta":[],"product_cat":[269],"product_tag":[],"class_list":["post-27055","product","type-product","status-publish","has-post-thumbnail","hentry","product_cat-alimentacion-perros"],"yoast_head":"<!-- This site is optimized with the Yoast SEO plugin v21.6 - https:\/\/yoast.com\/wordpress\/plugins\/seo\/ -->\n<title>Natura Diet Pienso para Cachorros 12k - Cien Mil Hijos<\/title>\n<meta name=\"robots\" content=\"index, follow, max-snippet:-1, max-image-preview:large, max-video-preview:-1\" \/>\n<link rel=\"canonical\" href=\"https:\/\/cienmilhijos.es\/en\/product\/natura-diet-pienso-para-cachorros-12k\/\" \/>\n<meta property=\"og:locale\" content=\"en_GB\" \/>\n<meta property=\"og:type\" content=\"article\" \/>\n<meta property=\"og:title\" content=\"Natura Diet Pienso para Cachorros 12k - Cien Mil Hijos\" \/>\n<meta property=\"og:description\" content=\"Natura Diet Pienso Puppy Junior para Cachorros Alimento completo y equilibrado para cachorros hasta los 8 &#8211; 12 meses, de razas medianas.\u00a0Una dieta natural y nutritiva que gracias a su&hellip;\" \/>\n<meta property=\"og:url\" content=\"https:\/\/cienmilhijos.es\/en\/product\/natura-diet-pienso-para-cachorros-12k\/\" \/>\n<meta property=\"og:site_name\" content=\"Cien Mil Hijos\" \/>\n<meta property=\"article:publisher\" content=\"https:\/\/www.facebook.com\/cienmilhijosanimales\/?locale=es_ES\" \/>\n<meta property=\"article:modified_time\" content=\"2024-04-30T08:59:12+00:00\" \/>\n<meta property=\"og:image\" content=\"https:\/\/cienmilhijos.es\/wp-content\/uploads\/2024\/04\/natura-diet-puppy-junior_1_g.jpeg\" \/>\n\t<meta property=\"og:image:width\" content=\"323\" \/>\n\t<meta property=\"og:image:height\" content=\"512\" \/>\n\t<meta property=\"og:image:type\" content=\"image\/jpeg\" \/>\n<meta name=\"twitter:card\" content=\"summary_large_image\" \/>\n<meta name=\"twitter:label1\" content=\"Estimated reading time\" \/>\n\t<meta name=\"twitter:data1\" content=\"2 minutes\" \/>\n<script type=\"application\/ld+json\" class=\"yoast-schema-graph\">{\"@context\":\"https:\/\/schema.org\",\"@graph\":[{\"@type\":\"WebPage\",\"@id\":\"https:\/\/cienmilhijos.es\/product\/natura-diet-pienso-para-cachorros-12k\/\",\"url\":\"https:\/\/cienmilhijos.es\/product\/natura-diet-pienso-para-cachorros-12k\/\",\"name\":\"Natura Diet Pienso para Cachorros 12k - Cien Mil Hijos\",\"isPartOf\":{\"@id\":\"https:\/\/cienmilhijos.es\/#website\"},\"datePublished\":\"2024-04-30T08:59:11+00:00\",\"dateModified\":\"2024-04-30T08:59:12+00:00\",\"breadcrumb\":{\"@id\":\"https:\/\/cienmilhijos.es\/product\/natura-diet-pienso-para-cachorros-12k\/#breadcrumb\"},\"inLanguage\":\"en-GB\",\"potentialAction\":[{\"@type\":\"ReadAction\",\"target\":[\"https:\/\/cienmilhijos.es\/product\/natura-diet-pienso-para-cachorros-12k\/\"]}]},{\"@type\":\"BreadcrumbList\",\"@id\":\"https:\/\/cienmilhijos.es\/product\/natura-diet-pienso-para-cachorros-12k\/#breadcrumb\",\"itemListElement\":[{\"@type\":\"ListItem\",\"position\":1,\"name\":\"Portada\",\"item\":\"https:\/\/cienmilhijos.es\/\"},{\"@type\":\"ListItem\",\"position\":2,\"name\":\"Tienda\",\"item\":\"https:\/\/cienmilhijos.es\/tienda\/\"},{\"@type\":\"ListItem\",\"position\":3,\"name\":\"Natura Diet Pienso para Cachorros 12k\"}]},{\"@type\":\"WebSite\",\"@id\":\"https:\/\/cienmilhijos.es\/#website\",\"url\":\"https:\/\/cienmilhijos.es\/\",\"name\":\"Cien Mil Hijos\",\"description\":\"Cuidado de animales &amp; tienda de mascotas\",\"publisher\":{\"@id\":\"https:\/\/cienmilhijos.es\/#organization\"},\"potentialAction\":[{\"@type\":\"SearchAction\",\"target\":{\"@type\":\"EntryPoint\",\"urlTemplate\":\"https:\/\/cienmilhijos.es\/?s={search_term_string}\"},\"query-input\":\"required name=search_term_string\"}],\"inLanguage\":\"en-GB\"},{\"@type\":\"Organization\",\"@id\":\"https:\/\/cienmilhijos.es\/#organization\",\"name\":\"Cien Mil Hijos\",\"url\":\"https:\/\/cienmilhijos.es\/\",\"logo\":{\"@type\":\"ImageObject\",\"inLanguage\":\"en-GB\",\"@id\":\"https:\/\/cienmilhijos.es\/#\/schema\/logo\/image\/\",\"url\":\"https:\/\/cienmilhijos.es\/wp-content\/uploads\/2023\/12\/logo2.png\",\"contentUrl\":\"https:\/\/cienmilhijos.es\/wp-content\/uploads\/2023\/12\/logo2.png\",\"width\":1150,\"height\":127,\"caption\":\"Cien Mil Hijos\"},\"image\":{\"@id\":\"https:\/\/cienmilhijos.es\/#\/schema\/logo\/image\/\"},\"sameAs\":[\"https:\/\/www.facebook.com\/cienmilhijosanimales\/?locale=es_ES\"]}]}<\/script>\n<!-- \/ Yoast SEO plugin. -->","yoast_head_json":{"title":"Natura Diet Pienso para Cachorros 12k - Cien Mil Hijos","robots":{"index":"index","follow":"follow","max-snippet":"max-snippet:-1","max-image-preview":"max-image-preview:large","max-video-preview":"max-video-preview:-1"},"canonical":"https:\/\/cienmilhijos.es\/en\/product\/natura-diet-pienso-para-cachorros-12k\/","og_locale":"en_GB","og_type":"article","og_title":"Natura Diet Pienso para Cachorros 12k - Cien Mil Hijos","og_description":"Natura Diet Pienso Puppy Junior para Cachorros Alimento completo y equilibrado para cachorros hasta los 8 &#8211; 12 meses, de razas medianas.\u00a0Una dieta natural y nutritiva que gracias a su&hellip;","og_url":"https:\/\/cienmilhijos.es\/en\/product\/natura-diet-pienso-para-cachorros-12k\/","og_site_name":"Cien Mil Hijos","article_publisher":"https:\/\/www.facebook.com\/cienmilhijosanimales\/?locale=es_ES","article_modified_time":"2024-04-30T08:59:12+00:00","og_image":[{"width":323,"height":512,"url":"https:\/\/cienmilhijos.es\/wp-content\/uploads\/2024\/04\/natura-diet-puppy-junior_1_g.jpeg","type":"image\/jpeg"}],"twitter_card":"summary_large_image","twitter_misc":{"Estimated reading time":"2 minutes"},"schema":{"@context":"https:\/\/schema.org","@graph":[{"@type":"WebPage","@id":"https:\/\/cienmilhijos.es\/product\/natura-diet-pienso-para-cachorros-12k\/","url":"https:\/\/cienmilhijos.es\/product\/natura-diet-pienso-para-cachorros-12k\/","name":"Natura Diet Pienso para Cachorros 12k - Cien Mil Hijos","isPartOf":{"@id":"https:\/\/cienmilhijos.es\/#website"},"datePublished":"2024-04-30T08:59:11+00:00","dateModified":"2024-04-30T08:59:12+00:00","breadcrumb":{"@id":"https:\/\/cienmilhijos.es\/product\/natura-diet-pienso-para-cachorros-12k\/#breadcrumb"},"inLanguage":"en-GB","potentialAction":[{"@type":"ReadAction","target":["https:\/\/cienmilhijos.es\/product\/natura-diet-pienso-para-cachorros-12k\/"]}]},{"@type":"BreadcrumbList","@id":"https:\/\/cienmilhijos.es\/product\/natura-diet-pienso-para-cachorros-12k\/#breadcrumb","itemListElement":[{"@type":"ListItem","position":1,"name":"Portada","item":"https:\/\/cienmilhijos.es\/"},{"@type":"ListItem","position":2,"name":"Tienda","item":"https:\/\/cienmilhijos.es\/tienda\/"},{"@type":"ListItem","position":3,"name":"Natura Diet Pienso para Cachorros 12k"}]},{"@type":"WebSite","@id":"https:\/\/cienmilhijos.es\/#website","url":"https:\/\/cienmilhijos.es\/","name":"Cien Mil Hijos","description":"Cuidado de animales &amp; tienda de mascotas","publisher":{"@id":"https:\/\/cienmilhijos.es\/#organization"},"potentialAction":[{"@type":"SearchAction","target":{"@type":"EntryPoint","urlTemplate":"https:\/\/cienmilhijos.es\/?s={search_term_string}"},"query-input":"required name=search_term_string"}],"inLanguage":"en-GB"},{"@type":"Organization","@id":"https:\/\/cienmilhijos.es\/#organization","name":"Cien Mil Hijos","url":"https:\/\/cienmilhijos.es\/","logo":{"@type":"ImageObject","inLanguage":"en-GB","@id":"https:\/\/cienmilhijos.es\/#\/schema\/logo\/image\/","url":"https:\/\/cienmilhijos.es\/wp-content\/uploads\/2023\/12\/logo2.png","contentUrl":"https:\/\/cienmilhijos.es\/wp-content\/uploads\/2023\/12\/logo2.png","width":1150,"height":127,"caption":"Cien Mil Hijos"},"image":{"@id":"https:\/\/cienmilhijos.es\/#\/schema\/logo\/image\/"},"sameAs":["https:\/\/www.facebook.com\/cienmilhijosanimales\/?locale=es_ES"]}]}},"_links":{"self":[{"href":"https:\/\/cienmilhijos.es\/en\/wp-json\/wp\/v2\/product\/27055","targetHints":{"allow":["GET"]}}],"collection":[{"href":"https:\/\/cienmilhijos.es\/en\/wp-json\/wp\/v2\/product"}],"about":[{"href":"https:\/\/cienmilhijos.es\/en\/wp-json\/wp\/v2\/types\/product"}],"replies":[{"embeddable":true,"href":"https:\/\/cienmilhijos.es\/en\/wp-json\/wp\/v2\/comments?post=27055"}],"wp:featuredmedia":[{"embeddable":true,"href":"https:\/\/cienmilhijos.es\/en\/wp-json\/wp\/v2\/media\/27056"}],"wp:attachment":[{"href":"https:\/\/cienmilhijos.es\/en\/wp-json\/wp\/v2\/media?parent=27055"}],"wp:term":[{"taxonomy":"product_cat","embeddable":true,"href":"https:\/\/cienmilhijos.es\/en\/wp-json\/wp\/v2\/product_cat?post=27055"},{"taxonomy":"product_tag","embeddable":true,"href":"https:\/\/cienmilhijos.es\/en\/wp-json\/wp\/v2\/product_tag?post=27055"}],"curies":[{"name":"wp","href":"https:\/\/api.w.org\/{rel}","templated":true}]}}