{"id":27053,"date":"2024-04-30T08:40:36","date_gmt":"2024-04-30T08:40:36","guid":{"rendered":"https:\/\/cienmilhijos.es\/?post_type=product&#038;p=27053"},"modified":"2025-01-23T11:06:25","modified_gmt":"2025-01-23T11:06:25","slug":"alpha-spirit-only-one-aves-de-corral-12k","status":"publish","type":"product","link":"https:\/\/cienmilhijos.es\/en\/product\/alpha-spirit-only-one-aves-de-corral-12k\/","title":{"rendered":"Alpha Spirit Only One Aves de Corral 12K"},"content":{"rendered":"<p>Alpha Spirit Only One Aves de Corral es una comida para perros adultos de la m\u00e1s alta calidad, elaborada al 100% con carnes y pescados frescos, con un alto contenido en carne, no tiene grano, gluten ni harinas c\u00e1rnicas. Est\u00e1 libre de transg\u00e9nicos, todos sus ingredientes provienen de empresas locales espa\u00f1olas.<\/p>\n<p>Alpha Spirit Only One Aves de Corral\u00a0no se fabrica mediante t\u00e9cnicas de extrusionado, sino que se realiza mediante una maceraci\u00f3n en fr\u00edo, obteniendo unos productos de la m\u00e1s alta calidad y palatabilidad.<\/p>\n<p>Composici\u00f3n:\u00a030% carne de pollo fresca, 25% carne de pavo fresca, 20% carne de pato fresca, 10% pescado entero fresco (alacha (Sardinella aurita), caballa (Scomber scombrus), jurel (Trachurus spp.), sardina (Sardina pilchardus)), almid\u00f3n hidrolizado, huevos, pulpa de Beta vulgaris, levadura de cerveza (Saccharomyces cerevisiae), zanahoria, manzana, achicoria, comino (Cuminum cyminum), romero (Rosmarinus officinalis), c\u00farcuma (Curcuma longa).<\/p>\n<p>Disponible en envases de 1.5k, 3kg y 12kg.<\/p>","protected":false},"excerpt":{"rendered":"<p>Alpha Spirit Only One Aves de Corral es una comida para perros adultos de la m\u00e1s alta calidad, elaborada al 100% con carnes y pescados frescos, con un alto contenido&hellip;<\/p>","protected":false},"featured_media":27054,"comment_status":"open","ping_status":"closed","template":"","meta":[],"product_cat":[269],"product_tag":[],"class_list":["post-27053","product","type-product","status-publish","has-post-thumbnail","hentry","product_cat-alimentacion-perros"],"yoast_head":"<!-- This site is optimized with the Yoast SEO plugin v21.6 - https:\/\/yoast.com\/wordpress\/plugins\/seo\/ -->\n<title>Alpha Spirit Only One Aves de Corral 12K - Cien Mil Hijos<\/title>\n<meta name=\"robots\" content=\"index, follow, max-snippet:-1, max-image-preview:large, max-video-preview:-1\" \/>\n<link rel=\"canonical\" href=\"https:\/\/cienmilhijos.es\/en\/product\/alpha-spirit-only-one-aves-de-corral-12k\/\" \/>\n<meta property=\"og:locale\" content=\"en_GB\" \/>\n<meta property=\"og:type\" content=\"article\" \/>\n<meta property=\"og:title\" content=\"Alpha Spirit Only One Aves de Corral 12K - Cien Mil Hijos\" \/>\n<meta property=\"og:description\" content=\"Alpha Spirit Only One Aves de Corral es una comida para perros adultos de la m\u00e1s alta calidad, elaborada al 100% con carnes y pescados frescos, con un alto contenido&hellip;\" \/>\n<meta property=\"og:url\" content=\"https:\/\/cienmilhijos.es\/en\/product\/alpha-spirit-only-one-aves-de-corral-12k\/\" \/>\n<meta property=\"og:site_name\" content=\"Cien Mil Hijos\" \/>\n<meta property=\"article:publisher\" content=\"https:\/\/www.facebook.com\/cienmilhijosanimales\/?locale=es_ES\" \/>\n<meta property=\"article:modified_time\" content=\"2025-01-23T11:06:25+00:00\" \/>\n<meta property=\"og:image\" content=\"https:\/\/cienmilhijos.es\/wp-content\/uploads\/2024\/04\/shopping-1.webp\" \/>\n\t<meta property=\"og:image:width\" content=\"173\" \/>\n\t<meta property=\"og:image:height\" content=\"318\" \/>\n\t<meta property=\"og:image:type\" content=\"image\/webp\" \/>\n<meta name=\"twitter:card\" content=\"summary_large_image\" \/>\n<meta name=\"twitter:label1\" content=\"Estimated reading time\" \/>\n\t<meta name=\"twitter:data1\" content=\"1 minute\" \/>\n<script type=\"application\/ld+json\" class=\"yoast-schema-graph\">{\"@context\":\"https:\/\/schema.org\",\"@graph\":[{\"@type\":\"WebPage\",\"@id\":\"https:\/\/cienmilhijos.es\/product\/alpha-spirit-only-one-aves-de-corral-12k\/\",\"url\":\"https:\/\/cienmilhijos.es\/product\/alpha-spirit-only-one-aves-de-corral-12k\/\",\"name\":\"Alpha Spirit Only One Aves de Corral 12K - Cien Mil Hijos\",\"isPartOf\":{\"@id\":\"https:\/\/cienmilhijos.es\/#website\"},\"datePublished\":\"2024-04-30T08:40:36+00:00\",\"dateModified\":\"2025-01-23T11:06:25+00:00\",\"breadcrumb\":{\"@id\":\"https:\/\/cienmilhijos.es\/product\/alpha-spirit-only-one-aves-de-corral-12k\/#breadcrumb\"},\"inLanguage\":\"en-GB\",\"potentialAction\":[{\"@type\":\"ReadAction\",\"target\":[\"https:\/\/cienmilhijos.es\/product\/alpha-spirit-only-one-aves-de-corral-12k\/\"]}]},{\"@type\":\"BreadcrumbList\",\"@id\":\"https:\/\/cienmilhijos.es\/product\/alpha-spirit-only-one-aves-de-corral-12k\/#breadcrumb\",\"itemListElement\":[{\"@type\":\"ListItem\",\"position\":1,\"name\":\"Portada\",\"item\":\"https:\/\/cienmilhijos.es\/\"},{\"@type\":\"ListItem\",\"position\":2,\"name\":\"Tienda\",\"item\":\"https:\/\/cienmilhijos.es\/tienda\/\"},{\"@type\":\"ListItem\",\"position\":3,\"name\":\"Alpha Spirit Only One Aves de Corral 12K\"}]},{\"@type\":\"WebSite\",\"@id\":\"https:\/\/cienmilhijos.es\/#website\",\"url\":\"https:\/\/cienmilhijos.es\/\",\"name\":\"Cien Mil Hijos\",\"description\":\"Cuidado de animales &amp; tienda de mascotas\",\"publisher\":{\"@id\":\"https:\/\/cienmilhijos.es\/#organization\"},\"potentialAction\":[{\"@type\":\"SearchAction\",\"target\":{\"@type\":\"EntryPoint\",\"urlTemplate\":\"https:\/\/cienmilhijos.es\/?s={search_term_string}\"},\"query-input\":\"required name=search_term_string\"}],\"inLanguage\":\"en-GB\"},{\"@type\":\"Organization\",\"@id\":\"https:\/\/cienmilhijos.es\/#organization\",\"name\":\"Cien Mil Hijos\",\"url\":\"https:\/\/cienmilhijos.es\/\",\"logo\":{\"@type\":\"ImageObject\",\"inLanguage\":\"en-GB\",\"@id\":\"https:\/\/cienmilhijos.es\/#\/schema\/logo\/image\/\",\"url\":\"https:\/\/cienmilhijos.es\/wp-content\/uploads\/2023\/12\/logo2.png\",\"contentUrl\":\"https:\/\/cienmilhijos.es\/wp-content\/uploads\/2023\/12\/logo2.png\",\"width\":1150,\"height\":127,\"caption\":\"Cien Mil Hijos\"},\"image\":{\"@id\":\"https:\/\/cienmilhijos.es\/#\/schema\/logo\/image\/\"},\"sameAs\":[\"https:\/\/www.facebook.com\/cienmilhijosanimales\/?locale=es_ES\"]}]}<\/script>\n<!-- \/ Yoast SEO plugin. -->","yoast_head_json":{"title":"Alpha Spirit Only One Aves de Corral 12K - Cien Mil Hijos","robots":{"index":"index","follow":"follow","max-snippet":"max-snippet:-1","max-image-preview":"max-image-preview:large","max-video-preview":"max-video-preview:-1"},"canonical":"https:\/\/cienmilhijos.es\/en\/product\/alpha-spirit-only-one-aves-de-corral-12k\/","og_locale":"en_GB","og_type":"article","og_title":"Alpha Spirit Only One Aves de Corral 12K - Cien Mil Hijos","og_description":"Alpha Spirit Only One Aves de Corral es una comida para perros adultos de la m\u00e1s alta calidad, elaborada al 100% con carnes y pescados frescos, con un alto contenido&hellip;","og_url":"https:\/\/cienmilhijos.es\/en\/product\/alpha-spirit-only-one-aves-de-corral-12k\/","og_site_name":"Cien Mil Hijos","article_publisher":"https:\/\/www.facebook.com\/cienmilhijosanimales\/?locale=es_ES","article_modified_time":"2025-01-23T11:06:25+00:00","og_image":[{"width":173,"height":318,"url":"https:\/\/cienmilhijos.es\/wp-content\/uploads\/2024\/04\/shopping-1.webp","type":"image\/webp"}],"twitter_card":"summary_large_image","twitter_misc":{"Estimated reading time":"1 minute"},"schema":{"@context":"https:\/\/schema.org","@graph":[{"@type":"WebPage","@id":"https:\/\/cienmilhijos.es\/product\/alpha-spirit-only-one-aves-de-corral-12k\/","url":"https:\/\/cienmilhijos.es\/product\/alpha-spirit-only-one-aves-de-corral-12k\/","name":"Alpha Spirit Only One Aves de Corral 12K - Cien Mil Hijos","isPartOf":{"@id":"https:\/\/cienmilhijos.es\/#website"},"datePublished":"2024-04-30T08:40:36+00:00","dateModified":"2025-01-23T11:06:25+00:00","breadcrumb":{"@id":"https:\/\/cienmilhijos.es\/product\/alpha-spirit-only-one-aves-de-corral-12k\/#breadcrumb"},"inLanguage":"en-GB","potentialAction":[{"@type":"ReadAction","target":["https:\/\/cienmilhijos.es\/product\/alpha-spirit-only-one-aves-de-corral-12k\/"]}]},{"@type":"BreadcrumbList","@id":"https:\/\/cienmilhijos.es\/product\/alpha-spirit-only-one-aves-de-corral-12k\/#breadcrumb","itemListElement":[{"@type":"ListItem","position":1,"name":"Portada","item":"https:\/\/cienmilhijos.es\/"},{"@type":"ListItem","position":2,"name":"Tienda","item":"https:\/\/cienmilhijos.es\/tienda\/"},{"@type":"ListItem","position":3,"name":"Alpha Spirit Only One Aves de Corral 12K"}]},{"@type":"WebSite","@id":"https:\/\/cienmilhijos.es\/#website","url":"https:\/\/cienmilhijos.es\/","name":"Cien Mil Hijos","description":"Cuidado de animales &amp; tienda de mascotas","publisher":{"@id":"https:\/\/cienmilhijos.es\/#organization"},"potentialAction":[{"@type":"SearchAction","target":{"@type":"EntryPoint","urlTemplate":"https:\/\/cienmilhijos.es\/?s={search_term_string}"},"query-input":"required name=search_term_string"}],"inLanguage":"en-GB"},{"@type":"Organization","@id":"https:\/\/cienmilhijos.es\/#organization","name":"Cien Mil Hijos","url":"https:\/\/cienmilhijos.es\/","logo":{"@type":"ImageObject","inLanguage":"en-GB","@id":"https:\/\/cienmilhijos.es\/#\/schema\/logo\/image\/","url":"https:\/\/cienmilhijos.es\/wp-content\/uploads\/2023\/12\/logo2.png","contentUrl":"https:\/\/cienmilhijos.es\/wp-content\/uploads\/2023\/12\/logo2.png","width":1150,"height":127,"caption":"Cien Mil Hijos"},"image":{"@id":"https:\/\/cienmilhijos.es\/#\/schema\/logo\/image\/"},"sameAs":["https:\/\/www.facebook.com\/cienmilhijosanimales\/?locale=es_ES"]}]}},"_links":{"self":[{"href":"https:\/\/cienmilhijos.es\/en\/wp-json\/wp\/v2\/product\/27053","targetHints":{"allow":["GET"]}}],"collection":[{"href":"https:\/\/cienmilhijos.es\/en\/wp-json\/wp\/v2\/product"}],"about":[{"href":"https:\/\/cienmilhijos.es\/en\/wp-json\/wp\/v2\/types\/product"}],"replies":[{"embeddable":true,"href":"https:\/\/cienmilhijos.es\/en\/wp-json\/wp\/v2\/comments?post=27053"}],"wp:featuredmedia":[{"embeddable":true,"href":"https:\/\/cienmilhijos.es\/en\/wp-json\/wp\/v2\/media\/27054"}],"wp:attachment":[{"href":"https:\/\/cienmilhijos.es\/en\/wp-json\/wp\/v2\/media?parent=27053"}],"wp:term":[{"taxonomy":"product_cat","embeddable":true,"href":"https:\/\/cienmilhijos.es\/en\/wp-json\/wp\/v2\/product_cat?post=27053"},{"taxonomy":"product_tag","embeddable":true,"href":"https:\/\/cienmilhijos.es\/en\/wp-json\/wp\/v2\/product_tag?post=27053"}],"curies":[{"name":"wp","href":"https:\/\/api.w.org\/{rel}","templated":true}]}}