{"id":27041,"date":"2024-04-18T10:55:34","date_gmt":"2024-04-18T10:55:34","guid":{"rendered":"https:\/\/cienmilhijos.es\/?post_type=product&#038;p=27041"},"modified":"2024-04-18T10:55:35","modified_gmt":"2024-04-18T10:55:35","slug":"pate-natures-variety-buey-300g","status":"publish","type":"product","link":"https:\/\/cienmilhijos.es\/en\/product\/pate-natures-variety-buey-300g\/","title":{"rendered":"Pate Nature\u00b4s Variety Buey 300g"},"content":{"rendered":"<p>La calidad no necesita nada m\u00e1s: Nature&#8217;s Variety Original Pat\u00e9 No Grain\u00a0 no contiene aromas artificiales <strong>ni cereales<\/strong>. La carne de Buey es el ingrediente principal, perfecto para una dieta natural y adecuada a la especie de tu perro.<\/p>\n<p>Esta comida h\u00fameda se ha desarrollado especialmente para perros adultos de razas muy peque\u00f1as y es muy adecuada para la alimentaci\u00f3n diaria gracias a su receta equilibrada. Nature&#8217;s Variety Original Pat\u00e9 No Grain Mini le proporciona a tu peludo\u00a0<strong>prote\u00ednas de alta calidad<\/strong>, importantes para el mantenimiento de los m\u00fasculos. Adem\u00e1s de carne, contiene ingredientes vegetales seleccionados en forma de\u00a0<strong>frutas y verduras<\/strong>\u00a0para garantizar una dieta rica en sustancias vitales.<\/p>\n<p><strong>Todas las caracter\u00edsticas de un vistazo:<\/strong><\/p>\n<ul>\n<li>Comida h\u00fameda para perros adultos de razas muy peque\u00f1as de hasta 10 kg<\/li>\n<li><strong>Completo y equilibrado:<\/strong>\u00a0ideal como alimento completo para la alimentaci\u00f3n diaria de perros muy peque\u00f1os<\/li>\n<li><strong>Con ingredientes naturales:\u00a0<\/strong>contiene materias primas naturales seleccionadas<\/li>\n<li><strong>Receta deliciosa:<\/strong>\u00a0con carne como ingrediente principal, refinada con frutas y verduras<\/li>\n<li><strong>Prote\u00ednas de alta calidad:<\/strong>\u00a0importante para mantener la masa muscular<\/li>\n<li><strong>Sin cereales:\u00a0<\/strong>apto para perros con alergias e intolerancias<\/li>\n<li><strong>Elaboraci\u00f3n suave:\u00a0<\/strong>preparado al vapor en su propio jugo, conservaci\u00f3n \u00f3ptima de sabores y nutrientes<\/li>\n<li><strong>Diferentes variedades:\u00a0<\/strong>para un disfrute variado en cada comida<\/li>\n<li><strong>Sin<\/strong>\u00a0colorantes, aromas, ni conservantes artificiales<\/li>\n<li><strong>Pa\u00eds de fabricaci\u00f3n:<\/strong>\u00a0Alemania<\/li>\n<\/ul>","protected":false},"excerpt":{"rendered":"<p>La calidad no necesita nada m\u00e1s: Nature&#8217;s Variety Original Pat\u00e9 No Grain\u00a0 no contiene aromas artificiales ni cereales. La carne de Buey es el ingrediente principal, perfecto para una dieta&hellip;<\/p>","protected":false},"featured_media":27042,"comment_status":"open","ping_status":"closed","template":"","meta":[],"product_cat":[317],"product_tag":[],"class_list":["post-27041","product","type-product","status-publish","has-post-thumbnail","hentry","product_cat-comida-humeda-para-perros"],"yoast_head":"<!-- This site is optimized with the Yoast SEO plugin v21.6 - https:\/\/yoast.com\/wordpress\/plugins\/seo\/ -->\n<title>Pate Nature\u00b4s Variety Buey 300g - Cien Mil Hijos<\/title>\n<meta name=\"robots\" content=\"index, follow, max-snippet:-1, max-image-preview:large, max-video-preview:-1\" \/>\n<link rel=\"canonical\" href=\"https:\/\/cienmilhijos.es\/en\/product\/pate-natures-variety-buey-300g\/\" \/>\n<meta property=\"og:locale\" content=\"en_GB\" \/>\n<meta property=\"og:type\" content=\"article\" \/>\n<meta property=\"og:title\" content=\"Pate Nature\u00b4s Variety Buey 300g - Cien Mil Hijos\" \/>\n<meta property=\"og:description\" content=\"La calidad no necesita nada m\u00e1s: Nature&#8217;s Variety Original Pat\u00e9 No Grain\u00a0 no contiene aromas artificiales ni cereales. La carne de Buey es el ingrediente principal, perfecto para una dieta&hellip;\" \/>\n<meta property=\"og:url\" content=\"https:\/\/cienmilhijos.es\/en\/product\/pate-natures-variety-buey-300g\/\" \/>\n<meta property=\"og:site_name\" content=\"Cien Mil Hijos\" \/>\n<meta property=\"article:publisher\" content=\"https:\/\/www.facebook.com\/cienmilhijosanimales\/?locale=es_ES\" \/>\n<meta property=\"article:modified_time\" content=\"2024-04-18T10:55:35+00:00\" \/>\n<meta property=\"og:image\" content=\"https:\/\/cienmilhijos.es\/wp-content\/uploads\/2024\/04\/shopping.webp\" \/>\n\t<meta property=\"og:image:width\" content=\"173\" \/>\n\t<meta property=\"og:image:height\" content=\"173\" \/>\n\t<meta property=\"og:image:type\" content=\"image\/webp\" \/>\n<meta name=\"twitter:card\" content=\"summary_large_image\" \/>\n<meta name=\"twitter:label1\" content=\"Estimated reading time\" \/>\n\t<meta name=\"twitter:data1\" content=\"1 minute\" \/>\n<script type=\"application\/ld+json\" class=\"yoast-schema-graph\">{\"@context\":\"https:\/\/schema.org\",\"@graph\":[{\"@type\":\"WebPage\",\"@id\":\"https:\/\/cienmilhijos.es\/product\/pate-natures-variety-buey-300g\/\",\"url\":\"https:\/\/cienmilhijos.es\/product\/pate-natures-variety-buey-300g\/\",\"name\":\"Pate Nature\u00b4s Variety Buey 300g - Cien Mil Hijos\",\"isPartOf\":{\"@id\":\"https:\/\/cienmilhijos.es\/#website\"},\"datePublished\":\"2024-04-18T10:55:34+00:00\",\"dateModified\":\"2024-04-18T10:55:35+00:00\",\"breadcrumb\":{\"@id\":\"https:\/\/cienmilhijos.es\/product\/pate-natures-variety-buey-300g\/#breadcrumb\"},\"inLanguage\":\"en-GB\",\"potentialAction\":[{\"@type\":\"ReadAction\",\"target\":[\"https:\/\/cienmilhijos.es\/product\/pate-natures-variety-buey-300g\/\"]}]},{\"@type\":\"BreadcrumbList\",\"@id\":\"https:\/\/cienmilhijos.es\/product\/pate-natures-variety-buey-300g\/#breadcrumb\",\"itemListElement\":[{\"@type\":\"ListItem\",\"position\":1,\"name\":\"Portada\",\"item\":\"https:\/\/cienmilhijos.es\/\"},{\"@type\":\"ListItem\",\"position\":2,\"name\":\"Tienda\",\"item\":\"https:\/\/cienmilhijos.es\/tienda\/\"},{\"@type\":\"ListItem\",\"position\":3,\"name\":\"Pate Nature\u00b4s Variety Buey 300g\"}]},{\"@type\":\"WebSite\",\"@id\":\"https:\/\/cienmilhijos.es\/#website\",\"url\":\"https:\/\/cienmilhijos.es\/\",\"name\":\"Cien Mil Hijos\",\"description\":\"Cuidado de animales &amp; tienda de mascotas\",\"publisher\":{\"@id\":\"https:\/\/cienmilhijos.es\/#organization\"},\"potentialAction\":[{\"@type\":\"SearchAction\",\"target\":{\"@type\":\"EntryPoint\",\"urlTemplate\":\"https:\/\/cienmilhijos.es\/?s={search_term_string}\"},\"query-input\":\"required name=search_term_string\"}],\"inLanguage\":\"en-GB\"},{\"@type\":\"Organization\",\"@id\":\"https:\/\/cienmilhijos.es\/#organization\",\"name\":\"Cien Mil Hijos\",\"url\":\"https:\/\/cienmilhijos.es\/\",\"logo\":{\"@type\":\"ImageObject\",\"inLanguage\":\"en-GB\",\"@id\":\"https:\/\/cienmilhijos.es\/#\/schema\/logo\/image\/\",\"url\":\"https:\/\/cienmilhijos.es\/wp-content\/uploads\/2023\/12\/logo2.png\",\"contentUrl\":\"https:\/\/cienmilhijos.es\/wp-content\/uploads\/2023\/12\/logo2.png\",\"width\":1150,\"height\":127,\"caption\":\"Cien Mil Hijos\"},\"image\":{\"@id\":\"https:\/\/cienmilhijos.es\/#\/schema\/logo\/image\/\"},\"sameAs\":[\"https:\/\/www.facebook.com\/cienmilhijosanimales\/?locale=es_ES\"]}]}<\/script>\n<!-- \/ Yoast SEO plugin. -->","yoast_head_json":{"title":"Pate Nature\u00b4s Variety Buey 300g - Cien Mil Hijos","robots":{"index":"index","follow":"follow","max-snippet":"max-snippet:-1","max-image-preview":"max-image-preview:large","max-video-preview":"max-video-preview:-1"},"canonical":"https:\/\/cienmilhijos.es\/en\/product\/pate-natures-variety-buey-300g\/","og_locale":"en_GB","og_type":"article","og_title":"Pate Nature\u00b4s Variety Buey 300g - Cien Mil Hijos","og_description":"La calidad no necesita nada m\u00e1s: Nature&#8217;s Variety Original Pat\u00e9 No Grain\u00a0 no contiene aromas artificiales ni cereales. La carne de Buey es el ingrediente principal, perfecto para una dieta&hellip;","og_url":"https:\/\/cienmilhijos.es\/en\/product\/pate-natures-variety-buey-300g\/","og_site_name":"Cien Mil Hijos","article_publisher":"https:\/\/www.facebook.com\/cienmilhijosanimales\/?locale=es_ES","article_modified_time":"2024-04-18T10:55:35+00:00","og_image":[{"width":173,"height":173,"url":"https:\/\/cienmilhijos.es\/wp-content\/uploads\/2024\/04\/shopping.webp","type":"image\/webp"}],"twitter_card":"summary_large_image","twitter_misc":{"Estimated reading time":"1 minute"},"schema":{"@context":"https:\/\/schema.org","@graph":[{"@type":"WebPage","@id":"https:\/\/cienmilhijos.es\/product\/pate-natures-variety-buey-300g\/","url":"https:\/\/cienmilhijos.es\/product\/pate-natures-variety-buey-300g\/","name":"Pate Nature\u00b4s Variety Buey 300g - Cien Mil Hijos","isPartOf":{"@id":"https:\/\/cienmilhijos.es\/#website"},"datePublished":"2024-04-18T10:55:34+00:00","dateModified":"2024-04-18T10:55:35+00:00","breadcrumb":{"@id":"https:\/\/cienmilhijos.es\/product\/pate-natures-variety-buey-300g\/#breadcrumb"},"inLanguage":"en-GB","potentialAction":[{"@type":"ReadAction","target":["https:\/\/cienmilhijos.es\/product\/pate-natures-variety-buey-300g\/"]}]},{"@type":"BreadcrumbList","@id":"https:\/\/cienmilhijos.es\/product\/pate-natures-variety-buey-300g\/#breadcrumb","itemListElement":[{"@type":"ListItem","position":1,"name":"Portada","item":"https:\/\/cienmilhijos.es\/"},{"@type":"ListItem","position":2,"name":"Tienda","item":"https:\/\/cienmilhijos.es\/tienda\/"},{"@type":"ListItem","position":3,"name":"Pate Nature\u00b4s Variety Buey 300g"}]},{"@type":"WebSite","@id":"https:\/\/cienmilhijos.es\/#website","url":"https:\/\/cienmilhijos.es\/","name":"Cien Mil Hijos","description":"Cuidado de animales &amp; tienda de mascotas","publisher":{"@id":"https:\/\/cienmilhijos.es\/#organization"},"potentialAction":[{"@type":"SearchAction","target":{"@type":"EntryPoint","urlTemplate":"https:\/\/cienmilhijos.es\/?s={search_term_string}"},"query-input":"required name=search_term_string"}],"inLanguage":"en-GB"},{"@type":"Organization","@id":"https:\/\/cienmilhijos.es\/#organization","name":"Cien Mil Hijos","url":"https:\/\/cienmilhijos.es\/","logo":{"@type":"ImageObject","inLanguage":"en-GB","@id":"https:\/\/cienmilhijos.es\/#\/schema\/logo\/image\/","url":"https:\/\/cienmilhijos.es\/wp-content\/uploads\/2023\/12\/logo2.png","contentUrl":"https:\/\/cienmilhijos.es\/wp-content\/uploads\/2023\/12\/logo2.png","width":1150,"height":127,"caption":"Cien Mil Hijos"},"image":{"@id":"https:\/\/cienmilhijos.es\/#\/schema\/logo\/image\/"},"sameAs":["https:\/\/www.facebook.com\/cienmilhijosanimales\/?locale=es_ES"]}]}},"_links":{"self":[{"href":"https:\/\/cienmilhijos.es\/en\/wp-json\/wp\/v2\/product\/27041","targetHints":{"allow":["GET"]}}],"collection":[{"href":"https:\/\/cienmilhijos.es\/en\/wp-json\/wp\/v2\/product"}],"about":[{"href":"https:\/\/cienmilhijos.es\/en\/wp-json\/wp\/v2\/types\/product"}],"replies":[{"embeddable":true,"href":"https:\/\/cienmilhijos.es\/en\/wp-json\/wp\/v2\/comments?post=27041"}],"wp:featuredmedia":[{"embeddable":true,"href":"https:\/\/cienmilhijos.es\/en\/wp-json\/wp\/v2\/media\/27042"}],"wp:attachment":[{"href":"https:\/\/cienmilhijos.es\/en\/wp-json\/wp\/v2\/media?parent=27041"}],"wp:term":[{"taxonomy":"product_cat","embeddable":true,"href":"https:\/\/cienmilhijos.es\/en\/wp-json\/wp\/v2\/product_cat?post=27041"},{"taxonomy":"product_tag","embeddable":true,"href":"https:\/\/cienmilhijos.es\/en\/wp-json\/wp\/v2\/product_tag?post=27041"}],"curies":[{"name":"wp","href":"https:\/\/api.w.org\/{rel}","templated":true}]}}