{"id":27006,"date":"2024-04-16T10:19:56","date_gmt":"2024-04-16T10:19:56","guid":{"rendered":"https:\/\/cienmilhijos.es\/?post_type=product&#038;p=27006"},"modified":"2024-04-17T07:58:30","modified_gmt":"2024-04-17T07:58:30","slug":"amity-salmon-para-gatos-esterilizados","status":"publish","type":"product","link":"https:\/\/cienmilhijos.es\/en\/product\/amity-salmon-para-gatos-esterilizados\/","title":{"rendered":"Amity  Premium Salm\u00f3n para Gatos Esterilizados"},"content":{"rendered":"<p>Pienso para gatos esterilizados con salm\u00f3n para proporcionales omega-3 y 6 que le ayudan a tener un pelo sedoso y una piel sana, adem\u00e1s de prevenir problemas cardiovasculares.<\/p>\n<p>&nbsp;<\/p>\n<p><b>Composici\u00f3n:\u00a0<\/b>Carne deshidratada 25%, Salm\u00f3n deshidratado 15%, trigo, cebada, grasa de pollo (Fuente de ac. grasos \u2126-6), guisantes, arroz, fibra insoluble (celulosa natural), fibra de guisante, vaina de algarroba, pulpa de remolacha, vitaminas y minerales, hidrolizado de prote\u00edna de pollo, levadura y extracto de levadura-Saccharomyces cerevisiae (Fuente de mananooligosac\u00e1ridos \u2013 MOS y \u03b2-glucanos), prote\u00edna hidrolizada de salm\u00f3n, aceite de salm\u00f3n (Fuente de ac. grasos \u2126-3-EPA y DHA), Inulina (Fibra soluble de achicoria, fuente fosfooligosac\u00e1ridos \u2013 FOS), yucca.<\/p>\n<p><b>Componentes:\u00a0<\/b>Prote\u00edna bruta 35,0%, Grasa bruta 13,0%, Fibra bruta 5,0%, Ceniza bruta 6,90%, Humedad 8,0%<\/p>\n<p><b>Aditivos nutricionales:\u00a0<\/b>Aditivos nutricionales: Vitamina A 24.000 U.I\/kg., Vitamina D-3 1.400 U.I\/kg., Vitamina E 460 mg\/kg., Vitamina C 100 mg\/kg., L-Carnitina 160 mg\/kg., Taurina 1.200 mg\/Kg., Hierro (Sulfato ferroso monohidratado) 140 mg\/kg., Cobre (Sulfato c\u00faprico pentahidratado) 12 mg\/kg., Manganeso (Sulfato manganoso monohidratado) 46 mg\/kg., Zinc (Sulfato de zinc monohidratado) 146 mg\/kg., Iodo (Yoduro de potasio) 3,8 mg\/kg., Selenio (Selenito de sodio) 0,18 mg\/kg., Aditivos tecnol\u00f3gicos: Antioxidantes.<\/p>\n<p><b>Modo de empleo:\u00a0<\/b>El producto debe ser administrado en forma seca. Deje siempre agua fresca para su perro. CONSERVAR EN UN LUGAR SECO Y VENTILADO, LEJOS DE LA LUZ Y EL SOL. UTILIZAR PREFERENTEMENTE ANTES DE LA FECHA INDICADA EN LA PARTE SUPERIOR DEL ENVASE.<\/p>\n<h3>Solo disponible en tienda f\u00edsica<\/h3>\n<p>La pol\u00edtica de la marca Amity no permite vender su gama\u00a0<strong>PREMIUM<\/strong>\u00a0a trav\u00e9s de comercio electr\u00f3nico.<br \/>\nContacte con nosotros \u00a0por Whatsapp en\u00a0<a href=\"https:\/\/web.whatsapp.com\/send?phone=+34648134795\"><strong>627034337<\/strong><\/a>\u00a0para m\u00e1s informaci\u00f3n.<\/p>","protected":false},"excerpt":{"rendered":"<p>Pienso para gatos esterilizados con salm\u00f3n para proporcionales omega-3 y 6 que le ayudan a tener un pelo sedoso y una piel sana, adem\u00e1s de prevenir problemas cardiovasculares. &nbsp; Composici\u00f3n:\u00a0Carne&hellip;<\/p>","protected":false},"featured_media":27007,"comment_status":"open","ping_status":"closed","template":"","meta":[],"product_cat":[270],"product_tag":[],"class_list":["post-27006","product","type-product","status-publish","has-post-thumbnail","hentry","product_cat-alimetacion-gatos"],"yoast_head":"<!-- This site is optimized with the Yoast SEO plugin v21.6 - https:\/\/yoast.com\/wordpress\/plugins\/seo\/ -->\n<title>Amity Premium Salm\u00f3n para Gatos Esterilizados - Cien Mil Hijos<\/title>\n<meta name=\"robots\" content=\"index, follow, max-snippet:-1, max-image-preview:large, max-video-preview:-1\" \/>\n<link rel=\"canonical\" href=\"https:\/\/cienmilhijos.es\/en\/product\/amity-salmon-para-gatos-esterilizados\/\" \/>\n<meta property=\"og:locale\" content=\"en_GB\" \/>\n<meta property=\"og:type\" content=\"article\" \/>\n<meta property=\"og:title\" content=\"Amity Premium Salm\u00f3n para Gatos Esterilizados - Cien Mil Hijos\" \/>\n<meta property=\"og:description\" content=\"Pienso para gatos esterilizados con salm\u00f3n para proporcionales omega-3 y 6 que le ayudan a tener un pelo sedoso y una piel sana, adem\u00e1s de prevenir problemas cardiovasculares. &nbsp; Composici\u00f3n:\u00a0Carne&hellip;\" \/>\n<meta property=\"og:url\" content=\"https:\/\/cienmilhijos.es\/en\/product\/amity-salmon-para-gatos-esterilizados\/\" \/>\n<meta property=\"og:site_name\" content=\"Cien Mil Hijos\" \/>\n<meta property=\"article:publisher\" content=\"https:\/\/www.facebook.com\/cienmilhijosanimales\/?locale=es_ES\" \/>\n<meta property=\"article:modified_time\" content=\"2024-04-17T07:58:30+00:00\" \/>\n<meta property=\"og:image\" content=\"https:\/\/cienmilhijos.es\/wp-content\/uploads\/2024\/04\/AMITY-PREMIUM-GATOS-ESTERILIZADO-SALMON.jpg\" \/>\n\t<meta property=\"og:image:width\" content=\"453\" \/>\n\t<meta property=\"og:image:height\" content=\"567\" \/>\n\t<meta property=\"og:image:type\" content=\"image\/jpeg\" \/>\n<meta name=\"twitter:card\" content=\"summary_large_image\" \/>\n<meta name=\"twitter:label1\" content=\"Estimated reading time\" \/>\n\t<meta name=\"twitter:data1\" content=\"2 minutes\" \/>\n<script type=\"application\/ld+json\" class=\"yoast-schema-graph\">{\"@context\":\"https:\/\/schema.org\",\"@graph\":[{\"@type\":\"WebPage\",\"@id\":\"https:\/\/cienmilhijos.es\/product\/amity-salmon-para-gatos-esterilizados\/\",\"url\":\"https:\/\/cienmilhijos.es\/product\/amity-salmon-para-gatos-esterilizados\/\",\"name\":\"Amity Premium Salm\u00f3n para Gatos Esterilizados - Cien Mil Hijos\",\"isPartOf\":{\"@id\":\"https:\/\/cienmilhijos.es\/#website\"},\"datePublished\":\"2024-04-16T10:19:56+00:00\",\"dateModified\":\"2024-04-17T07:58:30+00:00\",\"breadcrumb\":{\"@id\":\"https:\/\/cienmilhijos.es\/product\/amity-salmon-para-gatos-esterilizados\/#breadcrumb\"},\"inLanguage\":\"en-GB\",\"potentialAction\":[{\"@type\":\"ReadAction\",\"target\":[\"https:\/\/cienmilhijos.es\/product\/amity-salmon-para-gatos-esterilizados\/\"]}]},{\"@type\":\"BreadcrumbList\",\"@id\":\"https:\/\/cienmilhijos.es\/product\/amity-salmon-para-gatos-esterilizados\/#breadcrumb\",\"itemListElement\":[{\"@type\":\"ListItem\",\"position\":1,\"name\":\"Portada\",\"item\":\"https:\/\/cienmilhijos.es\/\"},{\"@type\":\"ListItem\",\"position\":2,\"name\":\"Tienda\",\"item\":\"https:\/\/cienmilhijos.es\/tienda\/\"},{\"@type\":\"ListItem\",\"position\":3,\"name\":\"Amity Premium Salm\u00f3n para Gatos Esterilizados\"}]},{\"@type\":\"WebSite\",\"@id\":\"https:\/\/cienmilhijos.es\/#website\",\"url\":\"https:\/\/cienmilhijos.es\/\",\"name\":\"Cien Mil Hijos\",\"description\":\"Cuidado de animales &amp; tienda de mascotas\",\"publisher\":{\"@id\":\"https:\/\/cienmilhijos.es\/#organization\"},\"potentialAction\":[{\"@type\":\"SearchAction\",\"target\":{\"@type\":\"EntryPoint\",\"urlTemplate\":\"https:\/\/cienmilhijos.es\/?s={search_term_string}\"},\"query-input\":\"required name=search_term_string\"}],\"inLanguage\":\"en-GB\"},{\"@type\":\"Organization\",\"@id\":\"https:\/\/cienmilhijos.es\/#organization\",\"name\":\"Cien Mil Hijos\",\"url\":\"https:\/\/cienmilhijos.es\/\",\"logo\":{\"@type\":\"ImageObject\",\"inLanguage\":\"en-GB\",\"@id\":\"https:\/\/cienmilhijos.es\/#\/schema\/logo\/image\/\",\"url\":\"https:\/\/cienmilhijos.es\/wp-content\/uploads\/2023\/12\/logo2.png\",\"contentUrl\":\"https:\/\/cienmilhijos.es\/wp-content\/uploads\/2023\/12\/logo2.png\",\"width\":1150,\"height\":127,\"caption\":\"Cien Mil Hijos\"},\"image\":{\"@id\":\"https:\/\/cienmilhijos.es\/#\/schema\/logo\/image\/\"},\"sameAs\":[\"https:\/\/www.facebook.com\/cienmilhijosanimales\/?locale=es_ES\"]}]}<\/script>\n<!-- \/ Yoast SEO plugin. -->","yoast_head_json":{"title":"Amity Premium Salm\u00f3n para Gatos Esterilizados - Cien Mil Hijos","robots":{"index":"index","follow":"follow","max-snippet":"max-snippet:-1","max-image-preview":"max-image-preview:large","max-video-preview":"max-video-preview:-1"},"canonical":"https:\/\/cienmilhijos.es\/en\/product\/amity-salmon-para-gatos-esterilizados\/","og_locale":"en_GB","og_type":"article","og_title":"Amity Premium Salm\u00f3n para Gatos Esterilizados - Cien Mil Hijos","og_description":"Pienso para gatos esterilizados con salm\u00f3n para proporcionales omega-3 y 6 que le ayudan a tener un pelo sedoso y una piel sana, adem\u00e1s de prevenir problemas cardiovasculares. &nbsp; Composici\u00f3n:\u00a0Carne&hellip;","og_url":"https:\/\/cienmilhijos.es\/en\/product\/amity-salmon-para-gatos-esterilizados\/","og_site_name":"Cien Mil Hijos","article_publisher":"https:\/\/www.facebook.com\/cienmilhijosanimales\/?locale=es_ES","article_modified_time":"2024-04-17T07:58:30+00:00","og_image":[{"width":453,"height":567,"url":"https:\/\/cienmilhijos.es\/wp-content\/uploads\/2024\/04\/AMITY-PREMIUM-GATOS-ESTERILIZADO-SALMON.jpg","type":"image\/jpeg"}],"twitter_card":"summary_large_image","twitter_misc":{"Estimated reading time":"2 minutes"},"schema":{"@context":"https:\/\/schema.org","@graph":[{"@type":"WebPage","@id":"https:\/\/cienmilhijos.es\/product\/amity-salmon-para-gatos-esterilizados\/","url":"https:\/\/cienmilhijos.es\/product\/amity-salmon-para-gatos-esterilizados\/","name":"Amity Premium Salm\u00f3n para Gatos Esterilizados - Cien Mil Hijos","isPartOf":{"@id":"https:\/\/cienmilhijos.es\/#website"},"datePublished":"2024-04-16T10:19:56+00:00","dateModified":"2024-04-17T07:58:30+00:00","breadcrumb":{"@id":"https:\/\/cienmilhijos.es\/product\/amity-salmon-para-gatos-esterilizados\/#breadcrumb"},"inLanguage":"en-GB","potentialAction":[{"@type":"ReadAction","target":["https:\/\/cienmilhijos.es\/product\/amity-salmon-para-gatos-esterilizados\/"]}]},{"@type":"BreadcrumbList","@id":"https:\/\/cienmilhijos.es\/product\/amity-salmon-para-gatos-esterilizados\/#breadcrumb","itemListElement":[{"@type":"ListItem","position":1,"name":"Portada","item":"https:\/\/cienmilhijos.es\/"},{"@type":"ListItem","position":2,"name":"Tienda","item":"https:\/\/cienmilhijos.es\/tienda\/"},{"@type":"ListItem","position":3,"name":"Amity Premium Salm\u00f3n para Gatos Esterilizados"}]},{"@type":"WebSite","@id":"https:\/\/cienmilhijos.es\/#website","url":"https:\/\/cienmilhijos.es\/","name":"Cien Mil Hijos","description":"Cuidado de animales &amp; tienda de mascotas","publisher":{"@id":"https:\/\/cienmilhijos.es\/#organization"},"potentialAction":[{"@type":"SearchAction","target":{"@type":"EntryPoint","urlTemplate":"https:\/\/cienmilhijos.es\/?s={search_term_string}"},"query-input":"required name=search_term_string"}],"inLanguage":"en-GB"},{"@type":"Organization","@id":"https:\/\/cienmilhijos.es\/#organization","name":"Cien Mil Hijos","url":"https:\/\/cienmilhijos.es\/","logo":{"@type":"ImageObject","inLanguage":"en-GB","@id":"https:\/\/cienmilhijos.es\/#\/schema\/logo\/image\/","url":"https:\/\/cienmilhijos.es\/wp-content\/uploads\/2023\/12\/logo2.png","contentUrl":"https:\/\/cienmilhijos.es\/wp-content\/uploads\/2023\/12\/logo2.png","width":1150,"height":127,"caption":"Cien Mil Hijos"},"image":{"@id":"https:\/\/cienmilhijos.es\/#\/schema\/logo\/image\/"},"sameAs":["https:\/\/www.facebook.com\/cienmilhijosanimales\/?locale=es_ES"]}]}},"_links":{"self":[{"href":"https:\/\/cienmilhijos.es\/en\/wp-json\/wp\/v2\/product\/27006","targetHints":{"allow":["GET"]}}],"collection":[{"href":"https:\/\/cienmilhijos.es\/en\/wp-json\/wp\/v2\/product"}],"about":[{"href":"https:\/\/cienmilhijos.es\/en\/wp-json\/wp\/v2\/types\/product"}],"replies":[{"embeddable":true,"href":"https:\/\/cienmilhijos.es\/en\/wp-json\/wp\/v2\/comments?post=27006"}],"wp:featuredmedia":[{"embeddable":true,"href":"https:\/\/cienmilhijos.es\/en\/wp-json\/wp\/v2\/media\/27007"}],"wp:attachment":[{"href":"https:\/\/cienmilhijos.es\/en\/wp-json\/wp\/v2\/media?parent=27006"}],"wp:term":[{"taxonomy":"product_cat","embeddable":true,"href":"https:\/\/cienmilhijos.es\/en\/wp-json\/wp\/v2\/product_cat?post=27006"},{"taxonomy":"product_tag","embeddable":true,"href":"https:\/\/cienmilhijos.es\/en\/wp-json\/wp\/v2\/product_tag?post=27006"}],"curies":[{"name":"wp","href":"https:\/\/api.w.org\/{rel}","templated":true}]}}