{"id":27004,"date":"2024-04-16T09:57:38","date_gmt":"2024-04-16T09:57:38","guid":{"rendered":"https:\/\/cienmilhijos.es\/?post_type=product&#038;p=27004"},"modified":"2024-04-16T09:58:06","modified_gmt":"2024-04-16T09:58:06","slug":"amity-active-mantenimiento-20k","status":"publish","type":"product","link":"https:\/\/cienmilhijos.es\/en\/product\/amity-active-mantenimiento-20k\/","title":{"rendered":"Amity Active Mantenimiento 20k"},"content":{"rendered":"<p>Amity es una marca premium que ofrece una alimentaci\u00f3n de calidad para perros a un precio muy asequible. Sus alimentos secos y h\u00famedos proporcionan a tu perro todos los nutrientes esenciales necesarios para una buena salud cada d\u00eda. El pienso AMITY Active para perros activos satisface las necesidades nutricionales de los perros activos que requieren una alimentaci\u00f3n con un alto contenido energ\u00e9tico.<\/p>\n<div class=\"zms-title-div\">\n<div class=\"zms-title\" data-size=\"t1\">Rico en carne y cereales<\/div>\n<\/div>\n<div class=\"zms-title-div\">\n<div class=\"zms-title\" data-size=\"t3\">una buena fuente de energ\u00eda<\/div>\n<\/div>\n<p>Los perros activos necesitan una alimentaci\u00f3n espec\u00edfica para satisfacer sus necesidades energ\u00e9ticas. La f\u00f3rmula del pienso AMITY Active est\u00e1 compuesta por un 40% de prote\u00ednas c\u00e1rnicas deshidratadas y cereales, que son una gran fuente de energ\u00eda, minerales, vitaminas y fibra. Es un alimento seco completo y equilibrado que contribuye al buen crecimiento y desarrollo de tu fiel compa\u00f1ero.<\/p>\n<div class=\"zms-title-div\">\n<div class=\"zms-title\" data-size=\"t1\">Con ingredientes de calidad<\/div>\n<\/div>\n<div class=\"zms-title-div\">\n<div class=\"zms-title\" data-size=\"t3\">para una buena salud<\/div>\n<\/div>\n<p>El pienso AMITY Active ha sido desarrollado para cubrir todas las necesidades nutricionales de tu mascota en su d\u00eda a d\u00eda. Los ingredientes utilizados en la receta son fuentes de minerales y vitaminas, beneficiosos para la piel y recomendados para una buena salud cardiovascular. La adici\u00f3n de pulpa de remolacha es ideal para estimular el tr\u00e1nsito intestinal y regular la flora digestiva.<\/p>\n<div class=\"zms-title-div\">\n<div class=\"zms-title\" data-size=\"t1\">Caracter\u00edsticas<\/div>\n<\/div>\n<div class=\"zms-title-div\">\n<div class=\"zms-title\" data-size=\"t3\">AMITY Active para perros activos<\/div>\n<\/div>\n<p>&#8211; Pienso para perros activos de todas las razas.<br \/>\n&#8211; Rico en carne, con un alto valor nutricional.<br \/>\n&#8211; Favorece una piel sana y un pelaje brillante y sedoso.<br \/>\n&#8211; Mantiene la masa muscular.<br \/>\n&#8211; Con vitaminas, minerales y fibra.<br \/>\n&#8211; Con calcio y magnesio para fortalecer los huesos.<br \/>\n&#8211; Sin OGM.<br \/>\n&#8211; F\u00e1cil de digerir.<\/p>","protected":false},"excerpt":{"rendered":"<p>Amity es una marca premium que ofrece una alimentaci\u00f3n de calidad para perros a un precio muy asequible. Sus alimentos secos y h\u00famedos proporcionan a tu perro todos los nutrientes&hellip;<\/p>","protected":false},"featured_media":27005,"comment_status":"open","ping_status":"closed","template":"","meta":[],"product_cat":[269],"product_tag":[],"class_list":["post-27004","product","type-product","status-publish","has-post-thumbnail","hentry","product_cat-alimentacion-perros"],"yoast_head":"<!-- This site is optimized with the Yoast SEO plugin v21.6 - https:\/\/yoast.com\/wordpress\/plugins\/seo\/ -->\n<title>Amity Active Mantenimiento 20k - Cien Mil Hijos<\/title>\n<meta name=\"robots\" content=\"index, follow, max-snippet:-1, max-image-preview:large, max-video-preview:-1\" \/>\n<link rel=\"canonical\" href=\"https:\/\/cienmilhijos.es\/en\/product\/amity-active-mantenimiento-20k\/\" \/>\n<meta property=\"og:locale\" content=\"en_GB\" \/>\n<meta property=\"og:type\" content=\"article\" \/>\n<meta property=\"og:title\" content=\"Amity Active Mantenimiento 20k - Cien Mil Hijos\" \/>\n<meta property=\"og:description\" content=\"Amity es una marca premium que ofrece una alimentaci\u00f3n de calidad para perros a un precio muy asequible. Sus alimentos secos y h\u00famedos proporcionan a tu perro todos los nutrientes&hellip;\" \/>\n<meta property=\"og:url\" content=\"https:\/\/cienmilhijos.es\/en\/product\/amity-active-mantenimiento-20k\/\" \/>\n<meta property=\"og:site_name\" content=\"Cien Mil Hijos\" \/>\n<meta property=\"article:publisher\" content=\"https:\/\/www.facebook.com\/cienmilhijosanimales\/?locale=es_ES\" \/>\n<meta property=\"article:modified_time\" content=\"2024-04-16T09:58:06+00:00\" \/>\n<meta property=\"og:image\" content=\"https:\/\/cienmilhijos.es\/wp-content\/uploads\/2024\/04\/lm_398b7b16ecf8ca53723593894116071700c1672222247.webp\" \/>\n\t<meta property=\"og:image:width\" content=\"672\" \/>\n\t<meta property=\"og:image:height\" content=\"800\" \/>\n\t<meta property=\"og:image:type\" content=\"image\/webp\" \/>\n<meta name=\"twitter:card\" content=\"summary_large_image\" \/>\n<meta name=\"twitter:label1\" content=\"Estimated reading time\" \/>\n\t<meta name=\"twitter:data1\" content=\"2 minutes\" \/>\n<script type=\"application\/ld+json\" class=\"yoast-schema-graph\">{\"@context\":\"https:\/\/schema.org\",\"@graph\":[{\"@type\":\"WebPage\",\"@id\":\"https:\/\/cienmilhijos.es\/product\/amity-active-mantenimiento-20k\/\",\"url\":\"https:\/\/cienmilhijos.es\/product\/amity-active-mantenimiento-20k\/\",\"name\":\"Amity Active Mantenimiento 20k - Cien Mil Hijos\",\"isPartOf\":{\"@id\":\"https:\/\/cienmilhijos.es\/#website\"},\"datePublished\":\"2024-04-16T09:57:38+00:00\",\"dateModified\":\"2024-04-16T09:58:06+00:00\",\"breadcrumb\":{\"@id\":\"https:\/\/cienmilhijos.es\/product\/amity-active-mantenimiento-20k\/#breadcrumb\"},\"inLanguage\":\"en-GB\",\"potentialAction\":[{\"@type\":\"ReadAction\",\"target\":[\"https:\/\/cienmilhijos.es\/product\/amity-active-mantenimiento-20k\/\"]}]},{\"@type\":\"BreadcrumbList\",\"@id\":\"https:\/\/cienmilhijos.es\/product\/amity-active-mantenimiento-20k\/#breadcrumb\",\"itemListElement\":[{\"@type\":\"ListItem\",\"position\":1,\"name\":\"Portada\",\"item\":\"https:\/\/cienmilhijos.es\/\"},{\"@type\":\"ListItem\",\"position\":2,\"name\":\"Tienda\",\"item\":\"https:\/\/cienmilhijos.es\/tienda\/\"},{\"@type\":\"ListItem\",\"position\":3,\"name\":\"Amity Active Mantenimiento 20k\"}]},{\"@type\":\"WebSite\",\"@id\":\"https:\/\/cienmilhijos.es\/#website\",\"url\":\"https:\/\/cienmilhijos.es\/\",\"name\":\"Cien Mil Hijos\",\"description\":\"Cuidado de animales &amp; tienda de mascotas\",\"publisher\":{\"@id\":\"https:\/\/cienmilhijos.es\/#organization\"},\"potentialAction\":[{\"@type\":\"SearchAction\",\"target\":{\"@type\":\"EntryPoint\",\"urlTemplate\":\"https:\/\/cienmilhijos.es\/?s={search_term_string}\"},\"query-input\":\"required name=search_term_string\"}],\"inLanguage\":\"en-GB\"},{\"@type\":\"Organization\",\"@id\":\"https:\/\/cienmilhijos.es\/#organization\",\"name\":\"Cien Mil Hijos\",\"url\":\"https:\/\/cienmilhijos.es\/\",\"logo\":{\"@type\":\"ImageObject\",\"inLanguage\":\"en-GB\",\"@id\":\"https:\/\/cienmilhijos.es\/#\/schema\/logo\/image\/\",\"url\":\"https:\/\/cienmilhijos.es\/wp-content\/uploads\/2023\/12\/logo2.png\",\"contentUrl\":\"https:\/\/cienmilhijos.es\/wp-content\/uploads\/2023\/12\/logo2.png\",\"width\":1150,\"height\":127,\"caption\":\"Cien Mil Hijos\"},\"image\":{\"@id\":\"https:\/\/cienmilhijos.es\/#\/schema\/logo\/image\/\"},\"sameAs\":[\"https:\/\/www.facebook.com\/cienmilhijosanimales\/?locale=es_ES\"]}]}<\/script>\n<!-- \/ Yoast SEO plugin. -->","yoast_head_json":{"title":"Amity Active Mantenimiento 20k - Cien Mil Hijos","robots":{"index":"index","follow":"follow","max-snippet":"max-snippet:-1","max-image-preview":"max-image-preview:large","max-video-preview":"max-video-preview:-1"},"canonical":"https:\/\/cienmilhijos.es\/en\/product\/amity-active-mantenimiento-20k\/","og_locale":"en_GB","og_type":"article","og_title":"Amity Active Mantenimiento 20k - Cien Mil Hijos","og_description":"Amity es una marca premium que ofrece una alimentaci\u00f3n de calidad para perros a un precio muy asequible. Sus alimentos secos y h\u00famedos proporcionan a tu perro todos los nutrientes&hellip;","og_url":"https:\/\/cienmilhijos.es\/en\/product\/amity-active-mantenimiento-20k\/","og_site_name":"Cien Mil Hijos","article_publisher":"https:\/\/www.facebook.com\/cienmilhijosanimales\/?locale=es_ES","article_modified_time":"2024-04-16T09:58:06+00:00","og_image":[{"width":672,"height":800,"url":"https:\/\/cienmilhijos.es\/wp-content\/uploads\/2024\/04\/lm_398b7b16ecf8ca53723593894116071700c1672222247.webp","type":"image\/webp"}],"twitter_card":"summary_large_image","twitter_misc":{"Estimated reading time":"2 minutes"},"schema":{"@context":"https:\/\/schema.org","@graph":[{"@type":"WebPage","@id":"https:\/\/cienmilhijos.es\/product\/amity-active-mantenimiento-20k\/","url":"https:\/\/cienmilhijos.es\/product\/amity-active-mantenimiento-20k\/","name":"Amity Active Mantenimiento 20k - Cien Mil Hijos","isPartOf":{"@id":"https:\/\/cienmilhijos.es\/#website"},"datePublished":"2024-04-16T09:57:38+00:00","dateModified":"2024-04-16T09:58:06+00:00","breadcrumb":{"@id":"https:\/\/cienmilhijos.es\/product\/amity-active-mantenimiento-20k\/#breadcrumb"},"inLanguage":"en-GB","potentialAction":[{"@type":"ReadAction","target":["https:\/\/cienmilhijos.es\/product\/amity-active-mantenimiento-20k\/"]}]},{"@type":"BreadcrumbList","@id":"https:\/\/cienmilhijos.es\/product\/amity-active-mantenimiento-20k\/#breadcrumb","itemListElement":[{"@type":"ListItem","position":1,"name":"Portada","item":"https:\/\/cienmilhijos.es\/"},{"@type":"ListItem","position":2,"name":"Tienda","item":"https:\/\/cienmilhijos.es\/tienda\/"},{"@type":"ListItem","position":3,"name":"Amity Active Mantenimiento 20k"}]},{"@type":"WebSite","@id":"https:\/\/cienmilhijos.es\/#website","url":"https:\/\/cienmilhijos.es\/","name":"Cien Mil Hijos","description":"Cuidado de animales &amp; tienda de mascotas","publisher":{"@id":"https:\/\/cienmilhijos.es\/#organization"},"potentialAction":[{"@type":"SearchAction","target":{"@type":"EntryPoint","urlTemplate":"https:\/\/cienmilhijos.es\/?s={search_term_string}"},"query-input":"required name=search_term_string"}],"inLanguage":"en-GB"},{"@type":"Organization","@id":"https:\/\/cienmilhijos.es\/#organization","name":"Cien Mil Hijos","url":"https:\/\/cienmilhijos.es\/","logo":{"@type":"ImageObject","inLanguage":"en-GB","@id":"https:\/\/cienmilhijos.es\/#\/schema\/logo\/image\/","url":"https:\/\/cienmilhijos.es\/wp-content\/uploads\/2023\/12\/logo2.png","contentUrl":"https:\/\/cienmilhijos.es\/wp-content\/uploads\/2023\/12\/logo2.png","width":1150,"height":127,"caption":"Cien Mil Hijos"},"image":{"@id":"https:\/\/cienmilhijos.es\/#\/schema\/logo\/image\/"},"sameAs":["https:\/\/www.facebook.com\/cienmilhijosanimales\/?locale=es_ES"]}]}},"_links":{"self":[{"href":"https:\/\/cienmilhijos.es\/en\/wp-json\/wp\/v2\/product\/27004","targetHints":{"allow":["GET"]}}],"collection":[{"href":"https:\/\/cienmilhijos.es\/en\/wp-json\/wp\/v2\/product"}],"about":[{"href":"https:\/\/cienmilhijos.es\/en\/wp-json\/wp\/v2\/types\/product"}],"replies":[{"embeddable":true,"href":"https:\/\/cienmilhijos.es\/en\/wp-json\/wp\/v2\/comments?post=27004"}],"wp:featuredmedia":[{"embeddable":true,"href":"https:\/\/cienmilhijos.es\/en\/wp-json\/wp\/v2\/media\/27005"}],"wp:attachment":[{"href":"https:\/\/cienmilhijos.es\/en\/wp-json\/wp\/v2\/media?parent=27004"}],"wp:term":[{"taxonomy":"product_cat","embeddable":true,"href":"https:\/\/cienmilhijos.es\/en\/wp-json\/wp\/v2\/product_cat?post=27004"},{"taxonomy":"product_tag","embeddable":true,"href":"https:\/\/cienmilhijos.es\/en\/wp-json\/wp\/v2\/product_tag?post=27004"}],"curies":[{"name":"wp","href":"https:\/\/api.w.org\/{rel}","templated":true}]}}