{"id":26998,"date":"2024-03-20T09:53:57","date_gmt":"2024-03-20T09:53:57","guid":{"rendered":"https:\/\/cienmilhijos.es\/?post_type=product&#038;p=26998"},"modified":"2024-03-20T09:53:58","modified_gmt":"2024-03-20T09:53:58","slug":"pate-renal-hipoalergenico-natural-greatness-400gr","status":"publish","type":"product","link":"https:\/\/cienmilhijos.es\/en\/product\/pate-renal-hipoalergenico-natural-greatness-400gr\/","title":{"rendered":"PATE RENAL HIPOALERGENICO NATURAL GREATNESS 400gr"},"content":{"rendered":"<div id=\"description-info\"><span class=\"subtitle_degrade\">Natural Greatness Cuidado Renal 400gr Lata para Perros<\/span><\/div>\n<div id=\"description\" class=\"info_content\">\n<div class=\"product-description\">\n<p>La lata de<strong>\u00a0Natural Greatness CUIDADO RENAL<\/strong>\u00a0es un alimento h\u00famedo completo\u00a0<strong>hipoalerg\u00e9nico y sin cereales<\/strong>\u00a0formulado para perros j\u00fanior y perros adultos de todas las razas con insuficiencia renal cr\u00f3nica que precisan una dieta basada en una alimentaci\u00f3n con aportes restringidos de prote\u00ednas y f\u00f3sforo. Renal Care contribuye a la\u00a0<strong>preservaci\u00f3n de la funci\u00f3n renal<\/strong>\u00a0y a la reducci\u00f3n de la reaparici\u00f3n de c\u00e1lculos de oxalato. Este alimento no est\u00e1 recomendado para perras gestantes o lactantes, cachorros y perros con insuficiencia hep\u00e1tica causada por secreci\u00f3n biliar. Se recomienda emplear el alimento durante 6 meses. Tras este periodo y despu\u00e9s de una evaluaci\u00f3n, prolongar la dieta si fuera necesario.<\/p>\n<h3>Por qu\u00e9 nos encanta:<\/h3>\n<p>&#8211; Porque es un alimento hipoalerg\u00e9nico para perros junior y adultos de cualquier raza con insuficiencia renal.<\/p>\n<p>&#8211; Porque su receta no incorpora cereales.<\/p>\n<p>&#8211; Porque contribuye a la preservaci\u00f3n de la funci\u00f3n renal.<\/p>\n<p>&#8211; Porque reduce la reaparici\u00f3n de c\u00e1lculos de oxalato.<\/p>\n<h3>Cosas que deber\u00edas saber sobre la marca:<\/h3>\n<p>Las Dietas Veterinarias\u00a0<strong>Natural Greatness<\/strong>\u00a0mantienen la filosof\u00eda natural que siempre ha caracterizado a nuestros productos: Alimentos completos e hipoalerg\u00e9nicos, elaborados con ingredientes naturales seleccionados que incluyen las mejores carnes frescas, frutas, verduras y legumbres. Nuestras dietas veterinarias se han desarrollado expl\u00edcitamente para satisfacer los requisitos nutricionales cr\u00edticos de perros y gatos, sirviendo como apoyo al tratamiento de patolog\u00edas espec\u00edficas, ayudando as\u00ed a mitigar sus s\u00edntomas, mejorando la salud y la calidad de vida de los animales de compa\u00f1\u00eda.<\/p>\n<h3>Ingredientes:<\/h3>\n<p>Vacuno (carne, coraz\u00f3n y pulmones) (22%), Pollo (coraz\u00f3n y grasa) (20%), Caldo de carne, Patata (10%),\u00a0 Minerales (1%), Aceite de Salm\u00f3n (0,5%), Citrato de Potasio (0,1%).<\/p>\n<h3>Nutrientes:<\/h3>\n<p>Prote\u00edna bruta 5,4%, Grasas 10%. Fibras 0,5%, Ceniza 2%, Humedad 76%, Calcio 0,16%, F\u00f3sforo 0,10%, Sodio 0,15%, Potasio 0,24%, Magnesio 0,04%, \u00c1cidos grasos \u03a93\u00a0 0,2%, \u00c1cidos grasos \u03a96 2%, Vitamina D3 (entero) 350 U.I.<\/p>\n<\/div>\n<\/div>","protected":false},"excerpt":{"rendered":"<p>Natural Greatness Cuidado Renal 400gr Lata para Perros La lata de\u00a0Natural Greatness CUIDADO RENAL\u00a0es un alimento h\u00famedo completo\u00a0hipoalerg\u00e9nico y sin cereales\u00a0formulado para perros j\u00fanior y perros adultos de todas las&hellip;<\/p>","protected":false},"featured_media":26999,"comment_status":"open","ping_status":"closed","template":"","meta":[],"product_cat":[317],"product_tag":[],"class_list":["post-26998","product","type-product","status-publish","has-post-thumbnail","hentry","product_cat-comida-humeda-para-perros"],"yoast_head":"<!-- This site is optimized with the Yoast SEO plugin v21.6 - https:\/\/yoast.com\/wordpress\/plugins\/seo\/ -->\n<title>PATE RENAL HIPOALERGENICO NATURAL GREATNESS 400gr - Cien Mil Hijos<\/title>\n<meta name=\"robots\" content=\"index, follow, max-snippet:-1, max-image-preview:large, max-video-preview:-1\" \/>\n<link rel=\"canonical\" href=\"https:\/\/cienmilhijos.es\/en\/product\/pate-renal-hipoalergenico-natural-greatness-400gr\/\" \/>\n<meta property=\"og:locale\" content=\"en_GB\" \/>\n<meta property=\"og:type\" content=\"article\" \/>\n<meta property=\"og:title\" content=\"PATE RENAL HIPOALERGENICO NATURAL GREATNESS 400gr - Cien Mil Hijos\" \/>\n<meta property=\"og:description\" content=\"Natural Greatness Cuidado Renal 400gr Lata para Perros La lata de\u00a0Natural Greatness CUIDADO RENAL\u00a0es un alimento h\u00famedo completo\u00a0hipoalerg\u00e9nico y sin cereales\u00a0formulado para perros j\u00fanior y perros adultos de todas las&hellip;\" \/>\n<meta property=\"og:url\" content=\"https:\/\/cienmilhijos.es\/en\/product\/pate-renal-hipoalergenico-natural-greatness-400gr\/\" \/>\n<meta property=\"og:site_name\" content=\"Cien Mil Hijos\" \/>\n<meta property=\"article:publisher\" content=\"https:\/\/www.facebook.com\/cienmilhijosanimales\/?locale=es_ES\" \/>\n<meta property=\"article:modified_time\" content=\"2024-03-20T09:53:58+00:00\" \/>\n<meta property=\"og:image\" content=\"https:\/\/cienmilhijos.es\/wp-content\/uploads\/2024\/03\/natural-greatness-lata-cuidado-renal-400gr.png\" \/>\n\t<meta property=\"og:image:width\" content=\"393\" \/>\n\t<meta property=\"og:image:height\" content=\"393\" \/>\n\t<meta property=\"og:image:type\" content=\"image\/png\" \/>\n<meta name=\"twitter:card\" content=\"summary_large_image\" \/>\n<meta name=\"twitter:label1\" content=\"Estimated reading time\" \/>\n\t<meta name=\"twitter:data1\" content=\"2 minutes\" \/>\n<script type=\"application\/ld+json\" class=\"yoast-schema-graph\">{\"@context\":\"https:\/\/schema.org\",\"@graph\":[{\"@type\":\"WebPage\",\"@id\":\"https:\/\/cienmilhijos.es\/product\/pate-renal-hipoalergenico-natural-greatness-400gr\/\",\"url\":\"https:\/\/cienmilhijos.es\/product\/pate-renal-hipoalergenico-natural-greatness-400gr\/\",\"name\":\"PATE RENAL HIPOALERGENICO NATURAL GREATNESS 400gr - Cien Mil Hijos\",\"isPartOf\":{\"@id\":\"https:\/\/cienmilhijos.es\/#website\"},\"datePublished\":\"2024-03-20T09:53:57+00:00\",\"dateModified\":\"2024-03-20T09:53:58+00:00\",\"breadcrumb\":{\"@id\":\"https:\/\/cienmilhijos.es\/product\/pate-renal-hipoalergenico-natural-greatness-400gr\/#breadcrumb\"},\"inLanguage\":\"en-GB\",\"potentialAction\":[{\"@type\":\"ReadAction\",\"target\":[\"https:\/\/cienmilhijos.es\/product\/pate-renal-hipoalergenico-natural-greatness-400gr\/\"]}]},{\"@type\":\"BreadcrumbList\",\"@id\":\"https:\/\/cienmilhijos.es\/product\/pate-renal-hipoalergenico-natural-greatness-400gr\/#breadcrumb\",\"itemListElement\":[{\"@type\":\"ListItem\",\"position\":1,\"name\":\"Portada\",\"item\":\"https:\/\/cienmilhijos.es\/\"},{\"@type\":\"ListItem\",\"position\":2,\"name\":\"Tienda\",\"item\":\"https:\/\/cienmilhijos.es\/tienda\/\"},{\"@type\":\"ListItem\",\"position\":3,\"name\":\"PATE RENAL HIPOALERGENICO NATURAL GREATNESS 400gr\"}]},{\"@type\":\"WebSite\",\"@id\":\"https:\/\/cienmilhijos.es\/#website\",\"url\":\"https:\/\/cienmilhijos.es\/\",\"name\":\"Cien Mil Hijos\",\"description\":\"Cuidado de animales &amp; tienda de mascotas\",\"publisher\":{\"@id\":\"https:\/\/cienmilhijos.es\/#organization\"},\"potentialAction\":[{\"@type\":\"SearchAction\",\"target\":{\"@type\":\"EntryPoint\",\"urlTemplate\":\"https:\/\/cienmilhijos.es\/?s={search_term_string}\"},\"query-input\":\"required name=search_term_string\"}],\"inLanguage\":\"en-GB\"},{\"@type\":\"Organization\",\"@id\":\"https:\/\/cienmilhijos.es\/#organization\",\"name\":\"Cien Mil Hijos\",\"url\":\"https:\/\/cienmilhijos.es\/\",\"logo\":{\"@type\":\"ImageObject\",\"inLanguage\":\"en-GB\",\"@id\":\"https:\/\/cienmilhijos.es\/#\/schema\/logo\/image\/\",\"url\":\"https:\/\/cienmilhijos.es\/wp-content\/uploads\/2023\/12\/logo2.png\",\"contentUrl\":\"https:\/\/cienmilhijos.es\/wp-content\/uploads\/2023\/12\/logo2.png\",\"width\":1150,\"height\":127,\"caption\":\"Cien Mil Hijos\"},\"image\":{\"@id\":\"https:\/\/cienmilhijos.es\/#\/schema\/logo\/image\/\"},\"sameAs\":[\"https:\/\/www.facebook.com\/cienmilhijosanimales\/?locale=es_ES\"]}]}<\/script>\n<!-- \/ Yoast SEO plugin. -->","yoast_head_json":{"title":"PATE RENAL HIPOALERGENICO NATURAL GREATNESS 400gr - Cien Mil Hijos","robots":{"index":"index","follow":"follow","max-snippet":"max-snippet:-1","max-image-preview":"max-image-preview:large","max-video-preview":"max-video-preview:-1"},"canonical":"https:\/\/cienmilhijos.es\/en\/product\/pate-renal-hipoalergenico-natural-greatness-400gr\/","og_locale":"en_GB","og_type":"article","og_title":"PATE RENAL HIPOALERGENICO NATURAL GREATNESS 400gr - Cien Mil Hijos","og_description":"Natural Greatness Cuidado Renal 400gr Lata para Perros La lata de\u00a0Natural Greatness CUIDADO RENAL\u00a0es un alimento h\u00famedo completo\u00a0hipoalerg\u00e9nico y sin cereales\u00a0formulado para perros j\u00fanior y perros adultos de todas las&hellip;","og_url":"https:\/\/cienmilhijos.es\/en\/product\/pate-renal-hipoalergenico-natural-greatness-400gr\/","og_site_name":"Cien Mil Hijos","article_publisher":"https:\/\/www.facebook.com\/cienmilhijosanimales\/?locale=es_ES","article_modified_time":"2024-03-20T09:53:58+00:00","og_image":[{"width":393,"height":393,"url":"https:\/\/cienmilhijos.es\/wp-content\/uploads\/2024\/03\/natural-greatness-lata-cuidado-renal-400gr.png","type":"image\/png"}],"twitter_card":"summary_large_image","twitter_misc":{"Estimated reading time":"2 minutes"},"schema":{"@context":"https:\/\/schema.org","@graph":[{"@type":"WebPage","@id":"https:\/\/cienmilhijos.es\/product\/pate-renal-hipoalergenico-natural-greatness-400gr\/","url":"https:\/\/cienmilhijos.es\/product\/pate-renal-hipoalergenico-natural-greatness-400gr\/","name":"PATE RENAL HIPOALERGENICO NATURAL GREATNESS 400gr - Cien Mil Hijos","isPartOf":{"@id":"https:\/\/cienmilhijos.es\/#website"},"datePublished":"2024-03-20T09:53:57+00:00","dateModified":"2024-03-20T09:53:58+00:00","breadcrumb":{"@id":"https:\/\/cienmilhijos.es\/product\/pate-renal-hipoalergenico-natural-greatness-400gr\/#breadcrumb"},"inLanguage":"en-GB","potentialAction":[{"@type":"ReadAction","target":["https:\/\/cienmilhijos.es\/product\/pate-renal-hipoalergenico-natural-greatness-400gr\/"]}]},{"@type":"BreadcrumbList","@id":"https:\/\/cienmilhijos.es\/product\/pate-renal-hipoalergenico-natural-greatness-400gr\/#breadcrumb","itemListElement":[{"@type":"ListItem","position":1,"name":"Portada","item":"https:\/\/cienmilhijos.es\/"},{"@type":"ListItem","position":2,"name":"Tienda","item":"https:\/\/cienmilhijos.es\/tienda\/"},{"@type":"ListItem","position":3,"name":"PATE RENAL HIPOALERGENICO NATURAL GREATNESS 400gr"}]},{"@type":"WebSite","@id":"https:\/\/cienmilhijos.es\/#website","url":"https:\/\/cienmilhijos.es\/","name":"Cien Mil Hijos","description":"Cuidado de animales &amp; tienda de mascotas","publisher":{"@id":"https:\/\/cienmilhijos.es\/#organization"},"potentialAction":[{"@type":"SearchAction","target":{"@type":"EntryPoint","urlTemplate":"https:\/\/cienmilhijos.es\/?s={search_term_string}"},"query-input":"required name=search_term_string"}],"inLanguage":"en-GB"},{"@type":"Organization","@id":"https:\/\/cienmilhijos.es\/#organization","name":"Cien Mil Hijos","url":"https:\/\/cienmilhijos.es\/","logo":{"@type":"ImageObject","inLanguage":"en-GB","@id":"https:\/\/cienmilhijos.es\/#\/schema\/logo\/image\/","url":"https:\/\/cienmilhijos.es\/wp-content\/uploads\/2023\/12\/logo2.png","contentUrl":"https:\/\/cienmilhijos.es\/wp-content\/uploads\/2023\/12\/logo2.png","width":1150,"height":127,"caption":"Cien Mil Hijos"},"image":{"@id":"https:\/\/cienmilhijos.es\/#\/schema\/logo\/image\/"},"sameAs":["https:\/\/www.facebook.com\/cienmilhijosanimales\/?locale=es_ES"]}]}},"_links":{"self":[{"href":"https:\/\/cienmilhijos.es\/en\/wp-json\/wp\/v2\/product\/26998","targetHints":{"allow":["GET"]}}],"collection":[{"href":"https:\/\/cienmilhijos.es\/en\/wp-json\/wp\/v2\/product"}],"about":[{"href":"https:\/\/cienmilhijos.es\/en\/wp-json\/wp\/v2\/types\/product"}],"replies":[{"embeddable":true,"href":"https:\/\/cienmilhijos.es\/en\/wp-json\/wp\/v2\/comments?post=26998"}],"wp:featuredmedia":[{"embeddable":true,"href":"https:\/\/cienmilhijos.es\/en\/wp-json\/wp\/v2\/media\/26999"}],"wp:attachment":[{"href":"https:\/\/cienmilhijos.es\/en\/wp-json\/wp\/v2\/media?parent=26998"}],"wp:term":[{"taxonomy":"product_cat","embeddable":true,"href":"https:\/\/cienmilhijos.es\/en\/wp-json\/wp\/v2\/product_cat?post=26998"},{"taxonomy":"product_tag","embeddable":true,"href":"https:\/\/cienmilhijos.es\/en\/wp-json\/wp\/v2\/product_tag?post=26998"}],"curies":[{"name":"wp","href":"https:\/\/api.w.org\/{rel}","templated":true}]}}