{"id":26993,"date":"2024-04-18T11:44:23","date_gmt":"2024-04-18T11:44:23","guid":{"rendered":"https:\/\/cienmilhijos.es\/?post_type=product&#038;p=26993"},"modified":"2024-04-18T11:44:23","modified_gmt":"2024-04-18T11:44:23","slug":"royal-canin-puppy-mini","status":"publish","type":"product","link":"https:\/\/cienmilhijos.es\/en\/product\/royal-canin-puppy-mini\/","title":{"rendered":"Royal Canin Puppy Mini"},"content":{"rendered":"<p>Para estar preparados para la fase de crecimiento, los cachorros necesitan un apoyo \u00f3ptimo para su sistema inmunitario, que todav\u00eda se est\u00e1 desarrollando en esta etapa. Royal Canin Mini Puppy contiene un\u00a0<strong>complejo de nutrientes con vitaminas esenciales E y C<\/strong>. Esto fomenta un sistema inmunitario fuerte y unas defensas naturales.<\/p>\n<p>El\u00a0<strong>alto contenido energ\u00e9tico<\/strong>\u00a0de Royal Canin Mini Puppy est\u00e1 dise\u00f1ado para un crecimiento r\u00e1pido e intenso y el consiguiente aumento de las necesidades energ\u00e9ticas de los cachorros de razas peque\u00f1as. El aporte cal\u00f3rico es adecuado para reducir el riesgo de ganar peso demasiado r\u00e1pido.<\/p>\n<p><strong>Todas las caracter\u00edsticas de un vistazo:<\/strong><\/p>\n<ul>\n<li>Pienso equilibrado para cachorros\u00a0de razas peque\u00f1as de hasta 10 kg<\/li>\n<li>Para la alimentaci\u00f3n de los 2 a los 10 meses<\/li>\n<li><strong>\u00c1cidos grasos omega 3:<\/strong>\u00a0para favorecer el desarrollo normal del cerebro<\/li>\n<li><strong>Ingesta \u00f3ptima de alimentos:\u00a0<\/strong>el tama\u00f1o, la forma y la estructura especiales de las croquetas se adaptan a las mand\u00edbulas de los cachorros peque\u00f1os y facilitan la masticaci\u00f3n<\/li>\n<li><strong>Aporte cal\u00f3rico ajustado:<\/strong>\u00a0para un desarrollo muscular y \u00f3seo moderado<\/li>\n<li><strong>M\u00e1xima seguridad en la digesti\u00f3n:<\/strong>\u00a0prote\u00ednas L. I. P. de alta digestibilidad, fructooligosac\u00e1ridos y aceite de pescado para una asimilaci\u00f3n eficiente de los nutrientes<\/li>\n<li><strong>Refuerzo del sistema inmunitario.<\/strong>\u00a0 Vitaminas C y E para unas defensas fuertes<\/li>\n<\/ul>\n<p>Las croquetas Royal Canin Mini Puppy han sido desarrolladas especialmente para la boca de un cachorro de raza peque\u00f1a. Adem\u00e1s, gracias a su efecto de cepillado mec\u00e1nico durante la masticaci\u00f3n, favorecen la higiene dental de tu cachorro.<\/p>","protected":false},"excerpt":{"rendered":"<p>Para estar preparados para la fase de crecimiento, los cachorros necesitan un apoyo \u00f3ptimo para su sistema inmunitario, que todav\u00eda se est\u00e1 desarrollando en esta etapa. Royal Canin Mini Puppy&hellip;<\/p>","protected":false},"featured_media":27043,"comment_status":"open","ping_status":"closed","template":"","meta":[],"product_cat":[269],"product_tag":[],"class_list":["post-26993","product","type-product","status-publish","has-post-thumbnail","hentry","product_cat-alimentacion-perros"],"yoast_head":"<!-- This site is optimized with the Yoast SEO plugin v21.6 - https:\/\/yoast.com\/wordpress\/plugins\/seo\/ -->\n<title>Royal Canin Puppy Mini - Cien Mil Hijos<\/title>\n<meta name=\"robots\" content=\"index, follow, max-snippet:-1, max-image-preview:large, max-video-preview:-1\" \/>\n<link rel=\"canonical\" href=\"https:\/\/cienmilhijos.es\/en\/product\/royal-canin-puppy-mini\/\" \/>\n<meta property=\"og:locale\" content=\"en_GB\" \/>\n<meta property=\"og:type\" content=\"article\" \/>\n<meta property=\"og:title\" content=\"Royal Canin Puppy Mini - Cien Mil Hijos\" \/>\n<meta property=\"og:description\" content=\"Para estar preparados para la fase de crecimiento, los cachorros necesitan un apoyo \u00f3ptimo para su sistema inmunitario, que todav\u00eda se est\u00e1 desarrollando en esta etapa. Royal Canin Mini Puppy&hellip;\" \/>\n<meta property=\"og:url\" content=\"https:\/\/cienmilhijos.es\/en\/product\/royal-canin-puppy-mini\/\" \/>\n<meta property=\"og:site_name\" content=\"Cien Mil Hijos\" \/>\n<meta property=\"article:publisher\" content=\"https:\/\/www.facebook.com\/cienmilhijosanimales\/?locale=es_ES\" \/>\n<meta property=\"og:image\" content=\"https:\/\/cienmilhijos.es\/wp-content\/uploads\/2024\/03\/252997_252306_253096_pla_royalcanin_dog_mini_puppy_hs_01_6-1.jpg\" \/>\n\t<meta property=\"og:image:width\" content=\"400\" \/>\n\t<meta property=\"og:image:height\" content=\"400\" \/>\n\t<meta property=\"og:image:type\" content=\"image\/jpeg\" \/>\n<meta name=\"twitter:card\" content=\"summary_large_image\" \/>\n<meta name=\"twitter:label1\" content=\"Estimated reading time\" \/>\n\t<meta name=\"twitter:data1\" content=\"2 minutes\" \/>\n<script type=\"application\/ld+json\" class=\"yoast-schema-graph\">{\"@context\":\"https:\/\/schema.org\",\"@graph\":[{\"@type\":\"WebPage\",\"@id\":\"https:\/\/cienmilhijos.es\/product\/royal-canin-puppy-mini\/\",\"url\":\"https:\/\/cienmilhijos.es\/product\/royal-canin-puppy-mini\/\",\"name\":\"Royal Canin Puppy Mini - Cien Mil Hijos\",\"isPartOf\":{\"@id\":\"https:\/\/cienmilhijos.es\/#website\"},\"datePublished\":\"2024-04-18T11:44:23+00:00\",\"dateModified\":\"2024-04-18T11:44:23+00:00\",\"breadcrumb\":{\"@id\":\"https:\/\/cienmilhijos.es\/product\/royal-canin-puppy-mini\/#breadcrumb\"},\"inLanguage\":\"en-GB\",\"potentialAction\":[{\"@type\":\"ReadAction\",\"target\":[\"https:\/\/cienmilhijos.es\/product\/royal-canin-puppy-mini\/\"]}]},{\"@type\":\"BreadcrumbList\",\"@id\":\"https:\/\/cienmilhijos.es\/product\/royal-canin-puppy-mini\/#breadcrumb\",\"itemListElement\":[{\"@type\":\"ListItem\",\"position\":1,\"name\":\"Portada\",\"item\":\"https:\/\/cienmilhijos.es\/\"},{\"@type\":\"ListItem\",\"position\":2,\"name\":\"Tienda\",\"item\":\"https:\/\/cienmilhijos.es\/tienda\/\"},{\"@type\":\"ListItem\",\"position\":3,\"name\":\"Royal Canin Puppy Mini\"}]},{\"@type\":\"WebSite\",\"@id\":\"https:\/\/cienmilhijos.es\/#website\",\"url\":\"https:\/\/cienmilhijos.es\/\",\"name\":\"Cien Mil Hijos\",\"description\":\"Cuidado de animales &amp; tienda de mascotas\",\"publisher\":{\"@id\":\"https:\/\/cienmilhijos.es\/#organization\"},\"potentialAction\":[{\"@type\":\"SearchAction\",\"target\":{\"@type\":\"EntryPoint\",\"urlTemplate\":\"https:\/\/cienmilhijos.es\/?s={search_term_string}\"},\"query-input\":\"required name=search_term_string\"}],\"inLanguage\":\"en-GB\"},{\"@type\":\"Organization\",\"@id\":\"https:\/\/cienmilhijos.es\/#organization\",\"name\":\"Cien Mil Hijos\",\"url\":\"https:\/\/cienmilhijos.es\/\",\"logo\":{\"@type\":\"ImageObject\",\"inLanguage\":\"en-GB\",\"@id\":\"https:\/\/cienmilhijos.es\/#\/schema\/logo\/image\/\",\"url\":\"https:\/\/cienmilhijos.es\/wp-content\/uploads\/2023\/12\/logo2.png\",\"contentUrl\":\"https:\/\/cienmilhijos.es\/wp-content\/uploads\/2023\/12\/logo2.png\",\"width\":1150,\"height\":127,\"caption\":\"Cien Mil Hijos\"},\"image\":{\"@id\":\"https:\/\/cienmilhijos.es\/#\/schema\/logo\/image\/\"},\"sameAs\":[\"https:\/\/www.facebook.com\/cienmilhijosanimales\/?locale=es_ES\"]}]}<\/script>\n<!-- \/ Yoast SEO plugin. -->","yoast_head_json":{"title":"Royal Canin Puppy Mini - Cien Mil Hijos","robots":{"index":"index","follow":"follow","max-snippet":"max-snippet:-1","max-image-preview":"max-image-preview:large","max-video-preview":"max-video-preview:-1"},"canonical":"https:\/\/cienmilhijos.es\/en\/product\/royal-canin-puppy-mini\/","og_locale":"en_GB","og_type":"article","og_title":"Royal Canin Puppy Mini - Cien Mil Hijos","og_description":"Para estar preparados para la fase de crecimiento, los cachorros necesitan un apoyo \u00f3ptimo para su sistema inmunitario, que todav\u00eda se est\u00e1 desarrollando en esta etapa. Royal Canin Mini Puppy&hellip;","og_url":"https:\/\/cienmilhijos.es\/en\/product\/royal-canin-puppy-mini\/","og_site_name":"Cien Mil Hijos","article_publisher":"https:\/\/www.facebook.com\/cienmilhijosanimales\/?locale=es_ES","og_image":[{"width":400,"height":400,"url":"https:\/\/cienmilhijos.es\/wp-content\/uploads\/2024\/03\/252997_252306_253096_pla_royalcanin_dog_mini_puppy_hs_01_6-1.jpg","type":"image\/jpeg"}],"twitter_card":"summary_large_image","twitter_misc":{"Estimated reading time":"2 minutes"},"schema":{"@context":"https:\/\/schema.org","@graph":[{"@type":"WebPage","@id":"https:\/\/cienmilhijos.es\/product\/royal-canin-puppy-mini\/","url":"https:\/\/cienmilhijos.es\/product\/royal-canin-puppy-mini\/","name":"Royal Canin Puppy Mini - Cien Mil Hijos","isPartOf":{"@id":"https:\/\/cienmilhijos.es\/#website"},"datePublished":"2024-04-18T11:44:23+00:00","dateModified":"2024-04-18T11:44:23+00:00","breadcrumb":{"@id":"https:\/\/cienmilhijos.es\/product\/royal-canin-puppy-mini\/#breadcrumb"},"inLanguage":"en-GB","potentialAction":[{"@type":"ReadAction","target":["https:\/\/cienmilhijos.es\/product\/royal-canin-puppy-mini\/"]}]},{"@type":"BreadcrumbList","@id":"https:\/\/cienmilhijos.es\/product\/royal-canin-puppy-mini\/#breadcrumb","itemListElement":[{"@type":"ListItem","position":1,"name":"Portada","item":"https:\/\/cienmilhijos.es\/"},{"@type":"ListItem","position":2,"name":"Tienda","item":"https:\/\/cienmilhijos.es\/tienda\/"},{"@type":"ListItem","position":3,"name":"Royal Canin Puppy Mini"}]},{"@type":"WebSite","@id":"https:\/\/cienmilhijos.es\/#website","url":"https:\/\/cienmilhijos.es\/","name":"Cien Mil Hijos","description":"Cuidado de animales &amp; tienda de mascotas","publisher":{"@id":"https:\/\/cienmilhijos.es\/#organization"},"potentialAction":[{"@type":"SearchAction","target":{"@type":"EntryPoint","urlTemplate":"https:\/\/cienmilhijos.es\/?s={search_term_string}"},"query-input":"required name=search_term_string"}],"inLanguage":"en-GB"},{"@type":"Organization","@id":"https:\/\/cienmilhijos.es\/#organization","name":"Cien Mil Hijos","url":"https:\/\/cienmilhijos.es\/","logo":{"@type":"ImageObject","inLanguage":"en-GB","@id":"https:\/\/cienmilhijos.es\/#\/schema\/logo\/image\/","url":"https:\/\/cienmilhijos.es\/wp-content\/uploads\/2023\/12\/logo2.png","contentUrl":"https:\/\/cienmilhijos.es\/wp-content\/uploads\/2023\/12\/logo2.png","width":1150,"height":127,"caption":"Cien Mil Hijos"},"image":{"@id":"https:\/\/cienmilhijos.es\/#\/schema\/logo\/image\/"},"sameAs":["https:\/\/www.facebook.com\/cienmilhijosanimales\/?locale=es_ES"]}]}},"_links":{"self":[{"href":"https:\/\/cienmilhijos.es\/en\/wp-json\/wp\/v2\/product\/26993","targetHints":{"allow":["GET"]}}],"collection":[{"href":"https:\/\/cienmilhijos.es\/en\/wp-json\/wp\/v2\/product"}],"about":[{"href":"https:\/\/cienmilhijos.es\/en\/wp-json\/wp\/v2\/types\/product"}],"replies":[{"embeddable":true,"href":"https:\/\/cienmilhijos.es\/en\/wp-json\/wp\/v2\/comments?post=26993"}],"wp:featuredmedia":[{"embeddable":true,"href":"https:\/\/cienmilhijos.es\/en\/wp-json\/wp\/v2\/media\/27043"}],"wp:attachment":[{"href":"https:\/\/cienmilhijos.es\/en\/wp-json\/wp\/v2\/media?parent=26993"}],"wp:term":[{"taxonomy":"product_cat","embeddable":true,"href":"https:\/\/cienmilhijos.es\/en\/wp-json\/wp\/v2\/product_cat?post=26993"},{"taxonomy":"product_tag","embeddable":true,"href":"https:\/\/cienmilhijos.es\/en\/wp-json\/wp\/v2\/product_tag?post=26993"}],"curies":[{"name":"wp","href":"https:\/\/api.w.org\/{rel}","templated":true}]}}