{"id":26962,"date":"2024-01-24T16:14:57","date_gmt":"2024-01-24T16:14:57","guid":{"rendered":"https:\/\/cienmilhijos.es\/?post_type=product&#038;p=26962"},"modified":"2024-01-24T16:14:57","modified_gmt":"2024-01-24T16:14:57","slug":"correa-running-para-perros","status":"publish","type":"product","link":"https:\/\/cienmilhijos.es\/en\/product\/correa-running-para-perros\/","title":{"rendered":"Correa Running para Perros"},"content":{"rendered":"<p><strong>Correa de running para perros<\/strong>\u00a0Ib\u00e1\u00f1ez On Go, con\u00a0<strong>espacio extra para accesorios<\/strong>\u00a0en el cintur\u00f3n.<\/p>\n<p>Hoy en d\u00eda hay una gran afici\u00f3n al running, y esta correa es perfecta para practicarlo con su mascota como acompa\u00f1ante, pudiendo\u00a0<strong>llevar las manos libres.<\/strong>\u00a0Aunque no salgamos a correr, resulta muy pr\u00e1ctica en los paseos con nuestro perro.<\/p>\n<p>Esta\u00a0<strong>correa el\u00e1stica,<\/strong>\u00a0fabricada en nylon de gran calidad, est\u00e1 dise\u00f1ada para\u00a0<strong>absorber<\/strong>\u00a0parte del\u00a0<strong>impacto<\/strong>\u00a0que genera el perro con los tirones, siendo extensible de 145 cm a 175 cm aproximadamente. Esta cualidad aumentar\u00e1 el confort de sus paseos o salidas a correr.<br \/>\nDispone de dos mosquetones met\u00e1licos muy resistentes y un\u00a0<strong>asa extra<\/strong>\u00a0al final de la correa para un\u00a0<strong>control en corto<\/strong>\u00a0de su perro.<\/p>\n<p>El\u00a0<strong>cintur\u00f3n<\/strong>\u00a0tiene un contorno ajustable entre 72 cm y 120 cm.<br \/>\nDos fuertes anillas met\u00e1licas dan la posibilidad de llevar el perro a izquierda o derecha o de utilizarlo con\u00a0<strong>2 perros a la vez.<\/strong><\/p>\n<p>Con\u00a0<strong>2 bolsillos impermeables<\/strong>:<br \/>\n\u00b7 Para llevar accesorios como el m\u00f3vil, bolsitas, premios, etc.<br \/>\n\u00b7\u00a0<strong>Ancho extensible<\/strong>\u00a0de 4 cm a 10 cm.<br \/>\n\u00b7 Posibilidad de\u00a0<strong>salida para auriculares<\/strong>.<br \/>\n\u00b7\u00a0<strong>Cintas reflectantes<\/strong>\u00a0a lo largo de la cremallera que aumentan la seguridad en los paseos con baja luminosidad.<\/p>\n<p>Este accesorio es fuerte y est\u00e1 muy bien pensado para disfrutar del aire libre junto a su perro de forma c\u00f3moda y segura.<\/p>\n<p><strong>Color Negro.<\/strong><\/p>","protected":false},"excerpt":{"rendered":"<p>Correa de running para perros\u00a0Ib\u00e1\u00f1ez On Go, con\u00a0espacio extra para accesorios\u00a0en el cintur\u00f3n. Hoy en d\u00eda hay una gran afici\u00f3n al running, y esta correa es perfecta para practicarlo con&hellip;<\/p>","protected":false},"featured_media":26963,"comment_status":"open","ping_status":"closed","template":"","meta":[],"product_cat":[272],"product_tag":[],"class_list":["post-26962","product","type-product","status-publish","has-post-thumbnail","hentry","product_cat-articulos-perros"],"yoast_head":"<!-- This site is optimized with the Yoast SEO plugin v21.6 - https:\/\/yoast.com\/wordpress\/plugins\/seo\/ -->\n<title>Correa Running para Perros - Cien Mil Hijos<\/title>\n<meta name=\"robots\" content=\"index, follow, max-snippet:-1, max-image-preview:large, max-video-preview:-1\" \/>\n<link rel=\"canonical\" href=\"https:\/\/cienmilhijos.es\/en\/product\/correa-running-para-perros\/\" \/>\n<meta property=\"og:locale\" content=\"en_GB\" \/>\n<meta property=\"og:type\" content=\"article\" \/>\n<meta property=\"og:title\" content=\"Correa Running para Perros - Cien Mil Hijos\" \/>\n<meta property=\"og:description\" content=\"Correa de running para perros\u00a0Ib\u00e1\u00f1ez On Go, con\u00a0espacio extra para accesorios\u00a0en el cintur\u00f3n. Hoy en d\u00eda hay una gran afici\u00f3n al running, y esta correa es perfecta para practicarlo con&hellip;\" \/>\n<meta property=\"og:url\" content=\"https:\/\/cienmilhijos.es\/en\/product\/correa-running-para-perros\/\" \/>\n<meta property=\"og:site_name\" content=\"Cien Mil Hijos\" \/>\n<meta property=\"article:publisher\" content=\"https:\/\/www.facebook.com\/cienmilhijosanimales\/?locale=es_ES\" \/>\n<meta property=\"og:image\" content=\"https:\/\/cienmilhijos.es\/wp-content\/uploads\/2024\/01\/picture_36504_240x240.jpg\" \/>\n\t<meta property=\"og:image:width\" content=\"240\" \/>\n\t<meta property=\"og:image:height\" content=\"240\" \/>\n\t<meta property=\"og:image:type\" content=\"image\/jpeg\" \/>\n<meta name=\"twitter:card\" content=\"summary_large_image\" \/>\n<meta name=\"twitter:label1\" content=\"Estimated reading time\" \/>\n\t<meta name=\"twitter:data1\" content=\"2 minutes\" \/>\n<script type=\"application\/ld+json\" class=\"yoast-schema-graph\">{\"@context\":\"https:\/\/schema.org\",\"@graph\":[{\"@type\":\"WebPage\",\"@id\":\"https:\/\/cienmilhijos.es\/product\/correa-running-para-perros\/\",\"url\":\"https:\/\/cienmilhijos.es\/product\/correa-running-para-perros\/\",\"name\":\"Correa Running para Perros - Cien Mil Hijos\",\"isPartOf\":{\"@id\":\"https:\/\/cienmilhijos.es\/#website\"},\"datePublished\":\"2024-01-24T16:14:57+00:00\",\"dateModified\":\"2024-01-24T16:14:57+00:00\",\"breadcrumb\":{\"@id\":\"https:\/\/cienmilhijos.es\/product\/correa-running-para-perros\/#breadcrumb\"},\"inLanguage\":\"en-GB\",\"potentialAction\":[{\"@type\":\"ReadAction\",\"target\":[\"https:\/\/cienmilhijos.es\/product\/correa-running-para-perros\/\"]}]},{\"@type\":\"BreadcrumbList\",\"@id\":\"https:\/\/cienmilhijos.es\/product\/correa-running-para-perros\/#breadcrumb\",\"itemListElement\":[{\"@type\":\"ListItem\",\"position\":1,\"name\":\"Portada\",\"item\":\"https:\/\/cienmilhijos.es\/\"},{\"@type\":\"ListItem\",\"position\":2,\"name\":\"Tienda\",\"item\":\"https:\/\/cienmilhijos.es\/tienda\/\"},{\"@type\":\"ListItem\",\"position\":3,\"name\":\"Correa Running para Perros\"}]},{\"@type\":\"WebSite\",\"@id\":\"https:\/\/cienmilhijos.es\/#website\",\"url\":\"https:\/\/cienmilhijos.es\/\",\"name\":\"Cien Mil Hijos\",\"description\":\"Cuidado de animales &amp; tienda de mascotas\",\"publisher\":{\"@id\":\"https:\/\/cienmilhijos.es\/#organization\"},\"potentialAction\":[{\"@type\":\"SearchAction\",\"target\":{\"@type\":\"EntryPoint\",\"urlTemplate\":\"https:\/\/cienmilhijos.es\/?s={search_term_string}\"},\"query-input\":\"required name=search_term_string\"}],\"inLanguage\":\"en-GB\"},{\"@type\":\"Organization\",\"@id\":\"https:\/\/cienmilhijos.es\/#organization\",\"name\":\"Cien Mil Hijos\",\"url\":\"https:\/\/cienmilhijos.es\/\",\"logo\":{\"@type\":\"ImageObject\",\"inLanguage\":\"en-GB\",\"@id\":\"https:\/\/cienmilhijos.es\/#\/schema\/logo\/image\/\",\"url\":\"https:\/\/cienmilhijos.es\/wp-content\/uploads\/2023\/12\/logo2.png\",\"contentUrl\":\"https:\/\/cienmilhijos.es\/wp-content\/uploads\/2023\/12\/logo2.png\",\"width\":1150,\"height\":127,\"caption\":\"Cien Mil Hijos\"},\"image\":{\"@id\":\"https:\/\/cienmilhijos.es\/#\/schema\/logo\/image\/\"},\"sameAs\":[\"https:\/\/www.facebook.com\/cienmilhijosanimales\/?locale=es_ES\"]}]}<\/script>\n<!-- \/ Yoast SEO plugin. -->","yoast_head_json":{"title":"Correa Running para Perros - Cien Mil Hijos","robots":{"index":"index","follow":"follow","max-snippet":"max-snippet:-1","max-image-preview":"max-image-preview:large","max-video-preview":"max-video-preview:-1"},"canonical":"https:\/\/cienmilhijos.es\/en\/product\/correa-running-para-perros\/","og_locale":"en_GB","og_type":"article","og_title":"Correa Running para Perros - Cien Mil Hijos","og_description":"Correa de running para perros\u00a0Ib\u00e1\u00f1ez On Go, con\u00a0espacio extra para accesorios\u00a0en el cintur\u00f3n. Hoy en d\u00eda hay una gran afici\u00f3n al running, y esta correa es perfecta para practicarlo con&hellip;","og_url":"https:\/\/cienmilhijos.es\/en\/product\/correa-running-para-perros\/","og_site_name":"Cien Mil Hijos","article_publisher":"https:\/\/www.facebook.com\/cienmilhijosanimales\/?locale=es_ES","og_image":[{"width":240,"height":240,"url":"https:\/\/cienmilhijos.es\/wp-content\/uploads\/2024\/01\/picture_36504_240x240.jpg","type":"image\/jpeg"}],"twitter_card":"summary_large_image","twitter_misc":{"Estimated reading time":"2 minutes"},"schema":{"@context":"https:\/\/schema.org","@graph":[{"@type":"WebPage","@id":"https:\/\/cienmilhijos.es\/product\/correa-running-para-perros\/","url":"https:\/\/cienmilhijos.es\/product\/correa-running-para-perros\/","name":"Correa Running para Perros - Cien Mil Hijos","isPartOf":{"@id":"https:\/\/cienmilhijos.es\/#website"},"datePublished":"2024-01-24T16:14:57+00:00","dateModified":"2024-01-24T16:14:57+00:00","breadcrumb":{"@id":"https:\/\/cienmilhijos.es\/product\/correa-running-para-perros\/#breadcrumb"},"inLanguage":"en-GB","potentialAction":[{"@type":"ReadAction","target":["https:\/\/cienmilhijos.es\/product\/correa-running-para-perros\/"]}]},{"@type":"BreadcrumbList","@id":"https:\/\/cienmilhijos.es\/product\/correa-running-para-perros\/#breadcrumb","itemListElement":[{"@type":"ListItem","position":1,"name":"Portada","item":"https:\/\/cienmilhijos.es\/"},{"@type":"ListItem","position":2,"name":"Tienda","item":"https:\/\/cienmilhijos.es\/tienda\/"},{"@type":"ListItem","position":3,"name":"Correa Running para Perros"}]},{"@type":"WebSite","@id":"https:\/\/cienmilhijos.es\/#website","url":"https:\/\/cienmilhijos.es\/","name":"Cien Mil Hijos","description":"Cuidado de animales &amp; tienda de mascotas","publisher":{"@id":"https:\/\/cienmilhijos.es\/#organization"},"potentialAction":[{"@type":"SearchAction","target":{"@type":"EntryPoint","urlTemplate":"https:\/\/cienmilhijos.es\/?s={search_term_string}"},"query-input":"required name=search_term_string"}],"inLanguage":"en-GB"},{"@type":"Organization","@id":"https:\/\/cienmilhijos.es\/#organization","name":"Cien Mil Hijos","url":"https:\/\/cienmilhijos.es\/","logo":{"@type":"ImageObject","inLanguage":"en-GB","@id":"https:\/\/cienmilhijos.es\/#\/schema\/logo\/image\/","url":"https:\/\/cienmilhijos.es\/wp-content\/uploads\/2023\/12\/logo2.png","contentUrl":"https:\/\/cienmilhijos.es\/wp-content\/uploads\/2023\/12\/logo2.png","width":1150,"height":127,"caption":"Cien Mil Hijos"},"image":{"@id":"https:\/\/cienmilhijos.es\/#\/schema\/logo\/image\/"},"sameAs":["https:\/\/www.facebook.com\/cienmilhijosanimales\/?locale=es_ES"]}]}},"_links":{"self":[{"href":"https:\/\/cienmilhijos.es\/en\/wp-json\/wp\/v2\/product\/26962","targetHints":{"allow":["GET"]}}],"collection":[{"href":"https:\/\/cienmilhijos.es\/en\/wp-json\/wp\/v2\/product"}],"about":[{"href":"https:\/\/cienmilhijos.es\/en\/wp-json\/wp\/v2\/types\/product"}],"replies":[{"embeddable":true,"href":"https:\/\/cienmilhijos.es\/en\/wp-json\/wp\/v2\/comments?post=26962"}],"wp:featuredmedia":[{"embeddable":true,"href":"https:\/\/cienmilhijos.es\/en\/wp-json\/wp\/v2\/media\/26963"}],"wp:attachment":[{"href":"https:\/\/cienmilhijos.es\/en\/wp-json\/wp\/v2\/media?parent=26962"}],"wp:term":[{"taxonomy":"product_cat","embeddable":true,"href":"https:\/\/cienmilhijos.es\/en\/wp-json\/wp\/v2\/product_cat?post=26962"},{"taxonomy":"product_tag","embeddable":true,"href":"https:\/\/cienmilhijos.es\/en\/wp-json\/wp\/v2\/product_tag?post=26962"}],"curies":[{"name":"wp","href":"https:\/\/api.w.org\/{rel}","templated":true}]}}