{"id":26959,"date":"2024-01-24T15:50:34","date_gmt":"2024-01-24T15:50:34","guid":{"rendered":"https:\/\/cienmilhijos.es\/?post_type=product&#038;p=26959"},"modified":"2025-01-23T12:19:08","modified_gmt":"2025-01-23T12:19:08","slug":"bolsa-patas-de-pollo-500g","status":"publish","type":"product","link":"https:\/\/cienmilhijos.es\/en\/product\/bolsa-patas-de-pollo-500g\/","title":{"rendered":"Masticable Natural Patas de Pollo"},"content":{"rendered":"<p>Es un snack totalmente natural, no contiene conservantes ni colorantes. Ideal para conservar la dentadura de tu mascota fuerte y sana, libre de sarro y mal aliento. La masticaci\u00f3n de este snack favorece la liberaci\u00f3n de estr\u00e9s en las mascotas. Su peculiar olor y sabor atraer\u00e1 r\u00e1pidamente la atenci\u00f3n de su mascota. Se trata de un snack bajo en grasa por lo que puede ser injerido habitualmente. La mayor cualidad de este snack es su facilidad de consumir, cualquier perro por grande o peque\u00f1o que sea podr\u00e1 comerlo sin problema, adem\u00e1s, el pollo se caracteriza por su gran palatabilidad y f\u00e1cil digesti\u00f3n. Producto deshidratado a bajas temperaturas para conservar el 100% de sus propiedades. Supone una fuente importante de prote\u00edna de la mejor calidad. Un \u00fanico ingrediente para garantizar las cualidades del producto. Se recomienda para cualquier talla de mascota. Se aconseja conservar el producto en un lugar seco, alejado de fuentes de calor y bien cerrado. Administrar siempre bajo supervisi\u00f3n.<\/p>\n<p>Debido a que se trata de productos completamente naturales pueden variar en peso y tama\u00f1o al de la imagen. Este producto es un snack y bajo ning\u00fan concepto puede sustituir una dieta sana y equilibrada.<\/p>\n<p>VENTAJAS:<\/p>\n<p>&#8211; Tiene un olor peculiar para atraer a tu mascota.\u00a0 \u00a0 \u00a0 \u00a0 \u00a0 \u00a0 \u00a0 \u00a0 \u00a0 \u00a0 \u00a0 \u00a0 \u00a0 \u00a0 \u00a0 \u00a0 \u00a0 \u00a0 \u00a0 \u00a0 \u00a0 \u00a0 \u00a0 \u00a0 \u00a0 \u00a0 \u00a0 \u00a0 \u00a0 \u00a0 \u00a0 \u00a0 \u00a0 \u00a0 \u00a0 \u00a0 \u00a0 \u00a0 &#8211; Es ideal para cualquier tama\u00f1o de perro.\u00a0 \u00a0 \u00a0 \u00a0 \u00a0 \u00a0 \u00a0 \u00a0 \u00a0 \u00a0 \u00a0 \u00a0 \u00a0 \u00a0 \u00a0 \u00a0 \u00a0 \u00a0 \u00a0 \u00a0 \u00a0 \u00a0 \u00a0 \u00a0 \u00a0 \u00a0 \u00a0 \u00a0 \u00a0 \u00a0 \u00a0 \u00a0 \u00a0 \u00a0 \u00a0 \u00a0 \u00a0 \u00a0 \u00a0 \u00a0 \u00a0 \u00a0 \u00a0 \u00a0 &#8211; Est\u00e1 elaborado con un \u00fanico ingrediente para garantizar sus cualidades.\u00a0 \u00a0 \u00a0 \u00a0 \u00a0 \u00a0 \u00a0 \u00a0 \u00a0 \u00a0 \u00a0 \u00a0 \u00a0 \u00a0 \u00a0 \u00a0 \u00a0 &#8211; Es un snack bajo en grasa, lo puedes administrar habitualmente.<\/p>\n<p>USOS Y ESPECIFICACIONES: &#8211; Es un snack 100% natural, sin conservantes ni colorantes. &#8211; Recomendamos mantener a bajas temperaturas para conservar sus propiedades, mantener en un lugar seco, alejado del calor y bien cerrado.<\/p>\n<p>Se prentan en varios formatos:<\/p>\n<ul>\n<li>Unidades sueltas a 0.75\u20ac \/1 unidad<\/li>\n<li>Bolsas de 200g<\/li>\n<li>Bolsas de 500 g<\/li>\n<\/ul>\n<p>Componentes: &#8211; Valores nutricionales: prote\u00edna 47.80%, grasa 30.10% , ceniza 14.93% , fibra 0.20%, humedad 6.10%<\/p>","protected":false},"excerpt":{"rendered":"<p>Es un snack totalmente natural, no contiene conservantes ni colorantes. Ideal para conservar la dentadura de tu mascota fuerte y sana, libre de sarro y mal aliento. La masticaci\u00f3n de&hellip;<\/p>","protected":false},"featured_media":26960,"comment_status":"open","ping_status":"closed","template":"","meta":[],"product_cat":[251],"product_tag":[],"class_list":["post-26959","product","type-product","status-publish","has-post-thumbnail","hentry","product_cat-perros"],"yoast_head":"<!-- This site is optimized with the Yoast SEO plugin v21.6 - https:\/\/yoast.com\/wordpress\/plugins\/seo\/ -->\n<title>Masticable Natural Patas de Pollo - Cien Mil Hijos<\/title>\n<meta name=\"robots\" content=\"index, follow, max-snippet:-1, max-image-preview:large, max-video-preview:-1\" \/>\n<link rel=\"canonical\" href=\"https:\/\/cienmilhijos.es\/en\/product\/bolsa-patas-de-pollo-500g\/\" \/>\n<meta property=\"og:locale\" content=\"en_GB\" \/>\n<meta property=\"og:type\" content=\"article\" \/>\n<meta property=\"og:title\" content=\"Masticable Natural Patas de Pollo - Cien Mil Hijos\" \/>\n<meta property=\"og:description\" content=\"Es un snack totalmente natural, no contiene conservantes ni colorantes. Ideal para conservar la dentadura de tu mascota fuerte y sana, libre de sarro y mal aliento. La masticaci\u00f3n de&hellip;\" \/>\n<meta property=\"og:url\" content=\"https:\/\/cienmilhijos.es\/en\/product\/bolsa-patas-de-pollo-500g\/\" \/>\n<meta property=\"og:site_name\" content=\"Cien Mil Hijos\" \/>\n<meta property=\"article:publisher\" content=\"https:\/\/www.facebook.com\/cienmilhijosanimales\/?locale=es_ES\" \/>\n<meta property=\"article:modified_time\" content=\"2025-01-23T12:19:08+00:00\" \/>\n<meta property=\"og:image\" content=\"https:\/\/cienmilhijos.es\/wp-content\/uploads\/2024\/01\/patas-de-pollo.jpg\" \/>\n\t<meta property=\"og:image:width\" content=\"458\" \/>\n\t<meta property=\"og:image:height\" content=\"458\" \/>\n\t<meta property=\"og:image:type\" content=\"image\/jpeg\" \/>\n<meta name=\"twitter:card\" content=\"summary_large_image\" \/>\n<meta name=\"twitter:label1\" content=\"Estimated reading time\" \/>\n\t<meta name=\"twitter:data1\" content=\"2 minutes\" \/>\n<script type=\"application\/ld+json\" class=\"yoast-schema-graph\">{\"@context\":\"https:\/\/schema.org\",\"@graph\":[{\"@type\":\"WebPage\",\"@id\":\"https:\/\/cienmilhijos.es\/product\/bolsa-patas-de-pollo-500g\/\",\"url\":\"https:\/\/cienmilhijos.es\/product\/bolsa-patas-de-pollo-500g\/\",\"name\":\"Masticable Natural Patas de Pollo - Cien Mil Hijos\",\"isPartOf\":{\"@id\":\"https:\/\/cienmilhijos.es\/#website\"},\"datePublished\":\"2024-01-24T15:50:34+00:00\",\"dateModified\":\"2025-01-23T12:19:08+00:00\",\"breadcrumb\":{\"@id\":\"https:\/\/cienmilhijos.es\/product\/bolsa-patas-de-pollo-500g\/#breadcrumb\"},\"inLanguage\":\"en-GB\",\"potentialAction\":[{\"@type\":\"ReadAction\",\"target\":[\"https:\/\/cienmilhijos.es\/product\/bolsa-patas-de-pollo-500g\/\"]}]},{\"@type\":\"BreadcrumbList\",\"@id\":\"https:\/\/cienmilhijos.es\/product\/bolsa-patas-de-pollo-500g\/#breadcrumb\",\"itemListElement\":[{\"@type\":\"ListItem\",\"position\":1,\"name\":\"Portada\",\"item\":\"https:\/\/cienmilhijos.es\/\"},{\"@type\":\"ListItem\",\"position\":2,\"name\":\"Tienda\",\"item\":\"https:\/\/cienmilhijos.es\/tienda\/\"},{\"@type\":\"ListItem\",\"position\":3,\"name\":\"Masticable Natural Patas de Pollo\"}]},{\"@type\":\"WebSite\",\"@id\":\"https:\/\/cienmilhijos.es\/#website\",\"url\":\"https:\/\/cienmilhijos.es\/\",\"name\":\"Cien Mil Hijos\",\"description\":\"Cuidado de animales &amp; tienda de mascotas\",\"publisher\":{\"@id\":\"https:\/\/cienmilhijos.es\/#organization\"},\"potentialAction\":[{\"@type\":\"SearchAction\",\"target\":{\"@type\":\"EntryPoint\",\"urlTemplate\":\"https:\/\/cienmilhijos.es\/?s={search_term_string}\"},\"query-input\":\"required name=search_term_string\"}],\"inLanguage\":\"en-GB\"},{\"@type\":\"Organization\",\"@id\":\"https:\/\/cienmilhijos.es\/#organization\",\"name\":\"Cien Mil Hijos\",\"url\":\"https:\/\/cienmilhijos.es\/\",\"logo\":{\"@type\":\"ImageObject\",\"inLanguage\":\"en-GB\",\"@id\":\"https:\/\/cienmilhijos.es\/#\/schema\/logo\/image\/\",\"url\":\"https:\/\/cienmilhijos.es\/wp-content\/uploads\/2023\/12\/logo2.png\",\"contentUrl\":\"https:\/\/cienmilhijos.es\/wp-content\/uploads\/2023\/12\/logo2.png\",\"width\":1150,\"height\":127,\"caption\":\"Cien Mil Hijos\"},\"image\":{\"@id\":\"https:\/\/cienmilhijos.es\/#\/schema\/logo\/image\/\"},\"sameAs\":[\"https:\/\/www.facebook.com\/cienmilhijosanimales\/?locale=es_ES\"]}]}<\/script>\n<!-- \/ Yoast SEO plugin. -->","yoast_head_json":{"title":"Masticable Natural Patas de Pollo - Cien Mil Hijos","robots":{"index":"index","follow":"follow","max-snippet":"max-snippet:-1","max-image-preview":"max-image-preview:large","max-video-preview":"max-video-preview:-1"},"canonical":"https:\/\/cienmilhijos.es\/en\/product\/bolsa-patas-de-pollo-500g\/","og_locale":"en_GB","og_type":"article","og_title":"Masticable Natural Patas de Pollo - Cien Mil Hijos","og_description":"Es un snack totalmente natural, no contiene conservantes ni colorantes. Ideal para conservar la dentadura de tu mascota fuerte y sana, libre de sarro y mal aliento. La masticaci\u00f3n de&hellip;","og_url":"https:\/\/cienmilhijos.es\/en\/product\/bolsa-patas-de-pollo-500g\/","og_site_name":"Cien Mil Hijos","article_publisher":"https:\/\/www.facebook.com\/cienmilhijosanimales\/?locale=es_ES","article_modified_time":"2025-01-23T12:19:08+00:00","og_image":[{"width":458,"height":458,"url":"https:\/\/cienmilhijos.es\/wp-content\/uploads\/2024\/01\/patas-de-pollo.jpg","type":"image\/jpeg"}],"twitter_card":"summary_large_image","twitter_misc":{"Estimated reading time":"2 minutes"},"schema":{"@context":"https:\/\/schema.org","@graph":[{"@type":"WebPage","@id":"https:\/\/cienmilhijos.es\/product\/bolsa-patas-de-pollo-500g\/","url":"https:\/\/cienmilhijos.es\/product\/bolsa-patas-de-pollo-500g\/","name":"Masticable Natural Patas de Pollo - Cien Mil Hijos","isPartOf":{"@id":"https:\/\/cienmilhijos.es\/#website"},"datePublished":"2024-01-24T15:50:34+00:00","dateModified":"2025-01-23T12:19:08+00:00","breadcrumb":{"@id":"https:\/\/cienmilhijos.es\/product\/bolsa-patas-de-pollo-500g\/#breadcrumb"},"inLanguage":"en-GB","potentialAction":[{"@type":"ReadAction","target":["https:\/\/cienmilhijos.es\/product\/bolsa-patas-de-pollo-500g\/"]}]},{"@type":"BreadcrumbList","@id":"https:\/\/cienmilhijos.es\/product\/bolsa-patas-de-pollo-500g\/#breadcrumb","itemListElement":[{"@type":"ListItem","position":1,"name":"Portada","item":"https:\/\/cienmilhijos.es\/"},{"@type":"ListItem","position":2,"name":"Tienda","item":"https:\/\/cienmilhijos.es\/tienda\/"},{"@type":"ListItem","position":3,"name":"Masticable Natural Patas de Pollo"}]},{"@type":"WebSite","@id":"https:\/\/cienmilhijos.es\/#website","url":"https:\/\/cienmilhijos.es\/","name":"Cien Mil Hijos","description":"Cuidado de animales &amp; tienda de mascotas","publisher":{"@id":"https:\/\/cienmilhijos.es\/#organization"},"potentialAction":[{"@type":"SearchAction","target":{"@type":"EntryPoint","urlTemplate":"https:\/\/cienmilhijos.es\/?s={search_term_string}"},"query-input":"required name=search_term_string"}],"inLanguage":"en-GB"},{"@type":"Organization","@id":"https:\/\/cienmilhijos.es\/#organization","name":"Cien Mil Hijos","url":"https:\/\/cienmilhijos.es\/","logo":{"@type":"ImageObject","inLanguage":"en-GB","@id":"https:\/\/cienmilhijos.es\/#\/schema\/logo\/image\/","url":"https:\/\/cienmilhijos.es\/wp-content\/uploads\/2023\/12\/logo2.png","contentUrl":"https:\/\/cienmilhijos.es\/wp-content\/uploads\/2023\/12\/logo2.png","width":1150,"height":127,"caption":"Cien Mil Hijos"},"image":{"@id":"https:\/\/cienmilhijos.es\/#\/schema\/logo\/image\/"},"sameAs":["https:\/\/www.facebook.com\/cienmilhijosanimales\/?locale=es_ES"]}]}},"_links":{"self":[{"href":"https:\/\/cienmilhijos.es\/en\/wp-json\/wp\/v2\/product\/26959","targetHints":{"allow":["GET"]}}],"collection":[{"href":"https:\/\/cienmilhijos.es\/en\/wp-json\/wp\/v2\/product"}],"about":[{"href":"https:\/\/cienmilhijos.es\/en\/wp-json\/wp\/v2\/types\/product"}],"replies":[{"embeddable":true,"href":"https:\/\/cienmilhijos.es\/en\/wp-json\/wp\/v2\/comments?post=26959"}],"wp:featuredmedia":[{"embeddable":true,"href":"https:\/\/cienmilhijos.es\/en\/wp-json\/wp\/v2\/media\/26960"}],"wp:attachment":[{"href":"https:\/\/cienmilhijos.es\/en\/wp-json\/wp\/v2\/media?parent=26959"}],"wp:term":[{"taxonomy":"product_cat","embeddable":true,"href":"https:\/\/cienmilhijos.es\/en\/wp-json\/wp\/v2\/product_cat?post=26959"},{"taxonomy":"product_tag","embeddable":true,"href":"https:\/\/cienmilhijos.es\/en\/wp-json\/wp\/v2\/product_tag?post=26959"}],"curies":[{"name":"wp","href":"https:\/\/api.w.org\/{rel}","templated":true}]}}