{"id":26956,"date":"2024-01-10T12:10:55","date_gmt":"2024-01-10T12:10:55","guid":{"rendered":"https:\/\/cienmilhijos.es\/?post_type=product&#038;p=26956"},"modified":"2024-01-10T12:10:56","modified_gmt":"2024-01-10T12:10:56","slug":"optima-adult-mini-2k","status":"publish","type":"product","link":"https:\/\/cienmilhijos.es\/en\/product\/optima-adult-mini-2k\/","title":{"rendered":"Optima Adult Mini 2k"},"content":{"rendered":"<h2>Comida para perros de razas peque\u00f1as Optima Nova Adult Mini<\/h2>\n<p>El pienso Optima Nova Adult Mini razas peque\u00f1as es un alimento de alta calidad que se elabora con<strong>\u00a0ingredientes 100% naturales y aptos para el consumo humano<\/strong>. El pienso est\u00e1 elaborado de forma espec\u00edfica para adaptarse a las necesidades de los perros adultos de razas peque\u00f1as hasta 10 kilos.<\/p>\n<p>Optima Nova Adult se compone de\u00a0<strong>carne fresca de pollo como \u00fanica fuente de prote\u00ednas<\/strong>\u00a0animales para aumentar la aceptaci\u00f3n de los perros sensibles a algunos tipos de alimentos. El 65% de carne que contiene se acompa\u00f1a \u00fanicamente de arroz y pulpa de remolacha para mejorar la digesti\u00f3n y la consistencia de las heces.\u00a0<strong>No contiene gluten y tampoco conservantes<\/strong>, colorantes ni aromas artificiales, s\u00f3lo antioxidantes naturales y vitaminas. El pienso ayuda a fortalecer el sistema inmune, mejora la salud digestiva y mantiene la piel y el pelo sanos y fuertes gracias al zinc y a los \u00e1cidos grasos. Adem\u00e1s, es un alimento muy fresco con un\u00a0<strong>rico sabor a carne<\/strong>\u00a0que aumenta la palatabilidad.<\/p>\n<p>Los piensos de Optima Nova suponen un nuevo concepto nutricional basado en conseguir el bienestar de tu perro mediante los ingredientes m\u00e1s sanos y beneficiosos para \u00e9l. El proceso tecnol\u00f3gico y de desecado al que se someten los alimentos procesa directamente la carne fresca para conseguir mantener todos sus nutrientes y unas\u00a0<strong>prote\u00ednas de alta calidad<\/strong>. Optima Nova tambi\u00e9n contribuye a mantener una boca sana sin sarro y sin mal aliento gracias a los aportes de\u00a0<strong>calcio y f\u00f3sforo<\/strong>.<\/p>\n<h3>\nVENTAJAS DE OPTIMA NOVA ADULT:<\/h3>\n<ul>\n<li>Pienso para perros adultos de razas peque\u00f1as.<\/li>\n<li>F\u00f3rmula monoproteica para aumentar su aceptaci\u00f3n incluso en los perros m\u00e1s sensibles.<\/li>\n<li>65% de carne de pollo que incluye carne fresca, deshidratada y h\u00edgado hidrolizado.<\/li>\n<li>No contiene gluten ni aditivos, colorantes o conservantes artificiales.<\/li>\n<li>\u00c1cidos grasos omega 3 para una piel y un pelo sanos.<\/li>\n<\/ul>\n<h3>\nUSO Y ESPECIFICACIONES:<\/h3>\n<ul>\n<li>Pienso Optima Nova Adult Mini adecuado para una alimentaci\u00f3n equilibrada y sana en perros de razas peque\u00f1as a partir de los 10 meses y hasta los 10 kilos de peso.<\/li>\n<\/ul>\n<p><strong>Descripci\u00f3n nutricional:<\/strong><\/p>\n<ul>\n<li>Ingredientes: Pollo fresco (35 %). Pollo deshidratado (25 %). Arroz (15 %). Hidrolizado de h\u00edgado de pollo (5 %). Aceites y grasas. Levaduras (3 %).Pulpa de remolacha. Prote\u00edna de arroz. Cloruro s\u00f3dico. Fosfato monoc\u00e1lcico. Cloruro pot\u00e1sico. Inulina (500 mg\/kg -FOS). Manano-oligosac\u00e1ridos (130 mg\/kg). Yucca schidigera.<\/li>\n<li>Constituyentes anal\u00edticos: Prote\u00edna bruta 27,00 %. Aceites y grasas brutos 17,00 %. EPA DHA 750 mg\/kg. Fibras brutas 2,00 %. Ceniza bruta 8,00 %. Calcio 1,20 %. F\u00f3sforo1,00 %<\/li>\n<li>Aditivos nutricionales: Vitamina A 18.000 UI\/kg. Vitamina D3 1.800 UI\/kg. Vitamina E 400 mg\/kg. Vitamina C 125 mg\/kg. Hierro (sulfato ferroso monohidratado) 68 mg\/kg. Yodo (yoduro pot\u00e1sico) 3,2 mg\/kg. Cobre (sulfato c\u00faprico pentahidratado) 9 mg\/kg. Manganeso (sulfato manganoso monohidratado) 6,8 mg\/kg. Zinc (\u00f3xido de zinc) 135 mg\/kg. Selenio (selenito s\u00f3dico) 0,1 mg\/kg. Tecnol\u00f3gicos: Antioxidantes: Extractos de tocoferoles de aceites vegetales (160 mg\/kg).<\/li>\n<\/ul>\n<p><strong>Dosificaci\u00f3n<\/strong>:<\/p>\n<ul>\n<li>Dale a tu mascota la cantidad diaria recomendada de comida teniendo en cuenta su peso y el nivel de actividad que realiza. Ay\u00fadate de la tabla orientativa para saber cu\u00e1l es la cantidad correcta, teniendo siempre en cuenta las necesidades espec\u00edficas de cada animal.<\/li>\n<\/ul>\n<table class=\"TAtable\" border=\"1\" cellspacing=\"1\" cellpadding=\"1\">\n<thead>\n<tr>\n<th scope=\"col\">Peso<\/th>\n<th scope=\"col\">1 kg<\/th>\n<th scope=\"col\">\u00a02 kg<\/th>\n<th scope=\"col\">3 kg<\/th>\n<th scope=\"col\">4 kg<\/th>\n<th scope=\"col\">5 kg<\/th>\n<th scope=\"col\">6 kg<\/th>\n<th scope=\"col\">7 kg<\/th>\n<th scope=\"col\">8 kg<\/th>\n<th scope=\"col\">9 kg<\/th>\n<th scope=\"col\">10 kg<\/th>\n<\/tr>\n<\/thead>\n<tbody>\n<tr>\n<td>Actividad normal<\/td>\n<td>33 g<\/td>\n<td>55 g<\/td>\n<td>75 g<\/td>\n<td>93 g<\/td>\n<td>110 g<\/td>\n<td>127 g<\/td>\n<td>142 g<\/td>\n<td>157 g<\/td>\n<td>171 g<\/td>\n<td>186 g<\/td>\n<\/tr>\n<tr>\n<td>Actividad intensa<\/td>\n<td>40 g<\/td>\n<td>67 g<\/td>\n<td>91 g<\/td>\n<td>113 g<\/td>\n<td>133 g<\/td>\n<td>140 g<\/td>\n<td>154 g<\/td>\n<td>170 g<\/td>\n<td>185 g<\/td>\n<td>201 g<\/td>\n<\/tr>\n<\/tbody>\n<\/table>\n<p>&nbsp;<\/p>\n<p><strong>Tama\u00f1o de la croqueta:<\/strong><\/p>\n<ul>\n<li>10 mm. di\u00e1metro<\/li>\n<li>6.5 mm grosor<\/li>\n<\/ul>\n<p>&nbsp;<\/p>\n<p><em>El\u00a0<strong>pienso Optima Nova Adult Mini razas peque\u00f1as<\/strong>\u00a0es un alimento de alta calidad que aporta todo lo que necesita tu perro para estar sano.<\/em><\/p>","protected":false},"excerpt":{"rendered":"<p>Comida para perros de razas peque\u00f1as Optima Nova Adult Mini El pienso Optima Nova Adult Mini razas peque\u00f1as es un alimento de alta calidad que se elabora con\u00a0ingredientes 100% naturales&hellip;<\/p>","protected":false},"featured_media":26957,"comment_status":"open","ping_status":"closed","template":"","meta":[],"product_cat":[269],"product_tag":[],"class_list":["post-26956","product","type-product","status-publish","has-post-thumbnail","hentry","product_cat-alimentacion-perros"],"yoast_head":"<!-- This site is optimized with the Yoast SEO plugin v21.6 - https:\/\/yoast.com\/wordpress\/plugins\/seo\/ -->\n<title>Optima Adult Mini 2k - Cien Mil Hijos<\/title>\n<meta name=\"robots\" content=\"index, follow, max-snippet:-1, max-image-preview:large, max-video-preview:-1\" \/>\n<link rel=\"canonical\" href=\"https:\/\/cienmilhijos.es\/en\/product\/optima-adult-mini-2k\/\" \/>\n<meta property=\"og:locale\" content=\"en_GB\" \/>\n<meta property=\"og:type\" content=\"article\" \/>\n<meta property=\"og:title\" content=\"Optima Adult Mini 2k - Cien Mil Hijos\" \/>\n<meta property=\"og:description\" content=\"Comida para perros de razas peque\u00f1as Optima Nova Adult Mini El pienso Optima Nova Adult Mini razas peque\u00f1as es un alimento de alta calidad que se elabora con\u00a0ingredientes 100% naturales&hellip;\" \/>\n<meta property=\"og:url\" content=\"https:\/\/cienmilhijos.es\/en\/product\/optima-adult-mini-2k\/\" \/>\n<meta property=\"og:site_name\" content=\"Cien Mil Hijos\" \/>\n<meta property=\"article:publisher\" content=\"https:\/\/www.facebook.com\/cienmilhijosanimales\/?locale=es_ES\" \/>\n<meta property=\"article:modified_time\" content=\"2024-01-10T12:10:56+00:00\" \/>\n<meta property=\"og:image\" content=\"https:\/\/cienmilhijos.es\/wp-content\/uploads\/2024\/01\/pienso_perro_optima_nova_adult_mini_OPNONL35NA12_M.jpg\" \/>\n\t<meta property=\"og:image:width\" content=\"780\" \/>\n\t<meta property=\"og:image:height\" content=\"780\" \/>\n\t<meta property=\"og:image:type\" content=\"image\/jpeg\" \/>\n<meta name=\"twitter:card\" content=\"summary_large_image\" \/>\n<meta name=\"twitter:label1\" content=\"Estimated reading time\" \/>\n\t<meta name=\"twitter:data1\" content=\"3 minutes\" \/>\n<script type=\"application\/ld+json\" class=\"yoast-schema-graph\">{\"@context\":\"https:\/\/schema.org\",\"@graph\":[{\"@type\":\"WebPage\",\"@id\":\"https:\/\/cienmilhijos.es\/product\/optima-adult-mini-2k\/\",\"url\":\"https:\/\/cienmilhijos.es\/product\/optima-adult-mini-2k\/\",\"name\":\"Optima Adult Mini 2k - Cien Mil Hijos\",\"isPartOf\":{\"@id\":\"https:\/\/cienmilhijos.es\/#website\"},\"datePublished\":\"2024-01-10T12:10:55+00:00\",\"dateModified\":\"2024-01-10T12:10:56+00:00\",\"breadcrumb\":{\"@id\":\"https:\/\/cienmilhijos.es\/product\/optima-adult-mini-2k\/#breadcrumb\"},\"inLanguage\":\"en-GB\",\"potentialAction\":[{\"@type\":\"ReadAction\",\"target\":[\"https:\/\/cienmilhijos.es\/product\/optima-adult-mini-2k\/\"]}]},{\"@type\":\"BreadcrumbList\",\"@id\":\"https:\/\/cienmilhijos.es\/product\/optima-adult-mini-2k\/#breadcrumb\",\"itemListElement\":[{\"@type\":\"ListItem\",\"position\":1,\"name\":\"Portada\",\"item\":\"https:\/\/cienmilhijos.es\/\"},{\"@type\":\"ListItem\",\"position\":2,\"name\":\"Tienda\",\"item\":\"https:\/\/cienmilhijos.es\/tienda\/\"},{\"@type\":\"ListItem\",\"position\":3,\"name\":\"Optima Adult Mini 2k\"}]},{\"@type\":\"WebSite\",\"@id\":\"https:\/\/cienmilhijos.es\/#website\",\"url\":\"https:\/\/cienmilhijos.es\/\",\"name\":\"Cien Mil Hijos\",\"description\":\"Cuidado de animales &amp; tienda de mascotas\",\"publisher\":{\"@id\":\"https:\/\/cienmilhijos.es\/#organization\"},\"potentialAction\":[{\"@type\":\"SearchAction\",\"target\":{\"@type\":\"EntryPoint\",\"urlTemplate\":\"https:\/\/cienmilhijos.es\/?s={search_term_string}\"},\"query-input\":\"required name=search_term_string\"}],\"inLanguage\":\"en-GB\"},{\"@type\":\"Organization\",\"@id\":\"https:\/\/cienmilhijos.es\/#organization\",\"name\":\"Cien Mil Hijos\",\"url\":\"https:\/\/cienmilhijos.es\/\",\"logo\":{\"@type\":\"ImageObject\",\"inLanguage\":\"en-GB\",\"@id\":\"https:\/\/cienmilhijos.es\/#\/schema\/logo\/image\/\",\"url\":\"https:\/\/cienmilhijos.es\/wp-content\/uploads\/2023\/12\/logo2.png\",\"contentUrl\":\"https:\/\/cienmilhijos.es\/wp-content\/uploads\/2023\/12\/logo2.png\",\"width\":1150,\"height\":127,\"caption\":\"Cien Mil Hijos\"},\"image\":{\"@id\":\"https:\/\/cienmilhijos.es\/#\/schema\/logo\/image\/\"},\"sameAs\":[\"https:\/\/www.facebook.com\/cienmilhijosanimales\/?locale=es_ES\"]}]}<\/script>\n<!-- \/ Yoast SEO plugin. -->","yoast_head_json":{"title":"Optima Adult Mini 2k - Cien Mil Hijos","robots":{"index":"index","follow":"follow","max-snippet":"max-snippet:-1","max-image-preview":"max-image-preview:large","max-video-preview":"max-video-preview:-1"},"canonical":"https:\/\/cienmilhijos.es\/en\/product\/optima-adult-mini-2k\/","og_locale":"en_GB","og_type":"article","og_title":"Optima Adult Mini 2k - Cien Mil Hijos","og_description":"Comida para perros de razas peque\u00f1as Optima Nova Adult Mini El pienso Optima Nova Adult Mini razas peque\u00f1as es un alimento de alta calidad que se elabora con\u00a0ingredientes 100% naturales&hellip;","og_url":"https:\/\/cienmilhijos.es\/en\/product\/optima-adult-mini-2k\/","og_site_name":"Cien Mil Hijos","article_publisher":"https:\/\/www.facebook.com\/cienmilhijosanimales\/?locale=es_ES","article_modified_time":"2024-01-10T12:10:56+00:00","og_image":[{"width":780,"height":780,"url":"https:\/\/cienmilhijos.es\/wp-content\/uploads\/2024\/01\/pienso_perro_optima_nova_adult_mini_OPNONL35NA12_M.jpg","type":"image\/jpeg"}],"twitter_card":"summary_large_image","twitter_misc":{"Estimated reading time":"3 minutes"},"schema":{"@context":"https:\/\/schema.org","@graph":[{"@type":"WebPage","@id":"https:\/\/cienmilhijos.es\/product\/optima-adult-mini-2k\/","url":"https:\/\/cienmilhijos.es\/product\/optima-adult-mini-2k\/","name":"Optima Adult Mini 2k - Cien Mil Hijos","isPartOf":{"@id":"https:\/\/cienmilhijos.es\/#website"},"datePublished":"2024-01-10T12:10:55+00:00","dateModified":"2024-01-10T12:10:56+00:00","breadcrumb":{"@id":"https:\/\/cienmilhijos.es\/product\/optima-adult-mini-2k\/#breadcrumb"},"inLanguage":"en-GB","potentialAction":[{"@type":"ReadAction","target":["https:\/\/cienmilhijos.es\/product\/optima-adult-mini-2k\/"]}]},{"@type":"BreadcrumbList","@id":"https:\/\/cienmilhijos.es\/product\/optima-adult-mini-2k\/#breadcrumb","itemListElement":[{"@type":"ListItem","position":1,"name":"Portada","item":"https:\/\/cienmilhijos.es\/"},{"@type":"ListItem","position":2,"name":"Tienda","item":"https:\/\/cienmilhijos.es\/tienda\/"},{"@type":"ListItem","position":3,"name":"Optima Adult Mini 2k"}]},{"@type":"WebSite","@id":"https:\/\/cienmilhijos.es\/#website","url":"https:\/\/cienmilhijos.es\/","name":"Cien Mil Hijos","description":"Cuidado de animales &amp; tienda de mascotas","publisher":{"@id":"https:\/\/cienmilhijos.es\/#organization"},"potentialAction":[{"@type":"SearchAction","target":{"@type":"EntryPoint","urlTemplate":"https:\/\/cienmilhijos.es\/?s={search_term_string}"},"query-input":"required name=search_term_string"}],"inLanguage":"en-GB"},{"@type":"Organization","@id":"https:\/\/cienmilhijos.es\/#organization","name":"Cien Mil Hijos","url":"https:\/\/cienmilhijos.es\/","logo":{"@type":"ImageObject","inLanguage":"en-GB","@id":"https:\/\/cienmilhijos.es\/#\/schema\/logo\/image\/","url":"https:\/\/cienmilhijos.es\/wp-content\/uploads\/2023\/12\/logo2.png","contentUrl":"https:\/\/cienmilhijos.es\/wp-content\/uploads\/2023\/12\/logo2.png","width":1150,"height":127,"caption":"Cien Mil Hijos"},"image":{"@id":"https:\/\/cienmilhijos.es\/#\/schema\/logo\/image\/"},"sameAs":["https:\/\/www.facebook.com\/cienmilhijosanimales\/?locale=es_ES"]}]}},"_links":{"self":[{"href":"https:\/\/cienmilhijos.es\/en\/wp-json\/wp\/v2\/product\/26956","targetHints":{"allow":["GET"]}}],"collection":[{"href":"https:\/\/cienmilhijos.es\/en\/wp-json\/wp\/v2\/product"}],"about":[{"href":"https:\/\/cienmilhijos.es\/en\/wp-json\/wp\/v2\/types\/product"}],"replies":[{"embeddable":true,"href":"https:\/\/cienmilhijos.es\/en\/wp-json\/wp\/v2\/comments?post=26956"}],"wp:featuredmedia":[{"embeddable":true,"href":"https:\/\/cienmilhijos.es\/en\/wp-json\/wp\/v2\/media\/26957"}],"wp:attachment":[{"href":"https:\/\/cienmilhijos.es\/en\/wp-json\/wp\/v2\/media?parent=26956"}],"wp:term":[{"taxonomy":"product_cat","embeddable":true,"href":"https:\/\/cienmilhijos.es\/en\/wp-json\/wp\/v2\/product_cat?post=26956"},{"taxonomy":"product_tag","embeddable":true,"href":"https:\/\/cienmilhijos.es\/en\/wp-json\/wp\/v2\/product_tag?post=26956"}],"curies":[{"name":"wp","href":"https:\/\/api.w.org\/{rel}","templated":true}]}}