{"id":26954,"date":"2024-01-10T12:02:59","date_gmt":"2024-01-10T12:02:59","guid":{"rendered":"https:\/\/cienmilhijos.es\/?post_type=product&#038;p=26954"},"modified":"2024-01-10T12:06:33","modified_gmt":"2024-01-10T12:06:33","slug":"natures-variety-selecte-pollo-gatos-esterilizados","status":"publish","type":"product","link":"https:\/\/cienmilhijos.es\/en\/product\/natures-variety-selecte-pollo-gatos-esterilizados\/","title":{"rendered":"Nature\u00b4s Variety Selected Pollo Gatos Esterilizados"},"content":{"rendered":"<h2>Comida con pollo\u00a0para gato adulto<\/h2>\n<p>Receta elaborada con carne de pollo deshuesada como ingrediente principal y una mezcla de ingredientes naturales de alta calidad. La composici\u00f3n incluye cereales integrales y legumbres como fuente de carbohidratos alternativa que generan energ\u00eda.<\/p>\n<p>Comida de maxima calidad, indicada para gatos adultos esterilizados.<\/p>\n<p><strong>Composici\u00f3n:<\/strong><\/p>\n<p>Carne de pollo deshuesada* (21%) prote\u00edna deshidratada de pollo (20%) arroz integral* (13%) guisantes deshidratados* (12%) prote\u00edna deshidratada de pavo (7%) avena* (6%) prote\u00edna de ma\u00edz grasa av\u00edcola* (4%) pulpa de remolacha* hidrolizado de prote\u00edna (3%) sustancias minerales zanahoria deshidratada* (0,5%, equivalente a un 4% de zanahoria fresca) manzana deshidratada* (0,3%, equivalente a un 2% de manzana fresca) aceite de pescado* (0,3%).<\/p>\n<p>*Ingredientes naturales.<br \/>\n<strong>Aditivos:<\/strong><\/p>\n<p>Aditivos nutricionales: Vitamina A 27000 UI vitamina D3 1800 UI vitamina E 450 mg vitamina C 350 mg taurina 1000 mg sulfato de hierro(II) monohidratado 260 mg (Fe: 86 mg) yoduro de potasio 1,9 mg (I: 1,4 mg) sulfato de cobre(II) pentahidratado 33 mg (Cu: 8,8 mg) sulfato de manganeso monohidratado 123 mg (Mn: 40 mg) sulfato de zinc monohidratado 352 mg (Zn: 128 mg) selenito de sodio 0,24 mg (Se: 0,11 mg). Aditivos zoot\u00e9cnicos: Cloruro de amonio 5 g.<\/p>\n<p><strong>Composici\u00f3n anal\u00edtica<\/strong><\/p>\n<p>Prote\u00edna bruta 36% grasa bruta 16% fibra bruta 2,5% ceniza bruta 8% \u03a93 0,27% \u03a96 2,7%.<\/p>","protected":false},"excerpt":{"rendered":"<p>Comida con pollo\u00a0para gato adulto Receta elaborada con carne de pollo deshuesada como ingrediente principal y una mezcla de ingredientes naturales de alta calidad. La composici\u00f3n incluye cereales integrales y&hellip;<\/p>","protected":false},"featured_media":26955,"comment_status":"open","ping_status":"closed","template":"","meta":[],"product_cat":[270],"product_tag":[],"class_list":["post-26954","product","type-product","status-publish","has-post-thumbnail","hentry","product_cat-alimetacion-gatos"],"yoast_head":"<!-- This site is optimized with the Yoast SEO plugin v21.6 - https:\/\/yoast.com\/wordpress\/plugins\/seo\/ -->\n<title>Nature\u00b4s Variety Selected Pollo Gatos Esterilizados - Cien Mil Hijos<\/title>\n<meta name=\"robots\" content=\"index, follow, max-snippet:-1, max-image-preview:large, max-video-preview:-1\" \/>\n<link rel=\"canonical\" href=\"https:\/\/cienmilhijos.es\/en\/product\/natures-variety-selecte-pollo-gatos-esterilizados\/\" \/>\n<meta property=\"og:locale\" content=\"en_GB\" \/>\n<meta property=\"og:type\" content=\"article\" \/>\n<meta property=\"og:title\" content=\"Nature\u00b4s Variety Selected Pollo Gatos Esterilizados - Cien Mil Hijos\" \/>\n<meta property=\"og:description\" content=\"Comida con pollo\u00a0para gato adulto Receta elaborada con carne de pollo deshuesada como ingrediente principal y una mezcla de ingredientes naturales de alta calidad. La composici\u00f3n incluye cereales integrales y&hellip;\" \/>\n<meta property=\"og:url\" content=\"https:\/\/cienmilhijos.es\/en\/product\/natures-variety-selecte-pollo-gatos-esterilizados\/\" \/>\n<meta property=\"og:site_name\" content=\"Cien Mil Hijos\" \/>\n<meta property=\"article:publisher\" content=\"https:\/\/www.facebook.com\/cienmilhijosanimales\/?locale=es_ES\" \/>\n<meta property=\"article:modified_time\" content=\"2024-01-10T12:06:33+00:00\" \/>\n<meta property=\"og:image\" content=\"https:\/\/cienmilhijos.es\/wp-content\/uploads\/2024\/01\/comida_gato_natures_variety_original_pollo_NTV927170.webp\" \/>\n\t<meta property=\"og:image:width\" content=\"780\" \/>\n\t<meta property=\"og:image:height\" content=\"780\" \/>\n\t<meta property=\"og:image:type\" content=\"image\/webp\" \/>\n<meta name=\"twitter:card\" content=\"summary_large_image\" \/>\n<meta name=\"twitter:label1\" content=\"Estimated reading time\" \/>\n\t<meta name=\"twitter:data1\" content=\"1 minute\" \/>\n<script type=\"application\/ld+json\" class=\"yoast-schema-graph\">{\"@context\":\"https:\/\/schema.org\",\"@graph\":[{\"@type\":\"WebPage\",\"@id\":\"https:\/\/cienmilhijos.es\/product\/natures-variety-selecte-pollo-gatos-esterilizados\/\",\"url\":\"https:\/\/cienmilhijos.es\/product\/natures-variety-selecte-pollo-gatos-esterilizados\/\",\"name\":\"Nature\u00b4s Variety Selected Pollo Gatos Esterilizados - Cien Mil Hijos\",\"isPartOf\":{\"@id\":\"https:\/\/cienmilhijos.es\/#website\"},\"datePublished\":\"2024-01-10T12:02:59+00:00\",\"dateModified\":\"2024-01-10T12:06:33+00:00\",\"breadcrumb\":{\"@id\":\"https:\/\/cienmilhijos.es\/product\/natures-variety-selecte-pollo-gatos-esterilizados\/#breadcrumb\"},\"inLanguage\":\"en-GB\",\"potentialAction\":[{\"@type\":\"ReadAction\",\"target\":[\"https:\/\/cienmilhijos.es\/product\/natures-variety-selecte-pollo-gatos-esterilizados\/\"]}]},{\"@type\":\"BreadcrumbList\",\"@id\":\"https:\/\/cienmilhijos.es\/product\/natures-variety-selecte-pollo-gatos-esterilizados\/#breadcrumb\",\"itemListElement\":[{\"@type\":\"ListItem\",\"position\":1,\"name\":\"Portada\",\"item\":\"https:\/\/cienmilhijos.es\/\"},{\"@type\":\"ListItem\",\"position\":2,\"name\":\"Tienda\",\"item\":\"https:\/\/cienmilhijos.es\/tienda\/\"},{\"@type\":\"ListItem\",\"position\":3,\"name\":\"Nature\u00b4s Variety Selected Pollo Gatos Esterilizados\"}]},{\"@type\":\"WebSite\",\"@id\":\"https:\/\/cienmilhijos.es\/#website\",\"url\":\"https:\/\/cienmilhijos.es\/\",\"name\":\"Cien Mil Hijos\",\"description\":\"Cuidado de animales &amp; tienda de mascotas\",\"publisher\":{\"@id\":\"https:\/\/cienmilhijos.es\/#organization\"},\"potentialAction\":[{\"@type\":\"SearchAction\",\"target\":{\"@type\":\"EntryPoint\",\"urlTemplate\":\"https:\/\/cienmilhijos.es\/?s={search_term_string}\"},\"query-input\":\"required name=search_term_string\"}],\"inLanguage\":\"en-GB\"},{\"@type\":\"Organization\",\"@id\":\"https:\/\/cienmilhijos.es\/#organization\",\"name\":\"Cien Mil Hijos\",\"url\":\"https:\/\/cienmilhijos.es\/\",\"logo\":{\"@type\":\"ImageObject\",\"inLanguage\":\"en-GB\",\"@id\":\"https:\/\/cienmilhijos.es\/#\/schema\/logo\/image\/\",\"url\":\"https:\/\/cienmilhijos.es\/wp-content\/uploads\/2023\/12\/logo2.png\",\"contentUrl\":\"https:\/\/cienmilhijos.es\/wp-content\/uploads\/2023\/12\/logo2.png\",\"width\":1150,\"height\":127,\"caption\":\"Cien Mil Hijos\"},\"image\":{\"@id\":\"https:\/\/cienmilhijos.es\/#\/schema\/logo\/image\/\"},\"sameAs\":[\"https:\/\/www.facebook.com\/cienmilhijosanimales\/?locale=es_ES\"]}]}<\/script>\n<!-- \/ Yoast SEO plugin. -->","yoast_head_json":{"title":"Nature\u00b4s Variety Selected Pollo Gatos Esterilizados - Cien Mil Hijos","robots":{"index":"index","follow":"follow","max-snippet":"max-snippet:-1","max-image-preview":"max-image-preview:large","max-video-preview":"max-video-preview:-1"},"canonical":"https:\/\/cienmilhijos.es\/en\/product\/natures-variety-selecte-pollo-gatos-esterilizados\/","og_locale":"en_GB","og_type":"article","og_title":"Nature\u00b4s Variety Selected Pollo Gatos Esterilizados - Cien Mil Hijos","og_description":"Comida con pollo\u00a0para gato adulto Receta elaborada con carne de pollo deshuesada como ingrediente principal y una mezcla de ingredientes naturales de alta calidad. La composici\u00f3n incluye cereales integrales y&hellip;","og_url":"https:\/\/cienmilhijos.es\/en\/product\/natures-variety-selecte-pollo-gatos-esterilizados\/","og_site_name":"Cien Mil Hijos","article_publisher":"https:\/\/www.facebook.com\/cienmilhijosanimales\/?locale=es_ES","article_modified_time":"2024-01-10T12:06:33+00:00","og_image":[{"width":780,"height":780,"url":"https:\/\/cienmilhijos.es\/wp-content\/uploads\/2024\/01\/comida_gato_natures_variety_original_pollo_NTV927170.webp","type":"image\/webp"}],"twitter_card":"summary_large_image","twitter_misc":{"Estimated reading time":"1 minute"},"schema":{"@context":"https:\/\/schema.org","@graph":[{"@type":"WebPage","@id":"https:\/\/cienmilhijos.es\/product\/natures-variety-selecte-pollo-gatos-esterilizados\/","url":"https:\/\/cienmilhijos.es\/product\/natures-variety-selecte-pollo-gatos-esterilizados\/","name":"Nature\u00b4s Variety Selected Pollo Gatos Esterilizados - Cien Mil Hijos","isPartOf":{"@id":"https:\/\/cienmilhijos.es\/#website"},"datePublished":"2024-01-10T12:02:59+00:00","dateModified":"2024-01-10T12:06:33+00:00","breadcrumb":{"@id":"https:\/\/cienmilhijos.es\/product\/natures-variety-selecte-pollo-gatos-esterilizados\/#breadcrumb"},"inLanguage":"en-GB","potentialAction":[{"@type":"ReadAction","target":["https:\/\/cienmilhijos.es\/product\/natures-variety-selecte-pollo-gatos-esterilizados\/"]}]},{"@type":"BreadcrumbList","@id":"https:\/\/cienmilhijos.es\/product\/natures-variety-selecte-pollo-gatos-esterilizados\/#breadcrumb","itemListElement":[{"@type":"ListItem","position":1,"name":"Portada","item":"https:\/\/cienmilhijos.es\/"},{"@type":"ListItem","position":2,"name":"Tienda","item":"https:\/\/cienmilhijos.es\/tienda\/"},{"@type":"ListItem","position":3,"name":"Nature\u00b4s Variety Selected Pollo Gatos Esterilizados"}]},{"@type":"WebSite","@id":"https:\/\/cienmilhijos.es\/#website","url":"https:\/\/cienmilhijos.es\/","name":"Cien Mil Hijos","description":"Cuidado de animales &amp; tienda de mascotas","publisher":{"@id":"https:\/\/cienmilhijos.es\/#organization"},"potentialAction":[{"@type":"SearchAction","target":{"@type":"EntryPoint","urlTemplate":"https:\/\/cienmilhijos.es\/?s={search_term_string}"},"query-input":"required name=search_term_string"}],"inLanguage":"en-GB"},{"@type":"Organization","@id":"https:\/\/cienmilhijos.es\/#organization","name":"Cien Mil Hijos","url":"https:\/\/cienmilhijos.es\/","logo":{"@type":"ImageObject","inLanguage":"en-GB","@id":"https:\/\/cienmilhijos.es\/#\/schema\/logo\/image\/","url":"https:\/\/cienmilhijos.es\/wp-content\/uploads\/2023\/12\/logo2.png","contentUrl":"https:\/\/cienmilhijos.es\/wp-content\/uploads\/2023\/12\/logo2.png","width":1150,"height":127,"caption":"Cien Mil Hijos"},"image":{"@id":"https:\/\/cienmilhijos.es\/#\/schema\/logo\/image\/"},"sameAs":["https:\/\/www.facebook.com\/cienmilhijosanimales\/?locale=es_ES"]}]}},"_links":{"self":[{"href":"https:\/\/cienmilhijos.es\/en\/wp-json\/wp\/v2\/product\/26954","targetHints":{"allow":["GET"]}}],"collection":[{"href":"https:\/\/cienmilhijos.es\/en\/wp-json\/wp\/v2\/product"}],"about":[{"href":"https:\/\/cienmilhijos.es\/en\/wp-json\/wp\/v2\/types\/product"}],"replies":[{"embeddable":true,"href":"https:\/\/cienmilhijos.es\/en\/wp-json\/wp\/v2\/comments?post=26954"}],"wp:featuredmedia":[{"embeddable":true,"href":"https:\/\/cienmilhijos.es\/en\/wp-json\/wp\/v2\/media\/26955"}],"wp:attachment":[{"href":"https:\/\/cienmilhijos.es\/en\/wp-json\/wp\/v2\/media?parent=26954"}],"wp:term":[{"taxonomy":"product_cat","embeddable":true,"href":"https:\/\/cienmilhijos.es\/en\/wp-json\/wp\/v2\/product_cat?post=26954"},{"taxonomy":"product_tag","embeddable":true,"href":"https:\/\/cienmilhijos.es\/en\/wp-json\/wp\/v2\/product_tag?post=26954"}],"curies":[{"name":"wp","href":"https:\/\/api.w.org\/{rel}","templated":true}]}}