{"id":26944,"date":"2024-01-08T12:04:42","date_gmt":"2024-01-08T12:04:42","guid":{"rendered":"https:\/\/cienmilhijos.es\/?post_type=product&#038;p=26944"},"modified":"2024-01-08T12:10:51","modified_gmt":"2024-01-08T12:10:51","slug":"tolva-bebedero-break","status":"publish","type":"product","link":"https:\/\/cienmilhijos.es\/en\/product\/tolva-bebedero-break\/","title":{"rendered":"Tolva Bebedero Break"},"content":{"rendered":"<p>La TOLVA BEBEDERO de la marca italiana STEFANPLAST es un funcional dispensador de agua apto para perros y gatos.<\/p>\n<p>Este sistema de dispensaci\u00f3n de agua ofrece muchas ventajas: La mascota dispondr\u00e1 de agua en cualquier momento del d\u00eda por lo que nunca estar\u00e1 deshidratado.<\/p>\n<p>Alberga capacidad para gran cantidad de l\u00edquido, tendr\u00e1 suficiente agua fresca y limpia para todo el d\u00eda\u00a0 o para varios d\u00edas, seg\u00fan la capacidad escogida.<\/p>\n<p>Las tolvas est\u00e1n especialmente indicadas para hogares con varias mascotas.<\/p>\n<p>Fabricada en polipropileno, un pl\u00e1stico muy resistente no t\u00f3xico de f\u00e1cil limpieza que incluso puede introducirse en el lavavajillas. El contenedor del l\u00edquido es un recipiente de pl\u00e1stico trasl\u00facido para poder controlar el nivel de agua con un simple vistazo. Con orificio superior para facilitar el rellenado.<\/p>\n<p>Envases disponibles:<\/p>\n<p>M: 1.5L<\/p>\n<p>L: 6,5L<\/p>","protected":false},"excerpt":{"rendered":"<p>La TOLVA BEBEDERO de la marca italiana STEFANPLAST es un funcional dispensador de agua apto para perros y gatos. Este sistema de dispensaci\u00f3n de agua ofrece muchas ventajas: La mascota&hellip;<\/p>","protected":false},"featured_media":26945,"comment_status":"open","ping_status":"closed","template":"","meta":[],"product_cat":[271,272],"product_tag":[],"class_list":["post-26944","product","type-product","status-publish","has-post-thumbnail","hentry","product_cat-articulos-gatos","product_cat-articulos-perros"],"yoast_head":"<!-- This site is optimized with the Yoast SEO plugin v21.6 - https:\/\/yoast.com\/wordpress\/plugins\/seo\/ -->\n<title>Tolva Bebedero Break - Cien Mil Hijos<\/title>\n<meta name=\"robots\" content=\"index, follow, max-snippet:-1, max-image-preview:large, max-video-preview:-1\" \/>\n<link rel=\"canonical\" href=\"https:\/\/cienmilhijos.es\/en\/product\/tolva-bebedero-break\/\" \/>\n<meta property=\"og:locale\" content=\"en_GB\" \/>\n<meta property=\"og:type\" content=\"article\" \/>\n<meta property=\"og:title\" content=\"Tolva Bebedero Break - Cien Mil Hijos\" \/>\n<meta property=\"og:description\" content=\"La TOLVA BEBEDERO de la marca italiana STEFANPLAST es un funcional dispensador de agua apto para perros y gatos. Este sistema de dispensaci\u00f3n de agua ofrece muchas ventajas: La mascota&hellip;\" \/>\n<meta property=\"og:url\" content=\"https:\/\/cienmilhijos.es\/en\/product\/tolva-bebedero-break\/\" \/>\n<meta property=\"og:site_name\" content=\"Cien Mil Hijos\" \/>\n<meta property=\"article:publisher\" content=\"https:\/\/www.facebook.com\/cienmilhijosanimales\/?locale=es_ES\" \/>\n<meta property=\"article:modified_time\" content=\"2024-01-08T12:10:51+00:00\" \/>\n<meta property=\"og:image\" content=\"https:\/\/cienmilhijos.es\/wp-content\/uploads\/2024\/01\/136060.jpg\" \/>\n\t<meta property=\"og:image:width\" content=\"500\" \/>\n\t<meta property=\"og:image:height\" content=\"500\" \/>\n\t<meta property=\"og:image:type\" content=\"image\/jpeg\" \/>\n<meta name=\"twitter:card\" content=\"summary_large_image\" \/>\n<meta name=\"twitter:label1\" content=\"Estimated reading time\" \/>\n\t<meta name=\"twitter:data1\" content=\"1 minute\" \/>\n<script type=\"application\/ld+json\" class=\"yoast-schema-graph\">{\"@context\":\"https:\/\/schema.org\",\"@graph\":[{\"@type\":\"WebPage\",\"@id\":\"https:\/\/cienmilhijos.es\/product\/tolva-bebedero-break\/\",\"url\":\"https:\/\/cienmilhijos.es\/product\/tolva-bebedero-break\/\",\"name\":\"Tolva Bebedero Break - Cien Mil Hijos\",\"isPartOf\":{\"@id\":\"https:\/\/cienmilhijos.es\/#website\"},\"datePublished\":\"2024-01-08T12:04:42+00:00\",\"dateModified\":\"2024-01-08T12:10:51+00:00\",\"breadcrumb\":{\"@id\":\"https:\/\/cienmilhijos.es\/product\/tolva-bebedero-break\/#breadcrumb\"},\"inLanguage\":\"en-GB\",\"potentialAction\":[{\"@type\":\"ReadAction\",\"target\":[\"https:\/\/cienmilhijos.es\/product\/tolva-bebedero-break\/\"]}]},{\"@type\":\"BreadcrumbList\",\"@id\":\"https:\/\/cienmilhijos.es\/product\/tolva-bebedero-break\/#breadcrumb\",\"itemListElement\":[{\"@type\":\"ListItem\",\"position\":1,\"name\":\"Portada\",\"item\":\"https:\/\/cienmilhijos.es\/\"},{\"@type\":\"ListItem\",\"position\":2,\"name\":\"Tienda\",\"item\":\"https:\/\/cienmilhijos.es\/tienda\/\"},{\"@type\":\"ListItem\",\"position\":3,\"name\":\"Tolva Bebedero Break\"}]},{\"@type\":\"WebSite\",\"@id\":\"https:\/\/cienmilhijos.es\/#website\",\"url\":\"https:\/\/cienmilhijos.es\/\",\"name\":\"Cien Mil Hijos\",\"description\":\"Cuidado de animales &amp; tienda de mascotas\",\"publisher\":{\"@id\":\"https:\/\/cienmilhijos.es\/#organization\"},\"potentialAction\":[{\"@type\":\"SearchAction\",\"target\":{\"@type\":\"EntryPoint\",\"urlTemplate\":\"https:\/\/cienmilhijos.es\/?s={search_term_string}\"},\"query-input\":\"required name=search_term_string\"}],\"inLanguage\":\"en-GB\"},{\"@type\":\"Organization\",\"@id\":\"https:\/\/cienmilhijos.es\/#organization\",\"name\":\"Cien Mil Hijos\",\"url\":\"https:\/\/cienmilhijos.es\/\",\"logo\":{\"@type\":\"ImageObject\",\"inLanguage\":\"en-GB\",\"@id\":\"https:\/\/cienmilhijos.es\/#\/schema\/logo\/image\/\",\"url\":\"https:\/\/cienmilhijos.es\/wp-content\/uploads\/2023\/12\/logo2.png\",\"contentUrl\":\"https:\/\/cienmilhijos.es\/wp-content\/uploads\/2023\/12\/logo2.png\",\"width\":1150,\"height\":127,\"caption\":\"Cien Mil Hijos\"},\"image\":{\"@id\":\"https:\/\/cienmilhijos.es\/#\/schema\/logo\/image\/\"},\"sameAs\":[\"https:\/\/www.facebook.com\/cienmilhijosanimales\/?locale=es_ES\"]}]}<\/script>\n<!-- \/ Yoast SEO plugin. -->","yoast_head_json":{"title":"Tolva Bebedero Break - Cien Mil Hijos","robots":{"index":"index","follow":"follow","max-snippet":"max-snippet:-1","max-image-preview":"max-image-preview:large","max-video-preview":"max-video-preview:-1"},"canonical":"https:\/\/cienmilhijos.es\/en\/product\/tolva-bebedero-break\/","og_locale":"en_GB","og_type":"article","og_title":"Tolva Bebedero Break - Cien Mil Hijos","og_description":"La TOLVA BEBEDERO de la marca italiana STEFANPLAST es un funcional dispensador de agua apto para perros y gatos. Este sistema de dispensaci\u00f3n de agua ofrece muchas ventajas: La mascota&hellip;","og_url":"https:\/\/cienmilhijos.es\/en\/product\/tolva-bebedero-break\/","og_site_name":"Cien Mil Hijos","article_publisher":"https:\/\/www.facebook.com\/cienmilhijosanimales\/?locale=es_ES","article_modified_time":"2024-01-08T12:10:51+00:00","og_image":[{"width":500,"height":500,"url":"https:\/\/cienmilhijos.es\/wp-content\/uploads\/2024\/01\/136060.jpg","type":"image\/jpeg"}],"twitter_card":"summary_large_image","twitter_misc":{"Estimated reading time":"1 minute"},"schema":{"@context":"https:\/\/schema.org","@graph":[{"@type":"WebPage","@id":"https:\/\/cienmilhijos.es\/product\/tolva-bebedero-break\/","url":"https:\/\/cienmilhijos.es\/product\/tolva-bebedero-break\/","name":"Tolva Bebedero Break - Cien Mil Hijos","isPartOf":{"@id":"https:\/\/cienmilhijos.es\/#website"},"datePublished":"2024-01-08T12:04:42+00:00","dateModified":"2024-01-08T12:10:51+00:00","breadcrumb":{"@id":"https:\/\/cienmilhijos.es\/product\/tolva-bebedero-break\/#breadcrumb"},"inLanguage":"en-GB","potentialAction":[{"@type":"ReadAction","target":["https:\/\/cienmilhijos.es\/product\/tolva-bebedero-break\/"]}]},{"@type":"BreadcrumbList","@id":"https:\/\/cienmilhijos.es\/product\/tolva-bebedero-break\/#breadcrumb","itemListElement":[{"@type":"ListItem","position":1,"name":"Portada","item":"https:\/\/cienmilhijos.es\/"},{"@type":"ListItem","position":2,"name":"Tienda","item":"https:\/\/cienmilhijos.es\/tienda\/"},{"@type":"ListItem","position":3,"name":"Tolva Bebedero Break"}]},{"@type":"WebSite","@id":"https:\/\/cienmilhijos.es\/#website","url":"https:\/\/cienmilhijos.es\/","name":"Cien Mil Hijos","description":"Cuidado de animales &amp; tienda de mascotas","publisher":{"@id":"https:\/\/cienmilhijos.es\/#organization"},"potentialAction":[{"@type":"SearchAction","target":{"@type":"EntryPoint","urlTemplate":"https:\/\/cienmilhijos.es\/?s={search_term_string}"},"query-input":"required name=search_term_string"}],"inLanguage":"en-GB"},{"@type":"Organization","@id":"https:\/\/cienmilhijos.es\/#organization","name":"Cien Mil Hijos","url":"https:\/\/cienmilhijos.es\/","logo":{"@type":"ImageObject","inLanguage":"en-GB","@id":"https:\/\/cienmilhijos.es\/#\/schema\/logo\/image\/","url":"https:\/\/cienmilhijos.es\/wp-content\/uploads\/2023\/12\/logo2.png","contentUrl":"https:\/\/cienmilhijos.es\/wp-content\/uploads\/2023\/12\/logo2.png","width":1150,"height":127,"caption":"Cien Mil Hijos"},"image":{"@id":"https:\/\/cienmilhijos.es\/#\/schema\/logo\/image\/"},"sameAs":["https:\/\/www.facebook.com\/cienmilhijosanimales\/?locale=es_ES"]}]}},"_links":{"self":[{"href":"https:\/\/cienmilhijos.es\/en\/wp-json\/wp\/v2\/product\/26944","targetHints":{"allow":["GET"]}}],"collection":[{"href":"https:\/\/cienmilhijos.es\/en\/wp-json\/wp\/v2\/product"}],"about":[{"href":"https:\/\/cienmilhijos.es\/en\/wp-json\/wp\/v2\/types\/product"}],"replies":[{"embeddable":true,"href":"https:\/\/cienmilhijos.es\/en\/wp-json\/wp\/v2\/comments?post=26944"}],"wp:featuredmedia":[{"embeddable":true,"href":"https:\/\/cienmilhijos.es\/en\/wp-json\/wp\/v2\/media\/26945"}],"wp:attachment":[{"href":"https:\/\/cienmilhijos.es\/en\/wp-json\/wp\/v2\/media?parent=26944"}],"wp:term":[{"taxonomy":"product_cat","embeddable":true,"href":"https:\/\/cienmilhijos.es\/en\/wp-json\/wp\/v2\/product_cat?post=26944"},{"taxonomy":"product_tag","embeddable":true,"href":"https:\/\/cienmilhijos.es\/en\/wp-json\/wp\/v2\/product_tag?post=26944"}],"curies":[{"name":"wp","href":"https:\/\/api.w.org\/{rel}","templated":true}]}}