{"id":26923,"date":"2024-01-04T09:38:59","date_gmt":"2024-01-04T09:38:59","guid":{"rendered":"https:\/\/cienmilhijos.es\/?post_type=product&#038;p=26923"},"modified":"2024-01-04T09:39:00","modified_gmt":"2024-01-04T09:39:00","slug":"capa-impermeable-trendy-breathe-comfort-cereza","status":"publish","type":"product","link":"https:\/\/cienmilhijos.es\/en\/product\/capa-impermeable-trendy-breathe-comfort-cereza\/","title":{"rendered":"Capa Impermeable Trendy Breathe-Comfort Cereza"},"content":{"rendered":"<div class=\"col-12\">\n<h3 id=\"details-title\" class=\"title heading-title section-heading mt-3\" aria-expanded=\"false\" aria-controls=\"collapsible-details-1\">Descripci\u00f3n<\/h3>\n<\/div>\n<div id=\"collapsible-details-1\" class=\"col-sm-12 value content\">\n<p><strong>Abrigo-Capa para perros<\/strong>\u00a0dotado de la tecnolog\u00eda\u00a0<strong>BREATHE-COMFORT<\/strong>.<\/p>\n<p><strong>BREATHE-COMFORT es un tejido de alta tecnolog\u00eda\u00a0<\/strong>que se fabrica bajo procedimientos especiales con el fin de obtener a la vez una alta permeabilidad a la humedad y viento y un tacto agradable y suave, que resulta muy c\u00f3modo de usar.<\/p>\n<p>BREATHE-COMFORT no solo permite una\u00a0<strong>perfecta transpiraci\u00f3n<\/strong>\u00a0y que la\u00a0<strong>lluvia y el viento no penetren<\/strong>; tambi\u00e9n consigue\u00a0<strong>mantener la temperatura natural del cuerpo<\/strong>\u00a0al realizar actividades al aire libre. No importa lo extremas que lleguen a ser las temperaturas; BREATHE-COMFORT mantendr\u00e1 sus cualidades de confort desde -20\u00ba hasta 45\u00ba dondequiera que vaya.<\/p>\n<p><strong>Se trata de una prenda que adem\u00e1s de pr\u00e1ctica por las caracter\u00edsticas t\u00e9cnicas de sus tejidos, resulta elegante, actual y muy f\u00e1cil de poner y quitar.<\/strong><\/p>\n<p>El interior es de un forro especial de secado r\u00e1pido.<strong><br \/>\n<\/strong><\/p>\n<p><strong>Cierres de velcro<\/strong>\u00a0en vientre y pecho para facilitar al m\u00e1ximo la puesta y retirada, as\u00ed como para conseguir un ajuste perfecto. A partir de la talla 50 cm. dos velcros en el vientre.<\/p>\n<p>Gomas el\u00e1sticas interiores laterales traseras para que el abrigo quede fijo y no se desplace lateralmente con los movimientos del perro.<\/p>\n<p>Disponible en todas las tallas.<\/p>\n<p>Colores disponibles: Camel \/Verde\u00a0 o\u00a0 cereza\/Azul<\/p>\n<p><strong>C\u00d3MO ELEGIR CORRECTAMENTE LA TALLA<br \/>\n1. Mida la espalda del perro, desde la base del cuello hasta el nacimiento de la cola.<br \/>\n2. Busque la medida en la tabla y elija la talla POR DEBAJO a la que le corresponder\u00eda.<br \/>\n3. Mida el contorno de t\u00f3rax y aseg\u00farese que la talla que ha seleccionado en la tabla es la correcta.<\/strong><\/p>\n<p><strong>Lavar en fr\u00edo en la lavadora.<\/strong><\/p>\n<table style=\"height: 810px;\" width=\"300\">\n<tbody>\n<tr>\n<td><strong>\u00a0<\/strong><strong>Espalda*<\/strong><\/td>\n<td><strong>\u00a0<\/strong><strong>Contorno T\u00f3rax*<\/strong><\/td>\n<\/tr>\n<tr>\n<td>XXXS 25 cm.<\/td>\n<td>30 a 34 cm.<\/td>\n<\/tr>\n<tr>\n<td>XXS 30 cm.<\/td>\n<td>34 a 50 cm.<\/td>\n<\/tr>\n<tr>\n<td>XS 35 cm.<\/td>\n<td>42 a 62 cm.<\/td>\n<\/tr>\n<tr>\n<td>S 40 cm.<\/td>\n<td>44 a 62 cm.<\/td>\n<\/tr>\n<tr>\n<td>M 45 cm.<\/td>\n<td>46 a 63 cm.<\/td>\n<\/tr>\n<tr>\n<td>L 50 cm.<\/td>\n<td>54 a 72 cm.<\/td>\n<\/tr>\n<tr>\n<td>XL 55 cm.<\/td>\n<td>58 a 84 cm.<\/td>\n<\/tr>\n<tr>\n<td>XXL60 cm.<\/td>\n<td>60 a 84 cm.<\/td>\n<\/tr>\n<tr>\n<td>XXXL 65 cm.<\/td>\n<td>66 a 94 cm.<\/td>\n<\/tr>\n<tr>\n<td>4XL 70 cm.<\/td>\n<td>72 a 102 cm.<\/td>\n<\/tr>\n<\/tbody>\n<\/table>\n<p>*Medidas aproximadas<\/p>\n<\/div>","protected":false},"excerpt":{"rendered":"<p>Descripci\u00f3n Abrigo-Capa para perros\u00a0dotado de la tecnolog\u00eda\u00a0BREATHE-COMFORT. BREATHE-COMFORT es un tejido de alta tecnolog\u00eda\u00a0que se fabrica bajo procedimientos especiales con el fin de obtener a la vez una alta permeabilidad&hellip;<\/p>","protected":false},"featured_media":26924,"comment_status":"open","ping_status":"closed","template":"","meta":[],"product_cat":[275],"product_tag":[],"class_list":["post-26923","product","type-product","status-publish","has-post-thumbnail","hentry","product_cat-textil-moda"],"yoast_head":"<!-- This site is optimized with the Yoast SEO plugin v21.6 - https:\/\/yoast.com\/wordpress\/plugins\/seo\/ -->\n<title>Capa Impermeable Trendy Breathe-Comfort Cereza - Cien Mil Hijos<\/title>\n<meta name=\"robots\" content=\"index, follow, max-snippet:-1, max-image-preview:large, max-video-preview:-1\" \/>\n<link rel=\"canonical\" href=\"https:\/\/cienmilhijos.es\/en\/product\/capa-impermeable-trendy-breathe-comfort-cereza\/\" \/>\n<meta property=\"og:locale\" content=\"en_GB\" \/>\n<meta property=\"og:type\" content=\"article\" \/>\n<meta property=\"og:title\" content=\"Capa Impermeable Trendy Breathe-Comfort Cereza - Cien Mil Hijos\" \/>\n<meta property=\"og:description\" content=\"Descripci\u00f3n Abrigo-Capa para perros\u00a0dotado de la tecnolog\u00eda\u00a0BREATHE-COMFORT. BREATHE-COMFORT es un tejido de alta tecnolog\u00eda\u00a0que se fabrica bajo procedimientos especiales con el fin de obtener a la vez una alta permeabilidad&hellip;\" \/>\n<meta property=\"og:url\" content=\"https:\/\/cienmilhijos.es\/en\/product\/capa-impermeable-trendy-breathe-comfort-cereza\/\" \/>\n<meta property=\"og:site_name\" content=\"Cien Mil Hijos\" \/>\n<meta property=\"article:publisher\" content=\"https:\/\/www.facebook.com\/cienmilhijosanimales\/?locale=es_ES\" \/>\n<meta property=\"article:modified_time\" content=\"2024-01-04T09:39:00+00:00\" \/>\n<meta property=\"og:image\" content=\"https:\/\/cienmilhijos.es\/wp-content\/uploads\/2024\/01\/picture_36233_240x240.jpg\" \/>\n\t<meta property=\"og:image:width\" content=\"240\" \/>\n\t<meta property=\"og:image:height\" content=\"240\" \/>\n\t<meta property=\"og:image:type\" content=\"image\/jpeg\" \/>\n<meta name=\"twitter:card\" content=\"summary_large_image\" \/>\n<meta name=\"twitter:label1\" content=\"Estimated reading time\" \/>\n\t<meta name=\"twitter:data1\" content=\"2 minutes\" \/>\n<script type=\"application\/ld+json\" class=\"yoast-schema-graph\">{\"@context\":\"https:\/\/schema.org\",\"@graph\":[{\"@type\":\"WebPage\",\"@id\":\"https:\/\/cienmilhijos.es\/product\/capa-impermeable-trendy-breathe-comfort-cereza\/\",\"url\":\"https:\/\/cienmilhijos.es\/product\/capa-impermeable-trendy-breathe-comfort-cereza\/\",\"name\":\"Capa Impermeable Trendy Breathe-Comfort Cereza - Cien Mil Hijos\",\"isPartOf\":{\"@id\":\"https:\/\/cienmilhijos.es\/#website\"},\"datePublished\":\"2024-01-04T09:38:59+00:00\",\"dateModified\":\"2024-01-04T09:39:00+00:00\",\"breadcrumb\":{\"@id\":\"https:\/\/cienmilhijos.es\/product\/capa-impermeable-trendy-breathe-comfort-cereza\/#breadcrumb\"},\"inLanguage\":\"en-GB\",\"potentialAction\":[{\"@type\":\"ReadAction\",\"target\":[\"https:\/\/cienmilhijos.es\/product\/capa-impermeable-trendy-breathe-comfort-cereza\/\"]}]},{\"@type\":\"BreadcrumbList\",\"@id\":\"https:\/\/cienmilhijos.es\/product\/capa-impermeable-trendy-breathe-comfort-cereza\/#breadcrumb\",\"itemListElement\":[{\"@type\":\"ListItem\",\"position\":1,\"name\":\"Portada\",\"item\":\"https:\/\/cienmilhijos.es\/\"},{\"@type\":\"ListItem\",\"position\":2,\"name\":\"Tienda\",\"item\":\"https:\/\/cienmilhijos.es\/tienda\/\"},{\"@type\":\"ListItem\",\"position\":3,\"name\":\"Capa Impermeable Trendy Breathe-Comfort Cereza\"}]},{\"@type\":\"WebSite\",\"@id\":\"https:\/\/cienmilhijos.es\/#website\",\"url\":\"https:\/\/cienmilhijos.es\/\",\"name\":\"Cien Mil Hijos\",\"description\":\"Cuidado de animales &amp; tienda de mascotas\",\"publisher\":{\"@id\":\"https:\/\/cienmilhijos.es\/#organization\"},\"potentialAction\":[{\"@type\":\"SearchAction\",\"target\":{\"@type\":\"EntryPoint\",\"urlTemplate\":\"https:\/\/cienmilhijos.es\/?s={search_term_string}\"},\"query-input\":\"required name=search_term_string\"}],\"inLanguage\":\"en-GB\"},{\"@type\":\"Organization\",\"@id\":\"https:\/\/cienmilhijos.es\/#organization\",\"name\":\"Cien Mil Hijos\",\"url\":\"https:\/\/cienmilhijos.es\/\",\"logo\":{\"@type\":\"ImageObject\",\"inLanguage\":\"en-GB\",\"@id\":\"https:\/\/cienmilhijos.es\/#\/schema\/logo\/image\/\",\"url\":\"https:\/\/cienmilhijos.es\/wp-content\/uploads\/2023\/12\/logo2.png\",\"contentUrl\":\"https:\/\/cienmilhijos.es\/wp-content\/uploads\/2023\/12\/logo2.png\",\"width\":1150,\"height\":127,\"caption\":\"Cien Mil Hijos\"},\"image\":{\"@id\":\"https:\/\/cienmilhijos.es\/#\/schema\/logo\/image\/\"},\"sameAs\":[\"https:\/\/www.facebook.com\/cienmilhijosanimales\/?locale=es_ES\"]}]}<\/script>\n<!-- \/ Yoast SEO plugin. -->","yoast_head_json":{"title":"Capa Impermeable Trendy Breathe-Comfort Cereza - Cien Mil Hijos","robots":{"index":"index","follow":"follow","max-snippet":"max-snippet:-1","max-image-preview":"max-image-preview:large","max-video-preview":"max-video-preview:-1"},"canonical":"https:\/\/cienmilhijos.es\/en\/product\/capa-impermeable-trendy-breathe-comfort-cereza\/","og_locale":"en_GB","og_type":"article","og_title":"Capa Impermeable Trendy Breathe-Comfort Cereza - Cien Mil Hijos","og_description":"Descripci\u00f3n Abrigo-Capa para perros\u00a0dotado de la tecnolog\u00eda\u00a0BREATHE-COMFORT. BREATHE-COMFORT es un tejido de alta tecnolog\u00eda\u00a0que se fabrica bajo procedimientos especiales con el fin de obtener a la vez una alta permeabilidad&hellip;","og_url":"https:\/\/cienmilhijos.es\/en\/product\/capa-impermeable-trendy-breathe-comfort-cereza\/","og_site_name":"Cien Mil Hijos","article_publisher":"https:\/\/www.facebook.com\/cienmilhijosanimales\/?locale=es_ES","article_modified_time":"2024-01-04T09:39:00+00:00","og_image":[{"width":240,"height":240,"url":"https:\/\/cienmilhijos.es\/wp-content\/uploads\/2024\/01\/picture_36233_240x240.jpg","type":"image\/jpeg"}],"twitter_card":"summary_large_image","twitter_misc":{"Estimated reading time":"2 minutes"},"schema":{"@context":"https:\/\/schema.org","@graph":[{"@type":"WebPage","@id":"https:\/\/cienmilhijos.es\/product\/capa-impermeable-trendy-breathe-comfort-cereza\/","url":"https:\/\/cienmilhijos.es\/product\/capa-impermeable-trendy-breathe-comfort-cereza\/","name":"Capa Impermeable Trendy Breathe-Comfort Cereza - Cien Mil Hijos","isPartOf":{"@id":"https:\/\/cienmilhijos.es\/#website"},"datePublished":"2024-01-04T09:38:59+00:00","dateModified":"2024-01-04T09:39:00+00:00","breadcrumb":{"@id":"https:\/\/cienmilhijos.es\/product\/capa-impermeable-trendy-breathe-comfort-cereza\/#breadcrumb"},"inLanguage":"en-GB","potentialAction":[{"@type":"ReadAction","target":["https:\/\/cienmilhijos.es\/product\/capa-impermeable-trendy-breathe-comfort-cereza\/"]}]},{"@type":"BreadcrumbList","@id":"https:\/\/cienmilhijos.es\/product\/capa-impermeable-trendy-breathe-comfort-cereza\/#breadcrumb","itemListElement":[{"@type":"ListItem","position":1,"name":"Portada","item":"https:\/\/cienmilhijos.es\/"},{"@type":"ListItem","position":2,"name":"Tienda","item":"https:\/\/cienmilhijos.es\/tienda\/"},{"@type":"ListItem","position":3,"name":"Capa Impermeable Trendy Breathe-Comfort Cereza"}]},{"@type":"WebSite","@id":"https:\/\/cienmilhijos.es\/#website","url":"https:\/\/cienmilhijos.es\/","name":"Cien Mil Hijos","description":"Cuidado de animales &amp; tienda de mascotas","publisher":{"@id":"https:\/\/cienmilhijos.es\/#organization"},"potentialAction":[{"@type":"SearchAction","target":{"@type":"EntryPoint","urlTemplate":"https:\/\/cienmilhijos.es\/?s={search_term_string}"},"query-input":"required name=search_term_string"}],"inLanguage":"en-GB"},{"@type":"Organization","@id":"https:\/\/cienmilhijos.es\/#organization","name":"Cien Mil Hijos","url":"https:\/\/cienmilhijos.es\/","logo":{"@type":"ImageObject","inLanguage":"en-GB","@id":"https:\/\/cienmilhijos.es\/#\/schema\/logo\/image\/","url":"https:\/\/cienmilhijos.es\/wp-content\/uploads\/2023\/12\/logo2.png","contentUrl":"https:\/\/cienmilhijos.es\/wp-content\/uploads\/2023\/12\/logo2.png","width":1150,"height":127,"caption":"Cien Mil Hijos"},"image":{"@id":"https:\/\/cienmilhijos.es\/#\/schema\/logo\/image\/"},"sameAs":["https:\/\/www.facebook.com\/cienmilhijosanimales\/?locale=es_ES"]}]}},"_links":{"self":[{"href":"https:\/\/cienmilhijos.es\/en\/wp-json\/wp\/v2\/product\/26923","targetHints":{"allow":["GET"]}}],"collection":[{"href":"https:\/\/cienmilhijos.es\/en\/wp-json\/wp\/v2\/product"}],"about":[{"href":"https:\/\/cienmilhijos.es\/en\/wp-json\/wp\/v2\/types\/product"}],"replies":[{"embeddable":true,"href":"https:\/\/cienmilhijos.es\/en\/wp-json\/wp\/v2\/comments?post=26923"}],"wp:featuredmedia":[{"embeddable":true,"href":"https:\/\/cienmilhijos.es\/en\/wp-json\/wp\/v2\/media\/26924"}],"wp:attachment":[{"href":"https:\/\/cienmilhijos.es\/en\/wp-json\/wp\/v2\/media?parent=26923"}],"wp:term":[{"taxonomy":"product_cat","embeddable":true,"href":"https:\/\/cienmilhijos.es\/en\/wp-json\/wp\/v2\/product_cat?post=26923"},{"taxonomy":"product_tag","embeddable":true,"href":"https:\/\/cienmilhijos.es\/en\/wp-json\/wp\/v2\/product_tag?post=26923"}],"curies":[{"name":"wp","href":"https:\/\/api.w.org\/{rel}","templated":true}]}}