{"id":26900,"date":"2024-01-03T18:09:09","date_gmt":"2024-01-03T18:09:09","guid":{"rendered":"https:\/\/cienmilhijos.es\/?post_type=product&#038;p=26900"},"modified":"2024-01-10T12:05:53","modified_gmt":"2024-01-10T12:05:53","slug":"arnes-triple-especial-galgos-y-podencos","status":"publish","type":"product","link":"https:\/\/cienmilhijos.es\/en\/product\/arnes-triple-especial-galgos-y-podencos\/","title":{"rendered":"Arn\u00e9s Nylon Triple Especial Galgos y Podencos"},"content":{"rendered":"<p>Arn\u00e9s especial para galgos y podencos. Este arn\u00e9s es una herramienta fundamental en los perros de protectora, ya que tanto por su\u00a0 morfolog\u00eda, como por su car\u00e1cter sensible pueden asustarse y salirse del arn\u00e9s.<\/p>\n<p>Si los perros entran en p\u00e1nico y deciden que quieren atornillar, se convierten en artistas de escape reales y pueden encontrar su salida de cualquier arn\u00e9s que no se ajuste correctamente, una situaci\u00f3n peligrosa que ninguno de nosotros quiere experimentar. Para perros especialmente ansiosos, Arpe ha desarrollado el arn\u00e9s de seguridad con correa adicional para el est\u00f3mago que hace que sea casi imposible que el perro se deslice fuera del arn\u00e9s.<\/p>\n<p>Disponible en dos colores:<\/p>\n<p>Rojo y Negro<\/p>\n<p>Tama\u00f1o: Ancho 2,5cm Cuello: 41-65cm Cuerpo: 46-77cm Trasera:37-55cm<\/p>","protected":false},"excerpt":{"rendered":"<p>Arn\u00e9s especial para galgos y podencos. Este arn\u00e9s es una herramienta fundamental en los perros de protectora, ya que tanto por su\u00a0 morfolog\u00eda, como por su car\u00e1cter sensible pueden asustarse&hellip;<\/p>","protected":false},"featured_media":26901,"comment_status":"open","ping_status":"closed","template":"","meta":[],"product_cat":[315],"product_tag":[],"class_list":["post-26900","product","type-product","status-publish","has-post-thumbnail","hentry","product_cat-arneses-y-correas"],"yoast_head":"<!-- This site is optimized with the Yoast SEO plugin v21.6 - https:\/\/yoast.com\/wordpress\/plugins\/seo\/ -->\n<title>Arn\u00e9s Nylon Triple Especial Galgos y Podencos - Cien Mil Hijos<\/title>\n<meta name=\"robots\" content=\"index, follow, max-snippet:-1, max-image-preview:large, max-video-preview:-1\" \/>\n<link rel=\"canonical\" href=\"https:\/\/cienmilhijos.es\/en\/product\/arnes-triple-especial-galgos-y-podencos\/\" \/>\n<meta property=\"og:locale\" content=\"en_GB\" \/>\n<meta property=\"og:type\" content=\"article\" \/>\n<meta property=\"og:title\" content=\"Arn\u00e9s Nylon Triple Especial Galgos y Podencos - Cien Mil Hijos\" \/>\n<meta property=\"og:description\" content=\"Arn\u00e9s especial para galgos y podencos. Este arn\u00e9s es una herramienta fundamental en los perros de protectora, ya que tanto por su\u00a0 morfolog\u00eda, como por su car\u00e1cter sensible pueden asustarse&hellip;\" \/>\n<meta property=\"og:url\" content=\"https:\/\/cienmilhijos.es\/en\/product\/arnes-triple-especial-galgos-y-podencos\/\" \/>\n<meta property=\"og:site_name\" content=\"Cien Mil Hijos\" \/>\n<meta property=\"article:publisher\" content=\"https:\/\/www.facebook.com\/cienmilhijosanimales\/?locale=es_ES\" \/>\n<meta property=\"article:modified_time\" content=\"2024-01-10T12:05:53+00:00\" \/>\n<meta property=\"og:image\" content=\"https:\/\/cienmilhijos.es\/wp-content\/uploads\/2024\/01\/arnes-triple-arppe-para-galgos-y-podencos.jpg\" \/>\n\t<meta property=\"og:image:width\" content=\"250\" \/>\n\t<meta property=\"og:image:height\" content=\"250\" \/>\n\t<meta property=\"og:image:type\" content=\"image\/jpeg\" \/>\n<meta name=\"twitter:card\" content=\"summary_large_image\" \/>\n<meta name=\"twitter:label1\" content=\"Estimated reading time\" \/>\n\t<meta name=\"twitter:data1\" content=\"1 minute\" \/>\n<script type=\"application\/ld+json\" class=\"yoast-schema-graph\">{\"@context\":\"https:\/\/schema.org\",\"@graph\":[{\"@type\":\"WebPage\",\"@id\":\"https:\/\/cienmilhijos.es\/product\/arnes-triple-especial-galgos-y-podencos\/\",\"url\":\"https:\/\/cienmilhijos.es\/product\/arnes-triple-especial-galgos-y-podencos\/\",\"name\":\"Arn\u00e9s Nylon Triple Especial Galgos y Podencos - Cien Mil Hijos\",\"isPartOf\":{\"@id\":\"https:\/\/cienmilhijos.es\/#website\"},\"datePublished\":\"2024-01-03T18:09:09+00:00\",\"dateModified\":\"2024-01-10T12:05:53+00:00\",\"breadcrumb\":{\"@id\":\"https:\/\/cienmilhijos.es\/product\/arnes-triple-especial-galgos-y-podencos\/#breadcrumb\"},\"inLanguage\":\"en-GB\",\"potentialAction\":[{\"@type\":\"ReadAction\",\"target\":[\"https:\/\/cienmilhijos.es\/product\/arnes-triple-especial-galgos-y-podencos\/\"]}]},{\"@type\":\"BreadcrumbList\",\"@id\":\"https:\/\/cienmilhijos.es\/product\/arnes-triple-especial-galgos-y-podencos\/#breadcrumb\",\"itemListElement\":[{\"@type\":\"ListItem\",\"position\":1,\"name\":\"Portada\",\"item\":\"https:\/\/cienmilhijos.es\/\"},{\"@type\":\"ListItem\",\"position\":2,\"name\":\"Tienda\",\"item\":\"https:\/\/cienmilhijos.es\/tienda\/\"},{\"@type\":\"ListItem\",\"position\":3,\"name\":\"Arn\u00e9s Nylon Triple Especial Galgos y Podencos\"}]},{\"@type\":\"WebSite\",\"@id\":\"https:\/\/cienmilhijos.es\/#website\",\"url\":\"https:\/\/cienmilhijos.es\/\",\"name\":\"Cien Mil Hijos\",\"description\":\"Cuidado de animales &amp; tienda de mascotas\",\"publisher\":{\"@id\":\"https:\/\/cienmilhijos.es\/#organization\"},\"potentialAction\":[{\"@type\":\"SearchAction\",\"target\":{\"@type\":\"EntryPoint\",\"urlTemplate\":\"https:\/\/cienmilhijos.es\/?s={search_term_string}\"},\"query-input\":\"required name=search_term_string\"}],\"inLanguage\":\"en-GB\"},{\"@type\":\"Organization\",\"@id\":\"https:\/\/cienmilhijos.es\/#organization\",\"name\":\"Cien Mil Hijos\",\"url\":\"https:\/\/cienmilhijos.es\/\",\"logo\":{\"@type\":\"ImageObject\",\"inLanguage\":\"en-GB\",\"@id\":\"https:\/\/cienmilhijos.es\/#\/schema\/logo\/image\/\",\"url\":\"https:\/\/cienmilhijos.es\/wp-content\/uploads\/2023\/12\/logo2.png\",\"contentUrl\":\"https:\/\/cienmilhijos.es\/wp-content\/uploads\/2023\/12\/logo2.png\",\"width\":1150,\"height\":127,\"caption\":\"Cien Mil Hijos\"},\"image\":{\"@id\":\"https:\/\/cienmilhijos.es\/#\/schema\/logo\/image\/\"},\"sameAs\":[\"https:\/\/www.facebook.com\/cienmilhijosanimales\/?locale=es_ES\"]}]}<\/script>\n<!-- \/ Yoast SEO plugin. -->","yoast_head_json":{"title":"Arn\u00e9s Nylon Triple Especial Galgos y Podencos - Cien Mil Hijos","robots":{"index":"index","follow":"follow","max-snippet":"max-snippet:-1","max-image-preview":"max-image-preview:large","max-video-preview":"max-video-preview:-1"},"canonical":"https:\/\/cienmilhijos.es\/en\/product\/arnes-triple-especial-galgos-y-podencos\/","og_locale":"en_GB","og_type":"article","og_title":"Arn\u00e9s Nylon Triple Especial Galgos y Podencos - Cien Mil Hijos","og_description":"Arn\u00e9s especial para galgos y podencos. Este arn\u00e9s es una herramienta fundamental en los perros de protectora, ya que tanto por su\u00a0 morfolog\u00eda, como por su car\u00e1cter sensible pueden asustarse&hellip;","og_url":"https:\/\/cienmilhijos.es\/en\/product\/arnes-triple-especial-galgos-y-podencos\/","og_site_name":"Cien Mil Hijos","article_publisher":"https:\/\/www.facebook.com\/cienmilhijosanimales\/?locale=es_ES","article_modified_time":"2024-01-10T12:05:53+00:00","og_image":[{"width":250,"height":250,"url":"https:\/\/cienmilhijos.es\/wp-content\/uploads\/2024\/01\/arnes-triple-arppe-para-galgos-y-podencos.jpg","type":"image\/jpeg"}],"twitter_card":"summary_large_image","twitter_misc":{"Estimated reading time":"1 minute"},"schema":{"@context":"https:\/\/schema.org","@graph":[{"@type":"WebPage","@id":"https:\/\/cienmilhijos.es\/product\/arnes-triple-especial-galgos-y-podencos\/","url":"https:\/\/cienmilhijos.es\/product\/arnes-triple-especial-galgos-y-podencos\/","name":"Arn\u00e9s Nylon Triple Especial Galgos y Podencos - Cien Mil Hijos","isPartOf":{"@id":"https:\/\/cienmilhijos.es\/#website"},"datePublished":"2024-01-03T18:09:09+00:00","dateModified":"2024-01-10T12:05:53+00:00","breadcrumb":{"@id":"https:\/\/cienmilhijos.es\/product\/arnes-triple-especial-galgos-y-podencos\/#breadcrumb"},"inLanguage":"en-GB","potentialAction":[{"@type":"ReadAction","target":["https:\/\/cienmilhijos.es\/product\/arnes-triple-especial-galgos-y-podencos\/"]}]},{"@type":"BreadcrumbList","@id":"https:\/\/cienmilhijos.es\/product\/arnes-triple-especial-galgos-y-podencos\/#breadcrumb","itemListElement":[{"@type":"ListItem","position":1,"name":"Portada","item":"https:\/\/cienmilhijos.es\/"},{"@type":"ListItem","position":2,"name":"Tienda","item":"https:\/\/cienmilhijos.es\/tienda\/"},{"@type":"ListItem","position":3,"name":"Arn\u00e9s Nylon Triple Especial Galgos y Podencos"}]},{"@type":"WebSite","@id":"https:\/\/cienmilhijos.es\/#website","url":"https:\/\/cienmilhijos.es\/","name":"Cien Mil Hijos","description":"Cuidado de animales &amp; tienda de mascotas","publisher":{"@id":"https:\/\/cienmilhijos.es\/#organization"},"potentialAction":[{"@type":"SearchAction","target":{"@type":"EntryPoint","urlTemplate":"https:\/\/cienmilhijos.es\/?s={search_term_string}"},"query-input":"required name=search_term_string"}],"inLanguage":"en-GB"},{"@type":"Organization","@id":"https:\/\/cienmilhijos.es\/#organization","name":"Cien Mil Hijos","url":"https:\/\/cienmilhijos.es\/","logo":{"@type":"ImageObject","inLanguage":"en-GB","@id":"https:\/\/cienmilhijos.es\/#\/schema\/logo\/image\/","url":"https:\/\/cienmilhijos.es\/wp-content\/uploads\/2023\/12\/logo2.png","contentUrl":"https:\/\/cienmilhijos.es\/wp-content\/uploads\/2023\/12\/logo2.png","width":1150,"height":127,"caption":"Cien Mil Hijos"},"image":{"@id":"https:\/\/cienmilhijos.es\/#\/schema\/logo\/image\/"},"sameAs":["https:\/\/www.facebook.com\/cienmilhijosanimales\/?locale=es_ES"]}]}},"_links":{"self":[{"href":"https:\/\/cienmilhijos.es\/en\/wp-json\/wp\/v2\/product\/26900","targetHints":{"allow":["GET"]}}],"collection":[{"href":"https:\/\/cienmilhijos.es\/en\/wp-json\/wp\/v2\/product"}],"about":[{"href":"https:\/\/cienmilhijos.es\/en\/wp-json\/wp\/v2\/types\/product"}],"replies":[{"embeddable":true,"href":"https:\/\/cienmilhijos.es\/en\/wp-json\/wp\/v2\/comments?post=26900"}],"wp:featuredmedia":[{"embeddable":true,"href":"https:\/\/cienmilhijos.es\/en\/wp-json\/wp\/v2\/media\/26901"}],"wp:attachment":[{"href":"https:\/\/cienmilhijos.es\/en\/wp-json\/wp\/v2\/media?parent=26900"}],"wp:term":[{"taxonomy":"product_cat","embeddable":true,"href":"https:\/\/cienmilhijos.es\/en\/wp-json\/wp\/v2\/product_cat?post=26900"},{"taxonomy":"product_tag","embeddable":true,"href":"https:\/\/cienmilhijos.es\/en\/wp-json\/wp\/v2\/product_tag?post=26900"}],"curies":[{"name":"wp","href":"https:\/\/api.w.org\/{rel}","templated":true}]}}