{"id":26837,"date":"2024-01-02T14:34:58","date_gmt":"2024-01-02T14:34:58","guid":{"rendered":"https:\/\/cienmilhijos.es\/?post_type=product&#038;p=26837"},"modified":"2024-01-02T14:34:58","modified_gmt":"2024-01-02T14:34:58","slug":"bolso-bandolera","status":"publish","type":"product","link":"https:\/\/cienmilhijos.es\/en\/product\/bolso-bandolera\/","title":{"rendered":"Bolso Bandolera"},"content":{"rendered":"<p>&nbsp;<\/p>\n<p>El <strong>bolso bandolera<\/strong>\u00a0Ib\u00e1\u00f1ez es ideal para los paseos con\u00a0<strong>perros peque\u00f1os o gatos<\/strong>.<\/p>\n<p>Este bolso le permite dar agradables paseos mientras su mascota disfruta del paisaje, y usted puede tenerla a la vista.<\/p>\n<p>Est\u00e1 confeccionado en gran parte con una malla especial que lo hace\u00a0<strong>muy transpirable<\/strong>. La base donde descansar\u00e1 su mascota est\u00e1 acolchada para un mayor confort.<\/p>\n<p>Su banda ajustable dispone de un bolsillito por si necesita llevar alg\u00fan accesorio peque\u00f1o. Puede quitarse el bolso pas\u00e1ndolo por la cabeza, o desenganchando la banda del clip que tiene en un lado.<\/p>\n<p>El bolso se abre con cremallera. La\u00a0<strong>abertura para la cabeza<\/strong>\u00a0de su perro o gato se puede ajustar mediante un cord\u00f3n. Adem\u00e1s tiene un gancho de seguridad en el interior para sujetarlo al collar de su mascota y que vaya m\u00e1s segura.<\/p>\n<p>Disponible en color:<\/p>\n<p>\u00b7\u00a0<strong>Moka<\/strong>\u00a0en\u00a0<strong>tonos marrones y caf\u00e9 con leche<\/strong>\u00a0(ref. C48240)<\/p>\n<p>Capacidad m\u00e1xima de carga: 5 kg.<\/p>\n<p>Medidas: 50 x 18 x 29 cm.<\/p>","protected":false},"excerpt":{"rendered":"<p>&nbsp; El bolso bandolera\u00a0Ib\u00e1\u00f1ez es ideal para los paseos con\u00a0perros peque\u00f1os o gatos. Este bolso le permite dar agradables paseos mientras su mascota disfruta del paisaje, y usted puede tenerla&hellip;<\/p>","protected":false},"featured_media":26880,"comment_status":"open","ping_status":"closed","template":"","meta":[],"product_cat":[271,272],"product_tag":[],"class_list":["post-26837","product","type-product","status-publish","has-post-thumbnail","hentry","product_cat-articulos-gatos","product_cat-articulos-perros"],"yoast_head":"<!-- This site is optimized with the Yoast SEO plugin v21.6 - https:\/\/yoast.com\/wordpress\/plugins\/seo\/ -->\n<title>Bolso Bandolera - Cien Mil Hijos<\/title>\n<meta name=\"robots\" content=\"index, follow, max-snippet:-1, max-image-preview:large, max-video-preview:-1\" \/>\n<link rel=\"canonical\" href=\"https:\/\/cienmilhijos.es\/en\/product\/bolso-bandolera\/\" \/>\n<meta property=\"og:locale\" content=\"en_GB\" \/>\n<meta property=\"og:type\" content=\"article\" \/>\n<meta property=\"og:title\" content=\"Bolso Bandolera - Cien Mil Hijos\" \/>\n<meta property=\"og:description\" content=\"&nbsp; El bolso bandolera\u00a0Ib\u00e1\u00f1ez es ideal para los paseos con\u00a0perros peque\u00f1os o gatos. Este bolso le permite dar agradables paseos mientras su mascota disfruta del paisaje, y usted puede tenerla&hellip;\" \/>\n<meta property=\"og:url\" content=\"https:\/\/cienmilhijos.es\/en\/product\/bolso-bandolera\/\" \/>\n<meta property=\"og:site_name\" content=\"Cien Mil Hijos\" \/>\n<meta property=\"article:publisher\" content=\"https:\/\/www.facebook.com\/cienmilhijosanimales\/?locale=es_ES\" \/>\n<meta property=\"og:image\" content=\"https:\/\/cienmilhijos.es\/wp-content\/uploads\/2023\/12\/picture_31288_240x240-1.jpg\" \/>\n\t<meta property=\"og:image:width\" content=\"240\" \/>\n\t<meta property=\"og:image:height\" content=\"240\" \/>\n\t<meta property=\"og:image:type\" content=\"image\/jpeg\" \/>\n<meta name=\"twitter:card\" content=\"summary_large_image\" \/>\n<meta name=\"twitter:label1\" content=\"Estimated reading time\" \/>\n\t<meta name=\"twitter:data1\" content=\"1 minute\" \/>\n<script type=\"application\/ld+json\" class=\"yoast-schema-graph\">{\"@context\":\"https:\/\/schema.org\",\"@graph\":[{\"@type\":\"WebPage\",\"@id\":\"https:\/\/cienmilhijos.es\/product\/bolso-bandolera\/\",\"url\":\"https:\/\/cienmilhijos.es\/product\/bolso-bandolera\/\",\"name\":\"Bolso Bandolera - Cien Mil Hijos\",\"isPartOf\":{\"@id\":\"https:\/\/cienmilhijos.es\/#website\"},\"datePublished\":\"2024-01-02T14:34:58+00:00\",\"dateModified\":\"2024-01-02T14:34:58+00:00\",\"breadcrumb\":{\"@id\":\"https:\/\/cienmilhijos.es\/product\/bolso-bandolera\/#breadcrumb\"},\"inLanguage\":\"en-GB\",\"potentialAction\":[{\"@type\":\"ReadAction\",\"target\":[\"https:\/\/cienmilhijos.es\/product\/bolso-bandolera\/\"]}]},{\"@type\":\"BreadcrumbList\",\"@id\":\"https:\/\/cienmilhijos.es\/product\/bolso-bandolera\/#breadcrumb\",\"itemListElement\":[{\"@type\":\"ListItem\",\"position\":1,\"name\":\"Portada\",\"item\":\"https:\/\/cienmilhijos.es\/\"},{\"@type\":\"ListItem\",\"position\":2,\"name\":\"Tienda\",\"item\":\"https:\/\/cienmilhijos.es\/tienda\/\"},{\"@type\":\"ListItem\",\"position\":3,\"name\":\"Bolso Bandolera\"}]},{\"@type\":\"WebSite\",\"@id\":\"https:\/\/cienmilhijos.es\/#website\",\"url\":\"https:\/\/cienmilhijos.es\/\",\"name\":\"Cien Mil Hijos\",\"description\":\"Cuidado de animales &amp; tienda de mascotas\",\"publisher\":{\"@id\":\"https:\/\/cienmilhijos.es\/#organization\"},\"potentialAction\":[{\"@type\":\"SearchAction\",\"target\":{\"@type\":\"EntryPoint\",\"urlTemplate\":\"https:\/\/cienmilhijos.es\/?s={search_term_string}\"},\"query-input\":\"required name=search_term_string\"}],\"inLanguage\":\"en-GB\"},{\"@type\":\"Organization\",\"@id\":\"https:\/\/cienmilhijos.es\/#organization\",\"name\":\"Cien Mil Hijos\",\"url\":\"https:\/\/cienmilhijos.es\/\",\"logo\":{\"@type\":\"ImageObject\",\"inLanguage\":\"en-GB\",\"@id\":\"https:\/\/cienmilhijos.es\/#\/schema\/logo\/image\/\",\"url\":\"https:\/\/cienmilhijos.es\/wp-content\/uploads\/2023\/12\/logo2.png\",\"contentUrl\":\"https:\/\/cienmilhijos.es\/wp-content\/uploads\/2023\/12\/logo2.png\",\"width\":1150,\"height\":127,\"caption\":\"Cien Mil Hijos\"},\"image\":{\"@id\":\"https:\/\/cienmilhijos.es\/#\/schema\/logo\/image\/\"},\"sameAs\":[\"https:\/\/www.facebook.com\/cienmilhijosanimales\/?locale=es_ES\"]}]}<\/script>\n<!-- \/ Yoast SEO plugin. -->","yoast_head_json":{"title":"Bolso Bandolera - Cien Mil Hijos","robots":{"index":"index","follow":"follow","max-snippet":"max-snippet:-1","max-image-preview":"max-image-preview:large","max-video-preview":"max-video-preview:-1"},"canonical":"https:\/\/cienmilhijos.es\/en\/product\/bolso-bandolera\/","og_locale":"en_GB","og_type":"article","og_title":"Bolso Bandolera - Cien Mil Hijos","og_description":"&nbsp; El bolso bandolera\u00a0Ib\u00e1\u00f1ez es ideal para los paseos con\u00a0perros peque\u00f1os o gatos. Este bolso le permite dar agradables paseos mientras su mascota disfruta del paisaje, y usted puede tenerla&hellip;","og_url":"https:\/\/cienmilhijos.es\/en\/product\/bolso-bandolera\/","og_site_name":"Cien Mil Hijos","article_publisher":"https:\/\/www.facebook.com\/cienmilhijosanimales\/?locale=es_ES","og_image":[{"width":240,"height":240,"url":"https:\/\/cienmilhijos.es\/wp-content\/uploads\/2023\/12\/picture_31288_240x240-1.jpg","type":"image\/jpeg"}],"twitter_card":"summary_large_image","twitter_misc":{"Estimated reading time":"1 minute"},"schema":{"@context":"https:\/\/schema.org","@graph":[{"@type":"WebPage","@id":"https:\/\/cienmilhijos.es\/product\/bolso-bandolera\/","url":"https:\/\/cienmilhijos.es\/product\/bolso-bandolera\/","name":"Bolso Bandolera - Cien Mil Hijos","isPartOf":{"@id":"https:\/\/cienmilhijos.es\/#website"},"datePublished":"2024-01-02T14:34:58+00:00","dateModified":"2024-01-02T14:34:58+00:00","breadcrumb":{"@id":"https:\/\/cienmilhijos.es\/product\/bolso-bandolera\/#breadcrumb"},"inLanguage":"en-GB","potentialAction":[{"@type":"ReadAction","target":["https:\/\/cienmilhijos.es\/product\/bolso-bandolera\/"]}]},{"@type":"BreadcrumbList","@id":"https:\/\/cienmilhijos.es\/product\/bolso-bandolera\/#breadcrumb","itemListElement":[{"@type":"ListItem","position":1,"name":"Portada","item":"https:\/\/cienmilhijos.es\/"},{"@type":"ListItem","position":2,"name":"Tienda","item":"https:\/\/cienmilhijos.es\/tienda\/"},{"@type":"ListItem","position":3,"name":"Bolso Bandolera"}]},{"@type":"WebSite","@id":"https:\/\/cienmilhijos.es\/#website","url":"https:\/\/cienmilhijos.es\/","name":"Cien Mil Hijos","description":"Cuidado de animales &amp; tienda de mascotas","publisher":{"@id":"https:\/\/cienmilhijos.es\/#organization"},"potentialAction":[{"@type":"SearchAction","target":{"@type":"EntryPoint","urlTemplate":"https:\/\/cienmilhijos.es\/?s={search_term_string}"},"query-input":"required name=search_term_string"}],"inLanguage":"en-GB"},{"@type":"Organization","@id":"https:\/\/cienmilhijos.es\/#organization","name":"Cien Mil Hijos","url":"https:\/\/cienmilhijos.es\/","logo":{"@type":"ImageObject","inLanguage":"en-GB","@id":"https:\/\/cienmilhijos.es\/#\/schema\/logo\/image\/","url":"https:\/\/cienmilhijos.es\/wp-content\/uploads\/2023\/12\/logo2.png","contentUrl":"https:\/\/cienmilhijos.es\/wp-content\/uploads\/2023\/12\/logo2.png","width":1150,"height":127,"caption":"Cien Mil Hijos"},"image":{"@id":"https:\/\/cienmilhijos.es\/#\/schema\/logo\/image\/"},"sameAs":["https:\/\/www.facebook.com\/cienmilhijosanimales\/?locale=es_ES"]}]}},"_links":{"self":[{"href":"https:\/\/cienmilhijos.es\/en\/wp-json\/wp\/v2\/product\/26837","targetHints":{"allow":["GET"]}}],"collection":[{"href":"https:\/\/cienmilhijos.es\/en\/wp-json\/wp\/v2\/product"}],"about":[{"href":"https:\/\/cienmilhijos.es\/en\/wp-json\/wp\/v2\/types\/product"}],"replies":[{"embeddable":true,"href":"https:\/\/cienmilhijos.es\/en\/wp-json\/wp\/v2\/comments?post=26837"}],"wp:featuredmedia":[{"embeddable":true,"href":"https:\/\/cienmilhijos.es\/en\/wp-json\/wp\/v2\/media\/26880"}],"wp:attachment":[{"href":"https:\/\/cienmilhijos.es\/en\/wp-json\/wp\/v2\/media?parent=26837"}],"wp:term":[{"taxonomy":"product_cat","embeddable":true,"href":"https:\/\/cienmilhijos.es\/en\/wp-json\/wp\/v2\/product_cat?post=26837"},{"taxonomy":"product_tag","embeddable":true,"href":"https:\/\/cienmilhijos.es\/en\/wp-json\/wp\/v2\/product_tag?post=26837"}],"curies":[{"name":"wp","href":"https:\/\/api.w.org\/{rel}","templated":true}]}}