{"id":26798,"date":"2023-12-22T18:13:22","date_gmt":"2023-12-22T18:13:22","guid":{"rendered":"https:\/\/cienmilhijos.es\/?post_type=product&#038;p=26798"},"modified":"2023-12-22T18:13:22","modified_gmt":"2023-12-22T18:13:22","slug":"bozal-cesta-especial-hocicos-chatos","status":"publish","type":"product","link":"https:\/\/cienmilhijos.es\/en\/product\/bozal-cesta-especial-hocicos-chatos\/","title":{"rendered":"Bozal Cesta Especial Hocicos Chatos"},"content":{"rendered":"<div class=\"category-description category-description-top\">\n<div class=\"rte-content\">\n<p>Nuestros\u00a0<strong>bozales<\/strong> est\u00e1n dise\u00f1ados para adaptarse c\u00f3modamente alrededor de la cabeza de su perro sin causar incomodidad o dolor, especialmente para las razas Boxer o con morfolog\u00edas similares de hocicos chatos y anchos.<\/p>\n<p>Fabricados con materiales de primera calidad, la base del bozal esta hecha de pl\u00e1stico\u00a0 duradero y resistentes al desgaste diario. Con tres enganches de cuero, dos laterales y uno frontal para ofrecer la m\u00e1xima comodidad al ajustarlo a la cabeza.<\/p>\n<\/div>\n<\/div>\n<section id=\"products\">\n<div id=\"\">\n<div id=\"js-product-list-top\" class=\"products-selection\">\n<div class=\"row align-items-center justify-content-between small-gutters\">\n<div class=\"col view-switcher\">Disponemos de dos tallas:<\/div>\n<\/div>\n<div>N\u00fam. 4: Longitud del cuello: 65cm (de 55 a 63) Hocico: 7cm. Per\u00edmetro hocico: 37cm<\/div>\n<div>N\u00fam. 5: Longitud del cuello: 72cm ( de 61 a 69) Hocico: 8cm Per\u00edmetro hocico; 40cm<\/div>\n<\/div>\n<\/div>\n<\/section>","protected":false},"excerpt":{"rendered":"<p>Nuestros\u00a0bozales est\u00e1n dise\u00f1ados para adaptarse c\u00f3modamente alrededor de la cabeza de su perro sin causar incomodidad o dolor, especialmente para las razas Boxer o con morfolog\u00edas similares de hocicos chatos&hellip;<\/p>","protected":false},"featured_media":26799,"comment_status":"open","ping_status":"closed","template":"","meta":[],"product_cat":[315],"product_tag":[],"class_list":["post-26798","product","type-product","status-publish","has-post-thumbnail","hentry","product_cat-arneses-y-correas"],"yoast_head":"<!-- This site is optimized with the Yoast SEO plugin v21.6 - https:\/\/yoast.com\/wordpress\/plugins\/seo\/ -->\n<title>Bozal Cesta Especial Hocicos Chatos - Cien Mil Hijos<\/title>\n<meta name=\"robots\" content=\"index, follow, max-snippet:-1, max-image-preview:large, max-video-preview:-1\" \/>\n<link rel=\"canonical\" href=\"https:\/\/cienmilhijos.es\/en\/product\/bozal-cesta-especial-hocicos-chatos\/\" \/>\n<meta property=\"og:locale\" content=\"en_GB\" \/>\n<meta property=\"og:type\" content=\"article\" \/>\n<meta property=\"og:title\" content=\"Bozal Cesta Especial Hocicos Chatos - Cien Mil Hijos\" \/>\n<meta property=\"og:description\" content=\"Nuestros\u00a0bozales est\u00e1n dise\u00f1ados para adaptarse c\u00f3modamente alrededor de la cabeza de su perro sin causar incomodidad o dolor, especialmente para las razas Boxer o con morfolog\u00edas similares de hocicos chatos&hellip;\" \/>\n<meta property=\"og:url\" content=\"https:\/\/cienmilhijos.es\/en\/product\/bozal-cesta-especial-hocicos-chatos\/\" \/>\n<meta property=\"og:site_name\" content=\"Cien Mil Hijos\" \/>\n<meta property=\"article:publisher\" content=\"https:\/\/www.facebook.com\/cienmilhijosanimales\/?locale=es_ES\" \/>\n<meta property=\"og:image\" content=\"https:\/\/cienmilhijos.es\/wp-content\/uploads\/2023\/12\/bozal-boxer-cesta-cuero-n4.jpg\" \/>\n\t<meta property=\"og:image:width\" content=\"250\" \/>\n\t<meta property=\"og:image:height\" content=\"250\" \/>\n\t<meta property=\"og:image:type\" content=\"image\/jpeg\" \/>\n<meta name=\"twitter:card\" content=\"summary_large_image\" \/>\n<meta name=\"twitter:label1\" content=\"Estimated reading time\" \/>\n\t<meta name=\"twitter:data1\" content=\"1 minute\" \/>\n<script type=\"application\/ld+json\" class=\"yoast-schema-graph\">{\"@context\":\"https:\/\/schema.org\",\"@graph\":[{\"@type\":\"WebPage\",\"@id\":\"https:\/\/cienmilhijos.es\/product\/bozal-cesta-especial-hocicos-chatos\/\",\"url\":\"https:\/\/cienmilhijos.es\/product\/bozal-cesta-especial-hocicos-chatos\/\",\"name\":\"Bozal Cesta Especial Hocicos Chatos - Cien Mil Hijos\",\"isPartOf\":{\"@id\":\"https:\/\/cienmilhijos.es\/#website\"},\"datePublished\":\"2023-12-22T18:13:22+00:00\",\"dateModified\":\"2023-12-22T18:13:22+00:00\",\"breadcrumb\":{\"@id\":\"https:\/\/cienmilhijos.es\/product\/bozal-cesta-especial-hocicos-chatos\/#breadcrumb\"},\"inLanguage\":\"en-GB\",\"potentialAction\":[{\"@type\":\"ReadAction\",\"target\":[\"https:\/\/cienmilhijos.es\/product\/bozal-cesta-especial-hocicos-chatos\/\"]}]},{\"@type\":\"BreadcrumbList\",\"@id\":\"https:\/\/cienmilhijos.es\/product\/bozal-cesta-especial-hocicos-chatos\/#breadcrumb\",\"itemListElement\":[{\"@type\":\"ListItem\",\"position\":1,\"name\":\"Portada\",\"item\":\"https:\/\/cienmilhijos.es\/\"},{\"@type\":\"ListItem\",\"position\":2,\"name\":\"Tienda\",\"item\":\"https:\/\/cienmilhijos.es\/tienda\/\"},{\"@type\":\"ListItem\",\"position\":3,\"name\":\"Bozal Cesta Especial Hocicos Chatos\"}]},{\"@type\":\"WebSite\",\"@id\":\"https:\/\/cienmilhijos.es\/#website\",\"url\":\"https:\/\/cienmilhijos.es\/\",\"name\":\"Cien Mil Hijos\",\"description\":\"Cuidado de animales &amp; tienda de mascotas\",\"publisher\":{\"@id\":\"https:\/\/cienmilhijos.es\/#organization\"},\"potentialAction\":[{\"@type\":\"SearchAction\",\"target\":{\"@type\":\"EntryPoint\",\"urlTemplate\":\"https:\/\/cienmilhijos.es\/?s={search_term_string}\"},\"query-input\":\"required name=search_term_string\"}],\"inLanguage\":\"en-GB\"},{\"@type\":\"Organization\",\"@id\":\"https:\/\/cienmilhijos.es\/#organization\",\"name\":\"Cien Mil Hijos\",\"url\":\"https:\/\/cienmilhijos.es\/\",\"logo\":{\"@type\":\"ImageObject\",\"inLanguage\":\"en-GB\",\"@id\":\"https:\/\/cienmilhijos.es\/#\/schema\/logo\/image\/\",\"url\":\"https:\/\/cienmilhijos.es\/wp-content\/uploads\/2023\/12\/logo2.png\",\"contentUrl\":\"https:\/\/cienmilhijos.es\/wp-content\/uploads\/2023\/12\/logo2.png\",\"width\":1150,\"height\":127,\"caption\":\"Cien Mil Hijos\"},\"image\":{\"@id\":\"https:\/\/cienmilhijos.es\/#\/schema\/logo\/image\/\"},\"sameAs\":[\"https:\/\/www.facebook.com\/cienmilhijosanimales\/?locale=es_ES\"]}]}<\/script>\n<!-- \/ Yoast SEO plugin. -->","yoast_head_json":{"title":"Bozal Cesta Especial Hocicos Chatos - Cien Mil Hijos","robots":{"index":"index","follow":"follow","max-snippet":"max-snippet:-1","max-image-preview":"max-image-preview:large","max-video-preview":"max-video-preview:-1"},"canonical":"https:\/\/cienmilhijos.es\/en\/product\/bozal-cesta-especial-hocicos-chatos\/","og_locale":"en_GB","og_type":"article","og_title":"Bozal Cesta Especial Hocicos Chatos - Cien Mil Hijos","og_description":"Nuestros\u00a0bozales est\u00e1n dise\u00f1ados para adaptarse c\u00f3modamente alrededor de la cabeza de su perro sin causar incomodidad o dolor, especialmente para las razas Boxer o con morfolog\u00edas similares de hocicos chatos&hellip;","og_url":"https:\/\/cienmilhijos.es\/en\/product\/bozal-cesta-especial-hocicos-chatos\/","og_site_name":"Cien Mil Hijos","article_publisher":"https:\/\/www.facebook.com\/cienmilhijosanimales\/?locale=es_ES","og_image":[{"width":250,"height":250,"url":"https:\/\/cienmilhijos.es\/wp-content\/uploads\/2023\/12\/bozal-boxer-cesta-cuero-n4.jpg","type":"image\/jpeg"}],"twitter_card":"summary_large_image","twitter_misc":{"Estimated reading time":"1 minute"},"schema":{"@context":"https:\/\/schema.org","@graph":[{"@type":"WebPage","@id":"https:\/\/cienmilhijos.es\/product\/bozal-cesta-especial-hocicos-chatos\/","url":"https:\/\/cienmilhijos.es\/product\/bozal-cesta-especial-hocicos-chatos\/","name":"Bozal Cesta Especial Hocicos Chatos - Cien Mil Hijos","isPartOf":{"@id":"https:\/\/cienmilhijos.es\/#website"},"datePublished":"2023-12-22T18:13:22+00:00","dateModified":"2023-12-22T18:13:22+00:00","breadcrumb":{"@id":"https:\/\/cienmilhijos.es\/product\/bozal-cesta-especial-hocicos-chatos\/#breadcrumb"},"inLanguage":"en-GB","potentialAction":[{"@type":"ReadAction","target":["https:\/\/cienmilhijos.es\/product\/bozal-cesta-especial-hocicos-chatos\/"]}]},{"@type":"BreadcrumbList","@id":"https:\/\/cienmilhijos.es\/product\/bozal-cesta-especial-hocicos-chatos\/#breadcrumb","itemListElement":[{"@type":"ListItem","position":1,"name":"Portada","item":"https:\/\/cienmilhijos.es\/"},{"@type":"ListItem","position":2,"name":"Tienda","item":"https:\/\/cienmilhijos.es\/tienda\/"},{"@type":"ListItem","position":3,"name":"Bozal Cesta Especial Hocicos Chatos"}]},{"@type":"WebSite","@id":"https:\/\/cienmilhijos.es\/#website","url":"https:\/\/cienmilhijos.es\/","name":"Cien Mil Hijos","description":"Cuidado de animales &amp; tienda de mascotas","publisher":{"@id":"https:\/\/cienmilhijos.es\/#organization"},"potentialAction":[{"@type":"SearchAction","target":{"@type":"EntryPoint","urlTemplate":"https:\/\/cienmilhijos.es\/?s={search_term_string}"},"query-input":"required name=search_term_string"}],"inLanguage":"en-GB"},{"@type":"Organization","@id":"https:\/\/cienmilhijos.es\/#organization","name":"Cien Mil Hijos","url":"https:\/\/cienmilhijos.es\/","logo":{"@type":"ImageObject","inLanguage":"en-GB","@id":"https:\/\/cienmilhijos.es\/#\/schema\/logo\/image\/","url":"https:\/\/cienmilhijos.es\/wp-content\/uploads\/2023\/12\/logo2.png","contentUrl":"https:\/\/cienmilhijos.es\/wp-content\/uploads\/2023\/12\/logo2.png","width":1150,"height":127,"caption":"Cien Mil Hijos"},"image":{"@id":"https:\/\/cienmilhijos.es\/#\/schema\/logo\/image\/"},"sameAs":["https:\/\/www.facebook.com\/cienmilhijosanimales\/?locale=es_ES"]}]}},"_links":{"self":[{"href":"https:\/\/cienmilhijos.es\/en\/wp-json\/wp\/v2\/product\/26798","targetHints":{"allow":["GET"]}}],"collection":[{"href":"https:\/\/cienmilhijos.es\/en\/wp-json\/wp\/v2\/product"}],"about":[{"href":"https:\/\/cienmilhijos.es\/en\/wp-json\/wp\/v2\/types\/product"}],"replies":[{"embeddable":true,"href":"https:\/\/cienmilhijos.es\/en\/wp-json\/wp\/v2\/comments?post=26798"}],"wp:featuredmedia":[{"embeddable":true,"href":"https:\/\/cienmilhijos.es\/en\/wp-json\/wp\/v2\/media\/26799"}],"wp:attachment":[{"href":"https:\/\/cienmilhijos.es\/en\/wp-json\/wp\/v2\/media?parent=26798"}],"wp:term":[{"taxonomy":"product_cat","embeddable":true,"href":"https:\/\/cienmilhijos.es\/en\/wp-json\/wp\/v2\/product_cat?post=26798"},{"taxonomy":"product_tag","embeddable":true,"href":"https:\/\/cienmilhijos.es\/en\/wp-json\/wp\/v2\/product_tag?post=26798"}],"curies":[{"name":"wp","href":"https:\/\/api.w.org\/{rel}","templated":true}]}}