{"id":26775,"date":"2023-12-22T11:02:33","date_gmt":"2023-12-22T11:02:33","guid":{"rendered":"https:\/\/cienmilhijos.es\/?post_type=product&#038;p=26775"},"modified":"2024-01-02T14:55:54","modified_gmt":"2024-01-02T14:55:54","slug":"26775","status":"publish","type":"product","link":"https:\/\/cienmilhijos.es\/en\/product\/26775\/","title":{"rendered":"Correa Multiposici\u00f3n Nylon Bandera Espa\u00f1a"},"content":{"rendered":"<p>Cinta de nylon de tacto muy suave, lavable. Ensamblaje cosido. Piezas de hierro cromado. Longitud: 200 cm, anchura 2,5 cm. Uso: 107-137-177 cm, seg\u00fan el punto de ajuste del mosquet\u00f3n.<\/p>\n<p>Color: rayas rojo + amarillo. Bandera de Espa\u00f1a<\/p>\n<p>&nbsp;<\/p>\n<p>Instrucciones de uso<\/p>\n<p>&#8211; Enganche el mosquet\u00f3n al piquete del collar, arn\u00e9s o petral y verifique que ha cogido el asa de forma segura.<\/p>\n<p>&#8211; Inicialmente le recomendamos seleccionar entre las diferentes opciones:<\/p>\n<ul>\n<li>Para un paseo en posici\u00f3n de \u201cjunto\u201d, enganche el mosquet\u00f3n al piquete que est\u00e1 en el extremo de la correa donde se encuentra el mosquet\u00f3n que engancha al collar, arn\u00e9s o petral que lleve su perro. Tenga en cuenta para esta posici\u00f3n, que la cinta de la correa ha de pasar por la anilla grande que hay en el centro de la misma. Colocar la correa cruzada a modo de bandolera. Esta posici\u00f3n es para educar al perro, manteniendo su cabeza cerca de la rodilla del propietario en se\u00f1al de obediencia.<\/li>\n<li>Para utilizar la 2\u00aa opci\u00f3n de paseo, enganche el mosquet\u00f3n en el piquete que se encuentra hacia el otro extremo en la posici\u00f3n intermedia y as\u00ed conseguir\u00e1 m\u00e1s longitud en la misma.<\/li>\n<li>Finalmente, para la 3\u00aa opci\u00f3n, enganche el mosquet\u00f3n a la anilla m\u00e1s lejana al mosquet\u00f3n de anclaje al collar, esto desarrolla un asa para poder agarrar la correa mostrando la longitud m\u00e1xima.<\/li>\n<\/ul>\n<p>Gu\u00eda de tallas<\/p>\n<table border=\"2\" width=\"475\">\n<tbody>\n<tr>\n<th>Largo cm<\/th>\n<th>Ancho cm<\/th>\n<th>Uso cm<\/th>\n<\/tr>\n<tr>\n<td>200<\/td>\n<td>2.5<\/td>\n<td>107 &#8211; 137 &#8211; 177<\/td>\n<\/tr>\n<\/tbody>\n<\/table>","protected":false},"excerpt":{"rendered":"<p>Cinta de nylon de tacto muy suave, lavable. Ensamblaje cosido. Piezas de hierro cromado. Longitud: 200 cm, anchura 2,5 cm. Uso: 107-137-177 cm, seg\u00fan el punto de ajuste del mosquet\u00f3n.&hellip;<\/p>","protected":false},"featured_media":26776,"comment_status":"open","ping_status":"closed","template":"","meta":[],"product_cat":[315],"product_tag":[],"class_list":["post-26775","product","type-product","status-publish","has-post-thumbnail","hentry","product_cat-arneses-y-correas"],"yoast_head":"<!-- This site is optimized with the Yoast SEO plugin v21.6 - https:\/\/yoast.com\/wordpress\/plugins\/seo\/ -->\n<title>Correa Multiposici\u00f3n Nylon Bandera Espa\u00f1a - Cien Mil Hijos<\/title>\n<meta name=\"robots\" content=\"index, follow, max-snippet:-1, max-image-preview:large, max-video-preview:-1\" \/>\n<link rel=\"canonical\" href=\"https:\/\/cienmilhijos.es\/en\/product\/26775\/\" \/>\n<meta property=\"og:locale\" content=\"en_GB\" \/>\n<meta property=\"og:type\" content=\"article\" \/>\n<meta property=\"og:title\" content=\"Correa Multiposici\u00f3n Nylon Bandera Espa\u00f1a - Cien Mil Hijos\" \/>\n<meta property=\"og:description\" content=\"Cinta de nylon de tacto muy suave, lavable. Ensamblaje cosido. Piezas de hierro cromado. Longitud: 200 cm, anchura 2,5 cm. Uso: 107-137-177 cm, seg\u00fan el punto de ajuste del mosquet\u00f3n.&hellip;\" \/>\n<meta property=\"og:url\" content=\"https:\/\/cienmilhijos.es\/en\/product\/26775\/\" \/>\n<meta property=\"og:site_name\" content=\"Cien Mil Hijos\" \/>\n<meta property=\"article:publisher\" content=\"https:\/\/www.facebook.com\/cienmilhijosanimales\/?locale=es_ES\" \/>\n<meta property=\"article:modified_time\" content=\"2024-01-02T14:55:54+00:00\" \/>\n<meta property=\"og:image\" content=\"https:\/\/cienmilhijos.es\/wp-content\/uploads\/2023\/12\/correa-multiposicion-bandera-espana-.jpg\" \/>\n\t<meta property=\"og:image:width\" content=\"800\" \/>\n\t<meta property=\"og:image:height\" content=\"800\" \/>\n\t<meta property=\"og:image:type\" content=\"image\/jpeg\" \/>\n<meta name=\"twitter:card\" content=\"summary_large_image\" \/>\n<meta name=\"twitter:label1\" content=\"Estimated reading time\" \/>\n\t<meta name=\"twitter:data1\" content=\"2 minutes\" \/>\n<script type=\"application\/ld+json\" class=\"yoast-schema-graph\">{\"@context\":\"https:\/\/schema.org\",\"@graph\":[{\"@type\":\"WebPage\",\"@id\":\"https:\/\/cienmilhijos.es\/product\/26775\/\",\"url\":\"https:\/\/cienmilhijos.es\/product\/26775\/\",\"name\":\"Correa Multiposici\u00f3n Nylon Bandera Espa\u00f1a - Cien Mil Hijos\",\"isPartOf\":{\"@id\":\"https:\/\/cienmilhijos.es\/#website\"},\"datePublished\":\"2023-12-22T11:02:33+00:00\",\"dateModified\":\"2024-01-02T14:55:54+00:00\",\"breadcrumb\":{\"@id\":\"https:\/\/cienmilhijos.es\/product\/26775\/#breadcrumb\"},\"inLanguage\":\"en-GB\",\"potentialAction\":[{\"@type\":\"ReadAction\",\"target\":[\"https:\/\/cienmilhijos.es\/product\/26775\/\"]}]},{\"@type\":\"BreadcrumbList\",\"@id\":\"https:\/\/cienmilhijos.es\/product\/26775\/#breadcrumb\",\"itemListElement\":[{\"@type\":\"ListItem\",\"position\":1,\"name\":\"Portada\",\"item\":\"https:\/\/cienmilhijos.es\/\"},{\"@type\":\"ListItem\",\"position\":2,\"name\":\"Tienda\",\"item\":\"https:\/\/cienmilhijos.es\/tienda\/\"},{\"@type\":\"ListItem\",\"position\":3,\"name\":\"Correa Multiposici\u00f3n Nylon Bandera Espa\u00f1a\"}]},{\"@type\":\"WebSite\",\"@id\":\"https:\/\/cienmilhijos.es\/#website\",\"url\":\"https:\/\/cienmilhijos.es\/\",\"name\":\"Cien Mil Hijos\",\"description\":\"Cuidado de animales &amp; tienda de mascotas\",\"publisher\":{\"@id\":\"https:\/\/cienmilhijos.es\/#organization\"},\"potentialAction\":[{\"@type\":\"SearchAction\",\"target\":{\"@type\":\"EntryPoint\",\"urlTemplate\":\"https:\/\/cienmilhijos.es\/?s={search_term_string}\"},\"query-input\":\"required name=search_term_string\"}],\"inLanguage\":\"en-GB\"},{\"@type\":\"Organization\",\"@id\":\"https:\/\/cienmilhijos.es\/#organization\",\"name\":\"Cien Mil Hijos\",\"url\":\"https:\/\/cienmilhijos.es\/\",\"logo\":{\"@type\":\"ImageObject\",\"inLanguage\":\"en-GB\",\"@id\":\"https:\/\/cienmilhijos.es\/#\/schema\/logo\/image\/\",\"url\":\"https:\/\/cienmilhijos.es\/wp-content\/uploads\/2023\/12\/logo2.png\",\"contentUrl\":\"https:\/\/cienmilhijos.es\/wp-content\/uploads\/2023\/12\/logo2.png\",\"width\":1150,\"height\":127,\"caption\":\"Cien Mil Hijos\"},\"image\":{\"@id\":\"https:\/\/cienmilhijos.es\/#\/schema\/logo\/image\/\"},\"sameAs\":[\"https:\/\/www.facebook.com\/cienmilhijosanimales\/?locale=es_ES\"]}]}<\/script>\n<!-- \/ Yoast SEO plugin. -->","yoast_head_json":{"title":"Correa Multiposici\u00f3n Nylon Bandera Espa\u00f1a - Cien Mil Hijos","robots":{"index":"index","follow":"follow","max-snippet":"max-snippet:-1","max-image-preview":"max-image-preview:large","max-video-preview":"max-video-preview:-1"},"canonical":"https:\/\/cienmilhijos.es\/en\/product\/26775\/","og_locale":"en_GB","og_type":"article","og_title":"Correa Multiposici\u00f3n Nylon Bandera Espa\u00f1a - Cien Mil Hijos","og_description":"Cinta de nylon de tacto muy suave, lavable. Ensamblaje cosido. Piezas de hierro cromado. Longitud: 200 cm, anchura 2,5 cm. Uso: 107-137-177 cm, seg\u00fan el punto de ajuste del mosquet\u00f3n.&hellip;","og_url":"https:\/\/cienmilhijos.es\/en\/product\/26775\/","og_site_name":"Cien Mil Hijos","article_publisher":"https:\/\/www.facebook.com\/cienmilhijosanimales\/?locale=es_ES","article_modified_time":"2024-01-02T14:55:54+00:00","og_image":[{"width":800,"height":800,"url":"https:\/\/cienmilhijos.es\/wp-content\/uploads\/2023\/12\/correa-multiposicion-bandera-espana-.jpg","type":"image\/jpeg"}],"twitter_card":"summary_large_image","twitter_misc":{"Estimated reading time":"2 minutes"},"schema":{"@context":"https:\/\/schema.org","@graph":[{"@type":"WebPage","@id":"https:\/\/cienmilhijos.es\/product\/26775\/","url":"https:\/\/cienmilhijos.es\/product\/26775\/","name":"Correa Multiposici\u00f3n Nylon Bandera Espa\u00f1a - Cien Mil Hijos","isPartOf":{"@id":"https:\/\/cienmilhijos.es\/#website"},"datePublished":"2023-12-22T11:02:33+00:00","dateModified":"2024-01-02T14:55:54+00:00","breadcrumb":{"@id":"https:\/\/cienmilhijos.es\/product\/26775\/#breadcrumb"},"inLanguage":"en-GB","potentialAction":[{"@type":"ReadAction","target":["https:\/\/cienmilhijos.es\/product\/26775\/"]}]},{"@type":"BreadcrumbList","@id":"https:\/\/cienmilhijos.es\/product\/26775\/#breadcrumb","itemListElement":[{"@type":"ListItem","position":1,"name":"Portada","item":"https:\/\/cienmilhijos.es\/"},{"@type":"ListItem","position":2,"name":"Tienda","item":"https:\/\/cienmilhijos.es\/tienda\/"},{"@type":"ListItem","position":3,"name":"Correa Multiposici\u00f3n Nylon Bandera Espa\u00f1a"}]},{"@type":"WebSite","@id":"https:\/\/cienmilhijos.es\/#website","url":"https:\/\/cienmilhijos.es\/","name":"Cien Mil Hijos","description":"Cuidado de animales &amp; tienda de mascotas","publisher":{"@id":"https:\/\/cienmilhijos.es\/#organization"},"potentialAction":[{"@type":"SearchAction","target":{"@type":"EntryPoint","urlTemplate":"https:\/\/cienmilhijos.es\/?s={search_term_string}"},"query-input":"required name=search_term_string"}],"inLanguage":"en-GB"},{"@type":"Organization","@id":"https:\/\/cienmilhijos.es\/#organization","name":"Cien Mil Hijos","url":"https:\/\/cienmilhijos.es\/","logo":{"@type":"ImageObject","inLanguage":"en-GB","@id":"https:\/\/cienmilhijos.es\/#\/schema\/logo\/image\/","url":"https:\/\/cienmilhijos.es\/wp-content\/uploads\/2023\/12\/logo2.png","contentUrl":"https:\/\/cienmilhijos.es\/wp-content\/uploads\/2023\/12\/logo2.png","width":1150,"height":127,"caption":"Cien Mil Hijos"},"image":{"@id":"https:\/\/cienmilhijos.es\/#\/schema\/logo\/image\/"},"sameAs":["https:\/\/www.facebook.com\/cienmilhijosanimales\/?locale=es_ES"]}]}},"_links":{"self":[{"href":"https:\/\/cienmilhijos.es\/en\/wp-json\/wp\/v2\/product\/26775","targetHints":{"allow":["GET"]}}],"collection":[{"href":"https:\/\/cienmilhijos.es\/en\/wp-json\/wp\/v2\/product"}],"about":[{"href":"https:\/\/cienmilhijos.es\/en\/wp-json\/wp\/v2\/types\/product"}],"replies":[{"embeddable":true,"href":"https:\/\/cienmilhijos.es\/en\/wp-json\/wp\/v2\/comments?post=26775"}],"wp:featuredmedia":[{"embeddable":true,"href":"https:\/\/cienmilhijos.es\/en\/wp-json\/wp\/v2\/media\/26776"}],"wp:attachment":[{"href":"https:\/\/cienmilhijos.es\/en\/wp-json\/wp\/v2\/media?parent=26775"}],"wp:term":[{"taxonomy":"product_cat","embeddable":true,"href":"https:\/\/cienmilhijos.es\/en\/wp-json\/wp\/v2\/product_cat?post=26775"},{"taxonomy":"product_tag","embeddable":true,"href":"https:\/\/cienmilhijos.es\/en\/wp-json\/wp\/v2\/product_tag?post=26775"}],"curies":[{"name":"wp","href":"https:\/\/api.w.org\/{rel}","templated":true}]}}