{"id":26743,"date":"2023-12-21T09:50:31","date_gmt":"2023-12-21T09:50:31","guid":{"rendered":"https:\/\/cienmilhijos.es\/?post_type=product&#038;p=26743"},"modified":"2023-12-21T09:51:50","modified_gmt":"2023-12-21T09:51:50","slug":"huesos-de-calcio-rellenos-de-cordero-reutilizables-para-rellenar-con-pate","status":"publish","type":"product","link":"https:\/\/cienmilhijos.es\/en\/product\/huesos-de-calcio-rellenos-de-cordero-reutilizables-para-rellenar-con-pate\/","title":{"rendered":"Huesos de Calcio Rellenos de Cordero. -Reutilizables para Rellenar con Pate-"},"content":{"rendered":"<p>Con este delicioso snack de Dibo tu perro se entretendr\u00e1 al mismo tiempo que cuidar\u00e1 su salud bucal. Estos poseen una dosis elevada de calcio beneficiosa para promover unos dientes sanos y fuertes. Los huesos se encuentran rellenos con un relleno exquisito que animar\u00e1 a los perros a masticar. No tengas remordimientos al ofrecerle este tentempi\u00e9 entre horas a tu perro, ya que este producto elaborado en Alemania no presenta aditivos. Estos huesos tambi\u00e9n son apto para aquellos perros con intolerancias o alergias a ciertos alimentos, ya que se han secado al aire.<\/p>\n<p>Producto reutilizable para rellenarlo con pat\u00e9 y que siga la diversi\u00f3n!<\/p>\n<p><b>Caracter\u00edsticas:<\/b><\/p>\n<ul>\n<li>Sanck para perros de cualquier raza y tama\u00f1o<\/li>\n<li>Perfecto para perros ocn intolerancias o alergias a ciertos alimentos<\/li>\n<li>Fabricado en Alemania<\/li>\n<li><b>Contenido de calcio alto:<\/b>\u00a0promueve unos dientes sanos y fuertes<\/li>\n<li><b>Relleno exquisito<\/b><\/li>\n<li><b>Completamente natural:<\/b>\u00a0libre de aditivos<\/li>\n<li>Divertir\u00e1 y entretendr\u00e1 a tu peludo durante horas<\/li>\n<li>Secado al aire<\/li>\n<li>Las medidas pueden variar al ser un producto natural<\/li>\n<\/ul>","protected":false},"excerpt":{"rendered":"<p>Con este delicioso snack de Dibo tu perro se entretendr\u00e1 al mismo tiempo que cuidar\u00e1 su salud bucal. Estos poseen una dosis elevada de calcio beneficiosa para promover unos dientes&hellip;<\/p>","protected":false},"featured_media":26744,"comment_status":"open","ping_status":"closed","template":"","meta":[],"product_cat":[251],"product_tag":[],"class_list":["post-26743","product","type-product","status-publish","has-post-thumbnail","hentry","product_cat-perros"],"yoast_head":"<!-- This site is optimized with the Yoast SEO plugin v21.6 - https:\/\/yoast.com\/wordpress\/plugins\/seo\/ -->\n<title>Huesos de Calcio Rellenos de Cordero. -Reutilizables para Rellenar con Pate- Cien Mil Hijos<\/title>\n<meta name=\"robots\" content=\"index, follow, max-snippet:-1, max-image-preview:large, max-video-preview:-1\" \/>\n<link rel=\"canonical\" href=\"https:\/\/cienmilhijos.es\/en\/product\/huesos-de-calcio-rellenos-de-cordero-reutilizables-para-rellenar-con-pate\/\" \/>\n<meta property=\"og:locale\" content=\"en_GB\" \/>\n<meta property=\"og:type\" content=\"article\" \/>\n<meta property=\"og:title\" content=\"Huesos de Calcio Rellenos de Cordero. -Reutilizables para Rellenar con Pate- Cien Mil Hijos\" \/>\n<meta property=\"og:description\" content=\"Con este delicioso snack de Dibo tu perro se entretendr\u00e1 al mismo tiempo que cuidar\u00e1 su salud bucal. Estos poseen una dosis elevada de calcio beneficiosa para promover unos dientes&hellip;\" \/>\n<meta property=\"og:url\" content=\"https:\/\/cienmilhijos.es\/en\/product\/huesos-de-calcio-rellenos-de-cordero-reutilizables-para-rellenar-con-pate\/\" \/>\n<meta property=\"og:site_name\" content=\"Cien Mil Hijos\" \/>\n<meta property=\"article:publisher\" content=\"https:\/\/www.facebook.com\/cienmilhijosanimales\/?locale=es_ES\" \/>\n<meta property=\"article:modified_time\" content=\"2023-12-21T09:51:50+00:00\" \/>\n<meta property=\"og:image\" content=\"https:\/\/cienmilhijos.es\/wp-content\/uploads\/2023\/12\/63098_PLA_Dibo_Gefuellter_Markknochen_200g_6.jpg\" \/>\n\t<meta property=\"og:image:width\" content=\"400\" \/>\n\t<meta property=\"og:image:height\" content=\"400\" \/>\n\t<meta property=\"og:image:type\" content=\"image\/jpeg\" \/>\n<meta name=\"twitter:card\" content=\"summary_large_image\" \/>\n<meta name=\"twitter:label1\" content=\"Estimated reading time\" \/>\n\t<meta name=\"twitter:data1\" content=\"1 minute\" \/>\n<script type=\"application\/ld+json\" class=\"yoast-schema-graph\">{\"@context\":\"https:\/\/schema.org\",\"@graph\":[{\"@type\":\"WebPage\",\"@id\":\"https:\/\/cienmilhijos.es\/product\/huesos-de-calcio-rellenos-de-cordero-reutilizables-para-rellenar-con-pate\/\",\"url\":\"https:\/\/cienmilhijos.es\/product\/huesos-de-calcio-rellenos-de-cordero-reutilizables-para-rellenar-con-pate\/\",\"name\":\"Huesos de Calcio Rellenos de Cordero. -Reutilizables para Rellenar con Pate- Cien Mil Hijos\",\"isPartOf\":{\"@id\":\"https:\/\/cienmilhijos.es\/#website\"},\"datePublished\":\"2023-12-21T09:50:31+00:00\",\"dateModified\":\"2023-12-21T09:51:50+00:00\",\"breadcrumb\":{\"@id\":\"https:\/\/cienmilhijos.es\/product\/huesos-de-calcio-rellenos-de-cordero-reutilizables-para-rellenar-con-pate\/#breadcrumb\"},\"inLanguage\":\"en-GB\",\"potentialAction\":[{\"@type\":\"ReadAction\",\"target\":[\"https:\/\/cienmilhijos.es\/product\/huesos-de-calcio-rellenos-de-cordero-reutilizables-para-rellenar-con-pate\/\"]}]},{\"@type\":\"BreadcrumbList\",\"@id\":\"https:\/\/cienmilhijos.es\/product\/huesos-de-calcio-rellenos-de-cordero-reutilizables-para-rellenar-con-pate\/#breadcrumb\",\"itemListElement\":[{\"@type\":\"ListItem\",\"position\":1,\"name\":\"Portada\",\"item\":\"https:\/\/cienmilhijos.es\/\"},{\"@type\":\"ListItem\",\"position\":2,\"name\":\"Tienda\",\"item\":\"https:\/\/cienmilhijos.es\/tienda\/\"},{\"@type\":\"ListItem\",\"position\":3,\"name\":\"Huesos de Calcio Rellenos de Cordero. -Reutilizables para Rellenar con Pate-\"}]},{\"@type\":\"WebSite\",\"@id\":\"https:\/\/cienmilhijos.es\/#website\",\"url\":\"https:\/\/cienmilhijos.es\/\",\"name\":\"Cien Mil Hijos\",\"description\":\"Cuidado de animales &amp; tienda de mascotas\",\"publisher\":{\"@id\":\"https:\/\/cienmilhijos.es\/#organization\"},\"potentialAction\":[{\"@type\":\"SearchAction\",\"target\":{\"@type\":\"EntryPoint\",\"urlTemplate\":\"https:\/\/cienmilhijos.es\/?s={search_term_string}\"},\"query-input\":\"required name=search_term_string\"}],\"inLanguage\":\"en-GB\"},{\"@type\":\"Organization\",\"@id\":\"https:\/\/cienmilhijos.es\/#organization\",\"name\":\"Cien Mil Hijos\",\"url\":\"https:\/\/cienmilhijos.es\/\",\"logo\":{\"@type\":\"ImageObject\",\"inLanguage\":\"en-GB\",\"@id\":\"https:\/\/cienmilhijos.es\/#\/schema\/logo\/image\/\",\"url\":\"https:\/\/cienmilhijos.es\/wp-content\/uploads\/2023\/12\/logo2.png\",\"contentUrl\":\"https:\/\/cienmilhijos.es\/wp-content\/uploads\/2023\/12\/logo2.png\",\"width\":1150,\"height\":127,\"caption\":\"Cien Mil Hijos\"},\"image\":{\"@id\":\"https:\/\/cienmilhijos.es\/#\/schema\/logo\/image\/\"},\"sameAs\":[\"https:\/\/www.facebook.com\/cienmilhijosanimales\/?locale=es_ES\"]}]}<\/script>\n<!-- \/ Yoast SEO plugin. -->","yoast_head_json":{"title":"Huesos de Calcio Rellenos de Cordero. -Reutilizables para Rellenar con Pate- Cien Mil Hijos","robots":{"index":"index","follow":"follow","max-snippet":"max-snippet:-1","max-image-preview":"max-image-preview:large","max-video-preview":"max-video-preview:-1"},"canonical":"https:\/\/cienmilhijos.es\/en\/product\/huesos-de-calcio-rellenos-de-cordero-reutilizables-para-rellenar-con-pate\/","og_locale":"en_GB","og_type":"article","og_title":"Huesos de Calcio Rellenos de Cordero. -Reutilizables para Rellenar con Pate- Cien Mil Hijos","og_description":"Con este delicioso snack de Dibo tu perro se entretendr\u00e1 al mismo tiempo que cuidar\u00e1 su salud bucal. Estos poseen una dosis elevada de calcio beneficiosa para promover unos dientes&hellip;","og_url":"https:\/\/cienmilhijos.es\/en\/product\/huesos-de-calcio-rellenos-de-cordero-reutilizables-para-rellenar-con-pate\/","og_site_name":"Cien Mil Hijos","article_publisher":"https:\/\/www.facebook.com\/cienmilhijosanimales\/?locale=es_ES","article_modified_time":"2023-12-21T09:51:50+00:00","og_image":[{"width":400,"height":400,"url":"https:\/\/cienmilhijos.es\/wp-content\/uploads\/2023\/12\/63098_PLA_Dibo_Gefuellter_Markknochen_200g_6.jpg","type":"image\/jpeg"}],"twitter_card":"summary_large_image","twitter_misc":{"Estimated reading time":"1 minute"},"schema":{"@context":"https:\/\/schema.org","@graph":[{"@type":"WebPage","@id":"https:\/\/cienmilhijos.es\/product\/huesos-de-calcio-rellenos-de-cordero-reutilizables-para-rellenar-con-pate\/","url":"https:\/\/cienmilhijos.es\/product\/huesos-de-calcio-rellenos-de-cordero-reutilizables-para-rellenar-con-pate\/","name":"Huesos de Calcio Rellenos de Cordero. -Reutilizables para Rellenar con Pate- Cien Mil Hijos","isPartOf":{"@id":"https:\/\/cienmilhijos.es\/#website"},"datePublished":"2023-12-21T09:50:31+00:00","dateModified":"2023-12-21T09:51:50+00:00","breadcrumb":{"@id":"https:\/\/cienmilhijos.es\/product\/huesos-de-calcio-rellenos-de-cordero-reutilizables-para-rellenar-con-pate\/#breadcrumb"},"inLanguage":"en-GB","potentialAction":[{"@type":"ReadAction","target":["https:\/\/cienmilhijos.es\/product\/huesos-de-calcio-rellenos-de-cordero-reutilizables-para-rellenar-con-pate\/"]}]},{"@type":"BreadcrumbList","@id":"https:\/\/cienmilhijos.es\/product\/huesos-de-calcio-rellenos-de-cordero-reutilizables-para-rellenar-con-pate\/#breadcrumb","itemListElement":[{"@type":"ListItem","position":1,"name":"Portada","item":"https:\/\/cienmilhijos.es\/"},{"@type":"ListItem","position":2,"name":"Tienda","item":"https:\/\/cienmilhijos.es\/tienda\/"},{"@type":"ListItem","position":3,"name":"Huesos de Calcio Rellenos de Cordero. -Reutilizables para Rellenar con Pate-"}]},{"@type":"WebSite","@id":"https:\/\/cienmilhijos.es\/#website","url":"https:\/\/cienmilhijos.es\/","name":"Cien Mil Hijos","description":"Cuidado de animales &amp; tienda de mascotas","publisher":{"@id":"https:\/\/cienmilhijos.es\/#organization"},"potentialAction":[{"@type":"SearchAction","target":{"@type":"EntryPoint","urlTemplate":"https:\/\/cienmilhijos.es\/?s={search_term_string}"},"query-input":"required name=search_term_string"}],"inLanguage":"en-GB"},{"@type":"Organization","@id":"https:\/\/cienmilhijos.es\/#organization","name":"Cien Mil Hijos","url":"https:\/\/cienmilhijos.es\/","logo":{"@type":"ImageObject","inLanguage":"en-GB","@id":"https:\/\/cienmilhijos.es\/#\/schema\/logo\/image\/","url":"https:\/\/cienmilhijos.es\/wp-content\/uploads\/2023\/12\/logo2.png","contentUrl":"https:\/\/cienmilhijos.es\/wp-content\/uploads\/2023\/12\/logo2.png","width":1150,"height":127,"caption":"Cien Mil Hijos"},"image":{"@id":"https:\/\/cienmilhijos.es\/#\/schema\/logo\/image\/"},"sameAs":["https:\/\/www.facebook.com\/cienmilhijosanimales\/?locale=es_ES"]}]}},"_links":{"self":[{"href":"https:\/\/cienmilhijos.es\/en\/wp-json\/wp\/v2\/product\/26743","targetHints":{"allow":["GET"]}}],"collection":[{"href":"https:\/\/cienmilhijos.es\/en\/wp-json\/wp\/v2\/product"}],"about":[{"href":"https:\/\/cienmilhijos.es\/en\/wp-json\/wp\/v2\/types\/product"}],"replies":[{"embeddable":true,"href":"https:\/\/cienmilhijos.es\/en\/wp-json\/wp\/v2\/comments?post=26743"}],"wp:featuredmedia":[{"embeddable":true,"href":"https:\/\/cienmilhijos.es\/en\/wp-json\/wp\/v2\/media\/26744"}],"wp:attachment":[{"href":"https:\/\/cienmilhijos.es\/en\/wp-json\/wp\/v2\/media?parent=26743"}],"wp:term":[{"taxonomy":"product_cat","embeddable":true,"href":"https:\/\/cienmilhijos.es\/en\/wp-json\/wp\/v2\/product_cat?post=26743"},{"taxonomy":"product_tag","embeddable":true,"href":"https:\/\/cienmilhijos.es\/en\/wp-json\/wp\/v2\/product_tag?post=26743"}],"curies":[{"name":"wp","href":"https:\/\/api.w.org\/{rel}","templated":true}]}}