{"id":26710,"date":"2024-01-03T17:08:30","date_gmt":"2024-01-03T17:08:30","guid":{"rendered":"https:\/\/cienmilhijos.es\/?post_type=product&#038;p=26710"},"modified":"2024-01-03T18:18:39","modified_gmt":"2024-01-03T18:18:39","slug":"correa-basicas-nylon","status":"publish","type":"product","link":"https:\/\/cienmilhijos.es\/en\/product\/correa-basicas-nylon\/","title":{"rendered":"Correas B\u00e1sicas Nylon"},"content":{"rendered":"<p>La opci\u00f3n mas escogida por miles de propietarios para disfrutar de los paseos con sus mascotas<br \/>\nSe trata de una correa b\u00e1sica de Nylon, de diferentes grosores, para adaptarse al tama\u00f1o y la potencia de\u00a0 tu perro.<\/p>\n<p>Las piezas que componen el extremo de esta correa es met\u00e1lico, de hierro cromado.<\/p>\n<p>VENTAJAS:<\/p>\n<p>Material antideslizante, duradero y resistente.<\/p>\n<p>F\u00e1cil de limpiar.<\/p>\n<p>100% nylon.<\/p>\n<p>Disponible en varios tama\u00f1os:<\/p>\n<p>talla S : 1 cm x 120 cm.<\/p>\n<p>talla M: 1.5 cm x 120 cm.<\/p>\n<p>Talla L: 2 cm x 1m<\/p>\n<p>Talla XL: 2.5cm x 1cm<\/p>\n<p>&nbsp;<\/p>\n<p>&nbsp;<\/p>","protected":false},"excerpt":{"rendered":"<p>La opci\u00f3n mas escogida por miles de propietarios para disfrutar de los paseos con sus mascotas Se trata de una correa b\u00e1sica de Nylon, de diferentes grosores, para adaptarse al&hellip;<\/p>","protected":false},"featured_media":26895,"comment_status":"open","ping_status":"closed","template":"","meta":[],"product_cat":[315],"product_tag":[],"class_list":["post-26710","product","type-product","status-publish","has-post-thumbnail","hentry","product_cat-arneses-y-correas"],"yoast_head":"<!-- This site is optimized with the Yoast SEO plugin v21.6 - https:\/\/yoast.com\/wordpress\/plugins\/seo\/ -->\n<title>Correas B\u00e1sicas Nylon - Cien Mil Hijos<\/title>\n<meta name=\"robots\" content=\"index, follow, max-snippet:-1, max-image-preview:large, max-video-preview:-1\" \/>\n<link rel=\"canonical\" href=\"https:\/\/cienmilhijos.es\/en\/product\/correa-basicas-nylon\/\" \/>\n<meta property=\"og:locale\" content=\"en_GB\" \/>\n<meta property=\"og:type\" content=\"article\" \/>\n<meta property=\"og:title\" content=\"Correas B\u00e1sicas Nylon - Cien Mil Hijos\" \/>\n<meta property=\"og:description\" content=\"La opci\u00f3n mas escogida por miles de propietarios para disfrutar de los paseos con sus mascotas Se trata de una correa b\u00e1sica de Nylon, de diferentes grosores, para adaptarse al&hellip;\" \/>\n<meta property=\"og:url\" content=\"https:\/\/cienmilhijos.es\/en\/product\/correa-basicas-nylon\/\" \/>\n<meta property=\"og:site_name\" content=\"Cien Mil Hijos\" \/>\n<meta property=\"article:publisher\" content=\"https:\/\/www.facebook.com\/cienmilhijosanimales\/?locale=es_ES\" \/>\n<meta property=\"article:modified_time\" content=\"2024-01-03T18:18:39+00:00\" \/>\n<meta property=\"og:image\" content=\"https:\/\/cienmilhijos.es\/wp-content\/uploads\/2024\/01\/correa-arppe-nylon-basic-turquesa-120-mto-de-largo.jpg\" \/>\n\t<meta property=\"og:image:width\" content=\"800\" \/>\n\t<meta property=\"og:image:height\" content=\"800\" \/>\n\t<meta property=\"og:image:type\" content=\"image\/jpeg\" \/>\n<meta name=\"twitter:card\" content=\"summary_large_image\" \/>\n<meta name=\"twitter:label1\" content=\"Estimated reading time\" \/>\n\t<meta name=\"twitter:data1\" content=\"1 minute\" \/>\n<script type=\"application\/ld+json\" class=\"yoast-schema-graph\">{\"@context\":\"https:\/\/schema.org\",\"@graph\":[{\"@type\":\"WebPage\",\"@id\":\"https:\/\/cienmilhijos.es\/product\/correa-basicas-nylon\/\",\"url\":\"https:\/\/cienmilhijos.es\/product\/correa-basicas-nylon\/\",\"name\":\"Correas B\u00e1sicas Nylon - Cien Mil Hijos\",\"isPartOf\":{\"@id\":\"https:\/\/cienmilhijos.es\/#website\"},\"datePublished\":\"2024-01-03T17:08:30+00:00\",\"dateModified\":\"2024-01-03T18:18:39+00:00\",\"breadcrumb\":{\"@id\":\"https:\/\/cienmilhijos.es\/product\/correa-basicas-nylon\/#breadcrumb\"},\"inLanguage\":\"en-GB\",\"potentialAction\":[{\"@type\":\"ReadAction\",\"target\":[\"https:\/\/cienmilhijos.es\/product\/correa-basicas-nylon\/\"]}]},{\"@type\":\"BreadcrumbList\",\"@id\":\"https:\/\/cienmilhijos.es\/product\/correa-basicas-nylon\/#breadcrumb\",\"itemListElement\":[{\"@type\":\"ListItem\",\"position\":1,\"name\":\"Portada\",\"item\":\"https:\/\/cienmilhijos.es\/\"},{\"@type\":\"ListItem\",\"position\":2,\"name\":\"Tienda\",\"item\":\"https:\/\/cienmilhijos.es\/tienda\/\"},{\"@type\":\"ListItem\",\"position\":3,\"name\":\"Correas B\u00e1sicas Nylon\"}]},{\"@type\":\"WebSite\",\"@id\":\"https:\/\/cienmilhijos.es\/#website\",\"url\":\"https:\/\/cienmilhijos.es\/\",\"name\":\"Cien Mil Hijos\",\"description\":\"Cuidado de animales &amp; tienda de mascotas\",\"publisher\":{\"@id\":\"https:\/\/cienmilhijos.es\/#organization\"},\"potentialAction\":[{\"@type\":\"SearchAction\",\"target\":{\"@type\":\"EntryPoint\",\"urlTemplate\":\"https:\/\/cienmilhijos.es\/?s={search_term_string}\"},\"query-input\":\"required name=search_term_string\"}],\"inLanguage\":\"en-GB\"},{\"@type\":\"Organization\",\"@id\":\"https:\/\/cienmilhijos.es\/#organization\",\"name\":\"Cien Mil Hijos\",\"url\":\"https:\/\/cienmilhijos.es\/\",\"logo\":{\"@type\":\"ImageObject\",\"inLanguage\":\"en-GB\",\"@id\":\"https:\/\/cienmilhijos.es\/#\/schema\/logo\/image\/\",\"url\":\"https:\/\/cienmilhijos.es\/wp-content\/uploads\/2023\/12\/logo2.png\",\"contentUrl\":\"https:\/\/cienmilhijos.es\/wp-content\/uploads\/2023\/12\/logo2.png\",\"width\":1150,\"height\":127,\"caption\":\"Cien Mil Hijos\"},\"image\":{\"@id\":\"https:\/\/cienmilhijos.es\/#\/schema\/logo\/image\/\"},\"sameAs\":[\"https:\/\/www.facebook.com\/cienmilhijosanimales\/?locale=es_ES\"]}]}<\/script>\n<!-- \/ Yoast SEO plugin. -->","yoast_head_json":{"title":"Correas B\u00e1sicas Nylon - Cien Mil Hijos","robots":{"index":"index","follow":"follow","max-snippet":"max-snippet:-1","max-image-preview":"max-image-preview:large","max-video-preview":"max-video-preview:-1"},"canonical":"https:\/\/cienmilhijos.es\/en\/product\/correa-basicas-nylon\/","og_locale":"en_GB","og_type":"article","og_title":"Correas B\u00e1sicas Nylon - Cien Mil Hijos","og_description":"La opci\u00f3n mas escogida por miles de propietarios para disfrutar de los paseos con sus mascotas Se trata de una correa b\u00e1sica de Nylon, de diferentes grosores, para adaptarse al&hellip;","og_url":"https:\/\/cienmilhijos.es\/en\/product\/correa-basicas-nylon\/","og_site_name":"Cien Mil Hijos","article_publisher":"https:\/\/www.facebook.com\/cienmilhijosanimales\/?locale=es_ES","article_modified_time":"2024-01-03T18:18:39+00:00","og_image":[{"width":800,"height":800,"url":"https:\/\/cienmilhijos.es\/wp-content\/uploads\/2024\/01\/correa-arppe-nylon-basic-turquesa-120-mto-de-largo.jpg","type":"image\/jpeg"}],"twitter_card":"summary_large_image","twitter_misc":{"Estimated reading time":"1 minute"},"schema":{"@context":"https:\/\/schema.org","@graph":[{"@type":"WebPage","@id":"https:\/\/cienmilhijos.es\/product\/correa-basicas-nylon\/","url":"https:\/\/cienmilhijos.es\/product\/correa-basicas-nylon\/","name":"Correas B\u00e1sicas Nylon - Cien Mil Hijos","isPartOf":{"@id":"https:\/\/cienmilhijos.es\/#website"},"datePublished":"2024-01-03T17:08:30+00:00","dateModified":"2024-01-03T18:18:39+00:00","breadcrumb":{"@id":"https:\/\/cienmilhijos.es\/product\/correa-basicas-nylon\/#breadcrumb"},"inLanguage":"en-GB","potentialAction":[{"@type":"ReadAction","target":["https:\/\/cienmilhijos.es\/product\/correa-basicas-nylon\/"]}]},{"@type":"BreadcrumbList","@id":"https:\/\/cienmilhijos.es\/product\/correa-basicas-nylon\/#breadcrumb","itemListElement":[{"@type":"ListItem","position":1,"name":"Portada","item":"https:\/\/cienmilhijos.es\/"},{"@type":"ListItem","position":2,"name":"Tienda","item":"https:\/\/cienmilhijos.es\/tienda\/"},{"@type":"ListItem","position":3,"name":"Correas B\u00e1sicas Nylon"}]},{"@type":"WebSite","@id":"https:\/\/cienmilhijos.es\/#website","url":"https:\/\/cienmilhijos.es\/","name":"Cien Mil Hijos","description":"Cuidado de animales &amp; tienda de mascotas","publisher":{"@id":"https:\/\/cienmilhijos.es\/#organization"},"potentialAction":[{"@type":"SearchAction","target":{"@type":"EntryPoint","urlTemplate":"https:\/\/cienmilhijos.es\/?s={search_term_string}"},"query-input":"required name=search_term_string"}],"inLanguage":"en-GB"},{"@type":"Organization","@id":"https:\/\/cienmilhijos.es\/#organization","name":"Cien Mil Hijos","url":"https:\/\/cienmilhijos.es\/","logo":{"@type":"ImageObject","inLanguage":"en-GB","@id":"https:\/\/cienmilhijos.es\/#\/schema\/logo\/image\/","url":"https:\/\/cienmilhijos.es\/wp-content\/uploads\/2023\/12\/logo2.png","contentUrl":"https:\/\/cienmilhijos.es\/wp-content\/uploads\/2023\/12\/logo2.png","width":1150,"height":127,"caption":"Cien Mil Hijos"},"image":{"@id":"https:\/\/cienmilhijos.es\/#\/schema\/logo\/image\/"},"sameAs":["https:\/\/www.facebook.com\/cienmilhijosanimales\/?locale=es_ES"]}]}},"_links":{"self":[{"href":"https:\/\/cienmilhijos.es\/en\/wp-json\/wp\/v2\/product\/26710","targetHints":{"allow":["GET"]}}],"collection":[{"href":"https:\/\/cienmilhijos.es\/en\/wp-json\/wp\/v2\/product"}],"about":[{"href":"https:\/\/cienmilhijos.es\/en\/wp-json\/wp\/v2\/types\/product"}],"replies":[{"embeddable":true,"href":"https:\/\/cienmilhijos.es\/en\/wp-json\/wp\/v2\/comments?post=26710"}],"wp:featuredmedia":[{"embeddable":true,"href":"https:\/\/cienmilhijos.es\/en\/wp-json\/wp\/v2\/media\/26895"}],"wp:attachment":[{"href":"https:\/\/cienmilhijos.es\/en\/wp-json\/wp\/v2\/media?parent=26710"}],"wp:term":[{"taxonomy":"product_cat","embeddable":true,"href":"https:\/\/cienmilhijos.es\/en\/wp-json\/wp\/v2\/product_cat?post=26710"},{"taxonomy":"product_tag","embeddable":true,"href":"https:\/\/cienmilhijos.es\/en\/wp-json\/wp\/v2\/product_tag?post=26710"}],"curies":[{"name":"wp","href":"https:\/\/api.w.org\/{rel}","templated":true}]}}