{"id":26690,"date":"2023-12-19T09:47:42","date_gmt":"2023-12-19T09:47:42","guid":{"rendered":"https:\/\/cienmilhijos.es\/?post_type=product&#038;p=26690"},"modified":"2023-12-19T09:47:43","modified_gmt":"2023-12-19T09:47:43","slug":"percha-de-lima-con-aporte-de-calcio","status":"publish","type":"product","link":"https:\/\/cienmilhijos.es\/en\/product\/percha-de-lima-con-aporte-de-calcio\/","title":{"rendered":"Percha de Lima con aporte de Calcio"},"content":{"rendered":"<div class=\"description-and-detail mt-3\">\n<div class=\"row details collapsible-xs active\">\n<div id=\"collapsible-details-1\" class=\"col-sm-12 value content\">\n<h2>Percha para filar el pico y las u\u00f1as de las aves<\/h2>\n<p>Estas perchas de lija con calcio son<strong>\u00a0indispensables para cuidar la salud de tu p\u00e1jaro<\/strong>. Las limas\u00a0<strong>ayudan a mantener el pico y las u\u00f1as en perfectas condiciones\u00a0<\/strong>evitando crecimientos excesivos y malformaciones. Cuando las u\u00f1as de los p\u00e1jaros que viven en jaulas no se desgastan debido a su crecimiento r\u00e1pido pueden causar un gran dolor al p\u00e1jaro.\u00a0<strong>Gracias al calcio que llevan sirven de suplemento mineral para los huesos\u00a0<\/strong>y tambi\u00e9n son \u00fatiles para el buche o molleja de las aves pues los granos de arena ayudar\u00e1n a triturar mejor el alimento.<\/p>\n<p>Percha para limar u\u00f1as y pico en todo tipo de aves, con un aporte de calcio.<\/p>\n<p>Gracias a una palometa puede instalarse en cualquier jaula entre los barrotes. Es un producto de excelente calidad alemana.<\/p>\n<p>Disponible en tres tama\u00f1os (peque\u00f1a, mediana y grande).<\/p>\n<table class=\"TAtable\" border=\"1\" cellspacing=\"1\" cellpadding=\"1\">\n<thead>\n<tr>\n<th scope=\"row\">TAMA\u00d1O<\/th>\n<th scope=\"col\">MEDIDAS<\/th>\n<\/tr>\n<\/thead>\n<tbody>\n<tr>\n<th scope=\"row\">S<\/th>\n<td>13,7 cms largo x 2,5 cms \u00d8<\/td>\n<\/tr>\n<tr>\n<th scope=\"row\">M<\/th>\n<td>22,5 cms largo x 3,5 cms \u00d8<\/td>\n<\/tr>\n<tr>\n<th scope=\"row\">L<\/th>\n<td>25,8 cms largo x 4 cms \u00d8 (Soporta 2 kg)<\/td>\n<\/tr>\n<\/tbody>\n<\/table>\n<\/div>\n<\/div>\n<\/div>\n<div class=\"NETREVIEWS_PRODUCT_REVIEWS\" data-product-id=\"FLA17006_M\">\n<div id=\"netreviews_reviews_tab\">\n<div id=\"netreviews_rating_section\">\n<div class=\"netreviews_rating_content\">\n<div class=\"netreviews_global_rating\"><\/div>\n<\/div>\n<\/div>\n<\/div>\n<\/div>","protected":false},"excerpt":{"rendered":"<p>Percha para filar el pico y las u\u00f1as de las aves Estas perchas de lija con calcio son\u00a0indispensables para cuidar la salud de tu p\u00e1jaro. Las limas\u00a0ayudan a mantener el&hellip;<\/p>","protected":false},"featured_media":26691,"comment_status":"open","ping_status":"closed","template":"","meta":[],"product_cat":[253],"product_tag":[],"class_list":["post-26690","product","type-product","status-publish","has-post-thumbnail","hentry","product_cat-para-pajaros"],"yoast_head":"<!-- This site is optimized with the Yoast SEO plugin v21.6 - https:\/\/yoast.com\/wordpress\/plugins\/seo\/ -->\n<title>Percha de Lima con aporte de Calcio - Cien Mil Hijos<\/title>\n<meta name=\"robots\" content=\"index, follow, max-snippet:-1, max-image-preview:large, max-video-preview:-1\" \/>\n<link rel=\"canonical\" href=\"https:\/\/cienmilhijos.es\/en\/product\/percha-de-lima-con-aporte-de-calcio\/\" \/>\n<meta property=\"og:locale\" content=\"en_GB\" \/>\n<meta property=\"og:type\" content=\"article\" \/>\n<meta property=\"og:title\" content=\"Percha de Lima con aporte de Calcio - Cien Mil Hijos\" \/>\n<meta property=\"og:description\" content=\"Percha para filar el pico y las u\u00f1as de las aves Estas perchas de lija con calcio son\u00a0indispensables para cuidar la salud de tu p\u00e1jaro. Las limas\u00a0ayudan a mantener el&hellip;\" \/>\n<meta property=\"og:url\" content=\"https:\/\/cienmilhijos.es\/en\/product\/percha-de-lima-con-aporte-de-calcio\/\" \/>\n<meta property=\"og:site_name\" content=\"Cien Mil Hijos\" \/>\n<meta property=\"article:publisher\" content=\"https:\/\/www.facebook.com\/cienmilhijosanimales\/?locale=es_ES\" \/>\n<meta property=\"article:modified_time\" content=\"2023-12-19T09:47:43+00:00\" \/>\n<meta property=\"og:image\" content=\"https:\/\/cienmilhijos.es\/wp-content\/uploads\/2023\/12\/accesorio_aves_flamingo_percha_calcio_lima_FLA17006_M.jpg\" \/>\n\t<meta property=\"og:image:width\" content=\"780\" \/>\n\t<meta property=\"og:image:height\" content=\"780\" \/>\n\t<meta property=\"og:image:type\" content=\"image\/jpeg\" \/>\n<meta name=\"twitter:card\" content=\"summary_large_image\" \/>\n<meta name=\"twitter:label1\" content=\"Estimated reading time\" \/>\n\t<meta name=\"twitter:data1\" content=\"1 minute\" \/>\n<script type=\"application\/ld+json\" class=\"yoast-schema-graph\">{\"@context\":\"https:\/\/schema.org\",\"@graph\":[{\"@type\":\"WebPage\",\"@id\":\"https:\/\/cienmilhijos.es\/product\/percha-de-lima-con-aporte-de-calcio\/\",\"url\":\"https:\/\/cienmilhijos.es\/product\/percha-de-lima-con-aporte-de-calcio\/\",\"name\":\"Percha de Lima con aporte de Calcio - Cien Mil Hijos\",\"isPartOf\":{\"@id\":\"https:\/\/cienmilhijos.es\/#website\"},\"datePublished\":\"2023-12-19T09:47:42+00:00\",\"dateModified\":\"2023-12-19T09:47:43+00:00\",\"breadcrumb\":{\"@id\":\"https:\/\/cienmilhijos.es\/product\/percha-de-lima-con-aporte-de-calcio\/#breadcrumb\"},\"inLanguage\":\"en-GB\",\"potentialAction\":[{\"@type\":\"ReadAction\",\"target\":[\"https:\/\/cienmilhijos.es\/product\/percha-de-lima-con-aporte-de-calcio\/\"]}]},{\"@type\":\"BreadcrumbList\",\"@id\":\"https:\/\/cienmilhijos.es\/product\/percha-de-lima-con-aporte-de-calcio\/#breadcrumb\",\"itemListElement\":[{\"@type\":\"ListItem\",\"position\":1,\"name\":\"Portada\",\"item\":\"https:\/\/cienmilhijos.es\/\"},{\"@type\":\"ListItem\",\"position\":2,\"name\":\"Tienda\",\"item\":\"https:\/\/cienmilhijos.es\/tienda\/\"},{\"@type\":\"ListItem\",\"position\":3,\"name\":\"Percha de Lima con aporte de Calcio\"}]},{\"@type\":\"WebSite\",\"@id\":\"https:\/\/cienmilhijos.es\/#website\",\"url\":\"https:\/\/cienmilhijos.es\/\",\"name\":\"Cien Mil Hijos\",\"description\":\"Cuidado de animales &amp; tienda de mascotas\",\"publisher\":{\"@id\":\"https:\/\/cienmilhijos.es\/#organization\"},\"potentialAction\":[{\"@type\":\"SearchAction\",\"target\":{\"@type\":\"EntryPoint\",\"urlTemplate\":\"https:\/\/cienmilhijos.es\/?s={search_term_string}\"},\"query-input\":\"required name=search_term_string\"}],\"inLanguage\":\"en-GB\"},{\"@type\":\"Organization\",\"@id\":\"https:\/\/cienmilhijos.es\/#organization\",\"name\":\"Cien Mil Hijos\",\"url\":\"https:\/\/cienmilhijos.es\/\",\"logo\":{\"@type\":\"ImageObject\",\"inLanguage\":\"en-GB\",\"@id\":\"https:\/\/cienmilhijos.es\/#\/schema\/logo\/image\/\",\"url\":\"https:\/\/cienmilhijos.es\/wp-content\/uploads\/2023\/12\/logo2.png\",\"contentUrl\":\"https:\/\/cienmilhijos.es\/wp-content\/uploads\/2023\/12\/logo2.png\",\"width\":1150,\"height\":127,\"caption\":\"Cien Mil Hijos\"},\"image\":{\"@id\":\"https:\/\/cienmilhijos.es\/#\/schema\/logo\/image\/\"},\"sameAs\":[\"https:\/\/www.facebook.com\/cienmilhijosanimales\/?locale=es_ES\"]}]}<\/script>\n<!-- \/ Yoast SEO plugin. -->","yoast_head_json":{"title":"Percha de Lima con aporte de Calcio - Cien Mil Hijos","robots":{"index":"index","follow":"follow","max-snippet":"max-snippet:-1","max-image-preview":"max-image-preview:large","max-video-preview":"max-video-preview:-1"},"canonical":"https:\/\/cienmilhijos.es\/en\/product\/percha-de-lima-con-aporte-de-calcio\/","og_locale":"en_GB","og_type":"article","og_title":"Percha de Lima con aporte de Calcio - Cien Mil Hijos","og_description":"Percha para filar el pico y las u\u00f1as de las aves Estas perchas de lija con calcio son\u00a0indispensables para cuidar la salud de tu p\u00e1jaro. Las limas\u00a0ayudan a mantener el&hellip;","og_url":"https:\/\/cienmilhijos.es\/en\/product\/percha-de-lima-con-aporte-de-calcio\/","og_site_name":"Cien Mil Hijos","article_publisher":"https:\/\/www.facebook.com\/cienmilhijosanimales\/?locale=es_ES","article_modified_time":"2023-12-19T09:47:43+00:00","og_image":[{"width":780,"height":780,"url":"https:\/\/cienmilhijos.es\/wp-content\/uploads\/2023\/12\/accesorio_aves_flamingo_percha_calcio_lima_FLA17006_M.jpg","type":"image\/jpeg"}],"twitter_card":"summary_large_image","twitter_misc":{"Estimated reading time":"1 minute"},"schema":{"@context":"https:\/\/schema.org","@graph":[{"@type":"WebPage","@id":"https:\/\/cienmilhijos.es\/product\/percha-de-lima-con-aporte-de-calcio\/","url":"https:\/\/cienmilhijos.es\/product\/percha-de-lima-con-aporte-de-calcio\/","name":"Percha de Lima con aporte de Calcio - Cien Mil Hijos","isPartOf":{"@id":"https:\/\/cienmilhijos.es\/#website"},"datePublished":"2023-12-19T09:47:42+00:00","dateModified":"2023-12-19T09:47:43+00:00","breadcrumb":{"@id":"https:\/\/cienmilhijos.es\/product\/percha-de-lima-con-aporte-de-calcio\/#breadcrumb"},"inLanguage":"en-GB","potentialAction":[{"@type":"ReadAction","target":["https:\/\/cienmilhijos.es\/product\/percha-de-lima-con-aporte-de-calcio\/"]}]},{"@type":"BreadcrumbList","@id":"https:\/\/cienmilhijos.es\/product\/percha-de-lima-con-aporte-de-calcio\/#breadcrumb","itemListElement":[{"@type":"ListItem","position":1,"name":"Portada","item":"https:\/\/cienmilhijos.es\/"},{"@type":"ListItem","position":2,"name":"Tienda","item":"https:\/\/cienmilhijos.es\/tienda\/"},{"@type":"ListItem","position":3,"name":"Percha de Lima con aporte de Calcio"}]},{"@type":"WebSite","@id":"https:\/\/cienmilhijos.es\/#website","url":"https:\/\/cienmilhijos.es\/","name":"Cien Mil Hijos","description":"Cuidado de animales &amp; tienda de mascotas","publisher":{"@id":"https:\/\/cienmilhijos.es\/#organization"},"potentialAction":[{"@type":"SearchAction","target":{"@type":"EntryPoint","urlTemplate":"https:\/\/cienmilhijos.es\/?s={search_term_string}"},"query-input":"required name=search_term_string"}],"inLanguage":"en-GB"},{"@type":"Organization","@id":"https:\/\/cienmilhijos.es\/#organization","name":"Cien Mil Hijos","url":"https:\/\/cienmilhijos.es\/","logo":{"@type":"ImageObject","inLanguage":"en-GB","@id":"https:\/\/cienmilhijos.es\/#\/schema\/logo\/image\/","url":"https:\/\/cienmilhijos.es\/wp-content\/uploads\/2023\/12\/logo2.png","contentUrl":"https:\/\/cienmilhijos.es\/wp-content\/uploads\/2023\/12\/logo2.png","width":1150,"height":127,"caption":"Cien Mil Hijos"},"image":{"@id":"https:\/\/cienmilhijos.es\/#\/schema\/logo\/image\/"},"sameAs":["https:\/\/www.facebook.com\/cienmilhijosanimales\/?locale=es_ES"]}]}},"_links":{"self":[{"href":"https:\/\/cienmilhijos.es\/en\/wp-json\/wp\/v2\/product\/26690","targetHints":{"allow":["GET"]}}],"collection":[{"href":"https:\/\/cienmilhijos.es\/en\/wp-json\/wp\/v2\/product"}],"about":[{"href":"https:\/\/cienmilhijos.es\/en\/wp-json\/wp\/v2\/types\/product"}],"replies":[{"embeddable":true,"href":"https:\/\/cienmilhijos.es\/en\/wp-json\/wp\/v2\/comments?post=26690"}],"wp:featuredmedia":[{"embeddable":true,"href":"https:\/\/cienmilhijos.es\/en\/wp-json\/wp\/v2\/media\/26691"}],"wp:attachment":[{"href":"https:\/\/cienmilhijos.es\/en\/wp-json\/wp\/v2\/media?parent=26690"}],"wp:term":[{"taxonomy":"product_cat","embeddable":true,"href":"https:\/\/cienmilhijos.es\/en\/wp-json\/wp\/v2\/product_cat?post=26690"},{"taxonomy":"product_tag","embeddable":true,"href":"https:\/\/cienmilhijos.es\/en\/wp-json\/wp\/v2\/product_tag?post=26690"}],"curies":[{"name":"wp","href":"https:\/\/api.w.org\/{rel}","templated":true}]}}