{"id":26668,"date":"2023-12-18T11:57:07","date_gmt":"2023-12-18T11:57:07","guid":{"rendered":"https:\/\/cienmilhijos.es\/?post_type=product&#038;p=26668"},"modified":"2023-12-18T11:57:08","modified_gmt":"2023-12-18T11:57:08","slug":"optimum-conejo-baby","status":"publish","type":"product","link":"https:\/\/cienmilhijos.es\/en\/product\/optimum-conejo-baby\/","title":{"rendered":"Optimum Conejo Baby"},"content":{"rendered":"<p><strong>Alimento<\/strong>\u00a0para\u00a0<strong>conejos beb\u00e9s<\/strong>\u00a0con nutrientes y oligoelementos esenciales para un correcto desarrollo y crecimiento de cualquier raza de conejo baby. Aporta gran cantidad de Omega-3 y Omega-6 para fortalecer el coraz\u00f3n y proteger su salud. Adem\u00e1s, favorece el cuidado de la dentadura y enc\u00edas apoyando el desgaste producido por los mordiscos. Aporta un extra de malta para reducir la expulsi\u00f3n de bolas de pelo. Con suplementos nutricionales que aportar\u00e1n mejoras al sistema inmunitario a fin de aumentar la resistencia y condiciones f\u00edsicas de los conejos beb\u00e9s.<\/p>\n<h3><strong>Ventajas Kiki Optimum Conejos Baby<\/strong><\/h3>\n<ul>\n<li>Alto contenido en nutrientes premium y oligoelementos.<\/li>\n<li>Contiene Omega 3 y Omega 6 que facilitar\u00e1n un coraz\u00f3n fuerte y mejor salud.<\/li>\n<li>Tratamiento dental para favorecer unas enc\u00edas y dientes cuidados y sanos.<\/li>\n<li>Favorece la expulsi\u00f3n de las bolas de pelo del est\u00f3mago.<\/li>\n<li>Mejora la resistencia y condici\u00f3n f\u00edsica con un aporte extra al sistema inmunitario del conejo.<\/li>\n<\/ul>\n<p>Una\u00a0<strong>alimentaci\u00f3n premium<\/strong>\u00a0aportar\u00e1\u00a0<strong>salud<\/strong>\u00a0y longevidad a tu mascota. Los conejos baby ser\u00e1n alimentados con un pienso especial y que cubrir\u00e1 todas las necesidades f\u00edsicas y nutricionales de estos cari\u00f1osos roedores. Una comida formulada\u00a0con\u00a0<strong>ingredientes naturales<\/strong>, un contenido adecuado en\u00a0<strong>fibra<\/strong>\u00a0y con ingredientes avanzados para un\u00a0<strong>correcto desarrollo y mantenimiento de los conejos baby<\/strong>.<\/p>\n<p><strong>Composici\u00f3n<\/strong><\/p>\n<p>Ingredientes:\u00a0Cereales, germen de trigo, zanahorias, alfalfa, subproductos vegetales, extractos de acetites naturales y minerales.<\/p>\n<p>Envase 800gr<\/p>","protected":false},"excerpt":{"rendered":"<p>Alimento\u00a0para\u00a0conejos beb\u00e9s\u00a0con nutrientes y oligoelementos esenciales para un correcto desarrollo y crecimiento de cualquier raza de conejo baby. Aporta gran cantidad de Omega-3 y Omega-6 para fortalecer el coraz\u00f3n y&hellip;<\/p>","protected":false},"featured_media":26669,"comment_status":"open","ping_status":"closed","template":"","meta":[],"product_cat":[255],"product_tag":[],"class_list":["post-26668","product","type-product","status-publish","has-post-thumbnail","hentry","product_cat-conejos-o-cobayas"],"yoast_head":"<!-- This site is optimized with the Yoast SEO plugin v21.6 - https:\/\/yoast.com\/wordpress\/plugins\/seo\/ -->\n<title>Optimum Conejo Baby - Cien Mil Hijos<\/title>\n<meta name=\"robots\" content=\"index, follow, max-snippet:-1, max-image-preview:large, max-video-preview:-1\" \/>\n<link rel=\"canonical\" href=\"https:\/\/cienmilhijos.es\/en\/product\/optimum-conejo-baby\/\" \/>\n<meta property=\"og:locale\" content=\"en_GB\" \/>\n<meta property=\"og:type\" content=\"article\" \/>\n<meta property=\"og:title\" content=\"Optimum Conejo Baby - Cien Mil Hijos\" \/>\n<meta property=\"og:description\" content=\"Alimento\u00a0para\u00a0conejos beb\u00e9s\u00a0con nutrientes y oligoelementos esenciales para un correcto desarrollo y crecimiento de cualquier raza de conejo baby. Aporta gran cantidad de Omega-3 y Omega-6 para fortalecer el coraz\u00f3n y&hellip;\" \/>\n<meta property=\"og:url\" content=\"https:\/\/cienmilhijos.es\/en\/product\/optimum-conejo-baby\/\" \/>\n<meta property=\"og:site_name\" content=\"Cien Mil Hijos\" \/>\n<meta property=\"article:publisher\" content=\"https:\/\/www.facebook.com\/cienmilhijosanimales\/?locale=es_ES\" \/>\n<meta property=\"article:modified_time\" content=\"2023-12-18T11:57:08+00:00\" \/>\n<meta property=\"og:image\" content=\"https:\/\/cienmilhijos.es\/wp-content\/uploads\/2023\/12\/descarga-6-1.jpg\" \/>\n\t<meta property=\"og:image:width\" content=\"92\" \/>\n\t<meta property=\"og:image:height\" content=\"92\" \/>\n\t<meta property=\"og:image:type\" content=\"image\/jpeg\" \/>\n<meta name=\"twitter:card\" content=\"summary_large_image\" \/>\n<meta name=\"twitter:label1\" content=\"Estimated reading time\" \/>\n\t<meta name=\"twitter:data1\" content=\"2 minutes\" \/>\n<script type=\"application\/ld+json\" class=\"yoast-schema-graph\">{\"@context\":\"https:\/\/schema.org\",\"@graph\":[{\"@type\":\"WebPage\",\"@id\":\"https:\/\/cienmilhijos.es\/product\/optimum-conejo-baby\/\",\"url\":\"https:\/\/cienmilhijos.es\/product\/optimum-conejo-baby\/\",\"name\":\"Optimum Conejo Baby - Cien Mil Hijos\",\"isPartOf\":{\"@id\":\"https:\/\/cienmilhijos.es\/#website\"},\"datePublished\":\"2023-12-18T11:57:07+00:00\",\"dateModified\":\"2023-12-18T11:57:08+00:00\",\"breadcrumb\":{\"@id\":\"https:\/\/cienmilhijos.es\/product\/optimum-conejo-baby\/#breadcrumb\"},\"inLanguage\":\"en-GB\",\"potentialAction\":[{\"@type\":\"ReadAction\",\"target\":[\"https:\/\/cienmilhijos.es\/product\/optimum-conejo-baby\/\"]}]},{\"@type\":\"BreadcrumbList\",\"@id\":\"https:\/\/cienmilhijos.es\/product\/optimum-conejo-baby\/#breadcrumb\",\"itemListElement\":[{\"@type\":\"ListItem\",\"position\":1,\"name\":\"Portada\",\"item\":\"https:\/\/cienmilhijos.es\/\"},{\"@type\":\"ListItem\",\"position\":2,\"name\":\"Tienda\",\"item\":\"https:\/\/cienmilhijos.es\/tienda\/\"},{\"@type\":\"ListItem\",\"position\":3,\"name\":\"Optimum Conejo Baby\"}]},{\"@type\":\"WebSite\",\"@id\":\"https:\/\/cienmilhijos.es\/#website\",\"url\":\"https:\/\/cienmilhijos.es\/\",\"name\":\"Cien Mil Hijos\",\"description\":\"Cuidado de animales &amp; tienda de mascotas\",\"publisher\":{\"@id\":\"https:\/\/cienmilhijos.es\/#organization\"},\"potentialAction\":[{\"@type\":\"SearchAction\",\"target\":{\"@type\":\"EntryPoint\",\"urlTemplate\":\"https:\/\/cienmilhijos.es\/?s={search_term_string}\"},\"query-input\":\"required name=search_term_string\"}],\"inLanguage\":\"en-GB\"},{\"@type\":\"Organization\",\"@id\":\"https:\/\/cienmilhijos.es\/#organization\",\"name\":\"Cien Mil Hijos\",\"url\":\"https:\/\/cienmilhijos.es\/\",\"logo\":{\"@type\":\"ImageObject\",\"inLanguage\":\"en-GB\",\"@id\":\"https:\/\/cienmilhijos.es\/#\/schema\/logo\/image\/\",\"url\":\"https:\/\/cienmilhijos.es\/wp-content\/uploads\/2023\/12\/logo2.png\",\"contentUrl\":\"https:\/\/cienmilhijos.es\/wp-content\/uploads\/2023\/12\/logo2.png\",\"width\":1150,\"height\":127,\"caption\":\"Cien Mil Hijos\"},\"image\":{\"@id\":\"https:\/\/cienmilhijos.es\/#\/schema\/logo\/image\/\"},\"sameAs\":[\"https:\/\/www.facebook.com\/cienmilhijosanimales\/?locale=es_ES\"]}]}<\/script>\n<!-- \/ Yoast SEO plugin. -->","yoast_head_json":{"title":"Optimum Conejo Baby - Cien Mil Hijos","robots":{"index":"index","follow":"follow","max-snippet":"max-snippet:-1","max-image-preview":"max-image-preview:large","max-video-preview":"max-video-preview:-1"},"canonical":"https:\/\/cienmilhijos.es\/en\/product\/optimum-conejo-baby\/","og_locale":"en_GB","og_type":"article","og_title":"Optimum Conejo Baby - Cien Mil Hijos","og_description":"Alimento\u00a0para\u00a0conejos beb\u00e9s\u00a0con nutrientes y oligoelementos esenciales para un correcto desarrollo y crecimiento de cualquier raza de conejo baby. Aporta gran cantidad de Omega-3 y Omega-6 para fortalecer el coraz\u00f3n y&hellip;","og_url":"https:\/\/cienmilhijos.es\/en\/product\/optimum-conejo-baby\/","og_site_name":"Cien Mil Hijos","article_publisher":"https:\/\/www.facebook.com\/cienmilhijosanimales\/?locale=es_ES","article_modified_time":"2023-12-18T11:57:08+00:00","og_image":[{"width":92,"height":92,"url":"https:\/\/cienmilhijos.es\/wp-content\/uploads\/2023\/12\/descarga-6-1.jpg","type":"image\/jpeg"}],"twitter_card":"summary_large_image","twitter_misc":{"Estimated reading time":"2 minutes"},"schema":{"@context":"https:\/\/schema.org","@graph":[{"@type":"WebPage","@id":"https:\/\/cienmilhijos.es\/product\/optimum-conejo-baby\/","url":"https:\/\/cienmilhijos.es\/product\/optimum-conejo-baby\/","name":"Optimum Conejo Baby - Cien Mil Hijos","isPartOf":{"@id":"https:\/\/cienmilhijos.es\/#website"},"datePublished":"2023-12-18T11:57:07+00:00","dateModified":"2023-12-18T11:57:08+00:00","breadcrumb":{"@id":"https:\/\/cienmilhijos.es\/product\/optimum-conejo-baby\/#breadcrumb"},"inLanguage":"en-GB","potentialAction":[{"@type":"ReadAction","target":["https:\/\/cienmilhijos.es\/product\/optimum-conejo-baby\/"]}]},{"@type":"BreadcrumbList","@id":"https:\/\/cienmilhijos.es\/product\/optimum-conejo-baby\/#breadcrumb","itemListElement":[{"@type":"ListItem","position":1,"name":"Portada","item":"https:\/\/cienmilhijos.es\/"},{"@type":"ListItem","position":2,"name":"Tienda","item":"https:\/\/cienmilhijos.es\/tienda\/"},{"@type":"ListItem","position":3,"name":"Optimum Conejo Baby"}]},{"@type":"WebSite","@id":"https:\/\/cienmilhijos.es\/#website","url":"https:\/\/cienmilhijos.es\/","name":"Cien Mil Hijos","description":"Cuidado de animales &amp; tienda de mascotas","publisher":{"@id":"https:\/\/cienmilhijos.es\/#organization"},"potentialAction":[{"@type":"SearchAction","target":{"@type":"EntryPoint","urlTemplate":"https:\/\/cienmilhijos.es\/?s={search_term_string}"},"query-input":"required name=search_term_string"}],"inLanguage":"en-GB"},{"@type":"Organization","@id":"https:\/\/cienmilhijos.es\/#organization","name":"Cien Mil Hijos","url":"https:\/\/cienmilhijos.es\/","logo":{"@type":"ImageObject","inLanguage":"en-GB","@id":"https:\/\/cienmilhijos.es\/#\/schema\/logo\/image\/","url":"https:\/\/cienmilhijos.es\/wp-content\/uploads\/2023\/12\/logo2.png","contentUrl":"https:\/\/cienmilhijos.es\/wp-content\/uploads\/2023\/12\/logo2.png","width":1150,"height":127,"caption":"Cien Mil Hijos"},"image":{"@id":"https:\/\/cienmilhijos.es\/#\/schema\/logo\/image\/"},"sameAs":["https:\/\/www.facebook.com\/cienmilhijosanimales\/?locale=es_ES"]}]}},"_links":{"self":[{"href":"https:\/\/cienmilhijos.es\/en\/wp-json\/wp\/v2\/product\/26668","targetHints":{"allow":["GET"]}}],"collection":[{"href":"https:\/\/cienmilhijos.es\/en\/wp-json\/wp\/v2\/product"}],"about":[{"href":"https:\/\/cienmilhijos.es\/en\/wp-json\/wp\/v2\/types\/product"}],"replies":[{"embeddable":true,"href":"https:\/\/cienmilhijos.es\/en\/wp-json\/wp\/v2\/comments?post=26668"}],"wp:featuredmedia":[{"embeddable":true,"href":"https:\/\/cienmilhijos.es\/en\/wp-json\/wp\/v2\/media\/26669"}],"wp:attachment":[{"href":"https:\/\/cienmilhijos.es\/en\/wp-json\/wp\/v2\/media?parent=26668"}],"wp:term":[{"taxonomy":"product_cat","embeddable":true,"href":"https:\/\/cienmilhijos.es\/en\/wp-json\/wp\/v2\/product_cat?post=26668"},{"taxonomy":"product_tag","embeddable":true,"href":"https:\/\/cienmilhijos.es\/en\/wp-json\/wp\/v2\/product_tag?post=26668"}],"curies":[{"name":"wp","href":"https:\/\/api.w.org\/{rel}","templated":true}]}}