{"id":26661,"date":"2023-12-18T11:22:45","date_gmt":"2023-12-18T11:22:45","guid":{"rendered":"https:\/\/cienmilhijos.es\/?post_type=product&#038;p=26661"},"modified":"2023-12-18T11:22:46","modified_gmt":"2023-12-18T11:22:46","slug":"empapadores-absorbentes-desechables","status":"publish","type":"product","link":"https:\/\/cienmilhijos.es\/en\/product\/empapadores-absorbentes-desechables\/","title":{"rendered":"Empapadores Absorbentes Desechables"},"content":{"rendered":"<h2>Alfombra absorbente<\/h2>\n<p>Te presentamos este empapador higi\u00e9nico para perros. Es muy importante ayudar a tu cachorro, as\u00ed como a tu perro adulto a la hora de educarlos a hacer sus necesidades en el sitio adecuado ya que los cachorros no tienen claro d\u00f3nde hacer sus necesidades y las mascotas adultas pueden tener necesidades de desplazamiento.<\/p>\n<p>Gracias al material con que es fabricado,\u00a0<strong>tiene una gran capacidad de absorci\u00f3n<\/strong>\u00a0que absorber\u00e1 la humedad y mantendr\u00e1 seco el lugar donde tu mascota orina. Adem\u00e1s,\u00a0<strong>es antideslizante<\/strong>\u00a0para que no se mueva mientras tu gran amigo lo usa.<\/p>\n<p>&nbsp;<\/p>\n<p><strong>VENTAJAS:<\/strong><\/p>\n<ul>\n<li>Podr\u00e1s educar a tu cachorro a hacer sus necesidades siempre en el lugar que le corresponda.<\/li>\n<li>A tu mascota adulta podr\u00e1s ayudarlo a hacer sus necesidades sin tener que desplazarse en gran medida.<\/li>\n<li>Gran capacidad de absorci\u00f3n.<\/li>\n<li>A la hora de limpiar es mucho m\u00e1s f\u00e1cil.<\/li>\n<li>Protege el suelo de da\u00f1os.<\/li>\n<li>Absorber\u00e1 todos los fluidos.<\/li>\n<li>Es antideslizante.<\/li>\n<\/ul>\n<p><strong>USO Y ESPECIFICACIONES:<\/strong><\/p>\n<ul>\n<li>Empapador para perros desechables<\/li>\n<li>Ideal para usar en interiores.<\/li>\n<li>10 alfombras por paquete<\/li>\n<\/ul>\n<p><strong>Material:<\/strong><\/p>\n<ul>\n<li>Poli\u00e9ster.<\/li>\n<\/ul>\n<p><strong>Medidas:<\/strong><\/p>\n<ul>\n<li>S: 45 cm x 35 cm.<\/li>\n<li>L: 90 cm x 60 cm.<\/li>\n<\/ul>","protected":false},"excerpt":{"rendered":"<p>Alfombra absorbente Te presentamos este empapador higi\u00e9nico para perros. Es muy importante ayudar a tu cachorro, as\u00ed como a tu perro adulto a la hora de educarlos a hacer sus&hellip;<\/p>","protected":false},"featured_media":26664,"comment_status":"open","ping_status":"closed","template":"","meta":[],"product_cat":[271,272],"product_tag":[],"class_list":["post-26661","product","type-product","status-publish","has-post-thumbnail","hentry","product_cat-articulos-gatos","product_cat-articulos-perros"],"yoast_head":"<!-- This site is optimized with the Yoast SEO plugin v21.6 - https:\/\/yoast.com\/wordpress\/plugins\/seo\/ -->\n<title>Empapadores Absorbentes Desechables - Cien Mil Hijos<\/title>\n<meta name=\"robots\" content=\"index, follow, max-snippet:-1, max-image-preview:large, max-video-preview:-1\" \/>\n<link rel=\"canonical\" href=\"https:\/\/cienmilhijos.es\/en\/product\/empapadores-absorbentes-desechables\/\" \/>\n<meta property=\"og:locale\" content=\"en_GB\" \/>\n<meta property=\"og:type\" content=\"article\" \/>\n<meta property=\"og:title\" content=\"Empapadores Absorbentes Desechables - Cien Mil Hijos\" \/>\n<meta property=\"og:description\" content=\"Alfombra absorbente Te presentamos este empapador higi\u00e9nico para perros. Es muy importante ayudar a tu cachorro, as\u00ed como a tu perro adulto a la hora de educarlos a hacer sus&hellip;\" \/>\n<meta property=\"og:url\" content=\"https:\/\/cienmilhijos.es\/en\/product\/empapadores-absorbentes-desechables\/\" \/>\n<meta property=\"og:site_name\" content=\"Cien Mil Hijos\" \/>\n<meta property=\"article:publisher\" content=\"https:\/\/www.facebook.com\/cienmilhijosanimales\/?locale=es_ES\" \/>\n<meta property=\"article:modified_time\" content=\"2023-12-18T11:22:46+00:00\" \/>\n<meta property=\"og:image\" content=\"https:\/\/cienmilhijos.es\/wp-content\/uploads\/2023\/12\/images-3-1.jpg\" \/>\n\t<meta property=\"og:image:width\" content=\"204\" \/>\n\t<meta property=\"og:image:height\" content=\"192\" \/>\n\t<meta property=\"og:image:type\" content=\"image\/jpeg\" \/>\n<meta name=\"twitter:card\" content=\"summary_large_image\" \/>\n<meta name=\"twitter:label1\" content=\"Estimated reading time\" \/>\n\t<meta name=\"twitter:data1\" content=\"1 minute\" \/>\n<script type=\"application\/ld+json\" class=\"yoast-schema-graph\">{\"@context\":\"https:\/\/schema.org\",\"@graph\":[{\"@type\":\"WebPage\",\"@id\":\"https:\/\/cienmilhijos.es\/product\/empapadores-absorbentes-desechables\/\",\"url\":\"https:\/\/cienmilhijos.es\/product\/empapadores-absorbentes-desechables\/\",\"name\":\"Empapadores Absorbentes Desechables - Cien Mil Hijos\",\"isPartOf\":{\"@id\":\"https:\/\/cienmilhijos.es\/#website\"},\"datePublished\":\"2023-12-18T11:22:45+00:00\",\"dateModified\":\"2023-12-18T11:22:46+00:00\",\"breadcrumb\":{\"@id\":\"https:\/\/cienmilhijos.es\/product\/empapadores-absorbentes-desechables\/#breadcrumb\"},\"inLanguage\":\"en-GB\",\"potentialAction\":[{\"@type\":\"ReadAction\",\"target\":[\"https:\/\/cienmilhijos.es\/product\/empapadores-absorbentes-desechables\/\"]}]},{\"@type\":\"BreadcrumbList\",\"@id\":\"https:\/\/cienmilhijos.es\/product\/empapadores-absorbentes-desechables\/#breadcrumb\",\"itemListElement\":[{\"@type\":\"ListItem\",\"position\":1,\"name\":\"Portada\",\"item\":\"https:\/\/cienmilhijos.es\/\"},{\"@type\":\"ListItem\",\"position\":2,\"name\":\"Tienda\",\"item\":\"https:\/\/cienmilhijos.es\/tienda\/\"},{\"@type\":\"ListItem\",\"position\":3,\"name\":\"Empapadores Absorbentes Desechables\"}]},{\"@type\":\"WebSite\",\"@id\":\"https:\/\/cienmilhijos.es\/#website\",\"url\":\"https:\/\/cienmilhijos.es\/\",\"name\":\"Cien Mil Hijos\",\"description\":\"Cuidado de animales &amp; tienda de mascotas\",\"publisher\":{\"@id\":\"https:\/\/cienmilhijos.es\/#organization\"},\"potentialAction\":[{\"@type\":\"SearchAction\",\"target\":{\"@type\":\"EntryPoint\",\"urlTemplate\":\"https:\/\/cienmilhijos.es\/?s={search_term_string}\"},\"query-input\":\"required name=search_term_string\"}],\"inLanguage\":\"en-GB\"},{\"@type\":\"Organization\",\"@id\":\"https:\/\/cienmilhijos.es\/#organization\",\"name\":\"Cien Mil Hijos\",\"url\":\"https:\/\/cienmilhijos.es\/\",\"logo\":{\"@type\":\"ImageObject\",\"inLanguage\":\"en-GB\",\"@id\":\"https:\/\/cienmilhijos.es\/#\/schema\/logo\/image\/\",\"url\":\"https:\/\/cienmilhijos.es\/wp-content\/uploads\/2023\/12\/logo2.png\",\"contentUrl\":\"https:\/\/cienmilhijos.es\/wp-content\/uploads\/2023\/12\/logo2.png\",\"width\":1150,\"height\":127,\"caption\":\"Cien Mil Hijos\"},\"image\":{\"@id\":\"https:\/\/cienmilhijos.es\/#\/schema\/logo\/image\/\"},\"sameAs\":[\"https:\/\/www.facebook.com\/cienmilhijosanimales\/?locale=es_ES\"]}]}<\/script>\n<!-- \/ Yoast SEO plugin. -->","yoast_head_json":{"title":"Empapadores Absorbentes Desechables - Cien Mil Hijos","robots":{"index":"index","follow":"follow","max-snippet":"max-snippet:-1","max-image-preview":"max-image-preview:large","max-video-preview":"max-video-preview:-1"},"canonical":"https:\/\/cienmilhijos.es\/en\/product\/empapadores-absorbentes-desechables\/","og_locale":"en_GB","og_type":"article","og_title":"Empapadores Absorbentes Desechables - Cien Mil Hijos","og_description":"Alfombra absorbente Te presentamos este empapador higi\u00e9nico para perros. Es muy importante ayudar a tu cachorro, as\u00ed como a tu perro adulto a la hora de educarlos a hacer sus&hellip;","og_url":"https:\/\/cienmilhijos.es\/en\/product\/empapadores-absorbentes-desechables\/","og_site_name":"Cien Mil Hijos","article_publisher":"https:\/\/www.facebook.com\/cienmilhijosanimales\/?locale=es_ES","article_modified_time":"2023-12-18T11:22:46+00:00","og_image":[{"width":204,"height":192,"url":"https:\/\/cienmilhijos.es\/wp-content\/uploads\/2023\/12\/images-3-1.jpg","type":"image\/jpeg"}],"twitter_card":"summary_large_image","twitter_misc":{"Estimated reading time":"1 minute"},"schema":{"@context":"https:\/\/schema.org","@graph":[{"@type":"WebPage","@id":"https:\/\/cienmilhijos.es\/product\/empapadores-absorbentes-desechables\/","url":"https:\/\/cienmilhijos.es\/product\/empapadores-absorbentes-desechables\/","name":"Empapadores Absorbentes Desechables - Cien Mil Hijos","isPartOf":{"@id":"https:\/\/cienmilhijos.es\/#website"},"datePublished":"2023-12-18T11:22:45+00:00","dateModified":"2023-12-18T11:22:46+00:00","breadcrumb":{"@id":"https:\/\/cienmilhijos.es\/product\/empapadores-absorbentes-desechables\/#breadcrumb"},"inLanguage":"en-GB","potentialAction":[{"@type":"ReadAction","target":["https:\/\/cienmilhijos.es\/product\/empapadores-absorbentes-desechables\/"]}]},{"@type":"BreadcrumbList","@id":"https:\/\/cienmilhijos.es\/product\/empapadores-absorbentes-desechables\/#breadcrumb","itemListElement":[{"@type":"ListItem","position":1,"name":"Portada","item":"https:\/\/cienmilhijos.es\/"},{"@type":"ListItem","position":2,"name":"Tienda","item":"https:\/\/cienmilhijos.es\/tienda\/"},{"@type":"ListItem","position":3,"name":"Empapadores Absorbentes Desechables"}]},{"@type":"WebSite","@id":"https:\/\/cienmilhijos.es\/#website","url":"https:\/\/cienmilhijos.es\/","name":"Cien Mil Hijos","description":"Cuidado de animales &amp; tienda de mascotas","publisher":{"@id":"https:\/\/cienmilhijos.es\/#organization"},"potentialAction":[{"@type":"SearchAction","target":{"@type":"EntryPoint","urlTemplate":"https:\/\/cienmilhijos.es\/?s={search_term_string}"},"query-input":"required name=search_term_string"}],"inLanguage":"en-GB"},{"@type":"Organization","@id":"https:\/\/cienmilhijos.es\/#organization","name":"Cien Mil Hijos","url":"https:\/\/cienmilhijos.es\/","logo":{"@type":"ImageObject","inLanguage":"en-GB","@id":"https:\/\/cienmilhijos.es\/#\/schema\/logo\/image\/","url":"https:\/\/cienmilhijos.es\/wp-content\/uploads\/2023\/12\/logo2.png","contentUrl":"https:\/\/cienmilhijos.es\/wp-content\/uploads\/2023\/12\/logo2.png","width":1150,"height":127,"caption":"Cien Mil Hijos"},"image":{"@id":"https:\/\/cienmilhijos.es\/#\/schema\/logo\/image\/"},"sameAs":["https:\/\/www.facebook.com\/cienmilhijosanimales\/?locale=es_ES"]}]}},"_links":{"self":[{"href":"https:\/\/cienmilhijos.es\/en\/wp-json\/wp\/v2\/product\/26661","targetHints":{"allow":["GET"]}}],"collection":[{"href":"https:\/\/cienmilhijos.es\/en\/wp-json\/wp\/v2\/product"}],"about":[{"href":"https:\/\/cienmilhijos.es\/en\/wp-json\/wp\/v2\/types\/product"}],"replies":[{"embeddable":true,"href":"https:\/\/cienmilhijos.es\/en\/wp-json\/wp\/v2\/comments?post=26661"}],"wp:featuredmedia":[{"embeddable":true,"href":"https:\/\/cienmilhijos.es\/en\/wp-json\/wp\/v2\/media\/26664"}],"wp:attachment":[{"href":"https:\/\/cienmilhijos.es\/en\/wp-json\/wp\/v2\/media?parent=26661"}],"wp:term":[{"taxonomy":"product_cat","embeddable":true,"href":"https:\/\/cienmilhijos.es\/en\/wp-json\/wp\/v2\/product_cat?post=26661"},{"taxonomy":"product_tag","embeddable":true,"href":"https:\/\/cienmilhijos.es\/en\/wp-json\/wp\/v2\/product_tag?post=26661"}],"curies":[{"name":"wp","href":"https:\/\/api.w.org\/{rel}","templated":true}]}}