{"id":26655,"date":"2023-12-18T10:37:37","date_gmt":"2023-12-18T10:37:37","guid":{"rendered":"https:\/\/cienmilhijos.es\/?post_type=product&#038;p=26655"},"modified":"2023-12-18T10:41:17","modified_gmt":"2023-12-18T10:41:17","slug":"trasportin-para-pequenos-animales","status":"publish","type":"product","link":"https:\/\/cienmilhijos.es\/en\/product\/trasportin-para-pequenos-animales\/","title":{"rendered":"Trasport\u00edn para Peque\u00f1os Animales Talla S"},"content":{"rendered":"<div class=\"container product-detail js-product-detail product-wrapper\" data-pid=\"SML88387\">\n<div class=\"description-and-detail mt-3\">\n<div class=\"row details collapsible-xs active\">\n<div id=\"collapsible-details-1\" class=\"col-sm-12 value content\">\n<h2>Transport\u00edn Small Life muy ligero para\u00a0 peque\u00f1os animales<\/h2>\n<p>El transport\u00edn Small Life es la opci\u00f3n ideal para que tu peque\u00f1o compa\u00f1ero viaje contigo all\u00e1 donde vayas. Es perfecto <strong>para todo tipo\u00a0 peque\u00f1os<\/strong> animales como los h\u00e1msteres, cobayas, aves o peque\u00f1os reptiles<\/p>\n<p>Este producto dispone de una\u00a0<strong>doble asa en la parte superior<\/strong>\u00a0para que te resulte f\u00e1cil y c\u00f3modo de llevar. Adem\u00e1s,\u00a0<strong>ofrece la ventilaci\u00f3n necesaria pero protegiendo del aire<\/strong>\u00a0gracias a las dos\u00a0<strong>rejillas en la parte superior y lateral<\/strong>. Por otro lado, el peque\u00f1o roedor viajar\u00e1 m\u00e1s tranquilo si te puede ver a trav\u00e9s del transport\u00edn.<\/p>\n<p>Est\u00e1 fabricado con\u00a0<strong>pl\u00e1stico resistente a los golpes<\/strong>\u00a0y es\u00a0<strong>f\u00e1cil de limpiar<\/strong>. Le ofrece a la mascota un espacio adecuado para que se pueda mover y asomar para ver el exterior. Se puede desarmar removiendo la tapa, para\u00a0<strong>facilitar el acceso del animal<\/strong>.<\/p>\n<p><strong>VENTAJAS:<\/strong><\/p>\n<ul>\n<li>Transport\u00edn ligero para peque\u00f1os animales.<\/li>\n<li>Protege del aire.<\/li>\n<li>Ofrece una buena ventilaci\u00f3n.<\/li>\n<li>Asa ergon\u00f3mica.<\/li>\n<li>Es f\u00e1cil de limpiar.<\/li>\n<li>Se puede armar y desarmar.<\/li>\n<\/ul>\n<p><strong>Color:<\/strong><\/p>\n<ul>\n<li>Verde y gris.<\/li>\n<\/ul>\n<p><strong>Material:<\/strong><\/p>\n<ul>\n<li>Pl\u00e1stico.<\/li>\n<\/ul>\n<p><strong>Medidas (peso m\u00e1ximo):<\/strong><\/p>\n<ul>\n<li>S: 23x17x15,5 cm (3 Kg)<\/li>\n<\/ul>\n<\/div>\n<\/div>\n<\/div>\n<div class=\"NETREVIEWS_PRODUCT_REVIEWS\" data-product-id=\"SML88387_M\">\n<div id=\"netreviews_reviews_tab\">\n<div id=\"netreviews_reviews_section\">\n<div id=\"netreviews_review_list\">\n<div class=\"netreviews_review_part\">\n<div class=\"netreviews_review_rate_and_stars\">\n<div><\/div>\n<div><\/div>\n<\/div>\n<\/div>\n<\/div>\n<\/div>\n<\/div>\n<\/div>\n<\/div>\n<div class=\"home-email-signup mt-5\">\n<div class=\"container\">\n<form role=\"form\" action=\"\">\n<div class=\"row align-items-center\">\n<div class=\"col-12 col-md-6 d-none d-md-block\">\n<div class=\"content-asset\"><\/div>\n<\/div>\n<\/div>\n<input type=\"hidden\" name=\"trp-form-language\" value=\"en\"\/><\/form>\n<\/div>\n<\/div>","protected":false},"excerpt":{"rendered":"<p>Transport\u00edn Small Life muy ligero para\u00a0 peque\u00f1os animales El transport\u00edn Small Life es la opci\u00f3n ideal para que tu peque\u00f1o compa\u00f1ero viaje contigo all\u00e1 donde vayas. Es perfecto para todo&hellip;<\/p>","protected":false},"featured_media":26657,"comment_status":"open","ping_status":"closed","template":"","meta":[],"product_cat":[255,254,253],"product_tag":[],"class_list":["post-26655","product","type-product","status-publish","has-post-thumbnail","hentry","product_cat-conejos-o-cobayas","product_cat-tortugas","product_cat-para-pajaros"],"yoast_head":"<!-- This site is optimized with the Yoast SEO plugin v21.6 - https:\/\/yoast.com\/wordpress\/plugins\/seo\/ -->\n<title>Trasport\u00edn para Peque\u00f1os Animales Talla S - Cien Mil Hijos<\/title>\n<meta name=\"robots\" content=\"index, follow, max-snippet:-1, max-image-preview:large, max-video-preview:-1\" \/>\n<link rel=\"canonical\" href=\"https:\/\/cienmilhijos.es\/en\/product\/trasportin-para-pequenos-animales\/\" \/>\n<meta property=\"og:locale\" content=\"en_GB\" \/>\n<meta property=\"og:type\" content=\"article\" \/>\n<meta property=\"og:title\" content=\"Trasport\u00edn para Peque\u00f1os Animales Talla S - Cien Mil Hijos\" \/>\n<meta property=\"og:description\" content=\"Transport\u00edn Small Life muy ligero para\u00a0 peque\u00f1os animales El transport\u00edn Small Life es la opci\u00f3n ideal para que tu peque\u00f1o compa\u00f1ero viaje contigo all\u00e1 donde vayas. Es perfecto para todo&hellip;\" \/>\n<meta property=\"og:url\" content=\"https:\/\/cienmilhijos.es\/en\/product\/trasportin-para-pequenos-animales\/\" \/>\n<meta property=\"og:site_name\" content=\"Cien Mil Hijos\" \/>\n<meta property=\"article:publisher\" content=\"https:\/\/www.facebook.com\/cienmilhijosanimales\/?locale=es_ES\" \/>\n<meta property=\"article:modified_time\" content=\"2023-12-18T10:41:17+00:00\" \/>\n<meta property=\"og:image\" content=\"https:\/\/cienmilhijos.es\/wp-content\/uploads\/2023\/12\/descarga-4-2.jpg\" \/>\n\t<meta property=\"og:image:width\" content=\"204\" \/>\n\t<meta property=\"og:image:height\" content=\"192\" \/>\n\t<meta property=\"og:image:type\" content=\"image\/jpeg\" \/>\n<meta name=\"twitter:card\" content=\"summary_large_image\" \/>\n<meta name=\"twitter:label1\" content=\"Estimated reading time\" \/>\n\t<meta name=\"twitter:data1\" content=\"1 minute\" \/>\n<script type=\"application\/ld+json\" class=\"yoast-schema-graph\">{\"@context\":\"https:\/\/schema.org\",\"@graph\":[{\"@type\":\"WebPage\",\"@id\":\"https:\/\/cienmilhijos.es\/product\/trasportin-para-pequenos-animales\/\",\"url\":\"https:\/\/cienmilhijos.es\/product\/trasportin-para-pequenos-animales\/\",\"name\":\"Trasport\u00edn para Peque\u00f1os Animales Talla S - Cien Mil Hijos\",\"isPartOf\":{\"@id\":\"https:\/\/cienmilhijos.es\/#website\"},\"datePublished\":\"2023-12-18T10:37:37+00:00\",\"dateModified\":\"2023-12-18T10:41:17+00:00\",\"breadcrumb\":{\"@id\":\"https:\/\/cienmilhijos.es\/product\/trasportin-para-pequenos-animales\/#breadcrumb\"},\"inLanguage\":\"en-GB\",\"potentialAction\":[{\"@type\":\"ReadAction\",\"target\":[\"https:\/\/cienmilhijos.es\/product\/trasportin-para-pequenos-animales\/\"]}]},{\"@type\":\"BreadcrumbList\",\"@id\":\"https:\/\/cienmilhijos.es\/product\/trasportin-para-pequenos-animales\/#breadcrumb\",\"itemListElement\":[{\"@type\":\"ListItem\",\"position\":1,\"name\":\"Portada\",\"item\":\"https:\/\/cienmilhijos.es\/\"},{\"@type\":\"ListItem\",\"position\":2,\"name\":\"Tienda\",\"item\":\"https:\/\/cienmilhijos.es\/tienda\/\"},{\"@type\":\"ListItem\",\"position\":3,\"name\":\"Trasport\u00edn para Peque\u00f1os Animales Talla S\"}]},{\"@type\":\"WebSite\",\"@id\":\"https:\/\/cienmilhijos.es\/#website\",\"url\":\"https:\/\/cienmilhijos.es\/\",\"name\":\"Cien Mil Hijos\",\"description\":\"Cuidado de animales &amp; tienda de mascotas\",\"publisher\":{\"@id\":\"https:\/\/cienmilhijos.es\/#organization\"},\"potentialAction\":[{\"@type\":\"SearchAction\",\"target\":{\"@type\":\"EntryPoint\",\"urlTemplate\":\"https:\/\/cienmilhijos.es\/?s={search_term_string}\"},\"query-input\":\"required name=search_term_string\"}],\"inLanguage\":\"en-GB\"},{\"@type\":\"Organization\",\"@id\":\"https:\/\/cienmilhijos.es\/#organization\",\"name\":\"Cien Mil Hijos\",\"url\":\"https:\/\/cienmilhijos.es\/\",\"logo\":{\"@type\":\"ImageObject\",\"inLanguage\":\"en-GB\",\"@id\":\"https:\/\/cienmilhijos.es\/#\/schema\/logo\/image\/\",\"url\":\"https:\/\/cienmilhijos.es\/wp-content\/uploads\/2023\/12\/logo2.png\",\"contentUrl\":\"https:\/\/cienmilhijos.es\/wp-content\/uploads\/2023\/12\/logo2.png\",\"width\":1150,\"height\":127,\"caption\":\"Cien Mil Hijos\"},\"image\":{\"@id\":\"https:\/\/cienmilhijos.es\/#\/schema\/logo\/image\/\"},\"sameAs\":[\"https:\/\/www.facebook.com\/cienmilhijosanimales\/?locale=es_ES\"]}]}<\/script>\n<!-- \/ Yoast SEO plugin. -->","yoast_head_json":{"title":"Trasport\u00edn para Peque\u00f1os Animales Talla S - Cien Mil Hijos","robots":{"index":"index","follow":"follow","max-snippet":"max-snippet:-1","max-image-preview":"max-image-preview:large","max-video-preview":"max-video-preview:-1"},"canonical":"https:\/\/cienmilhijos.es\/en\/product\/trasportin-para-pequenos-animales\/","og_locale":"en_GB","og_type":"article","og_title":"Trasport\u00edn para Peque\u00f1os Animales Talla S - Cien Mil Hijos","og_description":"Transport\u00edn Small Life muy ligero para\u00a0 peque\u00f1os animales El transport\u00edn Small Life es la opci\u00f3n ideal para que tu peque\u00f1o compa\u00f1ero viaje contigo all\u00e1 donde vayas. Es perfecto para todo&hellip;","og_url":"https:\/\/cienmilhijos.es\/en\/product\/trasportin-para-pequenos-animales\/","og_site_name":"Cien Mil Hijos","article_publisher":"https:\/\/www.facebook.com\/cienmilhijosanimales\/?locale=es_ES","article_modified_time":"2023-12-18T10:41:17+00:00","og_image":[{"width":204,"height":192,"url":"https:\/\/cienmilhijos.es\/wp-content\/uploads\/2023\/12\/descarga-4-2.jpg","type":"image\/jpeg"}],"twitter_card":"summary_large_image","twitter_misc":{"Estimated reading time":"1 minute"},"schema":{"@context":"https:\/\/schema.org","@graph":[{"@type":"WebPage","@id":"https:\/\/cienmilhijos.es\/product\/trasportin-para-pequenos-animales\/","url":"https:\/\/cienmilhijos.es\/product\/trasportin-para-pequenos-animales\/","name":"Trasport\u00edn para Peque\u00f1os Animales Talla S - Cien Mil Hijos","isPartOf":{"@id":"https:\/\/cienmilhijos.es\/#website"},"datePublished":"2023-12-18T10:37:37+00:00","dateModified":"2023-12-18T10:41:17+00:00","breadcrumb":{"@id":"https:\/\/cienmilhijos.es\/product\/trasportin-para-pequenos-animales\/#breadcrumb"},"inLanguage":"en-GB","potentialAction":[{"@type":"ReadAction","target":["https:\/\/cienmilhijos.es\/product\/trasportin-para-pequenos-animales\/"]}]},{"@type":"BreadcrumbList","@id":"https:\/\/cienmilhijos.es\/product\/trasportin-para-pequenos-animales\/#breadcrumb","itemListElement":[{"@type":"ListItem","position":1,"name":"Portada","item":"https:\/\/cienmilhijos.es\/"},{"@type":"ListItem","position":2,"name":"Tienda","item":"https:\/\/cienmilhijos.es\/tienda\/"},{"@type":"ListItem","position":3,"name":"Trasport\u00edn para Peque\u00f1os Animales Talla S"}]},{"@type":"WebSite","@id":"https:\/\/cienmilhijos.es\/#website","url":"https:\/\/cienmilhijos.es\/","name":"Cien Mil Hijos","description":"Cuidado de animales &amp; tienda de mascotas","publisher":{"@id":"https:\/\/cienmilhijos.es\/#organization"},"potentialAction":[{"@type":"SearchAction","target":{"@type":"EntryPoint","urlTemplate":"https:\/\/cienmilhijos.es\/?s={search_term_string}"},"query-input":"required name=search_term_string"}],"inLanguage":"en-GB"},{"@type":"Organization","@id":"https:\/\/cienmilhijos.es\/#organization","name":"Cien Mil Hijos","url":"https:\/\/cienmilhijos.es\/","logo":{"@type":"ImageObject","inLanguage":"en-GB","@id":"https:\/\/cienmilhijos.es\/#\/schema\/logo\/image\/","url":"https:\/\/cienmilhijos.es\/wp-content\/uploads\/2023\/12\/logo2.png","contentUrl":"https:\/\/cienmilhijos.es\/wp-content\/uploads\/2023\/12\/logo2.png","width":1150,"height":127,"caption":"Cien Mil Hijos"},"image":{"@id":"https:\/\/cienmilhijos.es\/#\/schema\/logo\/image\/"},"sameAs":["https:\/\/www.facebook.com\/cienmilhijosanimales\/?locale=es_ES"]}]}},"_links":{"self":[{"href":"https:\/\/cienmilhijos.es\/en\/wp-json\/wp\/v2\/product\/26655","targetHints":{"allow":["GET"]}}],"collection":[{"href":"https:\/\/cienmilhijos.es\/en\/wp-json\/wp\/v2\/product"}],"about":[{"href":"https:\/\/cienmilhijos.es\/en\/wp-json\/wp\/v2\/types\/product"}],"replies":[{"embeddable":true,"href":"https:\/\/cienmilhijos.es\/en\/wp-json\/wp\/v2\/comments?post=26655"}],"wp:featuredmedia":[{"embeddable":true,"href":"https:\/\/cienmilhijos.es\/en\/wp-json\/wp\/v2\/media\/26657"}],"wp:attachment":[{"href":"https:\/\/cienmilhijos.es\/en\/wp-json\/wp\/v2\/media?parent=26655"}],"wp:term":[{"taxonomy":"product_cat","embeddable":true,"href":"https:\/\/cienmilhijos.es\/en\/wp-json\/wp\/v2\/product_cat?post=26655"},{"taxonomy":"product_tag","embeddable":true,"href":"https:\/\/cienmilhijos.es\/en\/wp-json\/wp\/v2\/product_tag?post=26655"}],"curies":[{"name":"wp","href":"https:\/\/api.w.org\/{rel}","templated":true}]}}