{"id":26622,"date":"2023-12-17T12:33:16","date_gmt":"2023-12-17T12:33:16","guid":{"rendered":"https:\/\/cienmilhijos.es\/?post_type=product&#038;p=26622"},"modified":"2023-12-17T12:33:17","modified_gmt":"2023-12-17T12:33:17","slug":"panales-desechables","status":"publish","type":"product","link":"https:\/\/cienmilhijos.es\/en\/product\/panales-desechables\/","title":{"rendered":"Pa\u00f1ales Desechables"},"content":{"rendered":"<div class=\"sku-prop\">\n<div>\n<h2><\/h2>\n<p>Si tu cachorro est\u00e1 en proceso de aprendizaje o tienes una perra hembra que se encuentra en periodo de celo, necesitas mantener la buena higiene en casa y en todo momento, para ello te ser\u00e1n muy \u00fatiles los\u00a0<strong>pa\u00f1ales para perros Mister Zoo<\/strong>. Se trata de un fant\u00e1stico producto que brinda la\u00a0<strong>m\u00e1xima absorci\u00f3n, sequedad, protecci\u00f3n duradera, comodidad y frescura<\/strong>\u00a0a tu mascota para que pueda llevarlo puesto tranquilamente cuando lo necesite.<\/p>\n<p>Son\u00a0<strong>perfectos para usar en d\u00edas de convalecencia postoperatoria, incontinencia o durante viajes largos<\/strong> ya que la protecci\u00f3n est\u00e1 garantizada y tu peludo amigo no ensuciar\u00e1 nada mientras lo lleve puesto.<\/p>\n<p>Estos pa\u00f1ales est\u00e1n elaborados con materiales de alta calidad para garantizar una <strong>mayor absorci\u00f3n.<\/strong>\u00a0Son\u00a0<strong>ideales para cachorros, perras en hembras en celo y periodos de convalecencia<\/strong>\u00a0ya que son\u00a0<strong>ajustables debido a su banda el\u00e1stica y adhesivo.<\/strong>\u00a0Poseen varias tallas para que puedas escoger el indicado conforme al tama\u00f1o de tu mascota.<\/p>\n<p>&nbsp;<\/p>\n<p><strong>Caracter\u00edsticas:<\/strong><\/p>\n<ul>\n<li>Pa\u00f1ales para perros.<\/li>\n<li>Perfectos para cachorros en aprendizaje y para hembras en celo.<\/li>\n<li>Garantizan una m\u00e1xima absorci\u00f3n y sequedad.<\/li>\n<li>Promueven una protecci\u00f3n duradera, comodidad y frescura.<\/li>\n<li>Ideales para d\u00edas de convalecencia postoperatoria, incontinencia y durante viajes largos<\/li>\n<li>Son ajustables debido a su banda el\u00e1stica y adhesivo.<\/li>\n<li>Elaborado con materiales de alta calidad.<\/li>\n<\/ul>\n<p>&nbsp;<\/p>\n<p><strong>Modo de uso:<\/strong><\/p>\n<ul>\n<li>Coloca el pa\u00f1al alrededor de la parte posterior del tronco de tu mascota.<\/li>\n<li>Ajusta alrededor de la cintura con las bandas el\u00e1sticas y cierra con la cinta adhesiva<\/li>\n<\/ul>\n<p>&nbsp;<\/p>\n<p><strong>Material:<\/strong><\/p>\n<p>Tela no tejida, papel de seda, savia, pulpa de pelusa, film de polietileno.<\/p>\n<\/div>\n<div><\/div>\n<div class=\"sku-prop-content\"><span id=\"variable-120132602-S 37X27.5CM 10unida\" class=\"sku-variable-name\"><span data-spm-anchor-id=\"euspain.pdp.0.i4.3e277a09oOHfIj\">Talla S: 34 X 28CM 10unida<\/span><\/span><\/div>\n<div class=\"sku-prop-content\"><span id=\"variable-120132602--2\" class=\"sku-variable-name sku-variable-name-selected\">Talla M: 38 <\/span><span id=\"variable-120132602--2\" class=\"sku-variable-name sku-variable-name-selected\">X 28CM 10unida<\/span><\/div>\n<div class=\"sku-prop-content\"><span id=\"variable-120132602--3\" class=\"sku-variable-name\">Talla L: 43 X 30CM 10unidades<\/span><\/div>\n<div class=\"sku-prop-content\"><span id=\"variable-120132602--4\" class=\"sku-variable-name\"><span data-spm-anchor-id=\"euspain.pdp.0.i5.3e277a09oOHfIj\">Talla XL: 47 X 32CM 10unida<\/span><\/span><\/div>\n<\/div>\n<div class=\"t920EHZxSe\"><\/div>","protected":false},"excerpt":{"rendered":"<p>Si tu cachorro est\u00e1 en proceso de aprendizaje o tienes una perra hembra que se encuentra en periodo de celo, necesitas mantener la buena higiene en casa y en todo&hellip;<\/p>","protected":false},"featured_media":26623,"comment_status":"open","ping_status":"closed","template":"","meta":[],"product_cat":[271,272],"product_tag":[],"class_list":["post-26622","product","type-product","status-publish","has-post-thumbnail","hentry","product_cat-articulos-gatos","product_cat-articulos-perros"],"yoast_head":"<!-- This site is optimized with the Yoast SEO plugin v21.6 - https:\/\/yoast.com\/wordpress\/plugins\/seo\/ -->\n<title>Pa\u00f1ales Desechables - Cien Mil Hijos<\/title>\n<meta name=\"robots\" content=\"index, follow, max-snippet:-1, max-image-preview:large, max-video-preview:-1\" \/>\n<link rel=\"canonical\" href=\"https:\/\/cienmilhijos.es\/en\/product\/panales-desechables\/\" \/>\n<meta property=\"og:locale\" content=\"en_GB\" \/>\n<meta property=\"og:type\" content=\"article\" \/>\n<meta property=\"og:title\" content=\"Pa\u00f1ales Desechables - Cien Mil Hijos\" \/>\n<meta property=\"og:description\" content=\"Si tu cachorro est\u00e1 en proceso de aprendizaje o tienes una perra hembra que se encuentra en periodo de celo, necesitas mantener la buena higiene en casa y en todo&hellip;\" \/>\n<meta property=\"og:url\" content=\"https:\/\/cienmilhijos.es\/en\/product\/panales-desechables\/\" \/>\n<meta property=\"og:site_name\" content=\"Cien Mil Hijos\" \/>\n<meta property=\"article:publisher\" content=\"https:\/\/www.facebook.com\/cienmilhijosanimales\/?locale=es_ES\" \/>\n<meta property=\"article:modified_time\" content=\"2023-12-17T12:33:17+00:00\" \/>\n<meta property=\"og:image\" content=\"https:\/\/cienmilhijos.es\/wp-content\/uploads\/2023\/12\/shopping.webp\" \/>\n\t<meta property=\"og:image:width\" content=\"173\" \/>\n\t<meta property=\"og:image:height\" content=\"179\" \/>\n\t<meta property=\"og:image:type\" content=\"image\/webp\" \/>\n<meta name=\"twitter:card\" content=\"summary_large_image\" \/>\n<meta name=\"twitter:label1\" content=\"Estimated reading time\" \/>\n\t<meta name=\"twitter:data1\" content=\"2 minutes\" \/>\n<script type=\"application\/ld+json\" class=\"yoast-schema-graph\">{\"@context\":\"https:\/\/schema.org\",\"@graph\":[{\"@type\":\"WebPage\",\"@id\":\"https:\/\/cienmilhijos.es\/product\/panales-desechables\/\",\"url\":\"https:\/\/cienmilhijos.es\/product\/panales-desechables\/\",\"name\":\"Pa\u00f1ales Desechables - Cien Mil Hijos\",\"isPartOf\":{\"@id\":\"https:\/\/cienmilhijos.es\/#website\"},\"datePublished\":\"2023-12-17T12:33:16+00:00\",\"dateModified\":\"2023-12-17T12:33:17+00:00\",\"breadcrumb\":{\"@id\":\"https:\/\/cienmilhijos.es\/product\/panales-desechables\/#breadcrumb\"},\"inLanguage\":\"en-GB\",\"potentialAction\":[{\"@type\":\"ReadAction\",\"target\":[\"https:\/\/cienmilhijos.es\/product\/panales-desechables\/\"]}]},{\"@type\":\"BreadcrumbList\",\"@id\":\"https:\/\/cienmilhijos.es\/product\/panales-desechables\/#breadcrumb\",\"itemListElement\":[{\"@type\":\"ListItem\",\"position\":1,\"name\":\"Portada\",\"item\":\"https:\/\/cienmilhijos.es\/\"},{\"@type\":\"ListItem\",\"position\":2,\"name\":\"Tienda\",\"item\":\"https:\/\/cienmilhijos.es\/tienda\/\"},{\"@type\":\"ListItem\",\"position\":3,\"name\":\"Pa\u00f1ales Desechables\"}]},{\"@type\":\"WebSite\",\"@id\":\"https:\/\/cienmilhijos.es\/#website\",\"url\":\"https:\/\/cienmilhijos.es\/\",\"name\":\"Cien Mil Hijos\",\"description\":\"Cuidado de animales &amp; tienda de mascotas\",\"publisher\":{\"@id\":\"https:\/\/cienmilhijos.es\/#organization\"},\"potentialAction\":[{\"@type\":\"SearchAction\",\"target\":{\"@type\":\"EntryPoint\",\"urlTemplate\":\"https:\/\/cienmilhijos.es\/?s={search_term_string}\"},\"query-input\":\"required name=search_term_string\"}],\"inLanguage\":\"en-GB\"},{\"@type\":\"Organization\",\"@id\":\"https:\/\/cienmilhijos.es\/#organization\",\"name\":\"Cien Mil Hijos\",\"url\":\"https:\/\/cienmilhijos.es\/\",\"logo\":{\"@type\":\"ImageObject\",\"inLanguage\":\"en-GB\",\"@id\":\"https:\/\/cienmilhijos.es\/#\/schema\/logo\/image\/\",\"url\":\"https:\/\/cienmilhijos.es\/wp-content\/uploads\/2023\/12\/logo2.png\",\"contentUrl\":\"https:\/\/cienmilhijos.es\/wp-content\/uploads\/2023\/12\/logo2.png\",\"width\":1150,\"height\":127,\"caption\":\"Cien Mil Hijos\"},\"image\":{\"@id\":\"https:\/\/cienmilhijos.es\/#\/schema\/logo\/image\/\"},\"sameAs\":[\"https:\/\/www.facebook.com\/cienmilhijosanimales\/?locale=es_ES\"]}]}<\/script>\n<!-- \/ Yoast SEO plugin. -->","yoast_head_json":{"title":"Pa\u00f1ales Desechables - Cien Mil Hijos","robots":{"index":"index","follow":"follow","max-snippet":"max-snippet:-1","max-image-preview":"max-image-preview:large","max-video-preview":"max-video-preview:-1"},"canonical":"https:\/\/cienmilhijos.es\/en\/product\/panales-desechables\/","og_locale":"en_GB","og_type":"article","og_title":"Pa\u00f1ales Desechables - Cien Mil Hijos","og_description":"Si tu cachorro est\u00e1 en proceso de aprendizaje o tienes una perra hembra que se encuentra en periodo de celo, necesitas mantener la buena higiene en casa y en todo&hellip;","og_url":"https:\/\/cienmilhijos.es\/en\/product\/panales-desechables\/","og_site_name":"Cien Mil Hijos","article_publisher":"https:\/\/www.facebook.com\/cienmilhijosanimales\/?locale=es_ES","article_modified_time":"2023-12-17T12:33:17+00:00","og_image":[{"width":173,"height":179,"url":"https:\/\/cienmilhijos.es\/wp-content\/uploads\/2023\/12\/shopping.webp","type":"image\/webp"}],"twitter_card":"summary_large_image","twitter_misc":{"Estimated reading time":"2 minutes"},"schema":{"@context":"https:\/\/schema.org","@graph":[{"@type":"WebPage","@id":"https:\/\/cienmilhijos.es\/product\/panales-desechables\/","url":"https:\/\/cienmilhijos.es\/product\/panales-desechables\/","name":"Pa\u00f1ales Desechables - Cien Mil Hijos","isPartOf":{"@id":"https:\/\/cienmilhijos.es\/#website"},"datePublished":"2023-12-17T12:33:16+00:00","dateModified":"2023-12-17T12:33:17+00:00","breadcrumb":{"@id":"https:\/\/cienmilhijos.es\/product\/panales-desechables\/#breadcrumb"},"inLanguage":"en-GB","potentialAction":[{"@type":"ReadAction","target":["https:\/\/cienmilhijos.es\/product\/panales-desechables\/"]}]},{"@type":"BreadcrumbList","@id":"https:\/\/cienmilhijos.es\/product\/panales-desechables\/#breadcrumb","itemListElement":[{"@type":"ListItem","position":1,"name":"Portada","item":"https:\/\/cienmilhijos.es\/"},{"@type":"ListItem","position":2,"name":"Tienda","item":"https:\/\/cienmilhijos.es\/tienda\/"},{"@type":"ListItem","position":3,"name":"Pa\u00f1ales Desechables"}]},{"@type":"WebSite","@id":"https:\/\/cienmilhijos.es\/#website","url":"https:\/\/cienmilhijos.es\/","name":"Cien Mil Hijos","description":"Cuidado de animales &amp; tienda de mascotas","publisher":{"@id":"https:\/\/cienmilhijos.es\/#organization"},"potentialAction":[{"@type":"SearchAction","target":{"@type":"EntryPoint","urlTemplate":"https:\/\/cienmilhijos.es\/?s={search_term_string}"},"query-input":"required name=search_term_string"}],"inLanguage":"en-GB"},{"@type":"Organization","@id":"https:\/\/cienmilhijos.es\/#organization","name":"Cien Mil Hijos","url":"https:\/\/cienmilhijos.es\/","logo":{"@type":"ImageObject","inLanguage":"en-GB","@id":"https:\/\/cienmilhijos.es\/#\/schema\/logo\/image\/","url":"https:\/\/cienmilhijos.es\/wp-content\/uploads\/2023\/12\/logo2.png","contentUrl":"https:\/\/cienmilhijos.es\/wp-content\/uploads\/2023\/12\/logo2.png","width":1150,"height":127,"caption":"Cien Mil Hijos"},"image":{"@id":"https:\/\/cienmilhijos.es\/#\/schema\/logo\/image\/"},"sameAs":["https:\/\/www.facebook.com\/cienmilhijosanimales\/?locale=es_ES"]}]}},"_links":{"self":[{"href":"https:\/\/cienmilhijos.es\/en\/wp-json\/wp\/v2\/product\/26622","targetHints":{"allow":["GET"]}}],"collection":[{"href":"https:\/\/cienmilhijos.es\/en\/wp-json\/wp\/v2\/product"}],"about":[{"href":"https:\/\/cienmilhijos.es\/en\/wp-json\/wp\/v2\/types\/product"}],"replies":[{"embeddable":true,"href":"https:\/\/cienmilhijos.es\/en\/wp-json\/wp\/v2\/comments?post=26622"}],"wp:featuredmedia":[{"embeddable":true,"href":"https:\/\/cienmilhijos.es\/en\/wp-json\/wp\/v2\/media\/26623"}],"wp:attachment":[{"href":"https:\/\/cienmilhijos.es\/en\/wp-json\/wp\/v2\/media?parent=26622"}],"wp:term":[{"taxonomy":"product_cat","embeddable":true,"href":"https:\/\/cienmilhijos.es\/en\/wp-json\/wp\/v2\/product_cat?post=26622"},{"taxonomy":"product_tag","embeddable":true,"href":"https:\/\/cienmilhijos.es\/en\/wp-json\/wp\/v2\/product_tag?post=26622"}],"curies":[{"name":"wp","href":"https:\/\/api.w.org\/{rel}","templated":true}]}}