{"id":26600,"date":"2023-12-15T10:21:39","date_gmt":"2023-12-15T10:21:39","guid":{"rendered":"https:\/\/cienmilhijos.es\/?post_type=product&#038;p=26600"},"modified":"2023-12-20T11:41:51","modified_gmt":"2023-12-20T11:41:51","slug":"26600","status":"publish","type":"product","link":"https:\/\/cienmilhijos.es\/en\/product\/26600\/","title":{"rendered":"Collar Acolchado con Hebilla de Hierro"},"content":{"rendered":"<h2>Collar acolchado para perros Bobo<\/h2>\n<p>El collar perfecto no exis\u2026 Espera, antes de decir una cosa como esa echa un vistazo a lo que tenemos que ense\u00f1arte. Si necesitas cambiar el collar de tu perro porque el que tiene le hace rozaduras o le resulta muy molesto cuando tira durante los paseos necesitas una opci\u00f3n m\u00e1s confortable. \u00bfY cu\u00e1l puede ser? Sin duda la que te ofrece el collar acolchado para perros Bobo<\/p>\n<p>Pi\u00e9nsalo bien. Un collar con una base de nylon s\u00faper resistente para cuando tu perro se entusiasma demasiado, pero recubierto por un suave acolchado que har\u00e1 que la piel de su cuello est\u00e9 a salvo. Seguridad y confort todo en un uno. Adem\u00e1s, es muy f\u00e1cil de ajustar al cuello de tu mascota.<\/p>\n<p>\u00a1Eh! \u00a1Que hay m\u00e1s! Porque s\u00ed, es resistente y c\u00f3modo para tu perrete. Pero tambi\u00e9n es s\u00faper seguro. No s\u00f3lo por la firmeza del nylon, sino porque cuenta con una hebilla met\u00e1lica que ser\u00e1 muy dif\u00edcil de soltar de un tir\u00f3n.<\/p>\n<p><strong>Caracter\u00edsticas:<\/strong><\/p>\n<ul>\n<li>Acolchado en el interior para mayor comodidad.<\/li>\n<li>Hecho en nylon muy resistente.<\/li>\n<li>Hebilla met\u00e1lica dif\u00edcil de abrir.<\/li>\n<li>Ajustable f\u00e1cilmente al cuello de tu perro.<\/li>\n<li>Evita las rozaduras en el cuello de tu mascota.<\/li>\n<li>Dise\u00f1o cl\u00e1sico y atemporal.<\/li>\n<\/ul>\n<p><strong>Materiales:\u00a0<\/strong><\/p>\n<p>Nylon y metal.<\/p>\n<p><strong>Tama\u00f1os:<\/strong><\/p>\n<p>Talla S: 1.5 cm de ancho x 28- 40cm de largo<\/p>\n<p>Talla M: 2cm de ancho x 36- 50cm de largo<\/p>\n<p>Talla L: 2.5cm de ancho x 46- 60cm de largo<\/p>\n<p><strong>Colores:\u00a0<\/strong><\/p>\n<p>Rojo, Azul y Morado siempre en Stock.<\/p>\n<p>Ocasionalmente disponemos de naranja y verde. Si vuestra preferencia es alguno de estos dos colores, escr\u00edbenos explicando vuestra elecci\u00f3n, e intentaremos complaceros, pero realice\u00a0 una segunda elecci\u00f3n de color en stock, por si acaso, la primera opci\u00f3n no fuera posible.<\/p>","protected":false},"excerpt":{"rendered":"<p>Collar acolchado para perros Bobo El collar perfecto no exis\u2026 Espera, antes de decir una cosa como esa echa un vistazo a lo que tenemos que ense\u00f1arte. Si necesitas cambiar&hellip;<\/p>","protected":false},"featured_media":26601,"comment_status":"open","ping_status":"closed","template":"","meta":[],"product_cat":[315],"product_tag":[],"class_list":["post-26600","product","type-product","status-publish","has-post-thumbnail","hentry","product_cat-arneses-y-correas"],"yoast_head":"<!-- This site is optimized with the Yoast SEO plugin v21.6 - https:\/\/yoast.com\/wordpress\/plugins\/seo\/ -->\n<title>Collar Acolchado con Hebilla de Hierro - Cien Mil Hijos<\/title>\n<meta name=\"robots\" content=\"index, follow, max-snippet:-1, max-image-preview:large, max-video-preview:-1\" \/>\n<link rel=\"canonical\" href=\"https:\/\/cienmilhijos.es\/en\/product\/26600\/\" \/>\n<meta property=\"og:locale\" content=\"en_GB\" \/>\n<meta property=\"og:type\" content=\"article\" \/>\n<meta property=\"og:title\" content=\"Collar Acolchado con Hebilla de Hierro - Cien Mil Hijos\" \/>\n<meta property=\"og:description\" content=\"Collar acolchado para perros Bobo El collar perfecto no exis\u2026 Espera, antes de decir una cosa como esa echa un vistazo a lo que tenemos que ense\u00f1arte. Si necesitas cambiar&hellip;\" \/>\n<meta property=\"og:url\" content=\"https:\/\/cienmilhijos.es\/en\/product\/26600\/\" \/>\n<meta property=\"og:site_name\" content=\"Cien Mil Hijos\" \/>\n<meta property=\"article:publisher\" content=\"https:\/\/www.facebook.com\/cienmilhijosanimales\/?locale=es_ES\" \/>\n<meta property=\"article:modified_time\" content=\"2023-12-20T11:41:51+00:00\" \/>\n<meta property=\"og:image\" content=\"https:\/\/cienmilhijos.es\/wp-content\/uploads\/2023\/12\/accesorios_ferplast_perros_collar_rojo_acolchado_FER75297022_M.jpg\" \/>\n\t<meta property=\"og:image:width\" content=\"780\" \/>\n\t<meta property=\"og:image:height\" content=\"780\" \/>\n\t<meta property=\"og:image:type\" content=\"image\/jpeg\" \/>\n<meta name=\"twitter:card\" content=\"summary_large_image\" \/>\n<meta name=\"twitter:label1\" content=\"Estimated reading time\" \/>\n\t<meta name=\"twitter:data1\" content=\"2 minutes\" \/>\n<script type=\"application\/ld+json\" class=\"yoast-schema-graph\">{\"@context\":\"https:\/\/schema.org\",\"@graph\":[{\"@type\":\"WebPage\",\"@id\":\"https:\/\/cienmilhijos.es\/product\/26600\/\",\"url\":\"https:\/\/cienmilhijos.es\/product\/26600\/\",\"name\":\"Collar Acolchado con Hebilla de Hierro - Cien Mil Hijos\",\"isPartOf\":{\"@id\":\"https:\/\/cienmilhijos.es\/#website\"},\"datePublished\":\"2023-12-15T10:21:39+00:00\",\"dateModified\":\"2023-12-20T11:41:51+00:00\",\"breadcrumb\":{\"@id\":\"https:\/\/cienmilhijos.es\/product\/26600\/#breadcrumb\"},\"inLanguage\":\"en-GB\",\"potentialAction\":[{\"@type\":\"ReadAction\",\"target\":[\"https:\/\/cienmilhijos.es\/product\/26600\/\"]}]},{\"@type\":\"BreadcrumbList\",\"@id\":\"https:\/\/cienmilhijos.es\/product\/26600\/#breadcrumb\",\"itemListElement\":[{\"@type\":\"ListItem\",\"position\":1,\"name\":\"Portada\",\"item\":\"https:\/\/cienmilhijos.es\/\"},{\"@type\":\"ListItem\",\"position\":2,\"name\":\"Tienda\",\"item\":\"https:\/\/cienmilhijos.es\/tienda\/\"},{\"@type\":\"ListItem\",\"position\":3,\"name\":\"Collar Acolchado con Hebilla de Hierro\"}]},{\"@type\":\"WebSite\",\"@id\":\"https:\/\/cienmilhijos.es\/#website\",\"url\":\"https:\/\/cienmilhijos.es\/\",\"name\":\"Cien Mil Hijos\",\"description\":\"Cuidado de animales &amp; tienda de mascotas\",\"publisher\":{\"@id\":\"https:\/\/cienmilhijos.es\/#organization\"},\"potentialAction\":[{\"@type\":\"SearchAction\",\"target\":{\"@type\":\"EntryPoint\",\"urlTemplate\":\"https:\/\/cienmilhijos.es\/?s={search_term_string}\"},\"query-input\":\"required name=search_term_string\"}],\"inLanguage\":\"en-GB\"},{\"@type\":\"Organization\",\"@id\":\"https:\/\/cienmilhijos.es\/#organization\",\"name\":\"Cien Mil Hijos\",\"url\":\"https:\/\/cienmilhijos.es\/\",\"logo\":{\"@type\":\"ImageObject\",\"inLanguage\":\"en-GB\",\"@id\":\"https:\/\/cienmilhijos.es\/#\/schema\/logo\/image\/\",\"url\":\"https:\/\/cienmilhijos.es\/wp-content\/uploads\/2023\/12\/logo2.png\",\"contentUrl\":\"https:\/\/cienmilhijos.es\/wp-content\/uploads\/2023\/12\/logo2.png\",\"width\":1150,\"height\":127,\"caption\":\"Cien Mil Hijos\"},\"image\":{\"@id\":\"https:\/\/cienmilhijos.es\/#\/schema\/logo\/image\/\"},\"sameAs\":[\"https:\/\/www.facebook.com\/cienmilhijosanimales\/?locale=es_ES\"]}]}<\/script>\n<!-- \/ Yoast SEO plugin. -->","yoast_head_json":{"title":"Collar Acolchado con Hebilla de Hierro - Cien Mil Hijos","robots":{"index":"index","follow":"follow","max-snippet":"max-snippet:-1","max-image-preview":"max-image-preview:large","max-video-preview":"max-video-preview:-1"},"canonical":"https:\/\/cienmilhijos.es\/en\/product\/26600\/","og_locale":"en_GB","og_type":"article","og_title":"Collar Acolchado con Hebilla de Hierro - Cien Mil Hijos","og_description":"Collar acolchado para perros Bobo El collar perfecto no exis\u2026 Espera, antes de decir una cosa como esa echa un vistazo a lo que tenemos que ense\u00f1arte. Si necesitas cambiar&hellip;","og_url":"https:\/\/cienmilhijos.es\/en\/product\/26600\/","og_site_name":"Cien Mil Hijos","article_publisher":"https:\/\/www.facebook.com\/cienmilhijosanimales\/?locale=es_ES","article_modified_time":"2023-12-20T11:41:51+00:00","og_image":[{"width":780,"height":780,"url":"https:\/\/cienmilhijos.es\/wp-content\/uploads\/2023\/12\/accesorios_ferplast_perros_collar_rojo_acolchado_FER75297022_M.jpg","type":"image\/jpeg"}],"twitter_card":"summary_large_image","twitter_misc":{"Estimated reading time":"2 minutes"},"schema":{"@context":"https:\/\/schema.org","@graph":[{"@type":"WebPage","@id":"https:\/\/cienmilhijos.es\/product\/26600\/","url":"https:\/\/cienmilhijos.es\/product\/26600\/","name":"Collar Acolchado con Hebilla de Hierro - Cien Mil Hijos","isPartOf":{"@id":"https:\/\/cienmilhijos.es\/#website"},"datePublished":"2023-12-15T10:21:39+00:00","dateModified":"2023-12-20T11:41:51+00:00","breadcrumb":{"@id":"https:\/\/cienmilhijos.es\/product\/26600\/#breadcrumb"},"inLanguage":"en-GB","potentialAction":[{"@type":"ReadAction","target":["https:\/\/cienmilhijos.es\/product\/26600\/"]}]},{"@type":"BreadcrumbList","@id":"https:\/\/cienmilhijos.es\/product\/26600\/#breadcrumb","itemListElement":[{"@type":"ListItem","position":1,"name":"Portada","item":"https:\/\/cienmilhijos.es\/"},{"@type":"ListItem","position":2,"name":"Tienda","item":"https:\/\/cienmilhijos.es\/tienda\/"},{"@type":"ListItem","position":3,"name":"Collar Acolchado con Hebilla de Hierro"}]},{"@type":"WebSite","@id":"https:\/\/cienmilhijos.es\/#website","url":"https:\/\/cienmilhijos.es\/","name":"Cien Mil Hijos","description":"Cuidado de animales &amp; tienda de mascotas","publisher":{"@id":"https:\/\/cienmilhijos.es\/#organization"},"potentialAction":[{"@type":"SearchAction","target":{"@type":"EntryPoint","urlTemplate":"https:\/\/cienmilhijos.es\/?s={search_term_string}"},"query-input":"required name=search_term_string"}],"inLanguage":"en-GB"},{"@type":"Organization","@id":"https:\/\/cienmilhijos.es\/#organization","name":"Cien Mil Hijos","url":"https:\/\/cienmilhijos.es\/","logo":{"@type":"ImageObject","inLanguage":"en-GB","@id":"https:\/\/cienmilhijos.es\/#\/schema\/logo\/image\/","url":"https:\/\/cienmilhijos.es\/wp-content\/uploads\/2023\/12\/logo2.png","contentUrl":"https:\/\/cienmilhijos.es\/wp-content\/uploads\/2023\/12\/logo2.png","width":1150,"height":127,"caption":"Cien Mil Hijos"},"image":{"@id":"https:\/\/cienmilhijos.es\/#\/schema\/logo\/image\/"},"sameAs":["https:\/\/www.facebook.com\/cienmilhijosanimales\/?locale=es_ES"]}]}},"_links":{"self":[{"href":"https:\/\/cienmilhijos.es\/en\/wp-json\/wp\/v2\/product\/26600","targetHints":{"allow":["GET"]}}],"collection":[{"href":"https:\/\/cienmilhijos.es\/en\/wp-json\/wp\/v2\/product"}],"about":[{"href":"https:\/\/cienmilhijos.es\/en\/wp-json\/wp\/v2\/types\/product"}],"replies":[{"embeddable":true,"href":"https:\/\/cienmilhijos.es\/en\/wp-json\/wp\/v2\/comments?post=26600"}],"wp:featuredmedia":[{"embeddable":true,"href":"https:\/\/cienmilhijos.es\/en\/wp-json\/wp\/v2\/media\/26601"}],"wp:attachment":[{"href":"https:\/\/cienmilhijos.es\/en\/wp-json\/wp\/v2\/media?parent=26600"}],"wp:term":[{"taxonomy":"product_cat","embeddable":true,"href":"https:\/\/cienmilhijos.es\/en\/wp-json\/wp\/v2\/product_cat?post=26600"},{"taxonomy":"product_tag","embeddable":true,"href":"https:\/\/cienmilhijos.es\/en\/wp-json\/wp\/v2\/product_tag?post=26600"}],"curies":[{"name":"wp","href":"https:\/\/api.w.org\/{rel}","templated":true}]}}