{"id":26586,"date":"2023-12-14T18:32:43","date_gmt":"2023-12-14T18:32:43","guid":{"rendered":"https:\/\/cienmilhijos.es\/?post_type=product&#038;p=26586"},"modified":"2023-12-20T11:43:40","modified_gmt":"2023-12-20T11:43:40","slug":"sobres-felix-de-gelatina-de-carne","status":"publish","type":"product","link":"https:\/\/cienmilhijos.es\/en\/product\/sobres-felix-de-gelatina-de-carne\/","title":{"rendered":"Sobres F\u00e9lix de Gelatina de Carne"},"content":{"rendered":"<h2>Alimento h\u00famedo de Felix Fantastic<\/h2>\n<p>Esta\u00a0<strong>comida h\u00fameda para gatos adultos de Felix Fantastic<\/strong>\u00a0viene en un\u00a0<strong>multipack de sobres<\/strong> con sabor a diferentes clases de carnes, tales como, <strong>pollo, buey, conejo y cordero<\/strong>. Sabemos que a tus mininos les fascina el sabor a pescado por eso F\u00e9lix te ofrece este delicioso alimento que dejar\u00e1 a tu gran amigo encantado.<\/p>\n<p>Adem\u00e1s, su<strong>\u00a0textura gelatinosa<\/strong>\u00a0incentivar\u00e1 todo su sabor y har\u00e1 que este alimento sea mucho m\u00e1s\u00a0<strong>f\u00e1cil de digerir<\/strong>\u00a0para tu felino adulto, sus ingredientes son de alta calidad y posee vitaminas D y E, minerales y fuente de omega 6 para mantener sano y con todos los nutrientes a tu mascota.<\/p>\n<p>Los sobres individuales se enviaran surtidos, a no ser que nos especifiqu\u00e9is la preferencia de sabor de vuestro compa\u00f1ero, e intentaremos ajustarnos lo m\u00e1ximo posible.<\/p>\n<p>Se puede pedir:<\/p>\n<p>Sobres sueltos a 0,70\u20ac la unidad,<\/p>\n<p>La caja entera a 7,99\u20ac 12 unidades.<\/p>","protected":false},"excerpt":{"rendered":"<p>Alimento h\u00famedo de Felix Fantastic Esta\u00a0comida h\u00fameda para gatos adultos de Felix Fantastic\u00a0viene en un\u00a0multipack de sobres con sabor a diferentes clases de carnes, tales como, pollo, buey, conejo y&hellip;<\/p>","protected":false},"featured_media":26587,"comment_status":"open","ping_status":"closed","template":"","meta":[],"product_cat":[318],"product_tag":[],"class_list":["post-26586","product","type-product","status-publish","has-post-thumbnail","hentry","product_cat-gatos-comida-humeda"],"yoast_head":"<!-- This site is optimized with the Yoast SEO plugin v21.6 - https:\/\/yoast.com\/wordpress\/plugins\/seo\/ -->\n<title>Sobres F\u00e9lix de Gelatina de Carne - Cien Mil Hijos<\/title>\n<meta name=\"robots\" content=\"index, follow, max-snippet:-1, max-image-preview:large, max-video-preview:-1\" \/>\n<link rel=\"canonical\" href=\"https:\/\/cienmilhijos.es\/en\/product\/sobres-felix-de-gelatina-de-carne\/\" \/>\n<meta property=\"og:locale\" content=\"en_GB\" \/>\n<meta property=\"og:type\" content=\"article\" \/>\n<meta property=\"og:title\" content=\"Sobres F\u00e9lix de Gelatina de Carne - Cien Mil Hijos\" \/>\n<meta property=\"og:description\" content=\"Alimento h\u00famedo de Felix Fantastic Esta\u00a0comida h\u00fameda para gatos adultos de Felix Fantastic\u00a0viene en un\u00a0multipack de sobres con sabor a diferentes clases de carnes, tales como, pollo, buey, conejo y&hellip;\" \/>\n<meta property=\"og:url\" content=\"https:\/\/cienmilhijos.es\/en\/product\/sobres-felix-de-gelatina-de-carne\/\" \/>\n<meta property=\"og:site_name\" content=\"Cien Mil Hijos\" \/>\n<meta property=\"article:publisher\" content=\"https:\/\/www.facebook.com\/cienmilhijosanimales\/?locale=es_ES\" \/>\n<meta property=\"article:modified_time\" content=\"2023-12-20T11:43:40+00:00\" \/>\n<meta property=\"og:image\" content=\"https:\/\/cienmilhijos.es\/wp-content\/uploads\/2023\/12\/dieta-natural-felix-fantastic-festin-de-carnes-multipack-12x85gr.webp\" \/>\n\t<meta property=\"og:image:width\" content=\"800\" \/>\n\t<meta property=\"og:image:height\" content=\"1200\" \/>\n\t<meta property=\"og:image:type\" content=\"image\/webp\" \/>\n<meta name=\"twitter:card\" content=\"summary_large_image\" \/>\n<meta name=\"twitter:label1\" content=\"Estimated reading time\" \/>\n\t<meta name=\"twitter:data1\" content=\"1 minute\" \/>\n<script type=\"application\/ld+json\" class=\"yoast-schema-graph\">{\"@context\":\"https:\/\/schema.org\",\"@graph\":[{\"@type\":\"WebPage\",\"@id\":\"https:\/\/cienmilhijos.es\/product\/sobres-felix-de-gelatina-de-carne\/\",\"url\":\"https:\/\/cienmilhijos.es\/product\/sobres-felix-de-gelatina-de-carne\/\",\"name\":\"Sobres F\u00e9lix de Gelatina de Carne - Cien Mil Hijos\",\"isPartOf\":{\"@id\":\"https:\/\/cienmilhijos.es\/#website\"},\"datePublished\":\"2023-12-14T18:32:43+00:00\",\"dateModified\":\"2023-12-20T11:43:40+00:00\",\"breadcrumb\":{\"@id\":\"https:\/\/cienmilhijos.es\/product\/sobres-felix-de-gelatina-de-carne\/#breadcrumb\"},\"inLanguage\":\"en-GB\",\"potentialAction\":[{\"@type\":\"ReadAction\",\"target\":[\"https:\/\/cienmilhijos.es\/product\/sobres-felix-de-gelatina-de-carne\/\"]}]},{\"@type\":\"BreadcrumbList\",\"@id\":\"https:\/\/cienmilhijos.es\/product\/sobres-felix-de-gelatina-de-carne\/#breadcrumb\",\"itemListElement\":[{\"@type\":\"ListItem\",\"position\":1,\"name\":\"Portada\",\"item\":\"https:\/\/cienmilhijos.es\/\"},{\"@type\":\"ListItem\",\"position\":2,\"name\":\"Tienda\",\"item\":\"https:\/\/cienmilhijos.es\/tienda\/\"},{\"@type\":\"ListItem\",\"position\":3,\"name\":\"Sobres F\u00e9lix de Gelatina de Carne\"}]},{\"@type\":\"WebSite\",\"@id\":\"https:\/\/cienmilhijos.es\/#website\",\"url\":\"https:\/\/cienmilhijos.es\/\",\"name\":\"Cien Mil Hijos\",\"description\":\"Cuidado de animales &amp; tienda de mascotas\",\"publisher\":{\"@id\":\"https:\/\/cienmilhijos.es\/#organization\"},\"potentialAction\":[{\"@type\":\"SearchAction\",\"target\":{\"@type\":\"EntryPoint\",\"urlTemplate\":\"https:\/\/cienmilhijos.es\/?s={search_term_string}\"},\"query-input\":\"required name=search_term_string\"}],\"inLanguage\":\"en-GB\"},{\"@type\":\"Organization\",\"@id\":\"https:\/\/cienmilhijos.es\/#organization\",\"name\":\"Cien Mil Hijos\",\"url\":\"https:\/\/cienmilhijos.es\/\",\"logo\":{\"@type\":\"ImageObject\",\"inLanguage\":\"en-GB\",\"@id\":\"https:\/\/cienmilhijos.es\/#\/schema\/logo\/image\/\",\"url\":\"https:\/\/cienmilhijos.es\/wp-content\/uploads\/2023\/12\/logo2.png\",\"contentUrl\":\"https:\/\/cienmilhijos.es\/wp-content\/uploads\/2023\/12\/logo2.png\",\"width\":1150,\"height\":127,\"caption\":\"Cien Mil Hijos\"},\"image\":{\"@id\":\"https:\/\/cienmilhijos.es\/#\/schema\/logo\/image\/\"},\"sameAs\":[\"https:\/\/www.facebook.com\/cienmilhijosanimales\/?locale=es_ES\"]}]}<\/script>\n<!-- \/ Yoast SEO plugin. -->","yoast_head_json":{"title":"Sobres F\u00e9lix de Gelatina de Carne - Cien Mil Hijos","robots":{"index":"index","follow":"follow","max-snippet":"max-snippet:-1","max-image-preview":"max-image-preview:large","max-video-preview":"max-video-preview:-1"},"canonical":"https:\/\/cienmilhijos.es\/en\/product\/sobres-felix-de-gelatina-de-carne\/","og_locale":"en_GB","og_type":"article","og_title":"Sobres F\u00e9lix de Gelatina de Carne - Cien Mil Hijos","og_description":"Alimento h\u00famedo de Felix Fantastic Esta\u00a0comida h\u00fameda para gatos adultos de Felix Fantastic\u00a0viene en un\u00a0multipack de sobres con sabor a diferentes clases de carnes, tales como, pollo, buey, conejo y&hellip;","og_url":"https:\/\/cienmilhijos.es\/en\/product\/sobres-felix-de-gelatina-de-carne\/","og_site_name":"Cien Mil Hijos","article_publisher":"https:\/\/www.facebook.com\/cienmilhijosanimales\/?locale=es_ES","article_modified_time":"2023-12-20T11:43:40+00:00","og_image":[{"width":800,"height":1200,"url":"https:\/\/cienmilhijos.es\/wp-content\/uploads\/2023\/12\/dieta-natural-felix-fantastic-festin-de-carnes-multipack-12x85gr.webp","type":"image\/webp"}],"twitter_card":"summary_large_image","twitter_misc":{"Estimated reading time":"1 minute"},"schema":{"@context":"https:\/\/schema.org","@graph":[{"@type":"WebPage","@id":"https:\/\/cienmilhijos.es\/product\/sobres-felix-de-gelatina-de-carne\/","url":"https:\/\/cienmilhijos.es\/product\/sobres-felix-de-gelatina-de-carne\/","name":"Sobres F\u00e9lix de Gelatina de Carne - Cien Mil Hijos","isPartOf":{"@id":"https:\/\/cienmilhijos.es\/#website"},"datePublished":"2023-12-14T18:32:43+00:00","dateModified":"2023-12-20T11:43:40+00:00","breadcrumb":{"@id":"https:\/\/cienmilhijos.es\/product\/sobres-felix-de-gelatina-de-carne\/#breadcrumb"},"inLanguage":"en-GB","potentialAction":[{"@type":"ReadAction","target":["https:\/\/cienmilhijos.es\/product\/sobres-felix-de-gelatina-de-carne\/"]}]},{"@type":"BreadcrumbList","@id":"https:\/\/cienmilhijos.es\/product\/sobres-felix-de-gelatina-de-carne\/#breadcrumb","itemListElement":[{"@type":"ListItem","position":1,"name":"Portada","item":"https:\/\/cienmilhijos.es\/"},{"@type":"ListItem","position":2,"name":"Tienda","item":"https:\/\/cienmilhijos.es\/tienda\/"},{"@type":"ListItem","position":3,"name":"Sobres F\u00e9lix de Gelatina de Carne"}]},{"@type":"WebSite","@id":"https:\/\/cienmilhijos.es\/#website","url":"https:\/\/cienmilhijos.es\/","name":"Cien Mil Hijos","description":"Cuidado de animales &amp; tienda de mascotas","publisher":{"@id":"https:\/\/cienmilhijos.es\/#organization"},"potentialAction":[{"@type":"SearchAction","target":{"@type":"EntryPoint","urlTemplate":"https:\/\/cienmilhijos.es\/?s={search_term_string}"},"query-input":"required name=search_term_string"}],"inLanguage":"en-GB"},{"@type":"Organization","@id":"https:\/\/cienmilhijos.es\/#organization","name":"Cien Mil Hijos","url":"https:\/\/cienmilhijos.es\/","logo":{"@type":"ImageObject","inLanguage":"en-GB","@id":"https:\/\/cienmilhijos.es\/#\/schema\/logo\/image\/","url":"https:\/\/cienmilhijos.es\/wp-content\/uploads\/2023\/12\/logo2.png","contentUrl":"https:\/\/cienmilhijos.es\/wp-content\/uploads\/2023\/12\/logo2.png","width":1150,"height":127,"caption":"Cien Mil Hijos"},"image":{"@id":"https:\/\/cienmilhijos.es\/#\/schema\/logo\/image\/"},"sameAs":["https:\/\/www.facebook.com\/cienmilhijosanimales\/?locale=es_ES"]}]}},"_links":{"self":[{"href":"https:\/\/cienmilhijos.es\/en\/wp-json\/wp\/v2\/product\/26586","targetHints":{"allow":["GET"]}}],"collection":[{"href":"https:\/\/cienmilhijos.es\/en\/wp-json\/wp\/v2\/product"}],"about":[{"href":"https:\/\/cienmilhijos.es\/en\/wp-json\/wp\/v2\/types\/product"}],"replies":[{"embeddable":true,"href":"https:\/\/cienmilhijos.es\/en\/wp-json\/wp\/v2\/comments?post=26586"}],"wp:featuredmedia":[{"embeddable":true,"href":"https:\/\/cienmilhijos.es\/en\/wp-json\/wp\/v2\/media\/26587"}],"wp:attachment":[{"href":"https:\/\/cienmilhijos.es\/en\/wp-json\/wp\/v2\/media?parent=26586"}],"wp:term":[{"taxonomy":"product_cat","embeddable":true,"href":"https:\/\/cienmilhijos.es\/en\/wp-json\/wp\/v2\/product_cat?post=26586"},{"taxonomy":"product_tag","embeddable":true,"href":"https:\/\/cienmilhijos.es\/en\/wp-json\/wp\/v2\/product_tag?post=26586"}],"curies":[{"name":"wp","href":"https:\/\/api.w.org\/{rel}","templated":true}]}}