{"id":26576,"date":"2023-12-13T18:04:17","date_gmt":"2023-12-13T18:04:17","guid":{"rendered":"https:\/\/cienmilhijos.es\/?post_type=product&#038;p=26576"},"modified":"2023-12-13T18:04:18","modified_gmt":"2023-12-13T18:04:18","slug":"bolsas-para-areneros","status":"publish","type":"product","link":"https:\/\/cienmilhijos.es\/en\/product\/bolsas-para-areneros\/","title":{"rendered":"Bolsas para Areneros"},"content":{"rendered":"<p>as bolsas higi\u00e9nicas Savic Bag it Up son muy pr\u00e1cticas para limpiar el arenero de forma sencilla y r\u00e1pida. Introduce una bolsa en la bandeja y aj\u00fastala seg\u00fan sea necesario. A continuaci\u00f3n, vierte la arena \u00a1y listo! Tu gato puede empezar a utilizar el arenero enseguida. Estas bolsas protegen la bandeja higi\u00e9nica del \u00e1cido \u00farico para que puedas prolongar su uso. Adem\u00e1s, previenen la formaci\u00f3n de olores desagradables y de dep\u00f3sitos de orina. A la hora de cambiar la arena, solo tienes que cerrar la bolsa con la arena dentro y desecharla en la basura. As\u00ed podr\u00e1s limpiar el arenero con menor frecuencia.<\/p>\n<p><b>Caracter\u00edsticas de las bolsas higi\u00e9nicas Savic Bag it Up:<\/b><\/p>\n<ul>\n<li>Bolsas resistentes para areneros<\/li>\n<li>Impiden la formaci\u00f3n de dep\u00f3sitos de orina y de olores desagradables<\/li>\n<li>Prolonga el uso de la bandeja higi\u00e9nica al protegerla \u00e1cido \u00farico<\/li>\n<li>Facilita y acelera la limpieza del arenero<\/li>\n<li>Disponibles en varios tama\u00f1os: para todos los areneros convencionales con unas medidas m\u00e1ximas iguales a la bolsa<\/li>\n<li>Material: polietileno (PE)<\/li>\n<li>Color: transparentes blanquecinas<\/li>\n<\/ul>\n<p>Tama\u00f1o mediano: 42 x 32cm<\/p>\n<p>12 Unidades<\/p>","protected":false},"excerpt":{"rendered":"<p>as bolsas higi\u00e9nicas Savic Bag it Up son muy pr\u00e1cticas para limpiar el arenero de forma sencilla y r\u00e1pida. Introduce una bolsa en la bandeja y aj\u00fastala seg\u00fan sea necesario.&hellip;<\/p>","protected":false},"featured_media":26577,"comment_status":"open","ping_status":"closed","template":"","meta":[],"product_cat":[271],"product_tag":[],"class_list":["post-26576","product","type-product","status-publish","has-post-thumbnail","hentry","product_cat-articulos-gatos"],"yoast_head":"<!-- This site is optimized with the Yoast SEO plugin v21.6 - https:\/\/yoast.com\/wordpress\/plugins\/seo\/ -->\n<title>Bolsas para Areneros - Cien Mil Hijos<\/title>\n<meta name=\"robots\" content=\"index, follow, max-snippet:-1, max-image-preview:large, max-video-preview:-1\" \/>\n<link rel=\"canonical\" href=\"https:\/\/cienmilhijos.es\/en\/product\/bolsas-para-areneros\/\" \/>\n<meta property=\"og:locale\" content=\"en_GB\" \/>\n<meta property=\"og:type\" content=\"article\" \/>\n<meta property=\"og:title\" content=\"Bolsas para Areneros - Cien Mil Hijos\" \/>\n<meta property=\"og:description\" content=\"as bolsas higi\u00e9nicas Savic Bag it Up son muy pr\u00e1cticas para limpiar el arenero de forma sencilla y r\u00e1pida. Introduce una bolsa en la bandeja y aj\u00fastala seg\u00fan sea necesario.&hellip;\" \/>\n<meta property=\"og:url\" content=\"https:\/\/cienmilhijos.es\/en\/product\/bolsas-para-areneros\/\" \/>\n<meta property=\"og:site_name\" content=\"Cien Mil Hijos\" \/>\n<meta property=\"article:publisher\" content=\"https:\/\/www.facebook.com\/cienmilhijosanimales\/?locale=es_ES\" \/>\n<meta property=\"article:modified_time\" content=\"2023-12-13T18:04:18+00:00\" \/>\n<meta property=\"og:image\" content=\"https:\/\/cienmilhijos.es\/wp-content\/uploads\/2023\/12\/74064_pla_savic_bagitup_littertraybags_sonderpreis_medium_12stck_hs_01_7.jpg\" \/>\n\t<meta property=\"og:image:width\" content=\"400\" \/>\n\t<meta property=\"og:image:height\" content=\"400\" \/>\n\t<meta property=\"og:image:type\" content=\"image\/jpeg\" \/>\n<meta name=\"twitter:card\" content=\"summary_large_image\" \/>\n<meta name=\"twitter:label1\" content=\"Estimated reading time\" \/>\n\t<meta name=\"twitter:data1\" content=\"1 minute\" \/>\n<script type=\"application\/ld+json\" class=\"yoast-schema-graph\">{\"@context\":\"https:\/\/schema.org\",\"@graph\":[{\"@type\":\"WebPage\",\"@id\":\"https:\/\/cienmilhijos.es\/product\/bolsas-para-areneros\/\",\"url\":\"https:\/\/cienmilhijos.es\/product\/bolsas-para-areneros\/\",\"name\":\"Bolsas para Areneros - Cien Mil Hijos\",\"isPartOf\":{\"@id\":\"https:\/\/cienmilhijos.es\/#website\"},\"datePublished\":\"2023-12-13T18:04:17+00:00\",\"dateModified\":\"2023-12-13T18:04:18+00:00\",\"breadcrumb\":{\"@id\":\"https:\/\/cienmilhijos.es\/product\/bolsas-para-areneros\/#breadcrumb\"},\"inLanguage\":\"en-GB\",\"potentialAction\":[{\"@type\":\"ReadAction\",\"target\":[\"https:\/\/cienmilhijos.es\/product\/bolsas-para-areneros\/\"]}]},{\"@type\":\"BreadcrumbList\",\"@id\":\"https:\/\/cienmilhijos.es\/product\/bolsas-para-areneros\/#breadcrumb\",\"itemListElement\":[{\"@type\":\"ListItem\",\"position\":1,\"name\":\"Portada\",\"item\":\"https:\/\/cienmilhijos.es\/\"},{\"@type\":\"ListItem\",\"position\":2,\"name\":\"Tienda\",\"item\":\"https:\/\/cienmilhijos.es\/tienda\/\"},{\"@type\":\"ListItem\",\"position\":3,\"name\":\"Bolsas para Areneros\"}]},{\"@type\":\"WebSite\",\"@id\":\"https:\/\/cienmilhijos.es\/#website\",\"url\":\"https:\/\/cienmilhijos.es\/\",\"name\":\"Cien Mil Hijos\",\"description\":\"Cuidado de animales &amp; tienda de mascotas\",\"publisher\":{\"@id\":\"https:\/\/cienmilhijos.es\/#organization\"},\"potentialAction\":[{\"@type\":\"SearchAction\",\"target\":{\"@type\":\"EntryPoint\",\"urlTemplate\":\"https:\/\/cienmilhijos.es\/?s={search_term_string}\"},\"query-input\":\"required name=search_term_string\"}],\"inLanguage\":\"en-GB\"},{\"@type\":\"Organization\",\"@id\":\"https:\/\/cienmilhijos.es\/#organization\",\"name\":\"Cien Mil Hijos\",\"url\":\"https:\/\/cienmilhijos.es\/\",\"logo\":{\"@type\":\"ImageObject\",\"inLanguage\":\"en-GB\",\"@id\":\"https:\/\/cienmilhijos.es\/#\/schema\/logo\/image\/\",\"url\":\"https:\/\/cienmilhijos.es\/wp-content\/uploads\/2023\/12\/logo2.png\",\"contentUrl\":\"https:\/\/cienmilhijos.es\/wp-content\/uploads\/2023\/12\/logo2.png\",\"width\":1150,\"height\":127,\"caption\":\"Cien Mil Hijos\"},\"image\":{\"@id\":\"https:\/\/cienmilhijos.es\/#\/schema\/logo\/image\/\"},\"sameAs\":[\"https:\/\/www.facebook.com\/cienmilhijosanimales\/?locale=es_ES\"]}]}<\/script>\n<!-- \/ Yoast SEO plugin. -->","yoast_head_json":{"title":"Bolsas para Areneros - Cien Mil Hijos","robots":{"index":"index","follow":"follow","max-snippet":"max-snippet:-1","max-image-preview":"max-image-preview:large","max-video-preview":"max-video-preview:-1"},"canonical":"https:\/\/cienmilhijos.es\/en\/product\/bolsas-para-areneros\/","og_locale":"en_GB","og_type":"article","og_title":"Bolsas para Areneros - Cien Mil Hijos","og_description":"as bolsas higi\u00e9nicas Savic Bag it Up son muy pr\u00e1cticas para limpiar el arenero de forma sencilla y r\u00e1pida. Introduce una bolsa en la bandeja y aj\u00fastala seg\u00fan sea necesario.&hellip;","og_url":"https:\/\/cienmilhijos.es\/en\/product\/bolsas-para-areneros\/","og_site_name":"Cien Mil Hijos","article_publisher":"https:\/\/www.facebook.com\/cienmilhijosanimales\/?locale=es_ES","article_modified_time":"2023-12-13T18:04:18+00:00","og_image":[{"width":400,"height":400,"url":"https:\/\/cienmilhijos.es\/wp-content\/uploads\/2023\/12\/74064_pla_savic_bagitup_littertraybags_sonderpreis_medium_12stck_hs_01_7.jpg","type":"image\/jpeg"}],"twitter_card":"summary_large_image","twitter_misc":{"Estimated reading time":"1 minute"},"schema":{"@context":"https:\/\/schema.org","@graph":[{"@type":"WebPage","@id":"https:\/\/cienmilhijos.es\/product\/bolsas-para-areneros\/","url":"https:\/\/cienmilhijos.es\/product\/bolsas-para-areneros\/","name":"Bolsas para Areneros - Cien Mil Hijos","isPartOf":{"@id":"https:\/\/cienmilhijos.es\/#website"},"datePublished":"2023-12-13T18:04:17+00:00","dateModified":"2023-12-13T18:04:18+00:00","breadcrumb":{"@id":"https:\/\/cienmilhijos.es\/product\/bolsas-para-areneros\/#breadcrumb"},"inLanguage":"en-GB","potentialAction":[{"@type":"ReadAction","target":["https:\/\/cienmilhijos.es\/product\/bolsas-para-areneros\/"]}]},{"@type":"BreadcrumbList","@id":"https:\/\/cienmilhijos.es\/product\/bolsas-para-areneros\/#breadcrumb","itemListElement":[{"@type":"ListItem","position":1,"name":"Portada","item":"https:\/\/cienmilhijos.es\/"},{"@type":"ListItem","position":2,"name":"Tienda","item":"https:\/\/cienmilhijos.es\/tienda\/"},{"@type":"ListItem","position":3,"name":"Bolsas para Areneros"}]},{"@type":"WebSite","@id":"https:\/\/cienmilhijos.es\/#website","url":"https:\/\/cienmilhijos.es\/","name":"Cien Mil Hijos","description":"Cuidado de animales &amp; tienda de mascotas","publisher":{"@id":"https:\/\/cienmilhijos.es\/#organization"},"potentialAction":[{"@type":"SearchAction","target":{"@type":"EntryPoint","urlTemplate":"https:\/\/cienmilhijos.es\/?s={search_term_string}"},"query-input":"required name=search_term_string"}],"inLanguage":"en-GB"},{"@type":"Organization","@id":"https:\/\/cienmilhijos.es\/#organization","name":"Cien Mil Hijos","url":"https:\/\/cienmilhijos.es\/","logo":{"@type":"ImageObject","inLanguage":"en-GB","@id":"https:\/\/cienmilhijos.es\/#\/schema\/logo\/image\/","url":"https:\/\/cienmilhijos.es\/wp-content\/uploads\/2023\/12\/logo2.png","contentUrl":"https:\/\/cienmilhijos.es\/wp-content\/uploads\/2023\/12\/logo2.png","width":1150,"height":127,"caption":"Cien Mil Hijos"},"image":{"@id":"https:\/\/cienmilhijos.es\/#\/schema\/logo\/image\/"},"sameAs":["https:\/\/www.facebook.com\/cienmilhijosanimales\/?locale=es_ES"]}]}},"_links":{"self":[{"href":"https:\/\/cienmilhijos.es\/en\/wp-json\/wp\/v2\/product\/26576","targetHints":{"allow":["GET"]}}],"collection":[{"href":"https:\/\/cienmilhijos.es\/en\/wp-json\/wp\/v2\/product"}],"about":[{"href":"https:\/\/cienmilhijos.es\/en\/wp-json\/wp\/v2\/types\/product"}],"replies":[{"embeddable":true,"href":"https:\/\/cienmilhijos.es\/en\/wp-json\/wp\/v2\/comments?post=26576"}],"wp:featuredmedia":[{"embeddable":true,"href":"https:\/\/cienmilhijos.es\/en\/wp-json\/wp\/v2\/media\/26577"}],"wp:attachment":[{"href":"https:\/\/cienmilhijos.es\/en\/wp-json\/wp\/v2\/media?parent=26576"}],"wp:term":[{"taxonomy":"product_cat","embeddable":true,"href":"https:\/\/cienmilhijos.es\/en\/wp-json\/wp\/v2\/product_cat?post=26576"},{"taxonomy":"product_tag","embeddable":true,"href":"https:\/\/cienmilhijos.es\/en\/wp-json\/wp\/v2\/product_tag?post=26576"}],"curies":[{"name":"wp","href":"https:\/\/api.w.org\/{rel}","templated":true}]}}