{"id":26570,"date":"2023-12-13T17:45:25","date_gmt":"2023-12-13T17:45:25","guid":{"rendered":"https:\/\/cienmilhijos.es\/?post_type=product&#038;p=26570"},"modified":"2023-12-13T17:45:26","modified_gmt":"2023-12-13T17:45:26","slug":"semillas-de-hierba-para-gatos","status":"publish","type":"product","link":"https:\/\/cienmilhijos.es\/en\/product\/semillas-de-hierba-para-gatos\/","title":{"rendered":"Semillas de Hierba para Gatos"},"content":{"rendered":"<h2>Hierba para gatos<\/h2>\n<p>Ofrecer a tu gato una alimentaci\u00f3n equilibrada y con todos los nutrientes que necesita es fundamental para que pueda gozar de buena salud. Sin embargo, hay ocasiones en que la alimentaci\u00f3n no es suficiente y necesitas aportar un extra de algunos ingredientes para asegurar su buena salud.<\/p>\n<p>La fibra es uno de esos ingredientes de los que tu gato puede necesitar m\u00e1s. \u00bfPor qu\u00e9? Porque es la que ayuda al buen funcionamiento de su sistema digestivo, y la que evita que se formen en su est\u00f3mago las molestas bolas de pelo. Ev\u00edtale a tu gato estos problemas intestinales d\u00e1ndole la hierba para gatos.<\/p>\n<p>Este producto\u00a0 supone un aporte perfecto de fibra con la que complementar su alimentaci\u00f3n habitual. Es una hierba fresca, perfecta para que consuma a diario y que le permita regular mejor su tr\u00e1nsito intestinal. Basta con dejar un pu\u00f1ado para tu gato en su comedero y \u00e9l se encargar\u00e1 de tomarla cuando la necesite.<\/p>\n<p>&nbsp;<\/p>\n<p><strong>Caracter\u00edsticas:<\/strong><\/p>\n<ul>\n<li>Hierba fresca, como reci\u00e9n cortada.<\/li>\n<li>Perfecta para aportar m\u00e1s fibra a la dieta de tu gato.<\/li>\n<li>Ayuda a evitar la acumulaci\u00f3n de pelo en su est\u00f3mago.<\/li>\n<\/ul>\n<p>&nbsp;<\/p>\n<p><strong>Detalles del producto:<\/strong><\/p>\n<p>&nbsp;<\/p>\n<p><strong>Dosificaci\u00f3n:<\/strong><\/p>\n<p>Mant\u00e9n siempre a su alcance la hierba fresca. Col\u00f3cala en su comedero y a\u00f1ade m\u00e1s una vez se acabe para que pueda tomarla cada vez que quiera.<\/p>\n<p>&nbsp;<\/p>\n<p>&nbsp;<\/p>\n<p><em>Ayuda a que tu gato mejore su tr\u00e1nsito intestinal y evite las bolas de pelo de forma sencilla y segura con la hierba para gatos.<\/em><\/p>","protected":false},"excerpt":{"rendered":"<p>Hierba para gatos Ofrecer a tu gato una alimentaci\u00f3n equilibrada y con todos los nutrientes que necesita es fundamental para que pueda gozar de buena salud. Sin embargo, hay ocasiones&hellip;<\/p>","protected":false},"featured_media":26571,"comment_status":"open","ping_status":"closed","template":"","meta":[],"product_cat":[270],"product_tag":[],"class_list":["post-26570","product","type-product","status-publish","has-post-thumbnail","hentry","product_cat-alimetacion-gatos"],"yoast_head":"<!-- This site is optimized with the Yoast SEO plugin v21.6 - https:\/\/yoast.com\/wordpress\/plugins\/seo\/ -->\n<title>Semillas de Hierba para Gatos - Cien Mil Hijos<\/title>\n<meta name=\"robots\" content=\"index, follow, max-snippet:-1, max-image-preview:large, max-video-preview:-1\" \/>\n<link rel=\"canonical\" href=\"https:\/\/cienmilhijos.es\/en\/product\/semillas-de-hierba-para-gatos\/\" \/>\n<meta property=\"og:locale\" content=\"en_GB\" \/>\n<meta property=\"og:type\" content=\"article\" \/>\n<meta property=\"og:title\" content=\"Semillas de Hierba para Gatos - Cien Mil Hijos\" \/>\n<meta property=\"og:description\" content=\"Hierba para gatos Ofrecer a tu gato una alimentaci\u00f3n equilibrada y con todos los nutrientes que necesita es fundamental para que pueda gozar de buena salud. Sin embargo, hay ocasiones&hellip;\" \/>\n<meta property=\"og:url\" content=\"https:\/\/cienmilhijos.es\/en\/product\/semillas-de-hierba-para-gatos\/\" \/>\n<meta property=\"og:site_name\" content=\"Cien Mil Hijos\" \/>\n<meta property=\"article:publisher\" content=\"https:\/\/www.facebook.com\/cienmilhijosanimales\/?locale=es_ES\" \/>\n<meta property=\"article:modified_time\" content=\"2023-12-13T17:45:26+00:00\" \/>\n<meta property=\"og:image\" content=\"https:\/\/cienmilhijos.es\/wp-content\/uploads\/2023\/12\/descarga-9.jpg\" \/>\n\t<meta property=\"og:image:width\" content=\"204\" \/>\n\t<meta property=\"og:image:height\" content=\"192\" \/>\n\t<meta property=\"og:image:type\" content=\"image\/jpeg\" \/>\n<meta name=\"twitter:card\" content=\"summary_large_image\" \/>\n<meta name=\"twitter:label1\" content=\"Estimated reading time\" \/>\n\t<meta name=\"twitter:data1\" content=\"2 minutes\" \/>\n<script type=\"application\/ld+json\" class=\"yoast-schema-graph\">{\"@context\":\"https:\/\/schema.org\",\"@graph\":[{\"@type\":\"WebPage\",\"@id\":\"https:\/\/cienmilhijos.es\/product\/semillas-de-hierba-para-gatos\/\",\"url\":\"https:\/\/cienmilhijos.es\/product\/semillas-de-hierba-para-gatos\/\",\"name\":\"Semillas de Hierba para Gatos - Cien Mil Hijos\",\"isPartOf\":{\"@id\":\"https:\/\/cienmilhijos.es\/#website\"},\"datePublished\":\"2023-12-13T17:45:25+00:00\",\"dateModified\":\"2023-12-13T17:45:26+00:00\",\"breadcrumb\":{\"@id\":\"https:\/\/cienmilhijos.es\/product\/semillas-de-hierba-para-gatos\/#breadcrumb\"},\"inLanguage\":\"en-GB\",\"potentialAction\":[{\"@type\":\"ReadAction\",\"target\":[\"https:\/\/cienmilhijos.es\/product\/semillas-de-hierba-para-gatos\/\"]}]},{\"@type\":\"BreadcrumbList\",\"@id\":\"https:\/\/cienmilhijos.es\/product\/semillas-de-hierba-para-gatos\/#breadcrumb\",\"itemListElement\":[{\"@type\":\"ListItem\",\"position\":1,\"name\":\"Portada\",\"item\":\"https:\/\/cienmilhijos.es\/\"},{\"@type\":\"ListItem\",\"position\":2,\"name\":\"Tienda\",\"item\":\"https:\/\/cienmilhijos.es\/tienda\/\"},{\"@type\":\"ListItem\",\"position\":3,\"name\":\"Semillas de Hierba para Gatos\"}]},{\"@type\":\"WebSite\",\"@id\":\"https:\/\/cienmilhijos.es\/#website\",\"url\":\"https:\/\/cienmilhijos.es\/\",\"name\":\"Cien Mil Hijos\",\"description\":\"Cuidado de animales &amp; tienda de mascotas\",\"publisher\":{\"@id\":\"https:\/\/cienmilhijos.es\/#organization\"},\"potentialAction\":[{\"@type\":\"SearchAction\",\"target\":{\"@type\":\"EntryPoint\",\"urlTemplate\":\"https:\/\/cienmilhijos.es\/?s={search_term_string}\"},\"query-input\":\"required name=search_term_string\"}],\"inLanguage\":\"en-GB\"},{\"@type\":\"Organization\",\"@id\":\"https:\/\/cienmilhijos.es\/#organization\",\"name\":\"Cien Mil Hijos\",\"url\":\"https:\/\/cienmilhijos.es\/\",\"logo\":{\"@type\":\"ImageObject\",\"inLanguage\":\"en-GB\",\"@id\":\"https:\/\/cienmilhijos.es\/#\/schema\/logo\/image\/\",\"url\":\"https:\/\/cienmilhijos.es\/wp-content\/uploads\/2023\/12\/logo2.png\",\"contentUrl\":\"https:\/\/cienmilhijos.es\/wp-content\/uploads\/2023\/12\/logo2.png\",\"width\":1150,\"height\":127,\"caption\":\"Cien Mil Hijos\"},\"image\":{\"@id\":\"https:\/\/cienmilhijos.es\/#\/schema\/logo\/image\/\"},\"sameAs\":[\"https:\/\/www.facebook.com\/cienmilhijosanimales\/?locale=es_ES\"]}]}<\/script>\n<!-- \/ Yoast SEO plugin. -->","yoast_head_json":{"title":"Semillas de Hierba para Gatos - Cien Mil Hijos","robots":{"index":"index","follow":"follow","max-snippet":"max-snippet:-1","max-image-preview":"max-image-preview:large","max-video-preview":"max-video-preview:-1"},"canonical":"https:\/\/cienmilhijos.es\/en\/product\/semillas-de-hierba-para-gatos\/","og_locale":"en_GB","og_type":"article","og_title":"Semillas de Hierba para Gatos - Cien Mil Hijos","og_description":"Hierba para gatos Ofrecer a tu gato una alimentaci\u00f3n equilibrada y con todos los nutrientes que necesita es fundamental para que pueda gozar de buena salud. Sin embargo, hay ocasiones&hellip;","og_url":"https:\/\/cienmilhijos.es\/en\/product\/semillas-de-hierba-para-gatos\/","og_site_name":"Cien Mil Hijos","article_publisher":"https:\/\/www.facebook.com\/cienmilhijosanimales\/?locale=es_ES","article_modified_time":"2023-12-13T17:45:26+00:00","og_image":[{"width":204,"height":192,"url":"https:\/\/cienmilhijos.es\/wp-content\/uploads\/2023\/12\/descarga-9.jpg","type":"image\/jpeg"}],"twitter_card":"summary_large_image","twitter_misc":{"Estimated reading time":"2 minutes"},"schema":{"@context":"https:\/\/schema.org","@graph":[{"@type":"WebPage","@id":"https:\/\/cienmilhijos.es\/product\/semillas-de-hierba-para-gatos\/","url":"https:\/\/cienmilhijos.es\/product\/semillas-de-hierba-para-gatos\/","name":"Semillas de Hierba para Gatos - Cien Mil Hijos","isPartOf":{"@id":"https:\/\/cienmilhijos.es\/#website"},"datePublished":"2023-12-13T17:45:25+00:00","dateModified":"2023-12-13T17:45:26+00:00","breadcrumb":{"@id":"https:\/\/cienmilhijos.es\/product\/semillas-de-hierba-para-gatos\/#breadcrumb"},"inLanguage":"en-GB","potentialAction":[{"@type":"ReadAction","target":["https:\/\/cienmilhijos.es\/product\/semillas-de-hierba-para-gatos\/"]}]},{"@type":"BreadcrumbList","@id":"https:\/\/cienmilhijos.es\/product\/semillas-de-hierba-para-gatos\/#breadcrumb","itemListElement":[{"@type":"ListItem","position":1,"name":"Portada","item":"https:\/\/cienmilhijos.es\/"},{"@type":"ListItem","position":2,"name":"Tienda","item":"https:\/\/cienmilhijos.es\/tienda\/"},{"@type":"ListItem","position":3,"name":"Semillas de Hierba para Gatos"}]},{"@type":"WebSite","@id":"https:\/\/cienmilhijos.es\/#website","url":"https:\/\/cienmilhijos.es\/","name":"Cien Mil Hijos","description":"Cuidado de animales &amp; tienda de mascotas","publisher":{"@id":"https:\/\/cienmilhijos.es\/#organization"},"potentialAction":[{"@type":"SearchAction","target":{"@type":"EntryPoint","urlTemplate":"https:\/\/cienmilhijos.es\/?s={search_term_string}"},"query-input":"required name=search_term_string"}],"inLanguage":"en-GB"},{"@type":"Organization","@id":"https:\/\/cienmilhijos.es\/#organization","name":"Cien Mil Hijos","url":"https:\/\/cienmilhijos.es\/","logo":{"@type":"ImageObject","inLanguage":"en-GB","@id":"https:\/\/cienmilhijos.es\/#\/schema\/logo\/image\/","url":"https:\/\/cienmilhijos.es\/wp-content\/uploads\/2023\/12\/logo2.png","contentUrl":"https:\/\/cienmilhijos.es\/wp-content\/uploads\/2023\/12\/logo2.png","width":1150,"height":127,"caption":"Cien Mil Hijos"},"image":{"@id":"https:\/\/cienmilhijos.es\/#\/schema\/logo\/image\/"},"sameAs":["https:\/\/www.facebook.com\/cienmilhijosanimales\/?locale=es_ES"]}]}},"_links":{"self":[{"href":"https:\/\/cienmilhijos.es\/en\/wp-json\/wp\/v2\/product\/26570","targetHints":{"allow":["GET"]}}],"collection":[{"href":"https:\/\/cienmilhijos.es\/en\/wp-json\/wp\/v2\/product"}],"about":[{"href":"https:\/\/cienmilhijos.es\/en\/wp-json\/wp\/v2\/types\/product"}],"replies":[{"embeddable":true,"href":"https:\/\/cienmilhijos.es\/en\/wp-json\/wp\/v2\/comments?post=26570"}],"wp:featuredmedia":[{"embeddable":true,"href":"https:\/\/cienmilhijos.es\/en\/wp-json\/wp\/v2\/media\/26571"}],"wp:attachment":[{"href":"https:\/\/cienmilhijos.es\/en\/wp-json\/wp\/v2\/media?parent=26570"}],"wp:term":[{"taxonomy":"product_cat","embeddable":true,"href":"https:\/\/cienmilhijos.es\/en\/wp-json\/wp\/v2\/product_cat?post=26570"},{"taxonomy":"product_tag","embeddable":true,"href":"https:\/\/cienmilhijos.es\/en\/wp-json\/wp\/v2\/product_tag?post=26570"}],"curies":[{"name":"wp","href":"https:\/\/api.w.org\/{rel}","templated":true}]}}