{"id":26554,"date":"2023-12-13T11:43:51","date_gmt":"2023-12-13T11:43:51","guid":{"rendered":"https:\/\/cienmilhijos.es\/?post_type=product&#038;p=26554"},"modified":"2024-04-18T11:45:47","modified_gmt":"2024-04-18T11:45:47","slug":"bocaditos-advance-gatos-esterilizados","status":"publish","type":"product","link":"https:\/\/cienmilhijos.es\/en\/product\/bocaditos-advance-gatos-esterilizados\/","title":{"rendered":"Bocaditos de Pescado Advance Gatos Esterilizados"},"content":{"rendered":"<h2>Comida h\u00fameda para gatos esterilizados Advance Affinity<\/h2>\n<p>Esta comida para\u00a0<strong>gatos<\/strong>\u00a0<strong>adultos<\/strong>\u00a0<strong>castrados a partir de los 12 meses,<\/strong>\u00a0incluye bocaditos de carne de bacalao en una jugosa salsa que ser\u00e1 toda una tentaci\u00f3n. Asimismo,\u00a0<strong>incluye ingredientes Premium f\u00e1ciles de digerir<\/strong>\u00a0y una receta que cubre las necesidades alimenticias de tu amada mascota, como el\u00a0<strong>mantenimiento de la masa muscular<\/strong>, la cual puede verse afectada despu\u00e9s de la esterilizaci\u00f3n.<\/p>\n<p>Su\u00a0<strong>rica textura en salsa le agradar\u00e1 a su paladar<\/strong>, adem\u00e1s, vienen en sobres sencillos de servir en el comedero. Est\u00e1\u00a0<strong>formulado para mejorar el control de peso<\/strong>\u00a0al tiempo que es muy delicioso gracias a sus prote\u00ednas, fibras, bajo contenido de grasas y minerales. Todo este alimento h\u00famedo cuida tambi\u00e9n de la salud de tu mascota ya que no incluye conservantes ni colorantes.<\/p>\n<p>&nbsp;<\/p>\n<p><strong>Caracter\u00edsticas:<\/strong><\/p>\n<ul>\n<li>Alimento especialmente para gatos esterilizados.<\/li>\n<li>Con alto contenido en prote\u00ednas que contribuyen al mantenimiento de la masa muscular.<\/li>\n<li>Mejora el sistema inmune.<\/li>\n<li>Con Taurina para una visi\u00f3n sana y mejor sistema nervioso.<\/li>\n<li>Control del peso: nivel moderado de grasas y alto contenido en fibra.<\/li>\n<li>Incluye vitaminas importantes y minerales.<\/li>\n<\/ul>\n<p>&nbsp;<\/p>\n<p><strong>Descripci\u00f3n nutricional:<\/strong><\/p>\n<p><strong>Ingredientes:\u00a0<\/strong>Carnes y subproductos animales (incluido bacalao 4%), subproductos de origen vegetal, sustancias minerales, az\u00facares, frutas.<\/p>\n<p><strong>Componentes anal\u00edticos:\u00a0<\/strong>Prote\u00edna 9,5%, Contenido en grasa 3%, Fibra bruta 0,8%, Ceniza bruta 2%, Humedad 82,5%.<\/p>\n<p><strong>Aditivos:\u00a0<\/strong>Vitamina E 31,0% Taurina 226,0 mg, Iodo 0,16 mg, Cobre 0,3 mg, Manganeso 1,85 mg, Zinc 15,6 mg.<\/p>\n<p>&nbsp;<\/p>\n<p><strong>USO Y ESPECIFICACIONES:<\/strong><\/p>\n<p>Alimento completo para gatos adultos esterilizados (+12 meses).<\/p>\n<p><strong>Formato:<\/strong><\/p>\n<p>Sobre 0,85gr<\/p>\n<p><strong>Sabor:<\/strong><\/p>\n<p>Bacalao.<\/p>\n<p><strong>Textura:<\/strong><\/p>\n<p>Salsa.<\/p>","protected":false},"excerpt":{"rendered":"<p>Comida h\u00fameda para gatos esterilizados Advance Affinity Esta comida para\u00a0gatos\u00a0adultos\u00a0castrados a partir de los 12 meses,\u00a0incluye bocaditos de carne de bacalao en una jugosa salsa que ser\u00e1 toda una tentaci\u00f3n.&hellip;<\/p>","protected":false},"featured_media":26555,"comment_status":"open","ping_status":"closed","template":"","meta":[],"product_cat":[318],"product_tag":[],"class_list":["post-26554","product","type-product","status-publish","has-post-thumbnail","hentry","product_cat-gatos-comida-humeda"],"yoast_head":"<!-- This site is optimized with the Yoast SEO plugin v21.6 - https:\/\/yoast.com\/wordpress\/plugins\/seo\/ -->\n<title>Bocaditos de Pescado Advance Gatos Esterilizados - Cien Mil Hijos<\/title>\n<meta name=\"robots\" content=\"index, follow, max-snippet:-1, max-image-preview:large, max-video-preview:-1\" \/>\n<link rel=\"canonical\" href=\"https:\/\/cienmilhijos.es\/en\/product\/bocaditos-advance-gatos-esterilizados\/\" \/>\n<meta property=\"og:locale\" content=\"en_GB\" \/>\n<meta property=\"og:type\" content=\"article\" \/>\n<meta property=\"og:title\" content=\"Bocaditos de Pescado Advance Gatos Esterilizados - Cien Mil Hijos\" \/>\n<meta property=\"og:description\" content=\"Comida h\u00fameda para gatos esterilizados Advance Affinity Esta comida para\u00a0gatos\u00a0adultos\u00a0castrados a partir de los 12 meses,\u00a0incluye bocaditos de carne de bacalao en una jugosa salsa que ser\u00e1 toda una tentaci\u00f3n.&hellip;\" \/>\n<meta property=\"og:url\" content=\"https:\/\/cienmilhijos.es\/en\/product\/bocaditos-advance-gatos-esterilizados\/\" \/>\n<meta property=\"og:site_name\" content=\"Cien Mil Hijos\" \/>\n<meta property=\"article:publisher\" content=\"https:\/\/www.facebook.com\/cienmilhijosanimales\/?locale=es_ES\" \/>\n<meta property=\"article:modified_time\" content=\"2024-04-18T11:45:47+00:00\" \/>\n<meta property=\"og:image\" content=\"https:\/\/cienmilhijos.es\/wp-content\/uploads\/2023\/12\/comida_humeda_gatos_advance_affinity_bacalao_ADV964530_AG23-1.webp\" \/>\n\t<meta property=\"og:image:width\" content=\"780\" \/>\n\t<meta property=\"og:image:height\" content=\"780\" \/>\n\t<meta property=\"og:image:type\" content=\"image\/webp\" \/>\n<meta name=\"twitter:card\" content=\"summary_large_image\" \/>\n<meta name=\"twitter:label1\" content=\"Estimated reading time\" \/>\n\t<meta name=\"twitter:data1\" content=\"2 minutes\" \/>\n<script type=\"application\/ld+json\" class=\"yoast-schema-graph\">{\"@context\":\"https:\/\/schema.org\",\"@graph\":[{\"@type\":\"WebPage\",\"@id\":\"https:\/\/cienmilhijos.es\/product\/bocaditos-advance-gatos-esterilizados\/\",\"url\":\"https:\/\/cienmilhijos.es\/product\/bocaditos-advance-gatos-esterilizados\/\",\"name\":\"Bocaditos de Pescado Advance Gatos Esterilizados - Cien Mil Hijos\",\"isPartOf\":{\"@id\":\"https:\/\/cienmilhijos.es\/#website\"},\"datePublished\":\"2023-12-13T11:43:51+00:00\",\"dateModified\":\"2024-04-18T11:45:47+00:00\",\"breadcrumb\":{\"@id\":\"https:\/\/cienmilhijos.es\/product\/bocaditos-advance-gatos-esterilizados\/#breadcrumb\"},\"inLanguage\":\"en-GB\",\"potentialAction\":[{\"@type\":\"ReadAction\",\"target\":[\"https:\/\/cienmilhijos.es\/product\/bocaditos-advance-gatos-esterilizados\/\"]}]},{\"@type\":\"BreadcrumbList\",\"@id\":\"https:\/\/cienmilhijos.es\/product\/bocaditos-advance-gatos-esterilizados\/#breadcrumb\",\"itemListElement\":[{\"@type\":\"ListItem\",\"position\":1,\"name\":\"Portada\",\"item\":\"https:\/\/cienmilhijos.es\/\"},{\"@type\":\"ListItem\",\"position\":2,\"name\":\"Tienda\",\"item\":\"https:\/\/cienmilhijos.es\/tienda\/\"},{\"@type\":\"ListItem\",\"position\":3,\"name\":\"Bocaditos de Pescado Advance Gatos Esterilizados\"}]},{\"@type\":\"WebSite\",\"@id\":\"https:\/\/cienmilhijos.es\/#website\",\"url\":\"https:\/\/cienmilhijos.es\/\",\"name\":\"Cien Mil Hijos\",\"description\":\"Cuidado de animales &amp; tienda de mascotas\",\"publisher\":{\"@id\":\"https:\/\/cienmilhijos.es\/#organization\"},\"potentialAction\":[{\"@type\":\"SearchAction\",\"target\":{\"@type\":\"EntryPoint\",\"urlTemplate\":\"https:\/\/cienmilhijos.es\/?s={search_term_string}\"},\"query-input\":\"required name=search_term_string\"}],\"inLanguage\":\"en-GB\"},{\"@type\":\"Organization\",\"@id\":\"https:\/\/cienmilhijos.es\/#organization\",\"name\":\"Cien Mil Hijos\",\"url\":\"https:\/\/cienmilhijos.es\/\",\"logo\":{\"@type\":\"ImageObject\",\"inLanguage\":\"en-GB\",\"@id\":\"https:\/\/cienmilhijos.es\/#\/schema\/logo\/image\/\",\"url\":\"https:\/\/cienmilhijos.es\/wp-content\/uploads\/2023\/12\/logo2.png\",\"contentUrl\":\"https:\/\/cienmilhijos.es\/wp-content\/uploads\/2023\/12\/logo2.png\",\"width\":1150,\"height\":127,\"caption\":\"Cien Mil Hijos\"},\"image\":{\"@id\":\"https:\/\/cienmilhijos.es\/#\/schema\/logo\/image\/\"},\"sameAs\":[\"https:\/\/www.facebook.com\/cienmilhijosanimales\/?locale=es_ES\"]}]}<\/script>\n<!-- \/ Yoast SEO plugin. -->","yoast_head_json":{"title":"Bocaditos de Pescado Advance Gatos Esterilizados - Cien Mil Hijos","robots":{"index":"index","follow":"follow","max-snippet":"max-snippet:-1","max-image-preview":"max-image-preview:large","max-video-preview":"max-video-preview:-1"},"canonical":"https:\/\/cienmilhijos.es\/en\/product\/bocaditos-advance-gatos-esterilizados\/","og_locale":"en_GB","og_type":"article","og_title":"Bocaditos de Pescado Advance Gatos Esterilizados - Cien Mil Hijos","og_description":"Comida h\u00fameda para gatos esterilizados Advance Affinity Esta comida para\u00a0gatos\u00a0adultos\u00a0castrados a partir de los 12 meses,\u00a0incluye bocaditos de carne de bacalao en una jugosa salsa que ser\u00e1 toda una tentaci\u00f3n.&hellip;","og_url":"https:\/\/cienmilhijos.es\/en\/product\/bocaditos-advance-gatos-esterilizados\/","og_site_name":"Cien Mil Hijos","article_publisher":"https:\/\/www.facebook.com\/cienmilhijosanimales\/?locale=es_ES","article_modified_time":"2024-04-18T11:45:47+00:00","og_image":[{"width":780,"height":780,"url":"https:\/\/cienmilhijos.es\/wp-content\/uploads\/2023\/12\/comida_humeda_gatos_advance_affinity_bacalao_ADV964530_AG23-1.webp","type":"image\/webp"}],"twitter_card":"summary_large_image","twitter_misc":{"Estimated reading time":"2 minutes"},"schema":{"@context":"https:\/\/schema.org","@graph":[{"@type":"WebPage","@id":"https:\/\/cienmilhijos.es\/product\/bocaditos-advance-gatos-esterilizados\/","url":"https:\/\/cienmilhijos.es\/product\/bocaditos-advance-gatos-esterilizados\/","name":"Bocaditos de Pescado Advance Gatos Esterilizados - Cien Mil Hijos","isPartOf":{"@id":"https:\/\/cienmilhijos.es\/#website"},"datePublished":"2023-12-13T11:43:51+00:00","dateModified":"2024-04-18T11:45:47+00:00","breadcrumb":{"@id":"https:\/\/cienmilhijos.es\/product\/bocaditos-advance-gatos-esterilizados\/#breadcrumb"},"inLanguage":"en-GB","potentialAction":[{"@type":"ReadAction","target":["https:\/\/cienmilhijos.es\/product\/bocaditos-advance-gatos-esterilizados\/"]}]},{"@type":"BreadcrumbList","@id":"https:\/\/cienmilhijos.es\/product\/bocaditos-advance-gatos-esterilizados\/#breadcrumb","itemListElement":[{"@type":"ListItem","position":1,"name":"Portada","item":"https:\/\/cienmilhijos.es\/"},{"@type":"ListItem","position":2,"name":"Tienda","item":"https:\/\/cienmilhijos.es\/tienda\/"},{"@type":"ListItem","position":3,"name":"Bocaditos de Pescado Advance Gatos Esterilizados"}]},{"@type":"WebSite","@id":"https:\/\/cienmilhijos.es\/#website","url":"https:\/\/cienmilhijos.es\/","name":"Cien Mil Hijos","description":"Cuidado de animales &amp; tienda de mascotas","publisher":{"@id":"https:\/\/cienmilhijos.es\/#organization"},"potentialAction":[{"@type":"SearchAction","target":{"@type":"EntryPoint","urlTemplate":"https:\/\/cienmilhijos.es\/?s={search_term_string}"},"query-input":"required name=search_term_string"}],"inLanguage":"en-GB"},{"@type":"Organization","@id":"https:\/\/cienmilhijos.es\/#organization","name":"Cien Mil Hijos","url":"https:\/\/cienmilhijos.es\/","logo":{"@type":"ImageObject","inLanguage":"en-GB","@id":"https:\/\/cienmilhijos.es\/#\/schema\/logo\/image\/","url":"https:\/\/cienmilhijos.es\/wp-content\/uploads\/2023\/12\/logo2.png","contentUrl":"https:\/\/cienmilhijos.es\/wp-content\/uploads\/2023\/12\/logo2.png","width":1150,"height":127,"caption":"Cien Mil Hijos"},"image":{"@id":"https:\/\/cienmilhijos.es\/#\/schema\/logo\/image\/"},"sameAs":["https:\/\/www.facebook.com\/cienmilhijosanimales\/?locale=es_ES"]}]}},"_links":{"self":[{"href":"https:\/\/cienmilhijos.es\/en\/wp-json\/wp\/v2\/product\/26554","targetHints":{"allow":["GET"]}}],"collection":[{"href":"https:\/\/cienmilhijos.es\/en\/wp-json\/wp\/v2\/product"}],"about":[{"href":"https:\/\/cienmilhijos.es\/en\/wp-json\/wp\/v2\/types\/product"}],"replies":[{"embeddable":true,"href":"https:\/\/cienmilhijos.es\/en\/wp-json\/wp\/v2\/comments?post=26554"}],"wp:featuredmedia":[{"embeddable":true,"href":"https:\/\/cienmilhijos.es\/en\/wp-json\/wp\/v2\/media\/26555"}],"wp:attachment":[{"href":"https:\/\/cienmilhijos.es\/en\/wp-json\/wp\/v2\/media?parent=26554"}],"wp:term":[{"taxonomy":"product_cat","embeddable":true,"href":"https:\/\/cienmilhijos.es\/en\/wp-json\/wp\/v2\/product_cat?post=26554"},{"taxonomy":"product_tag","embeddable":true,"href":"https:\/\/cienmilhijos.es\/en\/wp-json\/wp\/v2\/product_tag?post=26554"}],"curies":[{"name":"wp","href":"https:\/\/api.w.org\/{rel}","templated":true}]}}