{"id":26550,"date":"2023-12-13T11:03:27","date_gmt":"2023-12-13T11:03:27","guid":{"rendered":"https:\/\/cienmilhijos.es\/?post_type=product&#038;p=26550"},"modified":"2023-12-13T11:04:13","modified_gmt":"2023-12-13T11:04:13","slug":"premios-rellenos-de-biotina","status":"publish","type":"product","link":"https:\/\/cienmilhijos.es\/en\/product\/premios-rellenos-de-biotina\/","title":{"rendered":"Premios Rellenos de Biotina"},"content":{"rendered":"<div>\n<div><strong>Las almohadas finas para mordisquear. Vienen en un pr\u00e1ctico paquete de almacenamiento con cierre hermetico.<\/strong><\/div>\n<div>Estos premios estan rellenos de una deliciosa crema con Biotina, para darle brillo tanto al pelo como a la piel de nuestro gato.<\/div>\n<div><\/div>\n<div><strong>Composici\u00f3n:\u00a0<\/strong>Cereales, carne y subproductos animales (14% de aves de corral), aceites y grasas (0,5% de aceite de salm\u00f3n), biotina,pescado y subproductos de pescado (4% de salm\u00f3n), extractos de prote\u00ednas vegetales, leche y productos l\u00e1cteos, minerales.<\/div>\n<div><\/div>\n<div><strong>Componentes anal\u00edticos:<\/strong> Prote\u00edna bruta 31%, contenido de grasa 20%, ceniza bruta 6%, fibra bruta 2,5%.<\/div>\n<div><\/div>\n<div><strong>Aditivos:<\/strong> Aditivos nutricionales \/ kg: vitamina A 10.000 UI, vitamina D3 650 UI, vitamina E 90 mg, taurina 1000 mg.<\/div>\n<div><\/div>\n<div><strong>Aditivos tecnol\u00f3gicos:<\/strong>\u00a0antioxidantes.<\/div>\n<div><\/div>\n<div><strong>Recomendaci\u00f3n de alimentaci\u00f3n: <\/strong><\/div>\n<div>Gato de peso Raci\u00f3n diaria<\/div>\n<div>4 kg 15 piezas<\/div>\n<div>6 kg 20 pieza<\/div>\n<div><strong>Este producto no sustituye al alimento completo diario. Alimente con moderaci\u00f3n en vista del suministro de energ\u00eda adicional. Siempre proporcione a su gato un recipiente con agua fresca (temperatura ambiente). Almacenar en un lugar fresco y seco. Siempre cierre bien la bolsa abierta.<\/strong><\/div>\n<\/div>\n<p>&nbsp;<\/p>","protected":false},"excerpt":{"rendered":"<p>Las almohadas finas para mordisquear. Vienen en un pr\u00e1ctico paquete de almacenamiento con cierre hermetico. Estos premios estan rellenos de una deliciosa crema con Biotina, para darle brillo tanto al&hellip;<\/p>","protected":false},"featured_media":26551,"comment_status":"open","ping_status":"closed","template":"","meta":[],"product_cat":[181],"product_tag":[],"class_list":["post-26550","product","type-product","status-publish","has-post-thumbnail","hentry","product_cat-otros"],"yoast_head":"<!-- This site is optimized with the Yoast SEO plugin v21.6 - https:\/\/yoast.com\/wordpress\/plugins\/seo\/ -->\n<title>Premios Rellenos de Biotina - Cien Mil Hijos<\/title>\n<meta name=\"robots\" content=\"index, follow, max-snippet:-1, max-image-preview:large, max-video-preview:-1\" \/>\n<link rel=\"canonical\" href=\"https:\/\/cienmilhijos.es\/en\/product\/premios-rellenos-de-biotina\/\" \/>\n<meta property=\"og:locale\" content=\"en_GB\" \/>\n<meta property=\"og:type\" content=\"article\" \/>\n<meta property=\"og:title\" content=\"Premios Rellenos de Biotina - Cien Mil Hijos\" \/>\n<meta property=\"og:description\" content=\"Las almohadas finas para mordisquear. Vienen en un pr\u00e1ctico paquete de almacenamiento con cierre hermetico. Estos premios estan rellenos de una deliciosa crema con Biotina, para darle brillo tanto al&hellip;\" \/>\n<meta property=\"og:url\" content=\"https:\/\/cienmilhijos.es\/en\/product\/premios-rellenos-de-biotina\/\" \/>\n<meta property=\"og:site_name\" content=\"Cien Mil Hijos\" \/>\n<meta property=\"article:publisher\" content=\"https:\/\/www.facebook.com\/cienmilhijosanimales\/?locale=es_ES\" \/>\n<meta property=\"article:modified_time\" content=\"2023-12-13T11:04:13+00:00\" \/>\n<meta property=\"og:image\" content=\"https:\/\/cienmilhijos.es\/wp-content\/uploads\/2023\/12\/Perfecto-Cat-Premios-Salmon-Biotina.webp\" \/>\n\t<meta property=\"og:image:width\" content=\"800\" \/>\n\t<meta property=\"og:image:height\" content=\"800\" \/>\n\t<meta property=\"og:image:type\" content=\"image\/webp\" \/>\n<meta name=\"twitter:card\" content=\"summary_large_image\" \/>\n<meta name=\"twitter:label1\" content=\"Estimated reading time\" \/>\n\t<meta name=\"twitter:data1\" content=\"1 minute\" \/>\n<script type=\"application\/ld+json\" class=\"yoast-schema-graph\">{\"@context\":\"https:\/\/schema.org\",\"@graph\":[{\"@type\":\"WebPage\",\"@id\":\"https:\/\/cienmilhijos.es\/product\/premios-rellenos-de-biotina\/\",\"url\":\"https:\/\/cienmilhijos.es\/product\/premios-rellenos-de-biotina\/\",\"name\":\"Premios Rellenos de Biotina - Cien Mil Hijos\",\"isPartOf\":{\"@id\":\"https:\/\/cienmilhijos.es\/#website\"},\"datePublished\":\"2023-12-13T11:03:27+00:00\",\"dateModified\":\"2023-12-13T11:04:13+00:00\",\"breadcrumb\":{\"@id\":\"https:\/\/cienmilhijos.es\/product\/premios-rellenos-de-biotina\/#breadcrumb\"},\"inLanguage\":\"en-GB\",\"potentialAction\":[{\"@type\":\"ReadAction\",\"target\":[\"https:\/\/cienmilhijos.es\/product\/premios-rellenos-de-biotina\/\"]}]},{\"@type\":\"BreadcrumbList\",\"@id\":\"https:\/\/cienmilhijos.es\/product\/premios-rellenos-de-biotina\/#breadcrumb\",\"itemListElement\":[{\"@type\":\"ListItem\",\"position\":1,\"name\":\"Portada\",\"item\":\"https:\/\/cienmilhijos.es\/\"},{\"@type\":\"ListItem\",\"position\":2,\"name\":\"Tienda\",\"item\":\"https:\/\/cienmilhijos.es\/tienda\/\"},{\"@type\":\"ListItem\",\"position\":3,\"name\":\"Premios Rellenos de Biotina\"}]},{\"@type\":\"WebSite\",\"@id\":\"https:\/\/cienmilhijos.es\/#website\",\"url\":\"https:\/\/cienmilhijos.es\/\",\"name\":\"Cien Mil Hijos\",\"description\":\"Cuidado de animales &amp; tienda de mascotas\",\"publisher\":{\"@id\":\"https:\/\/cienmilhijos.es\/#organization\"},\"potentialAction\":[{\"@type\":\"SearchAction\",\"target\":{\"@type\":\"EntryPoint\",\"urlTemplate\":\"https:\/\/cienmilhijos.es\/?s={search_term_string}\"},\"query-input\":\"required name=search_term_string\"}],\"inLanguage\":\"en-GB\"},{\"@type\":\"Organization\",\"@id\":\"https:\/\/cienmilhijos.es\/#organization\",\"name\":\"Cien Mil Hijos\",\"url\":\"https:\/\/cienmilhijos.es\/\",\"logo\":{\"@type\":\"ImageObject\",\"inLanguage\":\"en-GB\",\"@id\":\"https:\/\/cienmilhijos.es\/#\/schema\/logo\/image\/\",\"url\":\"https:\/\/cienmilhijos.es\/wp-content\/uploads\/2023\/12\/logo2.png\",\"contentUrl\":\"https:\/\/cienmilhijos.es\/wp-content\/uploads\/2023\/12\/logo2.png\",\"width\":1150,\"height\":127,\"caption\":\"Cien Mil Hijos\"},\"image\":{\"@id\":\"https:\/\/cienmilhijos.es\/#\/schema\/logo\/image\/\"},\"sameAs\":[\"https:\/\/www.facebook.com\/cienmilhijosanimales\/?locale=es_ES\"]}]}<\/script>\n<!-- \/ Yoast SEO plugin. -->","yoast_head_json":{"title":"Premios Rellenos de Biotina - Cien Mil Hijos","robots":{"index":"index","follow":"follow","max-snippet":"max-snippet:-1","max-image-preview":"max-image-preview:large","max-video-preview":"max-video-preview:-1"},"canonical":"https:\/\/cienmilhijos.es\/en\/product\/premios-rellenos-de-biotina\/","og_locale":"en_GB","og_type":"article","og_title":"Premios Rellenos de Biotina - Cien Mil Hijos","og_description":"Las almohadas finas para mordisquear. Vienen en un pr\u00e1ctico paquete de almacenamiento con cierre hermetico. Estos premios estan rellenos de una deliciosa crema con Biotina, para darle brillo tanto al&hellip;","og_url":"https:\/\/cienmilhijos.es\/en\/product\/premios-rellenos-de-biotina\/","og_site_name":"Cien Mil Hijos","article_publisher":"https:\/\/www.facebook.com\/cienmilhijosanimales\/?locale=es_ES","article_modified_time":"2023-12-13T11:04:13+00:00","og_image":[{"width":800,"height":800,"url":"https:\/\/cienmilhijos.es\/wp-content\/uploads\/2023\/12\/Perfecto-Cat-Premios-Salmon-Biotina.webp","type":"image\/webp"}],"twitter_card":"summary_large_image","twitter_misc":{"Estimated reading time":"1 minute"},"schema":{"@context":"https:\/\/schema.org","@graph":[{"@type":"WebPage","@id":"https:\/\/cienmilhijos.es\/product\/premios-rellenos-de-biotina\/","url":"https:\/\/cienmilhijos.es\/product\/premios-rellenos-de-biotina\/","name":"Premios Rellenos de Biotina - Cien Mil Hijos","isPartOf":{"@id":"https:\/\/cienmilhijos.es\/#website"},"datePublished":"2023-12-13T11:03:27+00:00","dateModified":"2023-12-13T11:04:13+00:00","breadcrumb":{"@id":"https:\/\/cienmilhijos.es\/product\/premios-rellenos-de-biotina\/#breadcrumb"},"inLanguage":"en-GB","potentialAction":[{"@type":"ReadAction","target":["https:\/\/cienmilhijos.es\/product\/premios-rellenos-de-biotina\/"]}]},{"@type":"BreadcrumbList","@id":"https:\/\/cienmilhijos.es\/product\/premios-rellenos-de-biotina\/#breadcrumb","itemListElement":[{"@type":"ListItem","position":1,"name":"Portada","item":"https:\/\/cienmilhijos.es\/"},{"@type":"ListItem","position":2,"name":"Tienda","item":"https:\/\/cienmilhijos.es\/tienda\/"},{"@type":"ListItem","position":3,"name":"Premios Rellenos de Biotina"}]},{"@type":"WebSite","@id":"https:\/\/cienmilhijos.es\/#website","url":"https:\/\/cienmilhijos.es\/","name":"Cien Mil Hijos","description":"Cuidado de animales &amp; tienda de mascotas","publisher":{"@id":"https:\/\/cienmilhijos.es\/#organization"},"potentialAction":[{"@type":"SearchAction","target":{"@type":"EntryPoint","urlTemplate":"https:\/\/cienmilhijos.es\/?s={search_term_string}"},"query-input":"required name=search_term_string"}],"inLanguage":"en-GB"},{"@type":"Organization","@id":"https:\/\/cienmilhijos.es\/#organization","name":"Cien Mil Hijos","url":"https:\/\/cienmilhijos.es\/","logo":{"@type":"ImageObject","inLanguage":"en-GB","@id":"https:\/\/cienmilhijos.es\/#\/schema\/logo\/image\/","url":"https:\/\/cienmilhijos.es\/wp-content\/uploads\/2023\/12\/logo2.png","contentUrl":"https:\/\/cienmilhijos.es\/wp-content\/uploads\/2023\/12\/logo2.png","width":1150,"height":127,"caption":"Cien Mil Hijos"},"image":{"@id":"https:\/\/cienmilhijos.es\/#\/schema\/logo\/image\/"},"sameAs":["https:\/\/www.facebook.com\/cienmilhijosanimales\/?locale=es_ES"]}]}},"_links":{"self":[{"href":"https:\/\/cienmilhijos.es\/en\/wp-json\/wp\/v2\/product\/26550","targetHints":{"allow":["GET"]}}],"collection":[{"href":"https:\/\/cienmilhijos.es\/en\/wp-json\/wp\/v2\/product"}],"about":[{"href":"https:\/\/cienmilhijos.es\/en\/wp-json\/wp\/v2\/types\/product"}],"replies":[{"embeddable":true,"href":"https:\/\/cienmilhijos.es\/en\/wp-json\/wp\/v2\/comments?post=26550"}],"wp:featuredmedia":[{"embeddable":true,"href":"https:\/\/cienmilhijos.es\/en\/wp-json\/wp\/v2\/media\/26551"}],"wp:attachment":[{"href":"https:\/\/cienmilhijos.es\/en\/wp-json\/wp\/v2\/media?parent=26550"}],"wp:term":[{"taxonomy":"product_cat","embeddable":true,"href":"https:\/\/cienmilhijos.es\/en\/wp-json\/wp\/v2\/product_cat?post=26550"},{"taxonomy":"product_tag","embeddable":true,"href":"https:\/\/cienmilhijos.es\/en\/wp-json\/wp\/v2\/product_tag?post=26550"}],"curies":[{"name":"wp","href":"https:\/\/api.w.org\/{rel}","templated":true}]}}