{"id":26541,"date":"2023-12-13T10:29:44","date_gmt":"2023-12-13T10:29:44","guid":{"rendered":"https:\/\/cienmilhijos.es\/?post_type=product&#038;p=26541"},"modified":"2023-12-13T10:29:45","modified_gmt":"2023-12-13T10:29:45","slug":"pienso-apto-para-gatitos-bebes-y-adultos","status":"publish","type":"product","link":"https:\/\/cienmilhijos.es\/en\/product\/pienso-apto-para-gatitos-bebes-y-adultos\/","title":{"rendered":"Pienso Apto para Gatitos Bebes y Adultos"},"content":{"rendered":"<p>Alimento completo y equilibrado para gatos y gatitos con un nivel de actividad normal.<\/p>\n<p>Bonmascota Cat ha sido elaborado pensando en gatos con una actividad normal. Contiene adem\u00e1s carne fresca que hace el alimento m\u00e1s apetecible para tu gato. En bonmascota apostamos por una nutrici\u00f3n 100 % saludable para perros y gatos. Por eso prestamos especial atenci\u00f3n en la elecci\u00f3n de cada ingrediente que utilizamos<\/p>\n<p>COMPOSICI\u00d3N: Pollo deshidratado, Carne fresca de pollo y pavo (20%), Arroz (15%), Guisantes (8%), Huevo deshidratado, Hidrolizado de prote\u00edna animal, Avena (5%), Ma\u00edz, Cebada, Pulpa de remolacha, Grasa de pollo, Zanahoria deshidratada (1%), Semilla de lino (0.9%), Lignocelulosa, Sustancias minerales, Aceite de pescado (0.6%), MOS (mananooligosaca\u00b4ridos), FOS (fructooligosac\u00e1ridos), Extracto de c\u00edtricos.<\/p>\n<p>COMPONENTES ANAL\u00cdTICOS: Prote\u00ednas brutas &#8211; 32%. Contenido de grasa- 14%. Fibras brutas -2,2 %. Ceniza bruta 7,8%. Humedad &#8211; 9%<\/p>\n<p>ADITIVOS NUTRICIONALES: Vitamina A 27.000 UI.; Vitamina D3 1.800 UI.; Vitamina E: 200mg; Vitamina B6 (clorhidrato de piridoxina) 14,2mg; Taurina: 1.500mg\/kg; hierro (sulfato de hierro monohidratado): 70mg; yodo (yoduro pot\u00e1sico): 1,62mg; cobre (quelato de cobre de amino\u00e1cidos, hidratado): 9mg; manganeso (quelato de manganeso de amino\u00e1cidos, hidratado) 45mg; zinc (quelato de zinc de amino\u00e1cidos, hidratado): 39mg; zinc (sulfato de zinc monohidratado) 92mg; selenio (seleniometionina producido por Saccharomyces cerevisiae NCYC R646): 0,2mg. Con antioxidantes i conservantes.<\/p>\n<p>BENEFICIOS<br \/>\nBuena Digesti\u00f3n<br \/>\nPelo y Piel Sanos<br \/>\nHuesos y Dientes Fuertes.<br \/>\nM\u00fasculos Firmes<\/p>","protected":false},"excerpt":{"rendered":"<p>Alimento completo y equilibrado para gatos y gatitos con un nivel de actividad normal. Bonmascota Cat ha sido elaborado pensando en gatos con una actividad normal. Contiene adem\u00e1s carne fresca&hellip;<\/p>","protected":false},"featured_media":26542,"comment_status":"open","ping_status":"closed","template":"","meta":[],"product_cat":[270],"product_tag":[],"class_list":["post-26541","product","type-product","status-publish","has-post-thumbnail","hentry","product_cat-alimetacion-gatos"],"yoast_head":"<!-- This site is optimized with the Yoast SEO plugin v21.6 - https:\/\/yoast.com\/wordpress\/plugins\/seo\/ -->\n<title>Pienso Apto para Gatitos Bebes y Adultos - Cien Mil Hijos<\/title>\n<meta name=\"robots\" content=\"index, follow, max-snippet:-1, max-image-preview:large, max-video-preview:-1\" \/>\n<link rel=\"canonical\" href=\"https:\/\/cienmilhijos.es\/en\/product\/pienso-apto-para-gatitos-bebes-y-adultos\/\" \/>\n<meta property=\"og:locale\" content=\"en_GB\" \/>\n<meta property=\"og:type\" content=\"article\" \/>\n<meta property=\"og:title\" content=\"Pienso Apto para Gatitos Bebes y Adultos - Cien Mil Hijos\" \/>\n<meta property=\"og:description\" content=\"Alimento completo y equilibrado para gatos y gatitos con un nivel de actividad normal. Bonmascota Cat ha sido elaborado pensando en gatos con una actividad normal. Contiene adem\u00e1s carne fresca&hellip;\" \/>\n<meta property=\"og:url\" content=\"https:\/\/cienmilhijos.es\/en\/product\/pienso-apto-para-gatitos-bebes-y-adultos\/\" \/>\n<meta property=\"og:site_name\" content=\"Cien Mil Hijos\" \/>\n<meta property=\"article:publisher\" content=\"https:\/\/www.facebook.com\/cienmilhijosanimales\/?locale=es_ES\" \/>\n<meta property=\"article:modified_time\" content=\"2023-12-13T10:29:45+00:00\" \/>\n<meta property=\"og:image\" content=\"https:\/\/cienmilhijos.es\/wp-content\/uploads\/2023\/12\/descarga-10.jpg\" \/>\n\t<meta property=\"og:image:width\" content=\"92\" \/>\n\t<meta property=\"og:image:height\" content=\"92\" \/>\n\t<meta property=\"og:image:type\" content=\"image\/jpeg\" \/>\n<meta name=\"twitter:card\" content=\"summary_large_image\" \/>\n<meta name=\"twitter:label1\" content=\"Estimated reading time\" \/>\n\t<meta name=\"twitter:data1\" content=\"2 minutes\" \/>\n<script type=\"application\/ld+json\" class=\"yoast-schema-graph\">{\"@context\":\"https:\/\/schema.org\",\"@graph\":[{\"@type\":\"WebPage\",\"@id\":\"https:\/\/cienmilhijos.es\/product\/pienso-apto-para-gatitos-bebes-y-adultos\/\",\"url\":\"https:\/\/cienmilhijos.es\/product\/pienso-apto-para-gatitos-bebes-y-adultos\/\",\"name\":\"Pienso Apto para Gatitos Bebes y Adultos - Cien Mil Hijos\",\"isPartOf\":{\"@id\":\"https:\/\/cienmilhijos.es\/#website\"},\"datePublished\":\"2023-12-13T10:29:44+00:00\",\"dateModified\":\"2023-12-13T10:29:45+00:00\",\"breadcrumb\":{\"@id\":\"https:\/\/cienmilhijos.es\/product\/pienso-apto-para-gatitos-bebes-y-adultos\/#breadcrumb\"},\"inLanguage\":\"en-GB\",\"potentialAction\":[{\"@type\":\"ReadAction\",\"target\":[\"https:\/\/cienmilhijos.es\/product\/pienso-apto-para-gatitos-bebes-y-adultos\/\"]}]},{\"@type\":\"BreadcrumbList\",\"@id\":\"https:\/\/cienmilhijos.es\/product\/pienso-apto-para-gatitos-bebes-y-adultos\/#breadcrumb\",\"itemListElement\":[{\"@type\":\"ListItem\",\"position\":1,\"name\":\"Portada\",\"item\":\"https:\/\/cienmilhijos.es\/\"},{\"@type\":\"ListItem\",\"position\":2,\"name\":\"Tienda\",\"item\":\"https:\/\/cienmilhijos.es\/tienda\/\"},{\"@type\":\"ListItem\",\"position\":3,\"name\":\"Pienso Apto para Gatitos Bebes y Adultos\"}]},{\"@type\":\"WebSite\",\"@id\":\"https:\/\/cienmilhijos.es\/#website\",\"url\":\"https:\/\/cienmilhijos.es\/\",\"name\":\"Cien Mil Hijos\",\"description\":\"Cuidado de animales &amp; tienda de mascotas\",\"publisher\":{\"@id\":\"https:\/\/cienmilhijos.es\/#organization\"},\"potentialAction\":[{\"@type\":\"SearchAction\",\"target\":{\"@type\":\"EntryPoint\",\"urlTemplate\":\"https:\/\/cienmilhijos.es\/?s={search_term_string}\"},\"query-input\":\"required name=search_term_string\"}],\"inLanguage\":\"en-GB\"},{\"@type\":\"Organization\",\"@id\":\"https:\/\/cienmilhijos.es\/#organization\",\"name\":\"Cien Mil Hijos\",\"url\":\"https:\/\/cienmilhijos.es\/\",\"logo\":{\"@type\":\"ImageObject\",\"inLanguage\":\"en-GB\",\"@id\":\"https:\/\/cienmilhijos.es\/#\/schema\/logo\/image\/\",\"url\":\"https:\/\/cienmilhijos.es\/wp-content\/uploads\/2023\/12\/logo2.png\",\"contentUrl\":\"https:\/\/cienmilhijos.es\/wp-content\/uploads\/2023\/12\/logo2.png\",\"width\":1150,\"height\":127,\"caption\":\"Cien Mil Hijos\"},\"image\":{\"@id\":\"https:\/\/cienmilhijos.es\/#\/schema\/logo\/image\/\"},\"sameAs\":[\"https:\/\/www.facebook.com\/cienmilhijosanimales\/?locale=es_ES\"]}]}<\/script>\n<!-- \/ Yoast SEO plugin. -->","yoast_head_json":{"title":"Pienso Apto para Gatitos Bebes y Adultos - Cien Mil Hijos","robots":{"index":"index","follow":"follow","max-snippet":"max-snippet:-1","max-image-preview":"max-image-preview:large","max-video-preview":"max-video-preview:-1"},"canonical":"https:\/\/cienmilhijos.es\/en\/product\/pienso-apto-para-gatitos-bebes-y-adultos\/","og_locale":"en_GB","og_type":"article","og_title":"Pienso Apto para Gatitos Bebes y Adultos - Cien Mil Hijos","og_description":"Alimento completo y equilibrado para gatos y gatitos con un nivel de actividad normal. Bonmascota Cat ha sido elaborado pensando en gatos con una actividad normal. Contiene adem\u00e1s carne fresca&hellip;","og_url":"https:\/\/cienmilhijos.es\/en\/product\/pienso-apto-para-gatitos-bebes-y-adultos\/","og_site_name":"Cien Mil Hijos","article_publisher":"https:\/\/www.facebook.com\/cienmilhijosanimales\/?locale=es_ES","article_modified_time":"2023-12-13T10:29:45+00:00","og_image":[{"width":92,"height":92,"url":"https:\/\/cienmilhijos.es\/wp-content\/uploads\/2023\/12\/descarga-10.jpg","type":"image\/jpeg"}],"twitter_card":"summary_large_image","twitter_misc":{"Estimated reading time":"2 minutes"},"schema":{"@context":"https:\/\/schema.org","@graph":[{"@type":"WebPage","@id":"https:\/\/cienmilhijos.es\/product\/pienso-apto-para-gatitos-bebes-y-adultos\/","url":"https:\/\/cienmilhijos.es\/product\/pienso-apto-para-gatitos-bebes-y-adultos\/","name":"Pienso Apto para Gatitos Bebes y Adultos - Cien Mil Hijos","isPartOf":{"@id":"https:\/\/cienmilhijos.es\/#website"},"datePublished":"2023-12-13T10:29:44+00:00","dateModified":"2023-12-13T10:29:45+00:00","breadcrumb":{"@id":"https:\/\/cienmilhijos.es\/product\/pienso-apto-para-gatitos-bebes-y-adultos\/#breadcrumb"},"inLanguage":"en-GB","potentialAction":[{"@type":"ReadAction","target":["https:\/\/cienmilhijos.es\/product\/pienso-apto-para-gatitos-bebes-y-adultos\/"]}]},{"@type":"BreadcrumbList","@id":"https:\/\/cienmilhijos.es\/product\/pienso-apto-para-gatitos-bebes-y-adultos\/#breadcrumb","itemListElement":[{"@type":"ListItem","position":1,"name":"Portada","item":"https:\/\/cienmilhijos.es\/"},{"@type":"ListItem","position":2,"name":"Tienda","item":"https:\/\/cienmilhijos.es\/tienda\/"},{"@type":"ListItem","position":3,"name":"Pienso Apto para Gatitos Bebes y Adultos"}]},{"@type":"WebSite","@id":"https:\/\/cienmilhijos.es\/#website","url":"https:\/\/cienmilhijos.es\/","name":"Cien Mil Hijos","description":"Cuidado de animales &amp; tienda de mascotas","publisher":{"@id":"https:\/\/cienmilhijos.es\/#organization"},"potentialAction":[{"@type":"SearchAction","target":{"@type":"EntryPoint","urlTemplate":"https:\/\/cienmilhijos.es\/?s={search_term_string}"},"query-input":"required name=search_term_string"}],"inLanguage":"en-GB"},{"@type":"Organization","@id":"https:\/\/cienmilhijos.es\/#organization","name":"Cien Mil Hijos","url":"https:\/\/cienmilhijos.es\/","logo":{"@type":"ImageObject","inLanguage":"en-GB","@id":"https:\/\/cienmilhijos.es\/#\/schema\/logo\/image\/","url":"https:\/\/cienmilhijos.es\/wp-content\/uploads\/2023\/12\/logo2.png","contentUrl":"https:\/\/cienmilhijos.es\/wp-content\/uploads\/2023\/12\/logo2.png","width":1150,"height":127,"caption":"Cien Mil Hijos"},"image":{"@id":"https:\/\/cienmilhijos.es\/#\/schema\/logo\/image\/"},"sameAs":["https:\/\/www.facebook.com\/cienmilhijosanimales\/?locale=es_ES"]}]}},"_links":{"self":[{"href":"https:\/\/cienmilhijos.es\/en\/wp-json\/wp\/v2\/product\/26541","targetHints":{"allow":["GET"]}}],"collection":[{"href":"https:\/\/cienmilhijos.es\/en\/wp-json\/wp\/v2\/product"}],"about":[{"href":"https:\/\/cienmilhijos.es\/en\/wp-json\/wp\/v2\/types\/product"}],"replies":[{"embeddable":true,"href":"https:\/\/cienmilhijos.es\/en\/wp-json\/wp\/v2\/comments?post=26541"}],"wp:featuredmedia":[{"embeddable":true,"href":"https:\/\/cienmilhijos.es\/en\/wp-json\/wp\/v2\/media\/26542"}],"wp:attachment":[{"href":"https:\/\/cienmilhijos.es\/en\/wp-json\/wp\/v2\/media?parent=26541"}],"wp:term":[{"taxonomy":"product_cat","embeddable":true,"href":"https:\/\/cienmilhijos.es\/en\/wp-json\/wp\/v2\/product_cat?post=26541"},{"taxonomy":"product_tag","embeddable":true,"href":"https:\/\/cienmilhijos.es\/en\/wp-json\/wp\/v2\/product_tag?post=26541"}],"curies":[{"name":"wp","href":"https:\/\/api.w.org\/{rel}","templated":true}]}}