{"id":26529,"date":"2023-12-13T09:31:52","date_gmt":"2023-12-13T09:31:52","guid":{"rendered":"https:\/\/cienmilhijos.es\/?post_type=product&#038;p=26529"},"modified":"2023-12-20T11:21:21","modified_gmt":"2023-12-20T11:21:21","slug":"pate-hipoalergenico-natural-greatness-cordero-y-papaya","status":"publish","type":"product","link":"https:\/\/cienmilhijos.es\/en\/product\/pate-hipoalergenico-natural-greatness-cordero-y-papaya\/","title":{"rendered":"Pate Hipoalergenico Natural Greatness Cordero y Papaya"},"content":{"rendered":"<h2>La receta monoproteica de Cordero una pr\u00e1ctica lata para tu peludo<\/h2>\n<p>La\u00a0<strong>carne de cordero de Natural Greatness<\/strong>\u00a0tiene una alta digestibilidad, de hecho, es hipoalerg\u00e9nica y es apta para perros adultos de todos los tama\u00f1os o razas. Est\u00e1\u00a0<strong>recomendada por expertos para perros con intolerancias alimentarias<\/strong>\u00a0a cualquier otro tipo de prote\u00edna animal. Esta rica comida h\u00fameda no solo har\u00e1 las delicias de tu mascota, si no que aporta una alta digestibilidad con una muy poca capacidad alerg\u00e9nica. Ayudar\u00e1 a\u00a0<strong>reforzar el sistema inmunitario de tu amigo de cuatro patas<\/strong>, pero tambi\u00e9n a reforzar y mantener un \u00f3ptimo estado de sus articulaciones.<\/p>\n<p>La receta ha sido elaborada sin cereales, sin lactosa, sin colorantes,\u00a0<strong>ni saborizantes artificiales\u00a0<\/strong>y sin conservantes. Es un\u00a0<strong>alimento muy apropiado para una dieta de exclusi\u00f3n<\/strong>\u00a0(facilita la detecci\u00f3n de posibles intolerancias alimentarias o alerg\u00e9nicas), por lo tanto, tu mascota podr\u00e1 disfrutar de alimento preferido a la vez que protege su salud.<\/p>\n<p>&nbsp;<\/p>\n<p><strong>Caracter\u00edsticas:<\/strong><\/p>\n<ul>\n<li>Es una carne que cumple los est\u00e1ndares nutricionales con alta calidad.<\/li>\n<li>Excelente balance de ingredientes como prote\u00ednas y fibras.<\/li>\n<li>Buen nivel de humedad que mantiene a tu mascota hidratada.<\/li>\n<li>Aporta nutrientes naturales y libres de cereales.<\/li>\n<li>Mejora el sistema inmune de tu mascota.<\/li>\n<li>Es ideal para evitar reacciones adversas relacionadas con intolerancias alimentarias.<\/li>\n<\/ul>\n<p>&nbsp;<\/p>\n<p><strong>Descripci\u00f3n nutricional:<\/strong><\/p>\n<p><strong>Ingredientes:<\/strong>\u00a0Cordero (98%), Aceites y grasas vegetales.<\/p>\n<p><strong>An\u00e1lisis nutricional<\/strong>: Prote\u00edna bruta (8,5%), Fibras (0,5%), Grasa (6,5%), Ceniza (2%), Humedad (81%).<\/p>\n<p><strong>Energ\u00eda Metabolizable<\/strong>: 939,27 Kcal\/kg.<\/p>\n<p>&nbsp;<\/p>\n<p><strong>USO Y ESPECIFICACIONES:<\/strong><\/p>\n<p>Alimento adecuado para perros adultos de todas las razas.<\/p>\n<p>&nbsp;<\/p>\n<p><strong>Modo de uso:<\/strong><\/p>\n<p>Tapar y guardar en el refrigerador.<\/p>\n<p>Siga la gu\u00eda de alimentaci\u00f3n orientativa.<\/p>\n<p>La mascota debe tener siempre agua fresca y limpia a su disposici\u00f3n.<\/p>\n<p>Las cantidades indicadas en la tabla son \u00fanicamente una referencia.<\/p>\n<p><strong>Formato: <\/strong>Lata 400g<\/p>\n<p><strong>Sabor: <\/strong>Cordero.<\/p>\n<p>&nbsp;<\/p>","protected":false},"excerpt":{"rendered":"<p>La receta monoproteica de Cordero una pr\u00e1ctica lata para tu peludo La\u00a0carne de cordero de Natural Greatness\u00a0tiene una alta digestibilidad, de hecho, es hipoalerg\u00e9nica y es apta para perros adultos&hellip;<\/p>","protected":false},"featured_media":26530,"comment_status":"open","ping_status":"closed","template":"","meta":[],"product_cat":[317],"product_tag":[],"class_list":["post-26529","product","type-product","status-publish","has-post-thumbnail","hentry","product_cat-comida-humeda-para-perros"],"yoast_head":"<!-- This site is optimized with the Yoast SEO plugin v21.6 - https:\/\/yoast.com\/wordpress\/plugins\/seo\/ -->\n<title>Pate Hipoalergenico Natural Greatness Cordero y Papaya - Cien Mil Hijos<\/title>\n<meta name=\"robots\" content=\"index, follow, max-snippet:-1, max-image-preview:large, max-video-preview:-1\" \/>\n<link rel=\"canonical\" href=\"https:\/\/cienmilhijos.es\/en\/product\/pate-hipoalergenico-natural-greatness-cordero-y-papaya\/\" \/>\n<meta property=\"og:locale\" content=\"en_GB\" \/>\n<meta property=\"og:type\" content=\"article\" \/>\n<meta property=\"og:title\" content=\"Pate Hipoalergenico Natural Greatness Cordero y Papaya - Cien Mil Hijos\" \/>\n<meta property=\"og:description\" content=\"La receta monoproteica de Cordero una pr\u00e1ctica lata para tu peludo La\u00a0carne de cordero de Natural Greatness\u00a0tiene una alta digestibilidad, de hecho, es hipoalerg\u00e9nica y es apta para perros adultos&hellip;\" \/>\n<meta property=\"og:url\" content=\"https:\/\/cienmilhijos.es\/en\/product\/pate-hipoalergenico-natural-greatness-cordero-y-papaya\/\" \/>\n<meta property=\"og:site_name\" content=\"Cien Mil Hijos\" \/>\n<meta property=\"article:publisher\" content=\"https:\/\/www.facebook.com\/cienmilhijosanimales\/?locale=es_ES\" \/>\n<meta property=\"article:modified_time\" content=\"2023-12-20T11:21:21+00:00\" \/>\n<meta property=\"og:image\" content=\"https:\/\/cienmilhijos.es\/wp-content\/uploads\/2023\/12\/descarga-8.jpg\" \/>\n\t<meta property=\"og:image:width\" content=\"92\" \/>\n\t<meta property=\"og:image:height\" content=\"92\" \/>\n\t<meta property=\"og:image:type\" content=\"image\/jpeg\" \/>\n<meta name=\"twitter:card\" content=\"summary_large_image\" \/>\n<meta name=\"twitter:label1\" content=\"Estimated reading time\" \/>\n\t<meta name=\"twitter:data1\" content=\"2 minutes\" \/>\n<script type=\"application\/ld+json\" class=\"yoast-schema-graph\">{\"@context\":\"https:\/\/schema.org\",\"@graph\":[{\"@type\":\"WebPage\",\"@id\":\"https:\/\/cienmilhijos.es\/product\/pate-hipoalergenico-natural-greatness-cordero-y-papaya\/\",\"url\":\"https:\/\/cienmilhijos.es\/product\/pate-hipoalergenico-natural-greatness-cordero-y-papaya\/\",\"name\":\"Pate Hipoalergenico Natural Greatness Cordero y Papaya - Cien Mil Hijos\",\"isPartOf\":{\"@id\":\"https:\/\/cienmilhijos.es\/#website\"},\"datePublished\":\"2023-12-13T09:31:52+00:00\",\"dateModified\":\"2023-12-20T11:21:21+00:00\",\"breadcrumb\":{\"@id\":\"https:\/\/cienmilhijos.es\/product\/pate-hipoalergenico-natural-greatness-cordero-y-papaya\/#breadcrumb\"},\"inLanguage\":\"en-GB\",\"potentialAction\":[{\"@type\":\"ReadAction\",\"target\":[\"https:\/\/cienmilhijos.es\/product\/pate-hipoalergenico-natural-greatness-cordero-y-papaya\/\"]}]},{\"@type\":\"BreadcrumbList\",\"@id\":\"https:\/\/cienmilhijos.es\/product\/pate-hipoalergenico-natural-greatness-cordero-y-papaya\/#breadcrumb\",\"itemListElement\":[{\"@type\":\"ListItem\",\"position\":1,\"name\":\"Portada\",\"item\":\"https:\/\/cienmilhijos.es\/\"},{\"@type\":\"ListItem\",\"position\":2,\"name\":\"Tienda\",\"item\":\"https:\/\/cienmilhijos.es\/tienda\/\"},{\"@type\":\"ListItem\",\"position\":3,\"name\":\"Pate Hipoalergenico Natural Greatness Cordero y Papaya\"}]},{\"@type\":\"WebSite\",\"@id\":\"https:\/\/cienmilhijos.es\/#website\",\"url\":\"https:\/\/cienmilhijos.es\/\",\"name\":\"Cien Mil Hijos\",\"description\":\"Cuidado de animales &amp; tienda de mascotas\",\"publisher\":{\"@id\":\"https:\/\/cienmilhijos.es\/#organization\"},\"potentialAction\":[{\"@type\":\"SearchAction\",\"target\":{\"@type\":\"EntryPoint\",\"urlTemplate\":\"https:\/\/cienmilhijos.es\/?s={search_term_string}\"},\"query-input\":\"required name=search_term_string\"}],\"inLanguage\":\"en-GB\"},{\"@type\":\"Organization\",\"@id\":\"https:\/\/cienmilhijos.es\/#organization\",\"name\":\"Cien Mil Hijos\",\"url\":\"https:\/\/cienmilhijos.es\/\",\"logo\":{\"@type\":\"ImageObject\",\"inLanguage\":\"en-GB\",\"@id\":\"https:\/\/cienmilhijos.es\/#\/schema\/logo\/image\/\",\"url\":\"https:\/\/cienmilhijos.es\/wp-content\/uploads\/2023\/12\/logo2.png\",\"contentUrl\":\"https:\/\/cienmilhijos.es\/wp-content\/uploads\/2023\/12\/logo2.png\",\"width\":1150,\"height\":127,\"caption\":\"Cien Mil Hijos\"},\"image\":{\"@id\":\"https:\/\/cienmilhijos.es\/#\/schema\/logo\/image\/\"},\"sameAs\":[\"https:\/\/www.facebook.com\/cienmilhijosanimales\/?locale=es_ES\"]}]}<\/script>\n<!-- \/ Yoast SEO plugin. -->","yoast_head_json":{"title":"Pate Hipoalergenico Natural Greatness Cordero y Papaya - Cien Mil Hijos","robots":{"index":"index","follow":"follow","max-snippet":"max-snippet:-1","max-image-preview":"max-image-preview:large","max-video-preview":"max-video-preview:-1"},"canonical":"https:\/\/cienmilhijos.es\/en\/product\/pate-hipoalergenico-natural-greatness-cordero-y-papaya\/","og_locale":"en_GB","og_type":"article","og_title":"Pate Hipoalergenico Natural Greatness Cordero y Papaya - Cien Mil Hijos","og_description":"La receta monoproteica de Cordero una pr\u00e1ctica lata para tu peludo La\u00a0carne de cordero de Natural Greatness\u00a0tiene una alta digestibilidad, de hecho, es hipoalerg\u00e9nica y es apta para perros adultos&hellip;","og_url":"https:\/\/cienmilhijos.es\/en\/product\/pate-hipoalergenico-natural-greatness-cordero-y-papaya\/","og_site_name":"Cien Mil Hijos","article_publisher":"https:\/\/www.facebook.com\/cienmilhijosanimales\/?locale=es_ES","article_modified_time":"2023-12-20T11:21:21+00:00","og_image":[{"width":92,"height":92,"url":"https:\/\/cienmilhijos.es\/wp-content\/uploads\/2023\/12\/descarga-8.jpg","type":"image\/jpeg"}],"twitter_card":"summary_large_image","twitter_misc":{"Estimated reading time":"2 minutes"},"schema":{"@context":"https:\/\/schema.org","@graph":[{"@type":"WebPage","@id":"https:\/\/cienmilhijos.es\/product\/pate-hipoalergenico-natural-greatness-cordero-y-papaya\/","url":"https:\/\/cienmilhijos.es\/product\/pate-hipoalergenico-natural-greatness-cordero-y-papaya\/","name":"Pate Hipoalergenico Natural Greatness Cordero y Papaya - Cien Mil Hijos","isPartOf":{"@id":"https:\/\/cienmilhijos.es\/#website"},"datePublished":"2023-12-13T09:31:52+00:00","dateModified":"2023-12-20T11:21:21+00:00","breadcrumb":{"@id":"https:\/\/cienmilhijos.es\/product\/pate-hipoalergenico-natural-greatness-cordero-y-papaya\/#breadcrumb"},"inLanguage":"en-GB","potentialAction":[{"@type":"ReadAction","target":["https:\/\/cienmilhijos.es\/product\/pate-hipoalergenico-natural-greatness-cordero-y-papaya\/"]}]},{"@type":"BreadcrumbList","@id":"https:\/\/cienmilhijos.es\/product\/pate-hipoalergenico-natural-greatness-cordero-y-papaya\/#breadcrumb","itemListElement":[{"@type":"ListItem","position":1,"name":"Portada","item":"https:\/\/cienmilhijos.es\/"},{"@type":"ListItem","position":2,"name":"Tienda","item":"https:\/\/cienmilhijos.es\/tienda\/"},{"@type":"ListItem","position":3,"name":"Pate Hipoalergenico Natural Greatness Cordero y Papaya"}]},{"@type":"WebSite","@id":"https:\/\/cienmilhijos.es\/#website","url":"https:\/\/cienmilhijos.es\/","name":"Cien Mil Hijos","description":"Cuidado de animales &amp; tienda de mascotas","publisher":{"@id":"https:\/\/cienmilhijos.es\/#organization"},"potentialAction":[{"@type":"SearchAction","target":{"@type":"EntryPoint","urlTemplate":"https:\/\/cienmilhijos.es\/?s={search_term_string}"},"query-input":"required name=search_term_string"}],"inLanguage":"en-GB"},{"@type":"Organization","@id":"https:\/\/cienmilhijos.es\/#organization","name":"Cien Mil Hijos","url":"https:\/\/cienmilhijos.es\/","logo":{"@type":"ImageObject","inLanguage":"en-GB","@id":"https:\/\/cienmilhijos.es\/#\/schema\/logo\/image\/","url":"https:\/\/cienmilhijos.es\/wp-content\/uploads\/2023\/12\/logo2.png","contentUrl":"https:\/\/cienmilhijos.es\/wp-content\/uploads\/2023\/12\/logo2.png","width":1150,"height":127,"caption":"Cien Mil Hijos"},"image":{"@id":"https:\/\/cienmilhijos.es\/#\/schema\/logo\/image\/"},"sameAs":["https:\/\/www.facebook.com\/cienmilhijosanimales\/?locale=es_ES"]}]}},"_links":{"self":[{"href":"https:\/\/cienmilhijos.es\/en\/wp-json\/wp\/v2\/product\/26529","targetHints":{"allow":["GET"]}}],"collection":[{"href":"https:\/\/cienmilhijos.es\/en\/wp-json\/wp\/v2\/product"}],"about":[{"href":"https:\/\/cienmilhijos.es\/en\/wp-json\/wp\/v2\/types\/product"}],"replies":[{"embeddable":true,"href":"https:\/\/cienmilhijos.es\/en\/wp-json\/wp\/v2\/comments?post=26529"}],"wp:featuredmedia":[{"embeddable":true,"href":"https:\/\/cienmilhijos.es\/en\/wp-json\/wp\/v2\/media\/26530"}],"wp:attachment":[{"href":"https:\/\/cienmilhijos.es\/en\/wp-json\/wp\/v2\/media?parent=26529"}],"wp:term":[{"taxonomy":"product_cat","embeddable":true,"href":"https:\/\/cienmilhijos.es\/en\/wp-json\/wp\/v2\/product_cat?post=26529"},{"taxonomy":"product_tag","embeddable":true,"href":"https:\/\/cienmilhijos.es\/en\/wp-json\/wp\/v2\/product_tag?post=26529"}],"curies":[{"name":"wp","href":"https:\/\/api.w.org\/{rel}","templated":true}]}}