{"id":26521,"date":"2023-12-13T09:07:05","date_gmt":"2023-12-13T09:07:05","guid":{"rendered":"https:\/\/cienmilhijos.es\/?post_type=product&#038;p=26521"},"modified":"2023-12-13T09:07:06","modified_gmt":"2023-12-13T09:07:06","slug":"libra-de-pollo-para-razas-pequenas","status":"publish","type":"product","link":"https:\/\/cienmilhijos.es\/en\/product\/libra-de-pollo-para-razas-pequenas\/","title":{"rendered":"Libra de Pollo para Razas Peque\u00f1as"},"content":{"rendered":"<h2>Pienso para perros de raza peque\u00f1a Libra Adult Mini Pollo<\/h2>\n<p>Affinity Libra Adult Mini Pollo es un alimento completo formulado espec\u00edficamente para perros adultos que no superen los 10 kg de peso ya que tiene en cuenta las necesidades especiales de los\u00a0<strong>perros m\u00e1s peque\u00f1os<\/strong>, cuyas necesidades energ\u00e9ticas son mayores que las de los perros de mayor tama\u00f1o.<\/p>\n<p>El pienso para perros Libra Mini Adult sabor pollo cuenta con la composici\u00f3n perfecta para aquellos<strong>\u00a0perros de raza peque\u00f1a<\/strong>. La croqueta est\u00e1 especialmente dise\u00f1ada para las razas de perro con la\u00a0<strong>boca m\u00e1s peque\u00f1a<\/strong>, adaptada a su mordedura para que no tengan problemas de atragantamiento ni a la hora de moder.<\/p>\n<p>Los ingredientes utilizados para el alimento para perros Libra Adult Mini est\u00e1n especialmente seleccionados para que tu perro tenga una buena digesti\u00f3n y absorba los nutrientes de manera correcta. Adem\u00e1s cuida la piel y el pelo para mantenerlos sanos, al igual que los huesos y los dientes.<\/p>\n<p><strong>Caracter\u00edsticas:\u00a0<\/strong><\/p>\n<ul>\n<li>Contiene \u00e1cidos grasos Omega 3 y 6 ideales para fomentar el correcto mantenimiento de la piel y el pelo de tu perro.<\/li>\n<li>Cuenta con un elevado aporte energ\u00e9tico y proteico que ayuda a mantener una vitalidad \u00f3ptima.<\/li>\n<li>Fomenta el mantenimiento del sistema osteoarticular gracias a los minerales de su receta tales como el Calcio y el F\u00f3soforo.<\/li>\n<\/ul>\n<p><strong>Composici\u00f3n:<\/strong><\/p>\n<p>Cereales (trigo integral 4 %, ma\u00edz entero 4 %), carnes y subproductos animales (pollo deshidratado 4 %), subproductos de origen vegetal, verduras, aceites y grasas, extractos de prote\u00ednas vegetales, sustancias minerales.<\/p>\n<p><strong>Composici\u00f3n anal\u00edtica:\u00a0<\/strong><\/p>\n<p>Humedad 8%, Prote\u00edna 25%, Grasa 13%, Fibra bruta 2,5%, Minerales 8%, Calcio 2%, F\u00f3sforo 1,2%, Sodio 0,44%, Potasio 0,58%, Magnesio 0,13%, Omega 3 0,13%, Omega 6 1,5%.\u00a0Energ\u00eda Metabolizable 3700 kcal\/kg.<\/p>\n<p><strong>Aditivos nutricionales (por kg):<\/strong><\/p>\n<p>Vitamina A 21000 UI, Vitamina D3 1400 UI, Vitamina E 75 mg, Hierro 78 mg, Yodo 1,31 mg, Cobre 8 mg, Manganeso 36,5 mg, Zinc 80 mg, Selenio 0,1 mg.<\/p>\n<p>Disponible 3k y 8k<\/p>","protected":false},"excerpt":{"rendered":"<p>Pienso para perros de raza peque\u00f1a Libra Adult Mini Pollo Affinity Libra Adult Mini Pollo es un alimento completo formulado espec\u00edficamente para perros adultos que no superen los 10 kg&hellip;<\/p>","protected":false},"featured_media":26522,"comment_status":"open","ping_status":"closed","template":"","meta":[],"product_cat":[269],"product_tag":[],"class_list":["post-26521","product","type-product","status-publish","has-post-thumbnail","hentry","product_cat-alimentacion-perros"],"yoast_head":"<!-- This site is optimized with the Yoast SEO plugin v21.6 - https:\/\/yoast.com\/wordpress\/plugins\/seo\/ -->\n<title>Libra de Pollo para Razas Peque\u00f1as - Cien Mil Hijos<\/title>\n<meta name=\"robots\" content=\"index, follow, max-snippet:-1, max-image-preview:large, max-video-preview:-1\" \/>\n<link rel=\"canonical\" href=\"https:\/\/cienmilhijos.es\/en\/product\/libra-de-pollo-para-razas-pequenas\/\" \/>\n<meta property=\"og:locale\" content=\"en_GB\" \/>\n<meta property=\"og:type\" content=\"article\" \/>\n<meta property=\"og:title\" content=\"Libra de Pollo para Razas Peque\u00f1as - Cien Mil Hijos\" \/>\n<meta property=\"og:description\" content=\"Pienso para perros de raza peque\u00f1a Libra Adult Mini Pollo Affinity Libra Adult Mini Pollo es un alimento completo formulado espec\u00edficamente para perros adultos que no superen los 10 kg&hellip;\" \/>\n<meta property=\"og:url\" content=\"https:\/\/cienmilhijos.es\/en\/product\/libra-de-pollo-para-razas-pequenas\/\" \/>\n<meta property=\"og:site_name\" content=\"Cien Mil Hijos\" \/>\n<meta property=\"article:publisher\" content=\"https:\/\/www.facebook.com\/cienmilhijosanimales\/?locale=es_ES\" \/>\n<meta property=\"article:modified_time\" content=\"2023-12-13T09:07:06+00:00\" \/>\n<meta property=\"og:image\" content=\"https:\/\/cienmilhijos.es\/wp-content\/uploads\/2023\/12\/pienso_perros_libra_adult_mini_pollo_8kg_01_LIB921715.jpg\" \/>\n\t<meta property=\"og:image:width\" content=\"780\" \/>\n\t<meta property=\"og:image:height\" content=\"780\" \/>\n\t<meta property=\"og:image:type\" content=\"image\/jpeg\" \/>\n<meta name=\"twitter:card\" content=\"summary_large_image\" \/>\n<meta name=\"twitter:label1\" content=\"Estimated reading time\" \/>\n\t<meta name=\"twitter:data1\" content=\"2 minutes\" \/>\n<script type=\"application\/ld+json\" class=\"yoast-schema-graph\">{\"@context\":\"https:\/\/schema.org\",\"@graph\":[{\"@type\":\"WebPage\",\"@id\":\"https:\/\/cienmilhijos.es\/product\/libra-de-pollo-para-razas-pequenas\/\",\"url\":\"https:\/\/cienmilhijos.es\/product\/libra-de-pollo-para-razas-pequenas\/\",\"name\":\"Libra de Pollo para Razas Peque\u00f1as - Cien Mil Hijos\",\"isPartOf\":{\"@id\":\"https:\/\/cienmilhijos.es\/#website\"},\"datePublished\":\"2023-12-13T09:07:05+00:00\",\"dateModified\":\"2023-12-13T09:07:06+00:00\",\"breadcrumb\":{\"@id\":\"https:\/\/cienmilhijos.es\/product\/libra-de-pollo-para-razas-pequenas\/#breadcrumb\"},\"inLanguage\":\"en-GB\",\"potentialAction\":[{\"@type\":\"ReadAction\",\"target\":[\"https:\/\/cienmilhijos.es\/product\/libra-de-pollo-para-razas-pequenas\/\"]}]},{\"@type\":\"BreadcrumbList\",\"@id\":\"https:\/\/cienmilhijos.es\/product\/libra-de-pollo-para-razas-pequenas\/#breadcrumb\",\"itemListElement\":[{\"@type\":\"ListItem\",\"position\":1,\"name\":\"Portada\",\"item\":\"https:\/\/cienmilhijos.es\/\"},{\"@type\":\"ListItem\",\"position\":2,\"name\":\"Tienda\",\"item\":\"https:\/\/cienmilhijos.es\/tienda\/\"},{\"@type\":\"ListItem\",\"position\":3,\"name\":\"Libra de Pollo para Razas Peque\u00f1as\"}]},{\"@type\":\"WebSite\",\"@id\":\"https:\/\/cienmilhijos.es\/#website\",\"url\":\"https:\/\/cienmilhijos.es\/\",\"name\":\"Cien Mil Hijos\",\"description\":\"Cuidado de animales &amp; tienda de mascotas\",\"publisher\":{\"@id\":\"https:\/\/cienmilhijos.es\/#organization\"},\"potentialAction\":[{\"@type\":\"SearchAction\",\"target\":{\"@type\":\"EntryPoint\",\"urlTemplate\":\"https:\/\/cienmilhijos.es\/?s={search_term_string}\"},\"query-input\":\"required name=search_term_string\"}],\"inLanguage\":\"en-GB\"},{\"@type\":\"Organization\",\"@id\":\"https:\/\/cienmilhijos.es\/#organization\",\"name\":\"Cien Mil Hijos\",\"url\":\"https:\/\/cienmilhijos.es\/\",\"logo\":{\"@type\":\"ImageObject\",\"inLanguage\":\"en-GB\",\"@id\":\"https:\/\/cienmilhijos.es\/#\/schema\/logo\/image\/\",\"url\":\"https:\/\/cienmilhijos.es\/wp-content\/uploads\/2023\/12\/logo2.png\",\"contentUrl\":\"https:\/\/cienmilhijos.es\/wp-content\/uploads\/2023\/12\/logo2.png\",\"width\":1150,\"height\":127,\"caption\":\"Cien Mil Hijos\"},\"image\":{\"@id\":\"https:\/\/cienmilhijos.es\/#\/schema\/logo\/image\/\"},\"sameAs\":[\"https:\/\/www.facebook.com\/cienmilhijosanimales\/?locale=es_ES\"]}]}<\/script>\n<!-- \/ Yoast SEO plugin. -->","yoast_head_json":{"title":"Libra de Pollo para Razas Peque\u00f1as - Cien Mil Hijos","robots":{"index":"index","follow":"follow","max-snippet":"max-snippet:-1","max-image-preview":"max-image-preview:large","max-video-preview":"max-video-preview:-1"},"canonical":"https:\/\/cienmilhijos.es\/en\/product\/libra-de-pollo-para-razas-pequenas\/","og_locale":"en_GB","og_type":"article","og_title":"Libra de Pollo para Razas Peque\u00f1as - Cien Mil Hijos","og_description":"Pienso para perros de raza peque\u00f1a Libra Adult Mini Pollo Affinity Libra Adult Mini Pollo es un alimento completo formulado espec\u00edficamente para perros adultos que no superen los 10 kg&hellip;","og_url":"https:\/\/cienmilhijos.es\/en\/product\/libra-de-pollo-para-razas-pequenas\/","og_site_name":"Cien Mil Hijos","article_publisher":"https:\/\/www.facebook.com\/cienmilhijosanimales\/?locale=es_ES","article_modified_time":"2023-12-13T09:07:06+00:00","og_image":[{"width":780,"height":780,"url":"https:\/\/cienmilhijos.es\/wp-content\/uploads\/2023\/12\/pienso_perros_libra_adult_mini_pollo_8kg_01_LIB921715.jpg","type":"image\/jpeg"}],"twitter_card":"summary_large_image","twitter_misc":{"Estimated reading time":"2 minutes"},"schema":{"@context":"https:\/\/schema.org","@graph":[{"@type":"WebPage","@id":"https:\/\/cienmilhijos.es\/product\/libra-de-pollo-para-razas-pequenas\/","url":"https:\/\/cienmilhijos.es\/product\/libra-de-pollo-para-razas-pequenas\/","name":"Libra de Pollo para Razas Peque\u00f1as - Cien Mil Hijos","isPartOf":{"@id":"https:\/\/cienmilhijos.es\/#website"},"datePublished":"2023-12-13T09:07:05+00:00","dateModified":"2023-12-13T09:07:06+00:00","breadcrumb":{"@id":"https:\/\/cienmilhijos.es\/product\/libra-de-pollo-para-razas-pequenas\/#breadcrumb"},"inLanguage":"en-GB","potentialAction":[{"@type":"ReadAction","target":["https:\/\/cienmilhijos.es\/product\/libra-de-pollo-para-razas-pequenas\/"]}]},{"@type":"BreadcrumbList","@id":"https:\/\/cienmilhijos.es\/product\/libra-de-pollo-para-razas-pequenas\/#breadcrumb","itemListElement":[{"@type":"ListItem","position":1,"name":"Portada","item":"https:\/\/cienmilhijos.es\/"},{"@type":"ListItem","position":2,"name":"Tienda","item":"https:\/\/cienmilhijos.es\/tienda\/"},{"@type":"ListItem","position":3,"name":"Libra de Pollo para Razas Peque\u00f1as"}]},{"@type":"WebSite","@id":"https:\/\/cienmilhijos.es\/#website","url":"https:\/\/cienmilhijos.es\/","name":"Cien Mil Hijos","description":"Cuidado de animales &amp; tienda de mascotas","publisher":{"@id":"https:\/\/cienmilhijos.es\/#organization"},"potentialAction":[{"@type":"SearchAction","target":{"@type":"EntryPoint","urlTemplate":"https:\/\/cienmilhijos.es\/?s={search_term_string}"},"query-input":"required name=search_term_string"}],"inLanguage":"en-GB"},{"@type":"Organization","@id":"https:\/\/cienmilhijos.es\/#organization","name":"Cien Mil Hijos","url":"https:\/\/cienmilhijos.es\/","logo":{"@type":"ImageObject","inLanguage":"en-GB","@id":"https:\/\/cienmilhijos.es\/#\/schema\/logo\/image\/","url":"https:\/\/cienmilhijos.es\/wp-content\/uploads\/2023\/12\/logo2.png","contentUrl":"https:\/\/cienmilhijos.es\/wp-content\/uploads\/2023\/12\/logo2.png","width":1150,"height":127,"caption":"Cien Mil Hijos"},"image":{"@id":"https:\/\/cienmilhijos.es\/#\/schema\/logo\/image\/"},"sameAs":["https:\/\/www.facebook.com\/cienmilhijosanimales\/?locale=es_ES"]}]}},"_links":{"self":[{"href":"https:\/\/cienmilhijos.es\/en\/wp-json\/wp\/v2\/product\/26521","targetHints":{"allow":["GET"]}}],"collection":[{"href":"https:\/\/cienmilhijos.es\/en\/wp-json\/wp\/v2\/product"}],"about":[{"href":"https:\/\/cienmilhijos.es\/en\/wp-json\/wp\/v2\/types\/product"}],"replies":[{"embeddable":true,"href":"https:\/\/cienmilhijos.es\/en\/wp-json\/wp\/v2\/comments?post=26521"}],"wp:featuredmedia":[{"embeddable":true,"href":"https:\/\/cienmilhijos.es\/en\/wp-json\/wp\/v2\/media\/26522"}],"wp:attachment":[{"href":"https:\/\/cienmilhijos.es\/en\/wp-json\/wp\/v2\/media?parent=26521"}],"wp:term":[{"taxonomy":"product_cat","embeddable":true,"href":"https:\/\/cienmilhijos.es\/en\/wp-json\/wp\/v2\/product_cat?post=26521"},{"taxonomy":"product_tag","embeddable":true,"href":"https:\/\/cienmilhijos.es\/en\/wp-json\/wp\/v2\/product_tag?post=26521"}],"curies":[{"name":"wp","href":"https:\/\/api.w.org\/{rel}","templated":true}]}}