{"id":26516,"date":"2023-12-13T08:56:00","date_gmt":"2023-12-13T08:56:00","guid":{"rendered":"https:\/\/cienmilhijos.es\/?post_type=product&#038;p=26516"},"modified":"2024-04-18T11:46:15","modified_gmt":"2024-04-18T11:46:15","slug":"advance-medium","status":"publish","type":"product","link":"https:\/\/cienmilhijos.es\/en\/product\/advance-medium\/","title":{"rendered":"Advance Senior Medium"},"content":{"rendered":"<h2>Alimento para perros\u00a0Affinity Advance Medium Senior +7 pollo y arroz.<\/h2>\n<p>El\u00a0<strong>pienso para perros\u00a0Affinity Advance Medium Senior +7 pollo y arroz<\/strong>\u00a0es un alimento formulado espec\u00edficamente para satisfacer las necesidades nutricionales de los\u00a0<strong>perros de m\u00e1s de 7 a\u00f1os<\/strong>\u00a0de razas medianas con necesidades propias de su tama\u00f1o.<\/p>\n<p>El alimento para perros senior de raza mediana de Advance cuenta con un\u00a0<strong>nivel bajo de calor\u00edas<\/strong>, perfecto para aquellos perros que, por su avanzada edad, han pasado a ser m\u00e1s sedentarios o a llevar un\u00a0<strong>nivel de actividad menor<\/strong>. Cuenta con la cantidad \u00f3ptima de vitaminas que ayudan a\u00a0<strong>retrasar el envejecimiento celular<\/strong>, adem\u00e1s de prote\u00ednas que\u00a0<strong>mantienen el aparato digestivo en \u00f3ptimas condiciones.<\/strong><\/p>\n<p><strong>Caracter\u00edsticas:<\/strong><\/p>\n<ul>\n<li>Bajo nivel cal\u00f3rico adaptado a la vida de los perros senior que tieden a ser m\u00e1s sedentarios pero evitando la p\u00e9rdida de masa muscular.<\/li>\n<li>Ayuda a retrasar el envejecimiento celular y la aparici\u00f3n de los radicales libres gracias a las vitaminas y los polifenoles naturales.<\/li>\n<li>Mantiene la salud del aparato digestivo gracias a sus prote\u00ednas de alto valor biol\u00f3gico.<\/li>\n<li>Ayuda a mantener la actividad de tu perro en edad adulta gracias a los \u00e1cidos grasos Omega 3.<\/li>\n<\/ul>\n<p><strong>Composici\u00f3n:\u00a0<\/strong><\/p>\n<p>Pollo (14%), harina de gluten de ma\u00edz, trigo, prote\u00ednas deshidratadas de ave, arroz (10%), harina de ma\u00cdz, ma\u00edz, prote\u00ednas animales hidrolizadas, salvado de ma\u00edz, pulpa de remolacha, grasa animal, levadura, huevo deshidratado, aceite de pescado, cloruro pot\u00e1sico, prote\u00ednas plasm\u00e1ticas, difosfato de tetrasodio, glucosamina, sulfato de condroitina, polifenoles naturales.<\/p>\n<p><strong>Aditivos nutricionales:\u00a0<\/strong><\/p>\n<p>Vitamina A, Vitamina D3, Vitamina E, Vitamina C, Taurina, sulfato f\u00e9rrico monohidratado, yoduro de potasio, sulfato de cobre pentahidratado, sulfato manganoso monohidratado, sulfato de zinc monohidratado, selenito s\u00f3dico.<\/p>\n<p><strong>An\u00e1lisis medio:\u00a0<\/strong><\/p>\n<p>Prote\u00ednas brutas\u00a027%, grasas y aceites brutos\u00a013%, fibras brutas 2.5%, materia inorg\u00e1nica 6%, Calcio 1.1%, F\u00f3sforo 0.8%, humedad 9%.<\/p>","protected":false},"excerpt":{"rendered":"<p>Alimento para perros\u00a0Affinity Advance Medium Senior +7 pollo y arroz. El\u00a0pienso para perros\u00a0Affinity Advance Medium Senior +7 pollo y arroz\u00a0es un alimento formulado espec\u00edficamente para satisfacer las necesidades nutricionales de&hellip;<\/p>","protected":false},"featured_media":26517,"comment_status":"open","ping_status":"closed","template":"","meta":[],"product_cat":[269],"product_tag":[],"class_list":["post-26516","product","type-product","status-publish","has-post-thumbnail","hentry","product_cat-alimentacion-perros"],"yoast_head":"<!-- This site is optimized with the Yoast SEO plugin v21.6 - https:\/\/yoast.com\/wordpress\/plugins\/seo\/ -->\n<title>Advance Senior Medium - Cien Mil Hijos<\/title>\n<meta name=\"robots\" content=\"index, follow, max-snippet:-1, max-image-preview:large, max-video-preview:-1\" \/>\n<link rel=\"canonical\" href=\"https:\/\/cienmilhijos.es\/en\/product\/advance-medium\/\" \/>\n<meta property=\"og:locale\" content=\"en_GB\" \/>\n<meta property=\"og:type\" content=\"article\" \/>\n<meta property=\"og:title\" content=\"Advance Senior Medium - Cien Mil Hijos\" \/>\n<meta property=\"og:description\" content=\"Alimento para perros\u00a0Affinity Advance Medium Senior +7 pollo y arroz. El\u00a0pienso para perros\u00a0Affinity Advance Medium Senior +7 pollo y arroz\u00a0es un alimento formulado espec\u00edficamente para satisfacer las necesidades nutricionales de&hellip;\" \/>\n<meta property=\"og:url\" content=\"https:\/\/cienmilhijos.es\/en\/product\/advance-medium\/\" \/>\n<meta property=\"og:site_name\" content=\"Cien Mil Hijos\" \/>\n<meta property=\"article:publisher\" content=\"https:\/\/www.facebook.com\/cienmilhijosanimales\/?locale=es_ES\" \/>\n<meta property=\"article:modified_time\" content=\"2024-04-18T11:46:15+00:00\" \/>\n<meta property=\"og:image\" content=\"https:\/\/cienmilhijos.es\/wp-content\/uploads\/2023\/12\/pienso_perros_affinity_advance_senior_medium_41065_M.webp\" \/>\n\t<meta property=\"og:image:width\" content=\"780\" \/>\n\t<meta property=\"og:image:height\" content=\"780\" \/>\n\t<meta property=\"og:image:type\" content=\"image\/webp\" \/>\n<meta name=\"twitter:card\" content=\"summary_large_image\" \/>\n<meta name=\"twitter:label1\" content=\"Estimated reading time\" \/>\n\t<meta name=\"twitter:data1\" content=\"2 minutes\" \/>\n<script type=\"application\/ld+json\" class=\"yoast-schema-graph\">{\"@context\":\"https:\/\/schema.org\",\"@graph\":[{\"@type\":\"WebPage\",\"@id\":\"https:\/\/cienmilhijos.es\/product\/advance-medium\/\",\"url\":\"https:\/\/cienmilhijos.es\/product\/advance-medium\/\",\"name\":\"Advance Senior Medium - Cien Mil Hijos\",\"isPartOf\":{\"@id\":\"https:\/\/cienmilhijos.es\/#website\"},\"datePublished\":\"2023-12-13T08:56:00+00:00\",\"dateModified\":\"2024-04-18T11:46:15+00:00\",\"breadcrumb\":{\"@id\":\"https:\/\/cienmilhijos.es\/product\/advance-medium\/#breadcrumb\"},\"inLanguage\":\"en-GB\",\"potentialAction\":[{\"@type\":\"ReadAction\",\"target\":[\"https:\/\/cienmilhijos.es\/product\/advance-medium\/\"]}]},{\"@type\":\"BreadcrumbList\",\"@id\":\"https:\/\/cienmilhijos.es\/product\/advance-medium\/#breadcrumb\",\"itemListElement\":[{\"@type\":\"ListItem\",\"position\":1,\"name\":\"Portada\",\"item\":\"https:\/\/cienmilhijos.es\/\"},{\"@type\":\"ListItem\",\"position\":2,\"name\":\"Tienda\",\"item\":\"https:\/\/cienmilhijos.es\/tienda\/\"},{\"@type\":\"ListItem\",\"position\":3,\"name\":\"Advance Senior Medium\"}]},{\"@type\":\"WebSite\",\"@id\":\"https:\/\/cienmilhijos.es\/#website\",\"url\":\"https:\/\/cienmilhijos.es\/\",\"name\":\"Cien Mil Hijos\",\"description\":\"Cuidado de animales &amp; tienda de mascotas\",\"publisher\":{\"@id\":\"https:\/\/cienmilhijos.es\/#organization\"},\"potentialAction\":[{\"@type\":\"SearchAction\",\"target\":{\"@type\":\"EntryPoint\",\"urlTemplate\":\"https:\/\/cienmilhijos.es\/?s={search_term_string}\"},\"query-input\":\"required name=search_term_string\"}],\"inLanguage\":\"en-GB\"},{\"@type\":\"Organization\",\"@id\":\"https:\/\/cienmilhijos.es\/#organization\",\"name\":\"Cien Mil Hijos\",\"url\":\"https:\/\/cienmilhijos.es\/\",\"logo\":{\"@type\":\"ImageObject\",\"inLanguage\":\"en-GB\",\"@id\":\"https:\/\/cienmilhijos.es\/#\/schema\/logo\/image\/\",\"url\":\"https:\/\/cienmilhijos.es\/wp-content\/uploads\/2023\/12\/logo2.png\",\"contentUrl\":\"https:\/\/cienmilhijos.es\/wp-content\/uploads\/2023\/12\/logo2.png\",\"width\":1150,\"height\":127,\"caption\":\"Cien Mil Hijos\"},\"image\":{\"@id\":\"https:\/\/cienmilhijos.es\/#\/schema\/logo\/image\/\"},\"sameAs\":[\"https:\/\/www.facebook.com\/cienmilhijosanimales\/?locale=es_ES\"]}]}<\/script>\n<!-- \/ Yoast SEO plugin. -->","yoast_head_json":{"title":"Advance Senior Medium - Cien Mil Hijos","robots":{"index":"index","follow":"follow","max-snippet":"max-snippet:-1","max-image-preview":"max-image-preview:large","max-video-preview":"max-video-preview:-1"},"canonical":"https:\/\/cienmilhijos.es\/en\/product\/advance-medium\/","og_locale":"en_GB","og_type":"article","og_title":"Advance Senior Medium - Cien Mil Hijos","og_description":"Alimento para perros\u00a0Affinity Advance Medium Senior +7 pollo y arroz. El\u00a0pienso para perros\u00a0Affinity Advance Medium Senior +7 pollo y arroz\u00a0es un alimento formulado espec\u00edficamente para satisfacer las necesidades nutricionales de&hellip;","og_url":"https:\/\/cienmilhijos.es\/en\/product\/advance-medium\/","og_site_name":"Cien Mil Hijos","article_publisher":"https:\/\/www.facebook.com\/cienmilhijosanimales\/?locale=es_ES","article_modified_time":"2024-04-18T11:46:15+00:00","og_image":[{"width":780,"height":780,"url":"https:\/\/cienmilhijos.es\/wp-content\/uploads\/2023\/12\/pienso_perros_affinity_advance_senior_medium_41065_M.webp","type":"image\/webp"}],"twitter_card":"summary_large_image","twitter_misc":{"Estimated reading time":"2 minutes"},"schema":{"@context":"https:\/\/schema.org","@graph":[{"@type":"WebPage","@id":"https:\/\/cienmilhijos.es\/product\/advance-medium\/","url":"https:\/\/cienmilhijos.es\/product\/advance-medium\/","name":"Advance Senior Medium - Cien Mil Hijos","isPartOf":{"@id":"https:\/\/cienmilhijos.es\/#website"},"datePublished":"2023-12-13T08:56:00+00:00","dateModified":"2024-04-18T11:46:15+00:00","breadcrumb":{"@id":"https:\/\/cienmilhijos.es\/product\/advance-medium\/#breadcrumb"},"inLanguage":"en-GB","potentialAction":[{"@type":"ReadAction","target":["https:\/\/cienmilhijos.es\/product\/advance-medium\/"]}]},{"@type":"BreadcrumbList","@id":"https:\/\/cienmilhijos.es\/product\/advance-medium\/#breadcrumb","itemListElement":[{"@type":"ListItem","position":1,"name":"Portada","item":"https:\/\/cienmilhijos.es\/"},{"@type":"ListItem","position":2,"name":"Tienda","item":"https:\/\/cienmilhijos.es\/tienda\/"},{"@type":"ListItem","position":3,"name":"Advance Senior Medium"}]},{"@type":"WebSite","@id":"https:\/\/cienmilhijos.es\/#website","url":"https:\/\/cienmilhijos.es\/","name":"Cien Mil Hijos","description":"Cuidado de animales &amp; tienda de mascotas","publisher":{"@id":"https:\/\/cienmilhijos.es\/#organization"},"potentialAction":[{"@type":"SearchAction","target":{"@type":"EntryPoint","urlTemplate":"https:\/\/cienmilhijos.es\/?s={search_term_string}"},"query-input":"required name=search_term_string"}],"inLanguage":"en-GB"},{"@type":"Organization","@id":"https:\/\/cienmilhijos.es\/#organization","name":"Cien Mil Hijos","url":"https:\/\/cienmilhijos.es\/","logo":{"@type":"ImageObject","inLanguage":"en-GB","@id":"https:\/\/cienmilhijos.es\/#\/schema\/logo\/image\/","url":"https:\/\/cienmilhijos.es\/wp-content\/uploads\/2023\/12\/logo2.png","contentUrl":"https:\/\/cienmilhijos.es\/wp-content\/uploads\/2023\/12\/logo2.png","width":1150,"height":127,"caption":"Cien Mil Hijos"},"image":{"@id":"https:\/\/cienmilhijos.es\/#\/schema\/logo\/image\/"},"sameAs":["https:\/\/www.facebook.com\/cienmilhijosanimales\/?locale=es_ES"]}]}},"_links":{"self":[{"href":"https:\/\/cienmilhijos.es\/en\/wp-json\/wp\/v2\/product\/26516","targetHints":{"allow":["GET"]}}],"collection":[{"href":"https:\/\/cienmilhijos.es\/en\/wp-json\/wp\/v2\/product"}],"about":[{"href":"https:\/\/cienmilhijos.es\/en\/wp-json\/wp\/v2\/types\/product"}],"replies":[{"embeddable":true,"href":"https:\/\/cienmilhijos.es\/en\/wp-json\/wp\/v2\/comments?post=26516"}],"wp:featuredmedia":[{"embeddable":true,"href":"https:\/\/cienmilhijos.es\/en\/wp-json\/wp\/v2\/media\/26517"}],"wp:attachment":[{"href":"https:\/\/cienmilhijos.es\/en\/wp-json\/wp\/v2\/media?parent=26516"}],"wp:term":[{"taxonomy":"product_cat","embeddable":true,"href":"https:\/\/cienmilhijos.es\/en\/wp-json\/wp\/v2\/product_cat?post=26516"},{"taxonomy":"product_tag","embeddable":true,"href":"https:\/\/cienmilhijos.es\/en\/wp-json\/wp\/v2\/product_tag?post=26516"}],"curies":[{"name":"wp","href":"https:\/\/api.w.org\/{rel}","templated":true}]}}