{"id":26508,"date":"2023-12-12T18:45:46","date_gmt":"2023-12-12T18:45:46","guid":{"rendered":"https:\/\/cienmilhijos.es\/?post_type=product&#038;p=26508"},"modified":"2023-12-13T08:50:06","modified_gmt":"2023-12-13T08:50:06","slug":"advance-senior-mini","status":"publish","type":"product","link":"https:\/\/cienmilhijos.es\/en\/product\/advance-senior-mini\/","title":{"rendered":"Advance Senior Mini"},"content":{"rendered":"<h2>Pienso Advance Senior indicado para perros adultos de raza peque\u00f1a<\/h2>\n<p>Advance Mini Senior es un\u00a0<strong>pienso de alta gama<\/strong>\u00a0especialmente indicado para perros de m\u00e1s de 8 a\u00f1os pertenecientes a razas peque\u00f1as (hasta 10 kg de peso adulto). Tiene un bajo nivel de calor\u00edas y un\u00a0<strong>alto contenido en fibra y prote\u00ednas<\/strong>\u00a0para que tu mascota se mantenga fuerte y sana, manteniendo controlado su peso.<\/p>\n<p>Este alimento es rico en L-carnitina, que ayuda a\u00a0<strong>transformar la grasa en energ\u00eda<\/strong>, lo que favorece que disminuya la cantidad de dep\u00f3sitos grasos de tu mascota. Gracias a la presencia de prote\u00ednas naturales este pienso\u00a0<strong>cuida la salud intestinal<\/strong>\u00a0de los perros adultos. Tambi\u00e9n incorpora en su composici\u00f3n taurina, un amino\u00e1cido que cuidar\u00e1 la salud de su coraz\u00f3n.<\/p>\n<p>En su composici\u00f3n se incluyen polifenoles naturales y vitaminas que contribuyen a\u00a0<strong>retrasar el envejecimiento celular<\/strong>, y los DHA y \u00e1cidos grasos omega 3 ayudan a\u00a0<strong>mantener la actividad cognitiva<\/strong>\u00a0de tu perro. El pienso Advance Mini Senior se presenta en croquetas peque\u00f1as, adaptadas a las mand\u00edbulas y los dientes de los perros de raza peque\u00f1a.<\/p>\n<p><strong>VENTAJAS<\/strong>:<\/p>\n<ul>\n<li>Pienso indicado para una dieta equilibrada en perros de raza peque\u00f1a de m\u00e1s de 8 a\u00f1os.<\/li>\n<li>Controla el peso de tu perro sin que pierda masa muscular.<\/li>\n<li>La presencia de L-carnitina favorece la reducci\u00f3n de dep\u00f3sitos grasos.<\/li>\n<li>Rico en fibra y prote\u00ednas y bajo en calor\u00edas para controlar el peso de tu mascota.<\/li>\n<li>Favorece el buen funcionamiento del coraz\u00f3n y mantiene la actividad cognitiva.<\/li>\n<\/ul>\n<p><strong>USO Y ESPECIFICACIONES<\/strong>:<\/p>\n<ul>\n<li>Pienso de alta gama indicado para perros de m\u00e1s de 8 a\u00f1os de raza peque\u00f1a.<\/li>\n<li>Servir seco o ligeramente humedecido.<\/li>\n<\/ul>\n<p><strong>Descripci\u00f3n nutricional<\/strong>:<\/p>\n<ul>\n<li>Ingredientes: pollo (16%), harina de gluten de ma\u00edz, prote\u00ednas deshidratadas de ave, trigo, arroz (10%), harina de trigo, ma\u00edz, prote\u00ednas animales hidrolizadas, grasa animal, pulpa de remolacha, salvado de ma\u00edz, huevo deshidratado, levadura, aceite de pescado, cloruro pot\u00e1sico, prote\u00ednas plasm\u00e1ticas, carbonato de calcio, difosfato de tetrasodio, glucosamina, sulfato de condroitina, polifenoles naturales. Con antioxidantes permitidos CE.<\/li>\n<li>Componentes anal\u00edticos: prote\u00edna bruta (28.0%), materias grasas brutas (15%), fibras brutas (2.5%), materia inorg\u00e1nica (6%), calcio (1.1%), f\u00f3sforo (0.8%), humedad (9%).<\/li>\n<li>Aditivos: vitamina A (27000 UI), vitamina D3 (1800 UI), vitamina E (alfa- tocoferol) (830 mg), vitamina C (500 mg), sulfato f\u00e9rrico monohidratado (260 mg) (hierro 85 mg), yoduro de potasio (1.9 mg) (yodo 1.4 mg), sulfato de cobre pentahidratado (34 mg) (cobre 8.8 mg), sulfato manganoso monohidratado (124 mg) (manganeso 40 mg), sulfato de zinc monohidratado (395 mg) (zinc 144 mg), selenito s\u00f3dico (0.24 mg) (0.11 mg), taurina (1200 mg\/Kg).<\/li>\n<\/ul>\n<p><strong>Dosificaci\u00f3n<\/strong>:<\/p>\n<ul>\n<li>La tabla es orientativa sobre la raci\u00f3n diaria de alimento. Se recomienda adaptar la cantidad de comida en funci\u00f3n de las caracter\u00edsticas espec\u00edficas de cada perro.<\/li>\n<\/ul>\n<table class=\"TAtable\" border=\"1\" cellspacing=\"1\" cellpadding=\"1\">\n<thead>\n<tr>\n<th scope=\"row\">PESO<\/th>\n<th scope=\"col\">ACTIVIDAD BAJA<\/th>\n<th scope=\"col\">ACTIVIDAD MEDIA<\/th>\n<th scope=\"col\">ACTIVIDAD ALTA<\/th>\n<\/tr>\n<\/thead>\n<tbody>\n<tr>\n<th scope=\"row\">1 kg<\/th>\n<td>30 g<\/td>\n<td>35 g<\/td>\n<td>45 g<\/td>\n<\/tr>\n<tr>\n<th scope=\"row\">3 kg<\/th>\n<td>60 g<\/td>\n<td>75 g<\/td>\n<td>90 g<\/td>\n<\/tr>\n<tr>\n<th scope=\"row\">5 kg<\/th>\n<td>80 g<\/td>\n<td>100 g<\/td>\n<td>120 g<\/td>\n<\/tr>\n<tr>\n<th scope=\"row\">10 kg<\/th>\n<td>140 g<\/td>\n<td>175 g<\/td>\n<td>210 g<\/td>\n<\/tr>\n<\/tbody>\n<\/table>\n<p>&nbsp;<\/p>","protected":false},"excerpt":{"rendered":"<p>Pienso Advance Senior indicado para perros adultos de raza peque\u00f1a Advance Mini Senior es un\u00a0pienso de alta gama\u00a0especialmente indicado para perros de m\u00e1s de 8 a\u00f1os pertenecientes a razas peque\u00f1as&hellip;<\/p>","protected":false},"featured_media":26509,"comment_status":"open","ping_status":"closed","template":"","meta":[],"product_cat":[269],"product_tag":[],"class_list":["post-26508","product","type-product","status-publish","has-post-thumbnail","hentry","product_cat-alimentacion-perros"],"yoast_head":"<!-- This site is optimized with the Yoast SEO plugin v21.6 - https:\/\/yoast.com\/wordpress\/plugins\/seo\/ -->\n<title>Advance Senior Mini - Cien Mil Hijos<\/title>\n<meta name=\"robots\" content=\"index, follow, max-snippet:-1, max-image-preview:large, max-video-preview:-1\" \/>\n<link rel=\"canonical\" href=\"https:\/\/cienmilhijos.es\/en\/product\/advance-senior-mini\/\" \/>\n<meta property=\"og:locale\" content=\"en_GB\" \/>\n<meta property=\"og:type\" content=\"article\" \/>\n<meta property=\"og:title\" content=\"Advance Senior Mini - Cien Mil Hijos\" \/>\n<meta property=\"og:description\" content=\"Pienso Advance Senior indicado para perros adultos de raza peque\u00f1a Advance Mini Senior es un\u00a0pienso de alta gama\u00a0especialmente indicado para perros de m\u00e1s de 8 a\u00f1os pertenecientes a razas peque\u00f1as&hellip;\" \/>\n<meta property=\"og:url\" content=\"https:\/\/cienmilhijos.es\/en\/product\/advance-senior-mini\/\" \/>\n<meta property=\"og:site_name\" content=\"Cien Mil Hijos\" \/>\n<meta property=\"article:publisher\" content=\"https:\/\/www.facebook.com\/cienmilhijosanimales\/?locale=es_ES\" \/>\n<meta property=\"article:modified_time\" content=\"2023-12-13T08:50:06+00:00\" \/>\n<meta property=\"og:image\" content=\"https:\/\/cienmilhijos.es\/wp-content\/uploads\/2023\/12\/pienso_perros_affinity_advance_adult_mini_senior_3kg_ADV547119_M.webp\" \/>\n\t<meta property=\"og:image:width\" content=\"780\" \/>\n\t<meta property=\"og:image:height\" content=\"780\" \/>\n\t<meta property=\"og:image:type\" content=\"image\/webp\" \/>\n<meta name=\"twitter:card\" content=\"summary_large_image\" \/>\n<meta name=\"twitter:label1\" content=\"Estimated reading time\" \/>\n\t<meta name=\"twitter:data1\" content=\"3 minutes\" \/>\n<script type=\"application\/ld+json\" class=\"yoast-schema-graph\">{\"@context\":\"https:\/\/schema.org\",\"@graph\":[{\"@type\":\"WebPage\",\"@id\":\"https:\/\/cienmilhijos.es\/product\/advance-senior-mini\/\",\"url\":\"https:\/\/cienmilhijos.es\/product\/advance-senior-mini\/\",\"name\":\"Advance Senior Mini - Cien Mil Hijos\",\"isPartOf\":{\"@id\":\"https:\/\/cienmilhijos.es\/#website\"},\"datePublished\":\"2023-12-12T18:45:46+00:00\",\"dateModified\":\"2023-12-13T08:50:06+00:00\",\"breadcrumb\":{\"@id\":\"https:\/\/cienmilhijos.es\/product\/advance-senior-mini\/#breadcrumb\"},\"inLanguage\":\"en-GB\",\"potentialAction\":[{\"@type\":\"ReadAction\",\"target\":[\"https:\/\/cienmilhijos.es\/product\/advance-senior-mini\/\"]}]},{\"@type\":\"BreadcrumbList\",\"@id\":\"https:\/\/cienmilhijos.es\/product\/advance-senior-mini\/#breadcrumb\",\"itemListElement\":[{\"@type\":\"ListItem\",\"position\":1,\"name\":\"Portada\",\"item\":\"https:\/\/cienmilhijos.es\/\"},{\"@type\":\"ListItem\",\"position\":2,\"name\":\"Tienda\",\"item\":\"https:\/\/cienmilhijos.es\/tienda\/\"},{\"@type\":\"ListItem\",\"position\":3,\"name\":\"Advance Senior Mini\"}]},{\"@type\":\"WebSite\",\"@id\":\"https:\/\/cienmilhijos.es\/#website\",\"url\":\"https:\/\/cienmilhijos.es\/\",\"name\":\"Cien Mil Hijos\",\"description\":\"Cuidado de animales &amp; tienda de mascotas\",\"publisher\":{\"@id\":\"https:\/\/cienmilhijos.es\/#organization\"},\"potentialAction\":[{\"@type\":\"SearchAction\",\"target\":{\"@type\":\"EntryPoint\",\"urlTemplate\":\"https:\/\/cienmilhijos.es\/?s={search_term_string}\"},\"query-input\":\"required name=search_term_string\"}],\"inLanguage\":\"en-GB\"},{\"@type\":\"Organization\",\"@id\":\"https:\/\/cienmilhijos.es\/#organization\",\"name\":\"Cien Mil Hijos\",\"url\":\"https:\/\/cienmilhijos.es\/\",\"logo\":{\"@type\":\"ImageObject\",\"inLanguage\":\"en-GB\",\"@id\":\"https:\/\/cienmilhijos.es\/#\/schema\/logo\/image\/\",\"url\":\"https:\/\/cienmilhijos.es\/wp-content\/uploads\/2023\/12\/logo2.png\",\"contentUrl\":\"https:\/\/cienmilhijos.es\/wp-content\/uploads\/2023\/12\/logo2.png\",\"width\":1150,\"height\":127,\"caption\":\"Cien Mil Hijos\"},\"image\":{\"@id\":\"https:\/\/cienmilhijos.es\/#\/schema\/logo\/image\/\"},\"sameAs\":[\"https:\/\/www.facebook.com\/cienmilhijosanimales\/?locale=es_ES\"]}]}<\/script>\n<!-- \/ Yoast SEO plugin. -->","yoast_head_json":{"title":"Advance Senior Mini - Cien Mil Hijos","robots":{"index":"index","follow":"follow","max-snippet":"max-snippet:-1","max-image-preview":"max-image-preview:large","max-video-preview":"max-video-preview:-1"},"canonical":"https:\/\/cienmilhijos.es\/en\/product\/advance-senior-mini\/","og_locale":"en_GB","og_type":"article","og_title":"Advance Senior Mini - Cien Mil Hijos","og_description":"Pienso Advance Senior indicado para perros adultos de raza peque\u00f1a Advance Mini Senior es un\u00a0pienso de alta gama\u00a0especialmente indicado para perros de m\u00e1s de 8 a\u00f1os pertenecientes a razas peque\u00f1as&hellip;","og_url":"https:\/\/cienmilhijos.es\/en\/product\/advance-senior-mini\/","og_site_name":"Cien Mil Hijos","article_publisher":"https:\/\/www.facebook.com\/cienmilhijosanimales\/?locale=es_ES","article_modified_time":"2023-12-13T08:50:06+00:00","og_image":[{"width":780,"height":780,"url":"https:\/\/cienmilhijos.es\/wp-content\/uploads\/2023\/12\/pienso_perros_affinity_advance_adult_mini_senior_3kg_ADV547119_M.webp","type":"image\/webp"}],"twitter_card":"summary_large_image","twitter_misc":{"Estimated reading time":"3 minutes"},"schema":{"@context":"https:\/\/schema.org","@graph":[{"@type":"WebPage","@id":"https:\/\/cienmilhijos.es\/product\/advance-senior-mini\/","url":"https:\/\/cienmilhijos.es\/product\/advance-senior-mini\/","name":"Advance Senior Mini - Cien Mil Hijos","isPartOf":{"@id":"https:\/\/cienmilhijos.es\/#website"},"datePublished":"2023-12-12T18:45:46+00:00","dateModified":"2023-12-13T08:50:06+00:00","breadcrumb":{"@id":"https:\/\/cienmilhijos.es\/product\/advance-senior-mini\/#breadcrumb"},"inLanguage":"en-GB","potentialAction":[{"@type":"ReadAction","target":["https:\/\/cienmilhijos.es\/product\/advance-senior-mini\/"]}]},{"@type":"BreadcrumbList","@id":"https:\/\/cienmilhijos.es\/product\/advance-senior-mini\/#breadcrumb","itemListElement":[{"@type":"ListItem","position":1,"name":"Portada","item":"https:\/\/cienmilhijos.es\/"},{"@type":"ListItem","position":2,"name":"Tienda","item":"https:\/\/cienmilhijos.es\/tienda\/"},{"@type":"ListItem","position":3,"name":"Advance Senior Mini"}]},{"@type":"WebSite","@id":"https:\/\/cienmilhijos.es\/#website","url":"https:\/\/cienmilhijos.es\/","name":"Cien Mil Hijos","description":"Cuidado de animales &amp; tienda de mascotas","publisher":{"@id":"https:\/\/cienmilhijos.es\/#organization"},"potentialAction":[{"@type":"SearchAction","target":{"@type":"EntryPoint","urlTemplate":"https:\/\/cienmilhijos.es\/?s={search_term_string}"},"query-input":"required name=search_term_string"}],"inLanguage":"en-GB"},{"@type":"Organization","@id":"https:\/\/cienmilhijos.es\/#organization","name":"Cien Mil Hijos","url":"https:\/\/cienmilhijos.es\/","logo":{"@type":"ImageObject","inLanguage":"en-GB","@id":"https:\/\/cienmilhijos.es\/#\/schema\/logo\/image\/","url":"https:\/\/cienmilhijos.es\/wp-content\/uploads\/2023\/12\/logo2.png","contentUrl":"https:\/\/cienmilhijos.es\/wp-content\/uploads\/2023\/12\/logo2.png","width":1150,"height":127,"caption":"Cien Mil Hijos"},"image":{"@id":"https:\/\/cienmilhijos.es\/#\/schema\/logo\/image\/"},"sameAs":["https:\/\/www.facebook.com\/cienmilhijosanimales\/?locale=es_ES"]}]}},"_links":{"self":[{"href":"https:\/\/cienmilhijos.es\/en\/wp-json\/wp\/v2\/product\/26508","targetHints":{"allow":["GET"]}}],"collection":[{"href":"https:\/\/cienmilhijos.es\/en\/wp-json\/wp\/v2\/product"}],"about":[{"href":"https:\/\/cienmilhijos.es\/en\/wp-json\/wp\/v2\/types\/product"}],"replies":[{"embeddable":true,"href":"https:\/\/cienmilhijos.es\/en\/wp-json\/wp\/v2\/comments?post=26508"}],"wp:featuredmedia":[{"embeddable":true,"href":"https:\/\/cienmilhijos.es\/en\/wp-json\/wp\/v2\/media\/26509"}],"wp:attachment":[{"href":"https:\/\/cienmilhijos.es\/en\/wp-json\/wp\/v2\/media?parent=26508"}],"wp:term":[{"taxonomy":"product_cat","embeddable":true,"href":"https:\/\/cienmilhijos.es\/en\/wp-json\/wp\/v2\/product_cat?post=26508"},{"taxonomy":"product_tag","embeddable":true,"href":"https:\/\/cienmilhijos.es\/en\/wp-json\/wp\/v2\/product_tag?post=26508"}],"curies":[{"name":"wp","href":"https:\/\/api.w.org\/{rel}","templated":true}]}}