{"id":26506,"date":"2023-12-12T18:23:05","date_gmt":"2023-12-12T18:23:05","guid":{"rendered":"https:\/\/cienmilhijos.es\/?post_type=product&#038;p=26506"},"modified":"2023-12-12T18:28:11","modified_gmt":"2023-12-12T18:28:11","slug":"advance-sterilized-senior","status":"publish","type":"product","link":"https:\/\/cienmilhijos.es\/en\/product\/advance-sterilized-senior\/","title":{"rendered":"Advance Sterilized Senior"},"content":{"rendered":"<h2>Pienso para gatos mayores y esterilizados Advance Sterilized 10 a\u00f1os<\/h2>\n<p>Advance Sterilized 10 a\u00f1os es un pienso para gatos que\u00a0<strong>ayuda a prevenir la obesidad, a disminuir el riesgo de fallo renal y a evitar los c\u00e1lculos urinarios<\/strong>. Su f\u00f3rmula est\u00e1 dise\u00f1ada y adaptada para cubrir las necesidades de los gatos esterilizados mayores de 10 a\u00f1os. Es un alimento de alta gama con un sabor superior y una receta nutricionalmente equilibrada.<\/p>\n<p>El pienso para gatos esterilizados de Advance est\u00e1 elaborado con\u00a0<strong>pollo, cebada, huevo y aceite de pescado<\/strong>. Gracias al nivel de energ\u00eda metabolizable reducido, al alto porcentaje en fibra y prote\u00ednas y a que es\u00a0<strong>bajo en grasas<\/strong>, previene significativamente el aumento de peso. Adem\u00e1s, tambi\u00e9n reduce los niveles de f\u00f3sforo y utiliza una combinaci\u00f3n especial de ingredientes y minerales para disminuir el riesgo de fallo renal y evitar la formaci\u00f3n de los c\u00e1lculos urinarios.<\/p>\n<p>La receta de Advance Sterilized 10 a\u00f1os proporciona a tu gato una\u00a0<strong>nutrici\u00f3n avanzada adaptada a su edad<\/strong>\u00a0para una salud \u00f3ptima. Algunas de las caracter\u00edsticas de este pienso para gatos esterilizados son: el antienvejecimiento celular con antioxidantes; la protecci\u00f3n renal para el buen funcionamiento del ri\u00f1\u00f3n y el tracto urinario; y el refuerzo sensorial para mejorar los sentidos de los gatos mayores. Adem\u00e1s, el pienso Advance Sterilized incorpora\u00a0<strong>glucosamina y condroitina<\/strong>\u00a0para dar soporte al aparato locomotor y reforzar las articulaciones para mejorar la movilidad.<\/p>\n<h3>VENTAJAS DE ADVANCE STERILIZED 10:<\/h3>\n<ul>\n<li>Pienso para gatos esterilizados mayores de 10 a\u00f1os.<\/li>\n<li>F\u00f3rmula especial que previene la obesidad.<\/li>\n<li>Disminuye el riesgo de fallo renal y evita la formaci\u00f3n de c\u00e1lculos urinarios.<\/li>\n<li>Con condroitina y glucosamina para la salud articular y la movilidad.<\/li>\n<li>Nutrici\u00f3n avanzada y de alta calidad para una salud \u00f3ptima.<\/li>\n<\/ul>\n<h3>USO Y ESPECIFICACIONES:<\/h3>\n<ul>\n<li>Pienso Advance Sterilized adecuado para la nutrici\u00f3n y salud \u00f3ptima de gatos esterilizados mayores de 10 a\u00f1os.<\/li>\n<\/ul>\n<p><strong>Descripci\u00f3n nutricional:<\/strong><\/p>\n<ul>\n<li>Ingredientes: Pollo (18%), ma\u00edz, harina de gluten de ma\u00edz, prote\u00ednas deshidratadas de ave, cebada (8%), grasa animal, trigo, gluten de trigo, prote\u00edna deshidratada de cerdo, prote\u00ednas animales hidrolizadas, prote\u00ednas de salm\u00f3n deshidratadas, fibra vegetal, huevo deshidratado, aceite de pescado, levadura, inulina, cloruro pot\u00e1sico, prote\u00ednas plasm\u00e1ticas, sal, glucosamina, sulfato de condroitina, polifenoles naturales.<\/li>\n<li>Constituyentes anal\u00edticos: Prote\u00edna 37,0%, Contenido de Grasa 17,0%, Fibras Brutas 3,2%, Materia Inorg\u00e1nica 6,0%, Calcio 0,9%, F\u00f3sforo 0,7%, Sodio 0,4%, Humedad 8,0%.<\/li>\n<li>Aditivos nutricionales: Vitamina A 33600 IU, Vitamina D3 1800 IU, Vitamina E 830 mg, Vitamina C (Sal de sodio y calcio del monosfosfato asc\u00f3rbico) 500 mg, Biotina 0,03 mg, Taurina 1350 Mg, Fumarato ferroso 150 mg (Fe: 49 mg), Sulfato f\u00e9rrico monohidratado 261 mg (Fe: 85 mg), Yoduro de potasio 1,9 mg (I: 1,4 mg), Sulfato de cobre pentahidratado 33 mg (Cu: 8,7 mg), Sulfato manganoso monohidratado 123 mg (Mn: 40 mg), Sulfato de zinc monohidratado 514 mg (Zn: 187 mg), Selenito s\u00f3dico 0,24 mg (Se: 0,1 mg). Con antioxidantes.<\/li>\n<li>Energ\u00eda metabolizable: 4160 kcal\/kg<\/li>\n<\/ul>\n<p><strong>Dosificaci\u00f3n<\/strong>:<\/p>\n<table class=\"TAtable\" border=\"1\" cellspacing=\"1\" cellpadding=\"1\">\n<thead>\n<tr>\n<th scope=\"col\">Peso<\/th>\n<th scope=\"col\">Cantidad diaria recomendada<\/th>\n<\/tr>\n<\/thead>\n<tbody>\n<tr>\n<td>1 &#8211; 3 kg<\/td>\n<td>15 &#8211; 35 g<\/td>\n<\/tr>\n<tr>\n<td>3 &#8211; 5 kg<\/td>\n<td>35 &#8211; 55 g<\/td>\n<\/tr>\n<tr>\n<td>5 &#8211; 7 kg<\/td>\n<td>55 &#8211; 75 g<\/td>\n<\/tr>\n<\/tbody>\n<\/table>\n<p><strong>Formato<\/strong>:<\/p>\n<ul>\n<li>1,5 kg<\/li>\n<\/ul>","protected":false},"excerpt":{"rendered":"<p>Pienso para gatos mayores y esterilizados Advance Sterilized 10 a\u00f1os Advance Sterilized 10 a\u00f1os es un pienso para gatos que\u00a0ayuda a prevenir la obesidad, a disminuir el riesgo de fallo&hellip;<\/p>","protected":false},"featured_media":26507,"comment_status":"open","ping_status":"closed","template":"","meta":[],"product_cat":[270],"product_tag":[],"class_list":["post-26506","product","type-product","status-publish","has-post-thumbnail","hentry","product_cat-alimetacion-gatos"],"yoast_head":"<!-- This site is optimized with the Yoast SEO plugin v21.6 - https:\/\/yoast.com\/wordpress\/plugins\/seo\/ -->\n<title>Advance Sterilized Senior - Cien Mil Hijos<\/title>\n<meta name=\"robots\" content=\"index, follow, max-snippet:-1, max-image-preview:large, max-video-preview:-1\" \/>\n<link rel=\"canonical\" href=\"https:\/\/cienmilhijos.es\/en\/product\/advance-sterilized-senior\/\" \/>\n<meta property=\"og:locale\" content=\"en_GB\" \/>\n<meta property=\"og:type\" content=\"article\" \/>\n<meta property=\"og:title\" content=\"Advance Sterilized Senior - Cien Mil Hijos\" \/>\n<meta property=\"og:description\" content=\"Pienso para gatos mayores y esterilizados Advance Sterilized 10 a\u00f1os Advance Sterilized 10 a\u00f1os es un pienso para gatos que\u00a0ayuda a prevenir la obesidad, a disminuir el riesgo de fallo&hellip;\" \/>\n<meta property=\"og:url\" content=\"https:\/\/cienmilhijos.es\/en\/product\/advance-sterilized-senior\/\" \/>\n<meta property=\"og:site_name\" content=\"Cien Mil Hijos\" \/>\n<meta property=\"article:publisher\" content=\"https:\/\/www.facebook.com\/cienmilhijosanimales\/?locale=es_ES\" \/>\n<meta property=\"article:modified_time\" content=\"2023-12-12T18:28:11+00:00\" \/>\n<meta property=\"og:image\" content=\"https:\/\/cienmilhijos.es\/wp-content\/uploads\/2023\/12\/comida_gatos_advance_affinity_senior_10_sterilized_ADV500678_M.webp\" \/>\n\t<meta property=\"og:image:width\" content=\"780\" \/>\n\t<meta property=\"og:image:height\" content=\"780\" \/>\n\t<meta property=\"og:image:type\" content=\"image\/webp\" \/>\n<meta name=\"twitter:card\" content=\"summary_large_image\" \/>\n<meta name=\"twitter:label1\" content=\"Estimated reading time\" \/>\n\t<meta name=\"twitter:data1\" content=\"3 minutes\" \/>\n<script type=\"application\/ld+json\" class=\"yoast-schema-graph\">{\"@context\":\"https:\/\/schema.org\",\"@graph\":[{\"@type\":\"WebPage\",\"@id\":\"https:\/\/cienmilhijos.es\/product\/advance-sterilized-senior\/\",\"url\":\"https:\/\/cienmilhijos.es\/product\/advance-sterilized-senior\/\",\"name\":\"Advance Sterilized Senior - Cien Mil Hijos\",\"isPartOf\":{\"@id\":\"https:\/\/cienmilhijos.es\/#website\"},\"datePublished\":\"2023-12-12T18:23:05+00:00\",\"dateModified\":\"2023-12-12T18:28:11+00:00\",\"breadcrumb\":{\"@id\":\"https:\/\/cienmilhijos.es\/product\/advance-sterilized-senior\/#breadcrumb\"},\"inLanguage\":\"en-GB\",\"potentialAction\":[{\"@type\":\"ReadAction\",\"target\":[\"https:\/\/cienmilhijos.es\/product\/advance-sterilized-senior\/\"]}]},{\"@type\":\"BreadcrumbList\",\"@id\":\"https:\/\/cienmilhijos.es\/product\/advance-sterilized-senior\/#breadcrumb\",\"itemListElement\":[{\"@type\":\"ListItem\",\"position\":1,\"name\":\"Portada\",\"item\":\"https:\/\/cienmilhijos.es\/\"},{\"@type\":\"ListItem\",\"position\":2,\"name\":\"Tienda\",\"item\":\"https:\/\/cienmilhijos.es\/tienda\/\"},{\"@type\":\"ListItem\",\"position\":3,\"name\":\"Advance Sterilized Senior\"}]},{\"@type\":\"WebSite\",\"@id\":\"https:\/\/cienmilhijos.es\/#website\",\"url\":\"https:\/\/cienmilhijos.es\/\",\"name\":\"Cien Mil Hijos\",\"description\":\"Cuidado de animales &amp; tienda de mascotas\",\"publisher\":{\"@id\":\"https:\/\/cienmilhijos.es\/#organization\"},\"potentialAction\":[{\"@type\":\"SearchAction\",\"target\":{\"@type\":\"EntryPoint\",\"urlTemplate\":\"https:\/\/cienmilhijos.es\/?s={search_term_string}\"},\"query-input\":\"required name=search_term_string\"}],\"inLanguage\":\"en-GB\"},{\"@type\":\"Organization\",\"@id\":\"https:\/\/cienmilhijos.es\/#organization\",\"name\":\"Cien Mil Hijos\",\"url\":\"https:\/\/cienmilhijos.es\/\",\"logo\":{\"@type\":\"ImageObject\",\"inLanguage\":\"en-GB\",\"@id\":\"https:\/\/cienmilhijos.es\/#\/schema\/logo\/image\/\",\"url\":\"https:\/\/cienmilhijos.es\/wp-content\/uploads\/2023\/12\/logo2.png\",\"contentUrl\":\"https:\/\/cienmilhijos.es\/wp-content\/uploads\/2023\/12\/logo2.png\",\"width\":1150,\"height\":127,\"caption\":\"Cien Mil Hijos\"},\"image\":{\"@id\":\"https:\/\/cienmilhijos.es\/#\/schema\/logo\/image\/\"},\"sameAs\":[\"https:\/\/www.facebook.com\/cienmilhijosanimales\/?locale=es_ES\"]}]}<\/script>\n<!-- \/ Yoast SEO plugin. -->","yoast_head_json":{"title":"Advance Sterilized Senior - Cien Mil Hijos","robots":{"index":"index","follow":"follow","max-snippet":"max-snippet:-1","max-image-preview":"max-image-preview:large","max-video-preview":"max-video-preview:-1"},"canonical":"https:\/\/cienmilhijos.es\/en\/product\/advance-sterilized-senior\/","og_locale":"en_GB","og_type":"article","og_title":"Advance Sterilized Senior - Cien Mil Hijos","og_description":"Pienso para gatos mayores y esterilizados Advance Sterilized 10 a\u00f1os Advance Sterilized 10 a\u00f1os es un pienso para gatos que\u00a0ayuda a prevenir la obesidad, a disminuir el riesgo de fallo&hellip;","og_url":"https:\/\/cienmilhijos.es\/en\/product\/advance-sterilized-senior\/","og_site_name":"Cien Mil Hijos","article_publisher":"https:\/\/www.facebook.com\/cienmilhijosanimales\/?locale=es_ES","article_modified_time":"2023-12-12T18:28:11+00:00","og_image":[{"width":780,"height":780,"url":"https:\/\/cienmilhijos.es\/wp-content\/uploads\/2023\/12\/comida_gatos_advance_affinity_senior_10_sterilized_ADV500678_M.webp","type":"image\/webp"}],"twitter_card":"summary_large_image","twitter_misc":{"Estimated reading time":"3 minutes"},"schema":{"@context":"https:\/\/schema.org","@graph":[{"@type":"WebPage","@id":"https:\/\/cienmilhijos.es\/product\/advance-sterilized-senior\/","url":"https:\/\/cienmilhijos.es\/product\/advance-sterilized-senior\/","name":"Advance Sterilized Senior - Cien Mil Hijos","isPartOf":{"@id":"https:\/\/cienmilhijos.es\/#website"},"datePublished":"2023-12-12T18:23:05+00:00","dateModified":"2023-12-12T18:28:11+00:00","breadcrumb":{"@id":"https:\/\/cienmilhijos.es\/product\/advance-sterilized-senior\/#breadcrumb"},"inLanguage":"en-GB","potentialAction":[{"@type":"ReadAction","target":["https:\/\/cienmilhijos.es\/product\/advance-sterilized-senior\/"]}]},{"@type":"BreadcrumbList","@id":"https:\/\/cienmilhijos.es\/product\/advance-sterilized-senior\/#breadcrumb","itemListElement":[{"@type":"ListItem","position":1,"name":"Portada","item":"https:\/\/cienmilhijos.es\/"},{"@type":"ListItem","position":2,"name":"Tienda","item":"https:\/\/cienmilhijos.es\/tienda\/"},{"@type":"ListItem","position":3,"name":"Advance Sterilized Senior"}]},{"@type":"WebSite","@id":"https:\/\/cienmilhijos.es\/#website","url":"https:\/\/cienmilhijos.es\/","name":"Cien Mil Hijos","description":"Cuidado de animales &amp; tienda de mascotas","publisher":{"@id":"https:\/\/cienmilhijos.es\/#organization"},"potentialAction":[{"@type":"SearchAction","target":{"@type":"EntryPoint","urlTemplate":"https:\/\/cienmilhijos.es\/?s={search_term_string}"},"query-input":"required name=search_term_string"}],"inLanguage":"en-GB"},{"@type":"Organization","@id":"https:\/\/cienmilhijos.es\/#organization","name":"Cien Mil Hijos","url":"https:\/\/cienmilhijos.es\/","logo":{"@type":"ImageObject","inLanguage":"en-GB","@id":"https:\/\/cienmilhijos.es\/#\/schema\/logo\/image\/","url":"https:\/\/cienmilhijos.es\/wp-content\/uploads\/2023\/12\/logo2.png","contentUrl":"https:\/\/cienmilhijos.es\/wp-content\/uploads\/2023\/12\/logo2.png","width":1150,"height":127,"caption":"Cien Mil Hijos"},"image":{"@id":"https:\/\/cienmilhijos.es\/#\/schema\/logo\/image\/"},"sameAs":["https:\/\/www.facebook.com\/cienmilhijosanimales\/?locale=es_ES"]}]}},"_links":{"self":[{"href":"https:\/\/cienmilhijos.es\/en\/wp-json\/wp\/v2\/product\/26506","targetHints":{"allow":["GET"]}}],"collection":[{"href":"https:\/\/cienmilhijos.es\/en\/wp-json\/wp\/v2\/product"}],"about":[{"href":"https:\/\/cienmilhijos.es\/en\/wp-json\/wp\/v2\/types\/product"}],"replies":[{"embeddable":true,"href":"https:\/\/cienmilhijos.es\/en\/wp-json\/wp\/v2\/comments?post=26506"}],"wp:featuredmedia":[{"embeddable":true,"href":"https:\/\/cienmilhijos.es\/en\/wp-json\/wp\/v2\/media\/26507"}],"wp:attachment":[{"href":"https:\/\/cienmilhijos.es\/en\/wp-json\/wp\/v2\/media?parent=26506"}],"wp:term":[{"taxonomy":"product_cat","embeddable":true,"href":"https:\/\/cienmilhijos.es\/en\/wp-json\/wp\/v2\/product_cat?post=26506"},{"taxonomy":"product_tag","embeddable":true,"href":"https:\/\/cienmilhijos.es\/en\/wp-json\/wp\/v2\/product_tag?post=26506"}],"curies":[{"name":"wp","href":"https:\/\/api.w.org\/{rel}","templated":true}]}}