{"id":26502,"date":"2023-12-12T18:18:10","date_gmt":"2023-12-12T18:18:10","guid":{"rendered":"https:\/\/cienmilhijos.es\/?post_type=product&#038;p=26502"},"modified":"2023-12-13T09:00:36","modified_gmt":"2023-12-13T09:00:36","slug":"advance-adult-mini","status":"publish","type":"product","link":"https:\/\/cienmilhijos.es\/en\/product\/advance-adult-mini\/","title":{"rendered":"Advance Adult Mini"},"content":{"rendered":"<h2>Pienso Advance especialmente ideado para perros adultos de raza peque\u00f1a<\/h2>\n<p><strong>El pienso Advance Mini Adult<\/strong>\u00a0es de alta gama y est\u00e1 formulado para perros adultos de raza peque\u00f1a (de hasta 10 kg. de peso adulto), ya que es un alimento que se adapta a sus mand\u00edbulas y dientes. Est\u00e1 elaborado con ingredientes seleccionados para que tu mascota goce de una\u00a0<strong>vida sana y feliz<\/strong>.<\/p>\n<p>Las razas peque\u00f1as suelen tener una gran actividad y su frecuencia cardiaca es mayor a la de las razas grandes. Este alimento incorpora un\u00a0<strong>alto contenido en prote\u00ednas<\/strong>\u00a0y grasas para cubrir el mayor aporte energ\u00e9tico que precisan por cada kilo de peso. Tambi\u00e9n ayuda a\u00a0<strong>desarrollar la masa muscular<\/strong>\u00a0y a mantener un cuerpo atl\u00e9tico.<\/p>\n<p>&nbsp;<\/p>\n<p>El pienso Advance Mini se presenta en forma de croquetas peque\u00f1as\u00a0<strong>adaptadas a las mand\u00edbulas y los dientes<\/strong>\u00a0de los animales de menor tama\u00f1o. Como todos los productos Advance, este se elabora sin conservantes ni colorantes, y la carne utilizada es siempre fresca. Sus principales ingredientes, pollo y arroz, son una excelente fuente de prote\u00ednas e hidratos de carbono\u00a0<strong>f\u00e1cilmente digeribles<\/strong>.<\/p>\n<p>Entre los elementos de su composici\u00f3n se incluye la taurina, un amino\u00e1cido que contribuye al buen funcionamiento del coraz\u00f3n; tambi\u00e9n incorpora polifenoles naturales los cuales, junto con las vitaminas,\u00a0<strong>retrasan el envejecimiento celular<\/strong>; y minerales especiales que ayudan a\u00a0<strong>prevenir la formaci\u00f3n de sarro y favorecen el buen aliento<\/strong>\u00a0de tu mascota.<\/p>","protected":false},"excerpt":{"rendered":"<p>Pienso Advance especialmente ideado para perros adultos de raza peque\u00f1a El pienso Advance Mini Adult\u00a0es de alta gama y est\u00e1 formulado para perros adultos de raza peque\u00f1a (de hasta 10&hellip;<\/p>","protected":false},"featured_media":26503,"comment_status":"open","ping_status":"closed","template":"","meta":[],"product_cat":[269],"product_tag":[],"class_list":["post-26502","product","type-product","status-publish","has-post-thumbnail","hentry","product_cat-alimentacion-perros"],"yoast_head":"<!-- This site is optimized with the Yoast SEO plugin v21.6 - https:\/\/yoast.com\/wordpress\/plugins\/seo\/ -->\n<title>Advance Adult Mini - Cien Mil Hijos<\/title>\n<meta name=\"robots\" content=\"index, follow, max-snippet:-1, max-image-preview:large, max-video-preview:-1\" \/>\n<link rel=\"canonical\" href=\"https:\/\/cienmilhijos.es\/en\/product\/advance-adult-mini\/\" \/>\n<meta property=\"og:locale\" content=\"en_GB\" \/>\n<meta property=\"og:type\" content=\"article\" \/>\n<meta property=\"og:title\" content=\"Advance Adult Mini - Cien Mil Hijos\" \/>\n<meta property=\"og:description\" content=\"Pienso Advance especialmente ideado para perros adultos de raza peque\u00f1a El pienso Advance Mini Adult\u00a0es de alta gama y est\u00e1 formulado para perros adultos de raza peque\u00f1a (de hasta 10&hellip;\" \/>\n<meta property=\"og:url\" content=\"https:\/\/cienmilhijos.es\/en\/product\/advance-adult-mini\/\" \/>\n<meta property=\"og:site_name\" content=\"Cien Mil Hijos\" \/>\n<meta property=\"article:publisher\" content=\"https:\/\/www.facebook.com\/cienmilhijosanimales\/?locale=es_ES\" \/>\n<meta property=\"article:modified_time\" content=\"2023-12-13T09:00:36+00:00\" \/>\n<meta property=\"og:image\" content=\"https:\/\/cienmilhijos.es\/wp-content\/uploads\/2023\/12\/pienso_perros_affinity_advance_adult_mini_3kg_ADV502110_M.webp\" \/>\n\t<meta property=\"og:image:width\" content=\"780\" \/>\n\t<meta property=\"og:image:height\" content=\"780\" \/>\n\t<meta property=\"og:image:type\" content=\"image\/webp\" \/>\n<meta name=\"twitter:card\" content=\"summary_large_image\" \/>\n<meta name=\"twitter:label1\" content=\"Estimated reading time\" \/>\n\t<meta name=\"twitter:data1\" content=\"2 minutes\" \/>\n<script type=\"application\/ld+json\" class=\"yoast-schema-graph\">{\"@context\":\"https:\/\/schema.org\",\"@graph\":[{\"@type\":\"WebPage\",\"@id\":\"https:\/\/cienmilhijos.es\/product\/advance-adult-mini\/\",\"url\":\"https:\/\/cienmilhijos.es\/product\/advance-adult-mini\/\",\"name\":\"Advance Adult Mini - Cien Mil Hijos\",\"isPartOf\":{\"@id\":\"https:\/\/cienmilhijos.es\/#website\"},\"datePublished\":\"2023-12-12T18:18:10+00:00\",\"dateModified\":\"2023-12-13T09:00:36+00:00\",\"breadcrumb\":{\"@id\":\"https:\/\/cienmilhijos.es\/product\/advance-adult-mini\/#breadcrumb\"},\"inLanguage\":\"en-GB\",\"potentialAction\":[{\"@type\":\"ReadAction\",\"target\":[\"https:\/\/cienmilhijos.es\/product\/advance-adult-mini\/\"]}]},{\"@type\":\"BreadcrumbList\",\"@id\":\"https:\/\/cienmilhijos.es\/product\/advance-adult-mini\/#breadcrumb\",\"itemListElement\":[{\"@type\":\"ListItem\",\"position\":1,\"name\":\"Portada\",\"item\":\"https:\/\/cienmilhijos.es\/\"},{\"@type\":\"ListItem\",\"position\":2,\"name\":\"Tienda\",\"item\":\"https:\/\/cienmilhijos.es\/tienda\/\"},{\"@type\":\"ListItem\",\"position\":3,\"name\":\"Advance Adult Mini\"}]},{\"@type\":\"WebSite\",\"@id\":\"https:\/\/cienmilhijos.es\/#website\",\"url\":\"https:\/\/cienmilhijos.es\/\",\"name\":\"Cien Mil Hijos\",\"description\":\"Cuidado de animales &amp; tienda de mascotas\",\"publisher\":{\"@id\":\"https:\/\/cienmilhijos.es\/#organization\"},\"potentialAction\":[{\"@type\":\"SearchAction\",\"target\":{\"@type\":\"EntryPoint\",\"urlTemplate\":\"https:\/\/cienmilhijos.es\/?s={search_term_string}\"},\"query-input\":\"required name=search_term_string\"}],\"inLanguage\":\"en-GB\"},{\"@type\":\"Organization\",\"@id\":\"https:\/\/cienmilhijos.es\/#organization\",\"name\":\"Cien Mil Hijos\",\"url\":\"https:\/\/cienmilhijos.es\/\",\"logo\":{\"@type\":\"ImageObject\",\"inLanguage\":\"en-GB\",\"@id\":\"https:\/\/cienmilhijos.es\/#\/schema\/logo\/image\/\",\"url\":\"https:\/\/cienmilhijos.es\/wp-content\/uploads\/2023\/12\/logo2.png\",\"contentUrl\":\"https:\/\/cienmilhijos.es\/wp-content\/uploads\/2023\/12\/logo2.png\",\"width\":1150,\"height\":127,\"caption\":\"Cien Mil Hijos\"},\"image\":{\"@id\":\"https:\/\/cienmilhijos.es\/#\/schema\/logo\/image\/\"},\"sameAs\":[\"https:\/\/www.facebook.com\/cienmilhijosanimales\/?locale=es_ES\"]}]}<\/script>\n<!-- \/ Yoast SEO plugin. -->","yoast_head_json":{"title":"Advance Adult Mini - Cien Mil Hijos","robots":{"index":"index","follow":"follow","max-snippet":"max-snippet:-1","max-image-preview":"max-image-preview:large","max-video-preview":"max-video-preview:-1"},"canonical":"https:\/\/cienmilhijos.es\/en\/product\/advance-adult-mini\/","og_locale":"en_GB","og_type":"article","og_title":"Advance Adult Mini - Cien Mil Hijos","og_description":"Pienso Advance especialmente ideado para perros adultos de raza peque\u00f1a El pienso Advance Mini Adult\u00a0es de alta gama y est\u00e1 formulado para perros adultos de raza peque\u00f1a (de hasta 10&hellip;","og_url":"https:\/\/cienmilhijos.es\/en\/product\/advance-adult-mini\/","og_site_name":"Cien Mil Hijos","article_publisher":"https:\/\/www.facebook.com\/cienmilhijosanimales\/?locale=es_ES","article_modified_time":"2023-12-13T09:00:36+00:00","og_image":[{"width":780,"height":780,"url":"https:\/\/cienmilhijos.es\/wp-content\/uploads\/2023\/12\/pienso_perros_affinity_advance_adult_mini_3kg_ADV502110_M.webp","type":"image\/webp"}],"twitter_card":"summary_large_image","twitter_misc":{"Estimated reading time":"2 minutes"},"schema":{"@context":"https:\/\/schema.org","@graph":[{"@type":"WebPage","@id":"https:\/\/cienmilhijos.es\/product\/advance-adult-mini\/","url":"https:\/\/cienmilhijos.es\/product\/advance-adult-mini\/","name":"Advance Adult Mini - Cien Mil Hijos","isPartOf":{"@id":"https:\/\/cienmilhijos.es\/#website"},"datePublished":"2023-12-12T18:18:10+00:00","dateModified":"2023-12-13T09:00:36+00:00","breadcrumb":{"@id":"https:\/\/cienmilhijos.es\/product\/advance-adult-mini\/#breadcrumb"},"inLanguage":"en-GB","potentialAction":[{"@type":"ReadAction","target":["https:\/\/cienmilhijos.es\/product\/advance-adult-mini\/"]}]},{"@type":"BreadcrumbList","@id":"https:\/\/cienmilhijos.es\/product\/advance-adult-mini\/#breadcrumb","itemListElement":[{"@type":"ListItem","position":1,"name":"Portada","item":"https:\/\/cienmilhijos.es\/"},{"@type":"ListItem","position":2,"name":"Tienda","item":"https:\/\/cienmilhijos.es\/tienda\/"},{"@type":"ListItem","position":3,"name":"Advance Adult Mini"}]},{"@type":"WebSite","@id":"https:\/\/cienmilhijos.es\/#website","url":"https:\/\/cienmilhijos.es\/","name":"Cien Mil Hijos","description":"Cuidado de animales &amp; tienda de mascotas","publisher":{"@id":"https:\/\/cienmilhijos.es\/#organization"},"potentialAction":[{"@type":"SearchAction","target":{"@type":"EntryPoint","urlTemplate":"https:\/\/cienmilhijos.es\/?s={search_term_string}"},"query-input":"required name=search_term_string"}],"inLanguage":"en-GB"},{"@type":"Organization","@id":"https:\/\/cienmilhijos.es\/#organization","name":"Cien Mil Hijos","url":"https:\/\/cienmilhijos.es\/","logo":{"@type":"ImageObject","inLanguage":"en-GB","@id":"https:\/\/cienmilhijos.es\/#\/schema\/logo\/image\/","url":"https:\/\/cienmilhijos.es\/wp-content\/uploads\/2023\/12\/logo2.png","contentUrl":"https:\/\/cienmilhijos.es\/wp-content\/uploads\/2023\/12\/logo2.png","width":1150,"height":127,"caption":"Cien Mil Hijos"},"image":{"@id":"https:\/\/cienmilhijos.es\/#\/schema\/logo\/image\/"},"sameAs":["https:\/\/www.facebook.com\/cienmilhijosanimales\/?locale=es_ES"]}]}},"_links":{"self":[{"href":"https:\/\/cienmilhijos.es\/en\/wp-json\/wp\/v2\/product\/26502","targetHints":{"allow":["GET"]}}],"collection":[{"href":"https:\/\/cienmilhijos.es\/en\/wp-json\/wp\/v2\/product"}],"about":[{"href":"https:\/\/cienmilhijos.es\/en\/wp-json\/wp\/v2\/types\/product"}],"replies":[{"embeddable":true,"href":"https:\/\/cienmilhijos.es\/en\/wp-json\/wp\/v2\/comments?post=26502"}],"wp:featuredmedia":[{"embeddable":true,"href":"https:\/\/cienmilhijos.es\/en\/wp-json\/wp\/v2\/media\/26503"}],"wp:attachment":[{"href":"https:\/\/cienmilhijos.es\/en\/wp-json\/wp\/v2\/media?parent=26502"}],"wp:term":[{"taxonomy":"product_cat","embeddable":true,"href":"https:\/\/cienmilhijos.es\/en\/wp-json\/wp\/v2\/product_cat?post=26502"},{"taxonomy":"product_tag","embeddable":true,"href":"https:\/\/cienmilhijos.es\/en\/wp-json\/wp\/v2\/product_tag?post=26502"}],"curies":[{"name":"wp","href":"https:\/\/api.w.org\/{rel}","templated":true}]}}