{"id":26485,"date":"2023-12-12T12:35:17","date_gmt":"2023-12-12T12:35:17","guid":{"rendered":"https:\/\/cienmilhijos.es\/?post_type=product&#038;p=26485"},"modified":"2023-12-20T11:22:42","modified_gmt":"2023-12-20T11:22:42","slug":"libra-de-pollo-para-cachorros","status":"publish","type":"product","link":"https:\/\/cienmilhijos.es\/en\/product\/libra-de-pollo-para-cachorros\/","title":{"rendered":"Libra de Pollo para Cachorros 14k"},"content":{"rendered":"<h2>Alimento para Cachorro Libra Puppy Pollo y Arroz<\/h2>\n<p>&nbsp;<\/p>\n<p>Libra Puppy es un alimento\u00a0<strong>rico en pollo<\/strong>\u00a0formulado especialmente para cubrir las necesidades nutricionales de los Cachorro desde los 2 a los 12 meses de vida y de las hembras gestantes o lactantes<\/p>\n<p>El alimento para cachorro Libra Puppy Pollo y Arroz es perfecto para perros cachorro, ya que est\u00e1 especialmente dise\u00f1ado para cubrir todas las necesidades de los perros que est\u00e1n\u00a0<strong>comenzando a cambiar su alimentaci\u00f3n<\/strong>.<\/p>\n<p>La receta del pienso para perros cachorro de Libra no s\u00f3lo\u00a0<strong>cubre a la perfecci\u00f3n todas las necesidades de tu mascota<\/strong>, sino que se preocupa por aquellos ingredientes que consiguen que tu\u00a0<strong>cachorro crezca con la mayor energ\u00eda posible.<\/strong>\u00a0Para ello, la composici\u00f3n del alimento para cachorro Libra Puppy Pollo y Arroz contiene un 30% de prote\u00edna, suficiente para que tu perro cuente con toda la energ\u00eda necesaria para su actividad diaria sin que ello le lleve al sobrepeso.<\/p>\n<p>Los \u00e1cidos grasos inclu\u00eddos en la receta\u00a0<strong>mejoran en gran medida el pelo y la piel de tu cachorro<\/strong>, haciendo que se vean sanos y fuertes. La receta del pienso para perros cachorro Libra Puppy Pollo y Arroz incluye todas las vitaminas y minerales que proporcionan una buena capacidad cerebral y una mejor visi\u00f3n.<\/p>\n<p><strong>Caracter\u00edsticas:<\/strong><\/p>\n<ul>\n<li>Fomenta un crecimiento sostenido y saludable gracias a su aporte prot\u00e9ico y energ\u00e9tico y a minerales como el Calcio y el F\u00f3sforo.<\/li>\n<li>Alta digestibilidad gracias a las prote\u00ednas de su composici\u00f3n, elegidas especialmente para satisfacer las necesidades nutricionales de los Cachorro.<\/li>\n<li>Gracias a los \u00e1cidos grasos fomenta el desarrollo cognitivo, ayudando a desarrollar el cerebro y la visi\u00f3n.<\/li>\n<li>Sin aromas\u00a0artificales, colorantes ni conservantes.<\/li>\n<\/ul>\n<p><strong>Composici\u00f3n:<\/strong><\/p>\n<p>Cereales (arroz 12 %), carnes y subproductos animales (pollo deshidratado 15 %), aceites y grasas, subproductos de origen vegetal, extractos de prote\u00ednas vegetales, sustancias minerales.<\/p>\n<p><strong>Composici\u00f3n anal\u00edtica:<\/strong><\/p>\n<p>Humedad 7%, Prote\u00edna 29%, Grasa 15%, Fibra bruta 2,2%, Minerales 7,5%, Calcio 1,6%, F\u00f3sforo 1,1%, Sodio 0,3%, Potasio 0,6%, Magnesio 0,11%, Omega 3 0,22%, Omega 6 1,5%.\u00a0Energ\u00eda Metabolizable 3880 kcal\/kg .<\/p>\n<p><strong>Aditivos nutricionales (por kg):<\/strong><\/p>\n<p>Vitamina A 21000 UI, Vitamina D3 1400 UI, Vitamina E 75 mg, Hierro 78 mg, Yodo 1,31 mg, Cobre 8 mg, Manganeso 36,5 mg, Zinc 80 mg, Selenio 0,1 mg.<\/p>","protected":false},"excerpt":{"rendered":"<p>Alimento para Cachorro Libra Puppy Pollo y Arroz &nbsp; Libra Puppy es un alimento\u00a0rico en pollo\u00a0formulado especialmente para cubrir las necesidades nutricionales de los Cachorro desde los 2 a los&hellip;<\/p>","protected":false},"featured_media":26486,"comment_status":"open","ping_status":"closed","template":"","meta":[],"product_cat":[269],"product_tag":[],"class_list":["post-26485","product","type-product","status-publish","has-post-thumbnail","hentry","product_cat-alimentacion-perros"],"yoast_head":"<!-- This site is optimized with the Yoast SEO plugin v21.6 - https:\/\/yoast.com\/wordpress\/plugins\/seo\/ -->\n<title>Libra de Pollo para Cachorros 14k - Cien Mil Hijos<\/title>\n<meta name=\"robots\" content=\"index, follow, max-snippet:-1, max-image-preview:large, max-video-preview:-1\" \/>\n<link rel=\"canonical\" href=\"https:\/\/cienmilhijos.es\/en\/product\/libra-de-pollo-para-cachorros\/\" \/>\n<meta property=\"og:locale\" content=\"en_GB\" \/>\n<meta property=\"og:type\" content=\"article\" \/>\n<meta property=\"og:title\" content=\"Libra de Pollo para Cachorros 14k - Cien Mil Hijos\" \/>\n<meta property=\"og:description\" content=\"Alimento para Cachorro Libra Puppy Pollo y Arroz &nbsp; Libra Puppy es un alimento\u00a0rico en pollo\u00a0formulado especialmente para cubrir las necesidades nutricionales de los Cachorro desde los 2 a los&hellip;\" \/>\n<meta property=\"og:url\" content=\"https:\/\/cienmilhijos.es\/en\/product\/libra-de-pollo-para-cachorros\/\" \/>\n<meta property=\"og:site_name\" content=\"Cien Mil Hijos\" \/>\n<meta property=\"article:publisher\" content=\"https:\/\/www.facebook.com\/cienmilhijosanimales\/?locale=es_ES\" \/>\n<meta property=\"article:modified_time\" content=\"2023-12-20T11:22:42+00:00\" \/>\n<meta property=\"og:image\" content=\"https:\/\/cienmilhijos.es\/wp-content\/uploads\/2023\/12\/pienso_perros_libra_puppy_cachorro_pollo_arroz_12kg_01_LIB188510.jpg\" \/>\n\t<meta property=\"og:image:width\" content=\"780\" \/>\n\t<meta property=\"og:image:height\" content=\"780\" \/>\n\t<meta property=\"og:image:type\" content=\"image\/jpeg\" \/>\n<meta name=\"twitter:card\" content=\"summary_large_image\" \/>\n<meta name=\"twitter:label1\" content=\"Estimated reading time\" \/>\n\t<meta name=\"twitter:data1\" content=\"2 minutes\" \/>\n<script type=\"application\/ld+json\" class=\"yoast-schema-graph\">{\"@context\":\"https:\/\/schema.org\",\"@graph\":[{\"@type\":\"WebPage\",\"@id\":\"https:\/\/cienmilhijos.es\/product\/libra-de-pollo-para-cachorros\/\",\"url\":\"https:\/\/cienmilhijos.es\/product\/libra-de-pollo-para-cachorros\/\",\"name\":\"Libra de Pollo para Cachorros 14k - Cien Mil Hijos\",\"isPartOf\":{\"@id\":\"https:\/\/cienmilhijos.es\/#website\"},\"datePublished\":\"2023-12-12T12:35:17+00:00\",\"dateModified\":\"2023-12-20T11:22:42+00:00\",\"breadcrumb\":{\"@id\":\"https:\/\/cienmilhijos.es\/product\/libra-de-pollo-para-cachorros\/#breadcrumb\"},\"inLanguage\":\"en-GB\",\"potentialAction\":[{\"@type\":\"ReadAction\",\"target\":[\"https:\/\/cienmilhijos.es\/product\/libra-de-pollo-para-cachorros\/\"]}]},{\"@type\":\"BreadcrumbList\",\"@id\":\"https:\/\/cienmilhijos.es\/product\/libra-de-pollo-para-cachorros\/#breadcrumb\",\"itemListElement\":[{\"@type\":\"ListItem\",\"position\":1,\"name\":\"Portada\",\"item\":\"https:\/\/cienmilhijos.es\/\"},{\"@type\":\"ListItem\",\"position\":2,\"name\":\"Tienda\",\"item\":\"https:\/\/cienmilhijos.es\/tienda\/\"},{\"@type\":\"ListItem\",\"position\":3,\"name\":\"Libra de Pollo para Cachorros 14k\"}]},{\"@type\":\"WebSite\",\"@id\":\"https:\/\/cienmilhijos.es\/#website\",\"url\":\"https:\/\/cienmilhijos.es\/\",\"name\":\"Cien Mil Hijos\",\"description\":\"Cuidado de animales &amp; tienda de mascotas\",\"publisher\":{\"@id\":\"https:\/\/cienmilhijos.es\/#organization\"},\"potentialAction\":[{\"@type\":\"SearchAction\",\"target\":{\"@type\":\"EntryPoint\",\"urlTemplate\":\"https:\/\/cienmilhijos.es\/?s={search_term_string}\"},\"query-input\":\"required name=search_term_string\"}],\"inLanguage\":\"en-GB\"},{\"@type\":\"Organization\",\"@id\":\"https:\/\/cienmilhijos.es\/#organization\",\"name\":\"Cien Mil Hijos\",\"url\":\"https:\/\/cienmilhijos.es\/\",\"logo\":{\"@type\":\"ImageObject\",\"inLanguage\":\"en-GB\",\"@id\":\"https:\/\/cienmilhijos.es\/#\/schema\/logo\/image\/\",\"url\":\"https:\/\/cienmilhijos.es\/wp-content\/uploads\/2023\/12\/logo2.png\",\"contentUrl\":\"https:\/\/cienmilhijos.es\/wp-content\/uploads\/2023\/12\/logo2.png\",\"width\":1150,\"height\":127,\"caption\":\"Cien Mil Hijos\"},\"image\":{\"@id\":\"https:\/\/cienmilhijos.es\/#\/schema\/logo\/image\/\"},\"sameAs\":[\"https:\/\/www.facebook.com\/cienmilhijosanimales\/?locale=es_ES\"]}]}<\/script>\n<!-- \/ Yoast SEO plugin. -->","yoast_head_json":{"title":"Libra de Pollo para Cachorros 14k - Cien Mil Hijos","robots":{"index":"index","follow":"follow","max-snippet":"max-snippet:-1","max-image-preview":"max-image-preview:large","max-video-preview":"max-video-preview:-1"},"canonical":"https:\/\/cienmilhijos.es\/en\/product\/libra-de-pollo-para-cachorros\/","og_locale":"en_GB","og_type":"article","og_title":"Libra de Pollo para Cachorros 14k - Cien Mil Hijos","og_description":"Alimento para Cachorro Libra Puppy Pollo y Arroz &nbsp; Libra Puppy es un alimento\u00a0rico en pollo\u00a0formulado especialmente para cubrir las necesidades nutricionales de los Cachorro desde los 2 a los&hellip;","og_url":"https:\/\/cienmilhijos.es\/en\/product\/libra-de-pollo-para-cachorros\/","og_site_name":"Cien Mil Hijos","article_publisher":"https:\/\/www.facebook.com\/cienmilhijosanimales\/?locale=es_ES","article_modified_time":"2023-12-20T11:22:42+00:00","og_image":[{"width":780,"height":780,"url":"https:\/\/cienmilhijos.es\/wp-content\/uploads\/2023\/12\/pienso_perros_libra_puppy_cachorro_pollo_arroz_12kg_01_LIB188510.jpg","type":"image\/jpeg"}],"twitter_card":"summary_large_image","twitter_misc":{"Estimated reading time":"2 minutes"},"schema":{"@context":"https:\/\/schema.org","@graph":[{"@type":"WebPage","@id":"https:\/\/cienmilhijos.es\/product\/libra-de-pollo-para-cachorros\/","url":"https:\/\/cienmilhijos.es\/product\/libra-de-pollo-para-cachorros\/","name":"Libra de Pollo para Cachorros 14k - Cien Mil Hijos","isPartOf":{"@id":"https:\/\/cienmilhijos.es\/#website"},"datePublished":"2023-12-12T12:35:17+00:00","dateModified":"2023-12-20T11:22:42+00:00","breadcrumb":{"@id":"https:\/\/cienmilhijos.es\/product\/libra-de-pollo-para-cachorros\/#breadcrumb"},"inLanguage":"en-GB","potentialAction":[{"@type":"ReadAction","target":["https:\/\/cienmilhijos.es\/product\/libra-de-pollo-para-cachorros\/"]}]},{"@type":"BreadcrumbList","@id":"https:\/\/cienmilhijos.es\/product\/libra-de-pollo-para-cachorros\/#breadcrumb","itemListElement":[{"@type":"ListItem","position":1,"name":"Portada","item":"https:\/\/cienmilhijos.es\/"},{"@type":"ListItem","position":2,"name":"Tienda","item":"https:\/\/cienmilhijos.es\/tienda\/"},{"@type":"ListItem","position":3,"name":"Libra de Pollo para Cachorros 14k"}]},{"@type":"WebSite","@id":"https:\/\/cienmilhijos.es\/#website","url":"https:\/\/cienmilhijos.es\/","name":"Cien Mil Hijos","description":"Cuidado de animales &amp; tienda de mascotas","publisher":{"@id":"https:\/\/cienmilhijos.es\/#organization"},"potentialAction":[{"@type":"SearchAction","target":{"@type":"EntryPoint","urlTemplate":"https:\/\/cienmilhijos.es\/?s={search_term_string}"},"query-input":"required name=search_term_string"}],"inLanguage":"en-GB"},{"@type":"Organization","@id":"https:\/\/cienmilhijos.es\/#organization","name":"Cien Mil Hijos","url":"https:\/\/cienmilhijos.es\/","logo":{"@type":"ImageObject","inLanguage":"en-GB","@id":"https:\/\/cienmilhijos.es\/#\/schema\/logo\/image\/","url":"https:\/\/cienmilhijos.es\/wp-content\/uploads\/2023\/12\/logo2.png","contentUrl":"https:\/\/cienmilhijos.es\/wp-content\/uploads\/2023\/12\/logo2.png","width":1150,"height":127,"caption":"Cien Mil Hijos"},"image":{"@id":"https:\/\/cienmilhijos.es\/#\/schema\/logo\/image\/"},"sameAs":["https:\/\/www.facebook.com\/cienmilhijosanimales\/?locale=es_ES"]}]}},"_links":{"self":[{"href":"https:\/\/cienmilhijos.es\/en\/wp-json\/wp\/v2\/product\/26485","targetHints":{"allow":["GET"]}}],"collection":[{"href":"https:\/\/cienmilhijos.es\/en\/wp-json\/wp\/v2\/product"}],"about":[{"href":"https:\/\/cienmilhijos.es\/en\/wp-json\/wp\/v2\/types\/product"}],"replies":[{"embeddable":true,"href":"https:\/\/cienmilhijos.es\/en\/wp-json\/wp\/v2\/comments?post=26485"}],"wp:featuredmedia":[{"embeddable":true,"href":"https:\/\/cienmilhijos.es\/en\/wp-json\/wp\/v2\/media\/26486"}],"wp:attachment":[{"href":"https:\/\/cienmilhijos.es\/en\/wp-json\/wp\/v2\/media?parent=26485"}],"wp:term":[{"taxonomy":"product_cat","embeddable":true,"href":"https:\/\/cienmilhijos.es\/en\/wp-json\/wp\/v2\/product_cat?post=26485"},{"taxonomy":"product_tag","embeddable":true,"href":"https:\/\/cienmilhijos.es\/en\/wp-json\/wp\/v2\/product_tag?post=26485"}],"curies":[{"name":"wp","href":"https:\/\/api.w.org\/{rel}","templated":true}]}}