{"id":26471,"date":"2023-12-12T11:20:35","date_gmt":"2023-12-12T11:20:35","guid":{"rendered":"https:\/\/cienmilhijos.es\/?post_type=product&#038;p=26471"},"modified":"2023-12-12T17:00:20","modified_gmt":"2023-12-12T17:00:20","slug":"ownat-frain-free-hipoalergenico-de-pollo","status":"publish","type":"product","link":"https:\/\/cienmilhijos.es\/en\/product\/ownat-frain-free-hipoalergenico-de-pollo\/","title":{"rendered":"Ownat Hipoalergenico Grain Free de Pollo"},"content":{"rendered":"<p><strong>ADULT CHICKEN<\/strong><\/p>\n<p>Destinado a perros de todas las razas en fase adulta, est\u00e1 elaborado con un 20% de carne fresca y muy rico en ingredientes de origen animal, que aportan prote\u00ednas de la m\u00e1xima calidad, un sabor y una apetencia excepcionales y aseguran un mayor aprovechamiento de los nutrientes.<\/p>\n<p><strong>Composici\u00f3n:<\/strong><\/p>\n<p>Carne deshidratada (34%), pollo fresco* (m\u00edn. 20% antes de la extrusi\u00f3n), guisantes enteros*, grasa av\u00edcola (preservada con antioxidantes naturales), ra\u00edces de mandioca*, patata deshidratada*, vaina de algarroba*, prote\u00edna hidrolizada de pollo, pescado deshidratado, levadura de cerveza*, pulpa de remolacha, manzana fresca* (1%), semilla de lino*, algas marinas deshidratadas*, sal gema*, aceite de pescado (preservado con antioxidantes naturales), fructo y manano oligosac\u00e1ridos, alfalfa deshidratada*, glucosamina, condroitina, yucca schidigera, ar\u00e1ndanos*, tomillo*, flor de manzanilla*, hinojo*, equin\u00e1cea*, t\u00e9 verde*.<br \/>\n*Ingredientes naturales.<\/p>\n<p><strong>Componentes anal\u00edticos:<\/strong><\/p>\n<p>Prote\u00edna: 40%, contenido en grasa: 20%, fibras brutas: 3%, materia inorg\u00e1nica: 9%, humedad: 8%, Omega 6: 3%, Omega 3: 0,5%, calcio: 1,5%, f\u00f3sforo: 1%.<\/p>\n<p><strong>ADITIVOS\/KG: Aditivos nutricionales:<\/strong><\/p>\n<p>Vitamina A 22.000 UI, Vitamina D3 1.500 UI, Vitamina E 350 UI, Vitamina C 100 mg, Taurina 1.100 mg, L-carnitina 200 mg, Cobre (Sulfato de cobre pentahidratado) 5 mg, Cobre (Quelato de cobre de amino\u00e1cidos hidratado) 5 mg, Manganeso (\u00d3xido manganoso) 50 mg, Zinc (\u00d3xido de zinc) 100 mg, Hierro (Sulfato ferroso, monohidratado) 50 mg, Zinc (Quelato de Zinc de amino\u00e1cidos hidratado) 10 mg, Iodo (Ioduro pot\u00e1sico) 4 mg, Selenio (selenito s\u00f3dico) 0,3 mg. Con antioxidantes naturales.<\/p>\n<p><strong>Instrucciones<\/strong><\/p>\n<p>Las cantidades que se indican son raciones diarias recomendadas. Conservar en un lugar fresco y seco. Dejar siempre agua limpia y fresca al alcance del perro. Caducidad: 18 meses.<\/p>\n<p><strong>Formatos<\/strong><\/p>\n<p>3-14 Kg<\/p>","protected":false},"excerpt":{"rendered":"<p>ADULT CHICKEN Destinado a perros de todas las razas en fase adulta, est\u00e1 elaborado con un 20% de carne fresca y muy rico en ingredientes de origen animal, que aportan&hellip;<\/p>","protected":false},"featured_media":26472,"comment_status":"open","ping_status":"closed","template":"","meta":[],"product_cat":[269],"product_tag":[],"class_list":["post-26471","product","type-product","status-publish","has-post-thumbnail","hentry","product_cat-alimentacion-perros"],"yoast_head":"<!-- This site is optimized with the Yoast SEO plugin v21.6 - https:\/\/yoast.com\/wordpress\/plugins\/seo\/ -->\n<title>Ownat Hipoalergenico Grain Free de Pollo - Cien Mil Hijos<\/title>\n<meta name=\"robots\" content=\"index, follow, max-snippet:-1, max-image-preview:large, max-video-preview:-1\" \/>\n<link rel=\"canonical\" href=\"https:\/\/cienmilhijos.es\/en\/product\/ownat-frain-free-hipoalergenico-de-pollo\/\" \/>\n<meta property=\"og:locale\" content=\"en_GB\" \/>\n<meta property=\"og:type\" content=\"article\" \/>\n<meta property=\"og:title\" content=\"Ownat Hipoalergenico Grain Free de Pollo - Cien Mil Hijos\" \/>\n<meta property=\"og:description\" content=\"ADULT CHICKEN Destinado a perros de todas las razas en fase adulta, est\u00e1 elaborado con un 20% de carne fresca y muy rico en ingredientes de origen animal, que aportan&hellip;\" \/>\n<meta property=\"og:url\" content=\"https:\/\/cienmilhijos.es\/en\/product\/ownat-frain-free-hipoalergenico-de-pollo\/\" \/>\n<meta property=\"og:site_name\" content=\"Cien Mil Hijos\" \/>\n<meta property=\"article:publisher\" content=\"https:\/\/www.facebook.com\/cienmilhijosanimales\/?locale=es_ES\" \/>\n<meta property=\"article:modified_time\" content=\"2023-12-12T17:00:20+00:00\" \/>\n<meta property=\"og:image\" content=\"https:\/\/cienmilhijos.es\/wp-content\/uploads\/2023\/12\/descarga-2-1.jpg\" \/>\n\t<meta property=\"og:image:width\" content=\"197\" \/>\n\t<meta property=\"og:image:height\" content=\"255\" \/>\n\t<meta property=\"og:image:type\" content=\"image\/jpeg\" \/>\n<meta name=\"twitter:card\" content=\"summary_large_image\" \/>\n<meta name=\"twitter:label1\" content=\"Estimated reading time\" \/>\n\t<meta name=\"twitter:data1\" content=\"2 minutes\" \/>\n<script type=\"application\/ld+json\" class=\"yoast-schema-graph\">{\"@context\":\"https:\/\/schema.org\",\"@graph\":[{\"@type\":\"WebPage\",\"@id\":\"https:\/\/cienmilhijos.es\/product\/ownat-frain-free-hipoalergenico-de-pollo\/\",\"url\":\"https:\/\/cienmilhijos.es\/product\/ownat-frain-free-hipoalergenico-de-pollo\/\",\"name\":\"Ownat Hipoalergenico Grain Free de Pollo - Cien Mil Hijos\",\"isPartOf\":{\"@id\":\"https:\/\/cienmilhijos.es\/#website\"},\"datePublished\":\"2023-12-12T11:20:35+00:00\",\"dateModified\":\"2023-12-12T17:00:20+00:00\",\"breadcrumb\":{\"@id\":\"https:\/\/cienmilhijos.es\/product\/ownat-frain-free-hipoalergenico-de-pollo\/#breadcrumb\"},\"inLanguage\":\"en-GB\",\"potentialAction\":[{\"@type\":\"ReadAction\",\"target\":[\"https:\/\/cienmilhijos.es\/product\/ownat-frain-free-hipoalergenico-de-pollo\/\"]}]},{\"@type\":\"BreadcrumbList\",\"@id\":\"https:\/\/cienmilhijos.es\/product\/ownat-frain-free-hipoalergenico-de-pollo\/#breadcrumb\",\"itemListElement\":[{\"@type\":\"ListItem\",\"position\":1,\"name\":\"Portada\",\"item\":\"https:\/\/cienmilhijos.es\/\"},{\"@type\":\"ListItem\",\"position\":2,\"name\":\"Tienda\",\"item\":\"https:\/\/cienmilhijos.es\/tienda\/\"},{\"@type\":\"ListItem\",\"position\":3,\"name\":\"Ownat Hipoalergenico Grain Free de Pollo\"}]},{\"@type\":\"WebSite\",\"@id\":\"https:\/\/cienmilhijos.es\/#website\",\"url\":\"https:\/\/cienmilhijos.es\/\",\"name\":\"Cien Mil Hijos\",\"description\":\"Cuidado de animales &amp; tienda de mascotas\",\"publisher\":{\"@id\":\"https:\/\/cienmilhijos.es\/#organization\"},\"potentialAction\":[{\"@type\":\"SearchAction\",\"target\":{\"@type\":\"EntryPoint\",\"urlTemplate\":\"https:\/\/cienmilhijos.es\/?s={search_term_string}\"},\"query-input\":\"required name=search_term_string\"}],\"inLanguage\":\"en-GB\"},{\"@type\":\"Organization\",\"@id\":\"https:\/\/cienmilhijos.es\/#organization\",\"name\":\"Cien Mil Hijos\",\"url\":\"https:\/\/cienmilhijos.es\/\",\"logo\":{\"@type\":\"ImageObject\",\"inLanguage\":\"en-GB\",\"@id\":\"https:\/\/cienmilhijos.es\/#\/schema\/logo\/image\/\",\"url\":\"https:\/\/cienmilhijos.es\/wp-content\/uploads\/2023\/12\/logo2.png\",\"contentUrl\":\"https:\/\/cienmilhijos.es\/wp-content\/uploads\/2023\/12\/logo2.png\",\"width\":1150,\"height\":127,\"caption\":\"Cien Mil Hijos\"},\"image\":{\"@id\":\"https:\/\/cienmilhijos.es\/#\/schema\/logo\/image\/\"},\"sameAs\":[\"https:\/\/www.facebook.com\/cienmilhijosanimales\/?locale=es_ES\"]}]}<\/script>\n<!-- \/ Yoast SEO plugin. -->","yoast_head_json":{"title":"Ownat Hipoalergenico Grain Free de Pollo - Cien Mil Hijos","robots":{"index":"index","follow":"follow","max-snippet":"max-snippet:-1","max-image-preview":"max-image-preview:large","max-video-preview":"max-video-preview:-1"},"canonical":"https:\/\/cienmilhijos.es\/en\/product\/ownat-frain-free-hipoalergenico-de-pollo\/","og_locale":"en_GB","og_type":"article","og_title":"Ownat Hipoalergenico Grain Free de Pollo - Cien Mil Hijos","og_description":"ADULT CHICKEN Destinado a perros de todas las razas en fase adulta, est\u00e1 elaborado con un 20% de carne fresca y muy rico en ingredientes de origen animal, que aportan&hellip;","og_url":"https:\/\/cienmilhijos.es\/en\/product\/ownat-frain-free-hipoalergenico-de-pollo\/","og_site_name":"Cien Mil Hijos","article_publisher":"https:\/\/www.facebook.com\/cienmilhijosanimales\/?locale=es_ES","article_modified_time":"2023-12-12T17:00:20+00:00","og_image":[{"width":197,"height":255,"url":"https:\/\/cienmilhijos.es\/wp-content\/uploads\/2023\/12\/descarga-2-1.jpg","type":"image\/jpeg"}],"twitter_card":"summary_large_image","twitter_misc":{"Estimated reading time":"2 minutes"},"schema":{"@context":"https:\/\/schema.org","@graph":[{"@type":"WebPage","@id":"https:\/\/cienmilhijos.es\/product\/ownat-frain-free-hipoalergenico-de-pollo\/","url":"https:\/\/cienmilhijos.es\/product\/ownat-frain-free-hipoalergenico-de-pollo\/","name":"Ownat Hipoalergenico Grain Free de Pollo - Cien Mil Hijos","isPartOf":{"@id":"https:\/\/cienmilhijos.es\/#website"},"datePublished":"2023-12-12T11:20:35+00:00","dateModified":"2023-12-12T17:00:20+00:00","breadcrumb":{"@id":"https:\/\/cienmilhijos.es\/product\/ownat-frain-free-hipoalergenico-de-pollo\/#breadcrumb"},"inLanguage":"en-GB","potentialAction":[{"@type":"ReadAction","target":["https:\/\/cienmilhijos.es\/product\/ownat-frain-free-hipoalergenico-de-pollo\/"]}]},{"@type":"BreadcrumbList","@id":"https:\/\/cienmilhijos.es\/product\/ownat-frain-free-hipoalergenico-de-pollo\/#breadcrumb","itemListElement":[{"@type":"ListItem","position":1,"name":"Portada","item":"https:\/\/cienmilhijos.es\/"},{"@type":"ListItem","position":2,"name":"Tienda","item":"https:\/\/cienmilhijos.es\/tienda\/"},{"@type":"ListItem","position":3,"name":"Ownat Hipoalergenico Grain Free de Pollo"}]},{"@type":"WebSite","@id":"https:\/\/cienmilhijos.es\/#website","url":"https:\/\/cienmilhijos.es\/","name":"Cien Mil Hijos","description":"Cuidado de animales &amp; tienda de mascotas","publisher":{"@id":"https:\/\/cienmilhijos.es\/#organization"},"potentialAction":[{"@type":"SearchAction","target":{"@type":"EntryPoint","urlTemplate":"https:\/\/cienmilhijos.es\/?s={search_term_string}"},"query-input":"required name=search_term_string"}],"inLanguage":"en-GB"},{"@type":"Organization","@id":"https:\/\/cienmilhijos.es\/#organization","name":"Cien Mil Hijos","url":"https:\/\/cienmilhijos.es\/","logo":{"@type":"ImageObject","inLanguage":"en-GB","@id":"https:\/\/cienmilhijos.es\/#\/schema\/logo\/image\/","url":"https:\/\/cienmilhijos.es\/wp-content\/uploads\/2023\/12\/logo2.png","contentUrl":"https:\/\/cienmilhijos.es\/wp-content\/uploads\/2023\/12\/logo2.png","width":1150,"height":127,"caption":"Cien Mil Hijos"},"image":{"@id":"https:\/\/cienmilhijos.es\/#\/schema\/logo\/image\/"},"sameAs":["https:\/\/www.facebook.com\/cienmilhijosanimales\/?locale=es_ES"]}]}},"_links":{"self":[{"href":"https:\/\/cienmilhijos.es\/en\/wp-json\/wp\/v2\/product\/26471","targetHints":{"allow":["GET"]}}],"collection":[{"href":"https:\/\/cienmilhijos.es\/en\/wp-json\/wp\/v2\/product"}],"about":[{"href":"https:\/\/cienmilhijos.es\/en\/wp-json\/wp\/v2\/types\/product"}],"replies":[{"embeddable":true,"href":"https:\/\/cienmilhijos.es\/en\/wp-json\/wp\/v2\/comments?post=26471"}],"wp:featuredmedia":[{"embeddable":true,"href":"https:\/\/cienmilhijos.es\/en\/wp-json\/wp\/v2\/media\/26472"}],"wp:attachment":[{"href":"https:\/\/cienmilhijos.es\/en\/wp-json\/wp\/v2\/media?parent=26471"}],"wp:term":[{"taxonomy":"product_cat","embeddable":true,"href":"https:\/\/cienmilhijos.es\/en\/wp-json\/wp\/v2\/product_cat?post=26471"},{"taxonomy":"product_tag","embeddable":true,"href":"https:\/\/cienmilhijos.es\/en\/wp-json\/wp\/v2\/product_tag?post=26471"}],"curies":[{"name":"wp","href":"https:\/\/api.w.org\/{rel}","templated":true}]}}