{"id":26455,"date":"2023-12-12T09:21:13","date_gmt":"2023-12-12T09:21:13","guid":{"rendered":"https:\/\/cienmilhijos.es\/?post_type=product&#038;p=26455"},"modified":"2023-12-12T09:22:40","modified_gmt":"2023-12-12T09:22:40","slug":"pienso-conejitos-bebes-cunipic-800gr","status":"publish","type":"product","link":"https:\/\/cienmilhijos.es\/en\/product\/pienso-conejitos-bebes-cunipic-800gr\/","title":{"rendered":"Pienso Conejitos Bebes Cunipic 800gr"},"content":{"rendered":"<p><strong>Alimentaci\u00f3n S\u00faper Premium para Conejos baby Cunipic\u00a0<\/strong>es un alimento completo y equilibrado especialmente creado\u00a0<strong>para conejos\u00a0<\/strong>baby<strong>\u00a0hasta los 6 meses de edad<\/strong>\u00a0y cualquier estado fisiol\u00f3gico. Este alimento se presenta en forma de barritas de 3 mm para adaptarse al peque\u00f1o tama\u00f1o de las bocas de los conejos baby.\u00a0Es un pienso que est\u00e1 especialmente formulado para cuidar el sistema digestivo inmaduro de los peque\u00f1os conejos,\u00a0tan sensible a situaciones estresantes como el destete o la llegada a un nuevo hogar.<\/p>\n<p>Alimentaci\u00f3n S\u00faper Premium para Conejos adultos ha sido\u00a0<strong>desarrollada\u00a0<\/strong><strong>bajo estricto control de veterinarios especialistas en animales ex\u00f3ticos y nutricionistas<\/strong>,\u00a0para ofrecer un alimento que cumple con todas las necesidades nutricionales de los conejos baby.<\/p>\n<p>Entre sus beneficios\u00a0podemos destacar la leche maternizada, que les ayuda a una mejor transici\u00f3n del destete a la alimentaci\u00f3n s\u00f3lida y asegura unos huesos y m\u00fasculos sanos y fuertes.\u00a0Adem\u00e1s de un equilibrio adecuado de prote\u00edna (un 15%) y fibra la cual ayuda a regular el transito intestinal y estimula el sistema inmune.<\/p>\n<p>Este pienso contiene una\u00a0<strong>gran variedad de vitaminas<\/strong>\u00a0imprescindibles para un correcto desarrollo, puesto que una falta de vitaminas puede provocar la p\u00e9rdida de peso, de pelo, o baja fertilidad y desordenes del sistema digestivo en el conejo.\u00a0 Asimismo, la alimentaci\u00f3n S\u00faper Premium para Conejos baby\u00a0<strong>contiene Omega3<\/strong>,\u00a0<strong>con<\/strong>\u00a0<strong>\u00e1cidos grasos esenciales<\/strong>\u00a0que ayudan a prevenir enfermedades y\u00a0<strong>mantienen la salud del sistema cardiovascular<\/strong>,\u00a0<strong>inmunol\u00f3gico, digestivo<\/strong>\u00a0y\u00a0<strong>reproductor,<\/strong>\u00a0adem\u00e1s de garantizar un pelo suave y brillante.<\/p>\n<p>Su f\u00f3rmula incorpora ingredientes naturales que act\u00faan como protectores intestinales que previenen la proliferaci\u00f3n de bacterias y par\u00e1sitos en el intestino.<\/p>\n<p>La exclusiva receta de la alimentaci\u00f3n S\u00faper Premium para Conejos baby es un\u00a0producto muy bien aceptado por los animales que asegura\u00a0<strong>una adecuada nutrici\u00f3n<\/strong>.<\/p>","protected":false},"excerpt":{"rendered":"<p>Alimentaci\u00f3n S\u00faper Premium para Conejos baby Cunipic\u00a0es un alimento completo y equilibrado especialmente creado\u00a0para conejos\u00a0baby\u00a0hasta los 6 meses de edad\u00a0y cualquier estado fisiol\u00f3gico. Este alimento se presenta en forma de&hellip;<\/p>","protected":false},"featured_media":26456,"comment_status":"open","ping_status":"closed","template":"","meta":[],"product_cat":[255],"product_tag":[],"class_list":["post-26455","product","type-product","status-publish","has-post-thumbnail","hentry","product_cat-conejos-o-cobayas"],"yoast_head":"<!-- This site is optimized with the Yoast SEO plugin v21.6 - https:\/\/yoast.com\/wordpress\/plugins\/seo\/ -->\n<title>Pienso Conejitos Bebes Cunipic 800gr - Cien Mil Hijos<\/title>\n<meta name=\"robots\" content=\"index, follow, max-snippet:-1, max-image-preview:large, max-video-preview:-1\" \/>\n<link rel=\"canonical\" href=\"https:\/\/cienmilhijos.es\/en\/product\/pienso-conejitos-bebes-cunipic-800gr\/\" \/>\n<meta property=\"og:locale\" content=\"en_GB\" \/>\n<meta property=\"og:type\" content=\"article\" \/>\n<meta property=\"og:title\" content=\"Pienso Conejitos Bebes Cunipic 800gr - Cien Mil Hijos\" \/>\n<meta property=\"og:description\" content=\"Alimentaci\u00f3n S\u00faper Premium para Conejos baby Cunipic\u00a0es un alimento completo y equilibrado especialmente creado\u00a0para conejos\u00a0baby\u00a0hasta los 6 meses de edad\u00a0y cualquier estado fisiol\u00f3gico. Este alimento se presenta en forma de&hellip;\" \/>\n<meta property=\"og:url\" content=\"https:\/\/cienmilhijos.es\/en\/product\/pienso-conejitos-bebes-cunipic-800gr\/\" \/>\n<meta property=\"og:site_name\" content=\"Cien Mil Hijos\" \/>\n<meta property=\"article:publisher\" content=\"https:\/\/www.facebook.com\/cienmilhijosanimales\/?locale=es_ES\" \/>\n<meta property=\"article:modified_time\" content=\"2023-12-12T09:22:40+00:00\" \/>\n<meta property=\"og:image\" content=\"https:\/\/cienmilhijos.es\/wp-content\/uploads\/2023\/12\/Conejo-junior-cara-min.png\" \/>\n\t<meta property=\"og:image:width\" content=\"1600\" \/>\n\t<meta property=\"og:image:height\" content=\"1600\" \/>\n\t<meta property=\"og:image:type\" content=\"image\/png\" \/>\n<meta name=\"twitter:card\" content=\"summary_large_image\" \/>\n<meta name=\"twitter:label1\" content=\"Estimated reading time\" \/>\n\t<meta name=\"twitter:data1\" content=\"2 minutes\" \/>\n<script type=\"application\/ld+json\" class=\"yoast-schema-graph\">{\"@context\":\"https:\/\/schema.org\",\"@graph\":[{\"@type\":\"WebPage\",\"@id\":\"https:\/\/cienmilhijos.es\/product\/pienso-conejitos-bebes-cunipic-800gr\/\",\"url\":\"https:\/\/cienmilhijos.es\/product\/pienso-conejitos-bebes-cunipic-800gr\/\",\"name\":\"Pienso Conejitos Bebes Cunipic 800gr - Cien Mil Hijos\",\"isPartOf\":{\"@id\":\"https:\/\/cienmilhijos.es\/#website\"},\"datePublished\":\"2023-12-12T09:21:13+00:00\",\"dateModified\":\"2023-12-12T09:22:40+00:00\",\"breadcrumb\":{\"@id\":\"https:\/\/cienmilhijos.es\/product\/pienso-conejitos-bebes-cunipic-800gr\/#breadcrumb\"},\"inLanguage\":\"en-GB\",\"potentialAction\":[{\"@type\":\"ReadAction\",\"target\":[\"https:\/\/cienmilhijos.es\/product\/pienso-conejitos-bebes-cunipic-800gr\/\"]}]},{\"@type\":\"BreadcrumbList\",\"@id\":\"https:\/\/cienmilhijos.es\/product\/pienso-conejitos-bebes-cunipic-800gr\/#breadcrumb\",\"itemListElement\":[{\"@type\":\"ListItem\",\"position\":1,\"name\":\"Portada\",\"item\":\"https:\/\/cienmilhijos.es\/\"},{\"@type\":\"ListItem\",\"position\":2,\"name\":\"Tienda\",\"item\":\"https:\/\/cienmilhijos.es\/tienda\/\"},{\"@type\":\"ListItem\",\"position\":3,\"name\":\"Pienso Conejitos Bebes Cunipic 800gr\"}]},{\"@type\":\"WebSite\",\"@id\":\"https:\/\/cienmilhijos.es\/#website\",\"url\":\"https:\/\/cienmilhijos.es\/\",\"name\":\"Cien Mil Hijos\",\"description\":\"Cuidado de animales &amp; tienda de mascotas\",\"publisher\":{\"@id\":\"https:\/\/cienmilhijos.es\/#organization\"},\"potentialAction\":[{\"@type\":\"SearchAction\",\"target\":{\"@type\":\"EntryPoint\",\"urlTemplate\":\"https:\/\/cienmilhijos.es\/?s={search_term_string}\"},\"query-input\":\"required name=search_term_string\"}],\"inLanguage\":\"en-GB\"},{\"@type\":\"Organization\",\"@id\":\"https:\/\/cienmilhijos.es\/#organization\",\"name\":\"Cien Mil Hijos\",\"url\":\"https:\/\/cienmilhijos.es\/\",\"logo\":{\"@type\":\"ImageObject\",\"inLanguage\":\"en-GB\",\"@id\":\"https:\/\/cienmilhijos.es\/#\/schema\/logo\/image\/\",\"url\":\"https:\/\/cienmilhijos.es\/wp-content\/uploads\/2023\/12\/logo2.png\",\"contentUrl\":\"https:\/\/cienmilhijos.es\/wp-content\/uploads\/2023\/12\/logo2.png\",\"width\":1150,\"height\":127,\"caption\":\"Cien Mil Hijos\"},\"image\":{\"@id\":\"https:\/\/cienmilhijos.es\/#\/schema\/logo\/image\/\"},\"sameAs\":[\"https:\/\/www.facebook.com\/cienmilhijosanimales\/?locale=es_ES\"]}]}<\/script>\n<!-- \/ Yoast SEO plugin. -->","yoast_head_json":{"title":"Pienso Conejitos Bebes Cunipic 800gr - Cien Mil Hijos","robots":{"index":"index","follow":"follow","max-snippet":"max-snippet:-1","max-image-preview":"max-image-preview:large","max-video-preview":"max-video-preview:-1"},"canonical":"https:\/\/cienmilhijos.es\/en\/product\/pienso-conejitos-bebes-cunipic-800gr\/","og_locale":"en_GB","og_type":"article","og_title":"Pienso Conejitos Bebes Cunipic 800gr - Cien Mil Hijos","og_description":"Alimentaci\u00f3n S\u00faper Premium para Conejos baby Cunipic\u00a0es un alimento completo y equilibrado especialmente creado\u00a0para conejos\u00a0baby\u00a0hasta los 6 meses de edad\u00a0y cualquier estado fisiol\u00f3gico. Este alimento se presenta en forma de&hellip;","og_url":"https:\/\/cienmilhijos.es\/en\/product\/pienso-conejitos-bebes-cunipic-800gr\/","og_site_name":"Cien Mil Hijos","article_publisher":"https:\/\/www.facebook.com\/cienmilhijosanimales\/?locale=es_ES","article_modified_time":"2023-12-12T09:22:40+00:00","og_image":[{"width":1600,"height":1600,"url":"https:\/\/cienmilhijos.es\/wp-content\/uploads\/2023\/12\/Conejo-junior-cara-min.png","type":"image\/png"}],"twitter_card":"summary_large_image","twitter_misc":{"Estimated reading time":"2 minutes"},"schema":{"@context":"https:\/\/schema.org","@graph":[{"@type":"WebPage","@id":"https:\/\/cienmilhijos.es\/product\/pienso-conejitos-bebes-cunipic-800gr\/","url":"https:\/\/cienmilhijos.es\/product\/pienso-conejitos-bebes-cunipic-800gr\/","name":"Pienso Conejitos Bebes Cunipic 800gr - Cien Mil Hijos","isPartOf":{"@id":"https:\/\/cienmilhijos.es\/#website"},"datePublished":"2023-12-12T09:21:13+00:00","dateModified":"2023-12-12T09:22:40+00:00","breadcrumb":{"@id":"https:\/\/cienmilhijos.es\/product\/pienso-conejitos-bebes-cunipic-800gr\/#breadcrumb"},"inLanguage":"en-GB","potentialAction":[{"@type":"ReadAction","target":["https:\/\/cienmilhijos.es\/product\/pienso-conejitos-bebes-cunipic-800gr\/"]}]},{"@type":"BreadcrumbList","@id":"https:\/\/cienmilhijos.es\/product\/pienso-conejitos-bebes-cunipic-800gr\/#breadcrumb","itemListElement":[{"@type":"ListItem","position":1,"name":"Portada","item":"https:\/\/cienmilhijos.es\/"},{"@type":"ListItem","position":2,"name":"Tienda","item":"https:\/\/cienmilhijos.es\/tienda\/"},{"@type":"ListItem","position":3,"name":"Pienso Conejitos Bebes Cunipic 800gr"}]},{"@type":"WebSite","@id":"https:\/\/cienmilhijos.es\/#website","url":"https:\/\/cienmilhijos.es\/","name":"Cien Mil Hijos","description":"Cuidado de animales &amp; tienda de mascotas","publisher":{"@id":"https:\/\/cienmilhijos.es\/#organization"},"potentialAction":[{"@type":"SearchAction","target":{"@type":"EntryPoint","urlTemplate":"https:\/\/cienmilhijos.es\/?s={search_term_string}"},"query-input":"required name=search_term_string"}],"inLanguage":"en-GB"},{"@type":"Organization","@id":"https:\/\/cienmilhijos.es\/#organization","name":"Cien Mil Hijos","url":"https:\/\/cienmilhijos.es\/","logo":{"@type":"ImageObject","inLanguage":"en-GB","@id":"https:\/\/cienmilhijos.es\/#\/schema\/logo\/image\/","url":"https:\/\/cienmilhijos.es\/wp-content\/uploads\/2023\/12\/logo2.png","contentUrl":"https:\/\/cienmilhijos.es\/wp-content\/uploads\/2023\/12\/logo2.png","width":1150,"height":127,"caption":"Cien Mil Hijos"},"image":{"@id":"https:\/\/cienmilhijos.es\/#\/schema\/logo\/image\/"},"sameAs":["https:\/\/www.facebook.com\/cienmilhijosanimales\/?locale=es_ES"]}]}},"_links":{"self":[{"href":"https:\/\/cienmilhijos.es\/en\/wp-json\/wp\/v2\/product\/26455","targetHints":{"allow":["GET"]}}],"collection":[{"href":"https:\/\/cienmilhijos.es\/en\/wp-json\/wp\/v2\/product"}],"about":[{"href":"https:\/\/cienmilhijos.es\/en\/wp-json\/wp\/v2\/types\/product"}],"replies":[{"embeddable":true,"href":"https:\/\/cienmilhijos.es\/en\/wp-json\/wp\/v2\/comments?post=26455"}],"wp:featuredmedia":[{"embeddable":true,"href":"https:\/\/cienmilhijos.es\/en\/wp-json\/wp\/v2\/media\/26456"}],"wp:attachment":[{"href":"https:\/\/cienmilhijos.es\/en\/wp-json\/wp\/v2\/media?parent=26455"}],"wp:term":[{"taxonomy":"product_cat","embeddable":true,"href":"https:\/\/cienmilhijos.es\/en\/wp-json\/wp\/v2\/product_cat?post=26455"},{"taxonomy":"product_tag","embeddable":true,"href":"https:\/\/cienmilhijos.es\/en\/wp-json\/wp\/v2\/product_tag?post=26455"}],"curies":[{"name":"wp","href":"https:\/\/api.w.org\/{rel}","templated":true}]}}