{"id":26453,"date":"2023-12-12T09:12:41","date_gmt":"2023-12-12T09:12:41","guid":{"rendered":"https:\/\/cienmilhijos.es\/?post_type=product&#038;p=26453"},"modified":"2025-12-01T05:17:20","modified_gmt":"2025-12-01T05:17:20","slug":"pienso-alpha-pro-cunipic","status":"publish","type":"product","link":"https:\/\/cienmilhijos.es\/en\/product\/pienso-alpha-pro-cunipic\/","title":{"rendered":"Pienso Alpha Pro Cunipic"},"content":{"rendered":"<h2>Nueva comida para conejos Cunipic Alpha Pro Adult sin gl\u00faten 500gr<\/h2>\n<p><strong>Cunipic Alpha Pro Adult es un nuevo pienso para conejos adultos basado en el sistema de alimentaci\u00f3n \u201call in one\u201d<\/strong>, que significa que en cada croqueta est\u00e1n todos los ingredientes necesarios para que tu mascota est\u00e9 sana y feliz, evitando las carencias alimenticias por selecci\u00f3n de alimentos.<\/p>\n<p><strong>Cada gr\u00e1nulo de comida contiene una mezcla homog\u00e9nea de todos los nutrientes que necesita el animal<\/strong>\u00a0y con esto se consigue que no seleccione los ingredientes que le gustan dejando apartados otros. Las croquetas de la nueva l\u00ednea Alpha Pro son extrusionadas a muy baja temperatura conservando todas las propiedades y aportando distintas ventajas: no se cuecen los alimentos, mantienen las fibras largas, tienen un bajo contenido en grasas\u2026<\/p>\n<p>Este alimento\u00a0<strong>es ideal para conejos adultos (a partir de los 6 meses)<\/strong>\u00a0porque tiene todos los nutrientes, vitaminas, minerales, fibra\u2026 que necesita para que est\u00e9 sano y feliz, evitando con su sistema \u201call in one\u201d que pueda tener carencias alimenticias al seleccionar unos alimentos y dejar otros. Adem\u00e1s, es una dieta sin az\u00facares, baja en calor\u00edas y muy alta en fibra.<br \/>\nLa mejor forma de alimentar a tu conejo ser\u00eda proporcion\u00e1ndole un 20% de Alpha Pro for Adult Rabbits acompa\u00f1\u00e1ndolo siempre de un 70% de heno y un 10% de verdura.<\/p>\n<p>Este pienso destaca sobre los dem\u00e1s por ser el\u00a0<strong>primer pienso extrusionado libre de cereales para conejos<\/strong>, algo muy beneficioso para su salud. Otras de las muchas\u00a0<strong>caracter\u00edsticas y ventajas de Cunipic Alpha Pro Adult son<\/strong>: contiene todos los ingredientes en cada croqueta evitando as\u00ed la selecci\u00f3n, tiene vitaminas y un balance \u00f3ptimo de calcio y f\u00f3sforo para prevenir las carencias nutricionales y problemas renales, contiene prebi\u00f3ticos para prevenir la diarrea, mantiene las fibras largas para<strong>\u00a0favorecer el desgaste dental y consigue un mejor tr\u00e1nsito intestinal<\/strong>\u00a0gracias a que contiene un 26% de fibra y un 29% de heno timothy.<\/p>\n<p><strong>Cunipic es una empresa familiar situada en un pueblo de Lleida\u00a0<\/strong>que comenz\u00f3 en 1994 criando conejos y roedores, y se ha convertido en pocos a\u00f1os en l\u00edder del mercado espa\u00f1ol de venta de peque\u00f1os animales y ha ido creciendo desde 2005 creando su propia l\u00ednea de alimentaci\u00f3n para mascotas y productos de cuidado e higiene para ellas. Adem\u00e1s,\u00a0<strong>cultivan sus propios productos con los que fabrican su gama de alimentaci\u00f3n, consiguiendo as\u00ed ingredientes 100% naturales.\u00a0<\/strong>Desde 2010 exportan a m\u00e1s de 30 pa\u00edses sus mascotas y productos de alimentaci\u00f3n e higiene. Su filosof\u00eda se basa en tres pilares fundamentales: proporcionar animales de compa\u00f1\u00eda de calidad, investigar para mejorar su alimentaci\u00f3n y por tanto su salud e informar a las personas sobre la forma adecuada de cuidar a sus animales de compa\u00f1\u00eda.<\/p>\n<h3><\/h3>\n<h3>VENTAJAS DE CUNIPIC ALPHA PRO ADULT PIENSO PARA CONEJOS GRAIN FREE:<\/h3>\n<ul>\n<li>Todos los nutrientes en una \u00fanica croqueta, evitando la selecci\u00f3n de alimentos.<\/li>\n<li>No tiene cereales para prevenir la obesidad.<\/li>\n<li>Mantiene las fibras largas para favorecer el desgaste de los dientes.<\/li>\n<li>Le gusta a todos los conejos gracias a su gran palatabilidad.<\/li>\n<li>Gracias a su autocierre se conserva mejor.<\/li>\n<\/ul>\n<p>&nbsp;<\/p>\n<p><strong>USO Y ESPECIFICACIONES:<\/strong><\/p>\n<ul>\n<li>Pienso especializado para todas las razas de conejos adultos a partir de los 6 meses de edad que contiene en cada croqueta todos los ingredientes que necesita para evitar la selecci\u00f3n de los alimentos y crecer saludable.<\/li>\n<\/ul>\n<p><strong>Descripci\u00f3n Nutricional:<\/strong><\/p>\n<ul>\n<li>Ingredientes: Heno de timothy, heno multifloral, fibra de guisante, subproductos de origen vegetal, cascarilla de girasol, vitaminas, minerales, aceite de girasol, ar\u00e1ndanos rojos, prebi\u00f3ticos, L-lysina, extracto de yuca.<\/li>\n<li>Constituyentes anal\u00edticos: Prote\u00edna Bruta: 13,32%, Materias grasas brutas: 2,30%, Fibra Bruta: 26%, Cenizas brutas: 7,58%, Humedad: 12%, Calcio: 0,60%, F\u00f3sforo: 0,36%<\/li>\n<li>Aditivos nutricionales: Vitamina A: 22.000 UI\/Kg, Vitamina D3: 1.250 UI\/Kg, Vitamina E: 50 mg\/Kg, Zinc, Zn: 21,59 mg\/Kg, Cobre, Cu: 5,40 mg\/Kg, Hierro, Fe: 51,80 mg\/Kg, Lisina, Lys: 4,65 g\/Kg, Amino\u00e1cidos Azufrados (Met Cys): 1,73 g\/Kg<\/li>\n<\/ul>\n<p><strong>Recomendaciones de uso:<\/strong><\/p>\n<ul>\n<li>Administra la raci\u00f3n diaria recomendada.<\/li>\n<li>Agua fresca y limpia siempre a disposici\u00f3n.<\/li>\n<li>Dale aproximadamente un 70% de heno, un 20% de Alpha Pro Adult Rabbit, y un 10% de verdura.<\/li>\n<li>Cons\u00e9rvalo en un lugar fresco y seco.<\/li>\n<li>Cualquier cambio en la alimentaci\u00f3n debe realizarse de forma progresiva mezclando la comida anterior con la nueva poco a poco para evitar que pueda sentarle mal.<\/li>\n<\/ul>\n<p><strong>Dosificaci\u00f3n:<\/strong><\/p>\n<ul>\n<li>Aseg\u00farate de dar a tu conejo la cantidad diaria recomendada de Alpha Pro Adult ayud\u00e1ndote de la tabla.<\/li>\n<\/ul>\n<table class=\"TAtable\" border=\"1\" cellspacing=\"1\" cellpadding=\"1\">\n<tbody>\n<tr>\n<th scope=\"col\">Peso del animal<\/th>\n<th scope=\"col\">Raci\u00f3n diaria recomendada<\/th>\n<\/tr>\n<tr>\n<td>&lt; 500 g<\/td>\n<td>40 g<\/td>\n<\/tr>\n<tr>\n<td>0,5 &#8211; 1 Kg<\/td>\n<td>60 g<\/td>\n<\/tr>\n<tr>\n<td>1 &#8211; 1,5 Kg<\/td>\n<td>90 g<\/td>\n<\/tr>\n<tr>\n<td>&gt; 1,5 Kg<\/td>\n<td>120 g<\/td>\n<\/tr>\n<\/tbody>\n<\/table>\n<p>&nbsp;<\/p>\n<p>&nbsp;<\/p>\n<p>&nbsp;<\/p>\n<p><em>Con el nuevo\u00a0<strong>pienso para conejos adultos Alpha Pro Adult de Cunipic<\/strong>\u00a0te asegurar\u00e1s de que tu conejo est\u00e9 sano y feliz.<\/em><\/p>","protected":false},"excerpt":{"rendered":"<p>Nueva comida para conejos Cunipic Alpha Pro Adult sin gl\u00faten 500gr Cunipic Alpha Pro Adult es un nuevo pienso para conejos adultos basado en el sistema de alimentaci\u00f3n \u201call in&hellip;<\/p>","protected":false},"featured_media":26454,"comment_status":"open","ping_status":"closed","template":"","meta":[],"product_cat":[255],"product_tag":[],"class_list":["post-26453","product","type-product","status-publish","has-post-thumbnail","hentry","product_cat-conejos-o-cobayas"],"yoast_head":"<!-- This site is optimized with the Yoast SEO plugin v21.6 - https:\/\/yoast.com\/wordpress\/plugins\/seo\/ -->\n<title>Pienso Alpha Pro Cunipic - Cien Mil Hijos<\/title>\n<meta name=\"robots\" content=\"index, follow, max-snippet:-1, max-image-preview:large, max-video-preview:-1\" \/>\n<link rel=\"canonical\" href=\"https:\/\/cienmilhijos.es\/en\/product\/pienso-alpha-pro-cunipic\/\" \/>\n<meta property=\"og:locale\" content=\"en_GB\" \/>\n<meta property=\"og:type\" content=\"article\" \/>\n<meta property=\"og:title\" content=\"Pienso Alpha Pro Cunipic - Cien Mil Hijos\" \/>\n<meta property=\"og:description\" content=\"Nueva comida para conejos Cunipic Alpha Pro Adult sin gl\u00faten 500gr Cunipic Alpha Pro Adult es un nuevo pienso para conejos adultos basado en el sistema de alimentaci\u00f3n \u201call in&hellip;\" \/>\n<meta property=\"og:url\" content=\"https:\/\/cienmilhijos.es\/en\/product\/pienso-alpha-pro-cunipic\/\" \/>\n<meta property=\"og:site_name\" content=\"Cien Mil Hijos\" \/>\n<meta property=\"article:publisher\" content=\"https:\/\/www.facebook.com\/cienmilhijosanimales\/?locale=es_ES\" \/>\n<meta property=\"article:modified_time\" content=\"2025-12-01T05:17:20+00:00\" \/>\n<meta property=\"og:image\" content=\"https:\/\/cienmilhijos.es\/wp-content\/uploads\/2023\/12\/Cunipic_Adult_Alpha_Pro_Grain_Free_comida_para_conejos_CUNALCOAD2_M.jpg\" \/>\n\t<meta property=\"og:image:width\" content=\"780\" \/>\n\t<meta property=\"og:image:height\" content=\"780\" \/>\n\t<meta property=\"og:image:type\" content=\"image\/jpeg\" \/>\n<meta name=\"twitter:card\" content=\"summary_large_image\" \/>\n<meta name=\"twitter:label1\" content=\"Estimated reading time\" \/>\n\t<meta name=\"twitter:data1\" content=\"4 minutes\" \/>\n<script type=\"application\/ld+json\" class=\"yoast-schema-graph\">{\"@context\":\"https:\/\/schema.org\",\"@graph\":[{\"@type\":\"WebPage\",\"@id\":\"https:\/\/cienmilhijos.es\/product\/pienso-alpha-pro-cunipic\/\",\"url\":\"https:\/\/cienmilhijos.es\/product\/pienso-alpha-pro-cunipic\/\",\"name\":\"Pienso Alpha Pro Cunipic - Cien Mil Hijos\",\"isPartOf\":{\"@id\":\"https:\/\/cienmilhijos.es\/#website\"},\"datePublished\":\"2023-12-12T09:12:41+00:00\",\"dateModified\":\"2025-12-01T05:17:20+00:00\",\"breadcrumb\":{\"@id\":\"https:\/\/cienmilhijos.es\/product\/pienso-alpha-pro-cunipic\/#breadcrumb\"},\"inLanguage\":\"en-GB\",\"potentialAction\":[{\"@type\":\"ReadAction\",\"target\":[\"https:\/\/cienmilhijos.es\/product\/pienso-alpha-pro-cunipic\/\"]}]},{\"@type\":\"BreadcrumbList\",\"@id\":\"https:\/\/cienmilhijos.es\/product\/pienso-alpha-pro-cunipic\/#breadcrumb\",\"itemListElement\":[{\"@type\":\"ListItem\",\"position\":1,\"name\":\"Portada\",\"item\":\"https:\/\/cienmilhijos.es\/\"},{\"@type\":\"ListItem\",\"position\":2,\"name\":\"Tienda\",\"item\":\"https:\/\/cienmilhijos.es\/tienda\/\"},{\"@type\":\"ListItem\",\"position\":3,\"name\":\"Pienso Alpha Pro Cunipic\"}]},{\"@type\":\"WebSite\",\"@id\":\"https:\/\/cienmilhijos.es\/#website\",\"url\":\"https:\/\/cienmilhijos.es\/\",\"name\":\"Cien Mil Hijos\",\"description\":\"Cuidado de animales &amp; tienda de mascotas\",\"publisher\":{\"@id\":\"https:\/\/cienmilhijos.es\/#organization\"},\"potentialAction\":[{\"@type\":\"SearchAction\",\"target\":{\"@type\":\"EntryPoint\",\"urlTemplate\":\"https:\/\/cienmilhijos.es\/?s={search_term_string}\"},\"query-input\":\"required name=search_term_string\"}],\"inLanguage\":\"en-GB\"},{\"@type\":\"Organization\",\"@id\":\"https:\/\/cienmilhijos.es\/#organization\",\"name\":\"Cien Mil Hijos\",\"url\":\"https:\/\/cienmilhijos.es\/\",\"logo\":{\"@type\":\"ImageObject\",\"inLanguage\":\"en-GB\",\"@id\":\"https:\/\/cienmilhijos.es\/#\/schema\/logo\/image\/\",\"url\":\"https:\/\/cienmilhijos.es\/wp-content\/uploads\/2023\/12\/logo2.png\",\"contentUrl\":\"https:\/\/cienmilhijos.es\/wp-content\/uploads\/2023\/12\/logo2.png\",\"width\":1150,\"height\":127,\"caption\":\"Cien Mil Hijos\"},\"image\":{\"@id\":\"https:\/\/cienmilhijos.es\/#\/schema\/logo\/image\/\"},\"sameAs\":[\"https:\/\/www.facebook.com\/cienmilhijosanimales\/?locale=es_ES\"]}]}<\/script>\n<!-- \/ Yoast SEO plugin. -->","yoast_head_json":{"title":"Pienso Alpha Pro Cunipic - Cien Mil Hijos","robots":{"index":"index","follow":"follow","max-snippet":"max-snippet:-1","max-image-preview":"max-image-preview:large","max-video-preview":"max-video-preview:-1"},"canonical":"https:\/\/cienmilhijos.es\/en\/product\/pienso-alpha-pro-cunipic\/","og_locale":"en_GB","og_type":"article","og_title":"Pienso Alpha Pro Cunipic - Cien Mil Hijos","og_description":"Nueva comida para conejos Cunipic Alpha Pro Adult sin gl\u00faten 500gr Cunipic Alpha Pro Adult es un nuevo pienso para conejos adultos basado en el sistema de alimentaci\u00f3n \u201call in&hellip;","og_url":"https:\/\/cienmilhijos.es\/en\/product\/pienso-alpha-pro-cunipic\/","og_site_name":"Cien Mil Hijos","article_publisher":"https:\/\/www.facebook.com\/cienmilhijosanimales\/?locale=es_ES","article_modified_time":"2025-12-01T05:17:20+00:00","og_image":[{"width":780,"height":780,"url":"https:\/\/cienmilhijos.es\/wp-content\/uploads\/2023\/12\/Cunipic_Adult_Alpha_Pro_Grain_Free_comida_para_conejos_CUNALCOAD2_M.jpg","type":"image\/jpeg"}],"twitter_card":"summary_large_image","twitter_misc":{"Estimated reading time":"4 minutes"},"schema":{"@context":"https:\/\/schema.org","@graph":[{"@type":"WebPage","@id":"https:\/\/cienmilhijos.es\/product\/pienso-alpha-pro-cunipic\/","url":"https:\/\/cienmilhijos.es\/product\/pienso-alpha-pro-cunipic\/","name":"Pienso Alpha Pro Cunipic - Cien Mil Hijos","isPartOf":{"@id":"https:\/\/cienmilhijos.es\/#website"},"datePublished":"2023-12-12T09:12:41+00:00","dateModified":"2025-12-01T05:17:20+00:00","breadcrumb":{"@id":"https:\/\/cienmilhijos.es\/product\/pienso-alpha-pro-cunipic\/#breadcrumb"},"inLanguage":"en-GB","potentialAction":[{"@type":"ReadAction","target":["https:\/\/cienmilhijos.es\/product\/pienso-alpha-pro-cunipic\/"]}]},{"@type":"BreadcrumbList","@id":"https:\/\/cienmilhijos.es\/product\/pienso-alpha-pro-cunipic\/#breadcrumb","itemListElement":[{"@type":"ListItem","position":1,"name":"Portada","item":"https:\/\/cienmilhijos.es\/"},{"@type":"ListItem","position":2,"name":"Tienda","item":"https:\/\/cienmilhijos.es\/tienda\/"},{"@type":"ListItem","position":3,"name":"Pienso Alpha Pro Cunipic"}]},{"@type":"WebSite","@id":"https:\/\/cienmilhijos.es\/#website","url":"https:\/\/cienmilhijos.es\/","name":"Cien Mil Hijos","description":"Cuidado de animales &amp; tienda de mascotas","publisher":{"@id":"https:\/\/cienmilhijos.es\/#organization"},"potentialAction":[{"@type":"SearchAction","target":{"@type":"EntryPoint","urlTemplate":"https:\/\/cienmilhijos.es\/?s={search_term_string}"},"query-input":"required name=search_term_string"}],"inLanguage":"en-GB"},{"@type":"Organization","@id":"https:\/\/cienmilhijos.es\/#organization","name":"Cien Mil Hijos","url":"https:\/\/cienmilhijos.es\/","logo":{"@type":"ImageObject","inLanguage":"en-GB","@id":"https:\/\/cienmilhijos.es\/#\/schema\/logo\/image\/","url":"https:\/\/cienmilhijos.es\/wp-content\/uploads\/2023\/12\/logo2.png","contentUrl":"https:\/\/cienmilhijos.es\/wp-content\/uploads\/2023\/12\/logo2.png","width":1150,"height":127,"caption":"Cien Mil Hijos"},"image":{"@id":"https:\/\/cienmilhijos.es\/#\/schema\/logo\/image\/"},"sameAs":["https:\/\/www.facebook.com\/cienmilhijosanimales\/?locale=es_ES"]}]}},"_links":{"self":[{"href":"https:\/\/cienmilhijos.es\/en\/wp-json\/wp\/v2\/product\/26453","targetHints":{"allow":["GET"]}}],"collection":[{"href":"https:\/\/cienmilhijos.es\/en\/wp-json\/wp\/v2\/product"}],"about":[{"href":"https:\/\/cienmilhijos.es\/en\/wp-json\/wp\/v2\/types\/product"}],"replies":[{"embeddable":true,"href":"https:\/\/cienmilhijos.es\/en\/wp-json\/wp\/v2\/comments?post=26453"}],"wp:featuredmedia":[{"embeddable":true,"href":"https:\/\/cienmilhijos.es\/en\/wp-json\/wp\/v2\/media\/26454"}],"wp:attachment":[{"href":"https:\/\/cienmilhijos.es\/en\/wp-json\/wp\/v2\/media?parent=26453"}],"wp:term":[{"taxonomy":"product_cat","embeddable":true,"href":"https:\/\/cienmilhijos.es\/en\/wp-json\/wp\/v2\/product_cat?post=26453"},{"taxonomy":"product_tag","embeddable":true,"href":"https:\/\/cienmilhijos.es\/en\/wp-json\/wp\/v2\/product_tag?post=26453"}],"curies":[{"name":"wp","href":"https:\/\/api.w.org\/{rel}","templated":true}]}}