{"id":26451,"date":"2023-12-12T09:07:51","date_gmt":"2023-12-12T09:07:51","guid":{"rendered":"https:\/\/cienmilhijos.es\/?post_type=product&#038;p=26451"},"modified":"2023-12-12T09:07:51","modified_gmt":"2023-12-12T09:07:51","slug":"pienso-naturalis","status":"publish","type":"product","link":"https:\/\/cienmilhijos.es\/en\/product\/pienso-naturalis\/","title":{"rendered":"Pienso Naturalis"},"content":{"rendered":"<h2>Alimento completo para conejos adultos<\/h2>\n<p>Los conejos tienen unos<strong>\u00a0requerimientos nutricionales importantes\u00a0<\/strong>que debemos preservar para mantener su salud y vitalidad durante mucho tiempo. Se trata de animales<strong>\u00a0herv\u00edboros<\/strong>, por lo que el pienso debe contener un<strong>\u00a0alto porcentaje de fibras<\/strong>\u00a0para que no tengan problemas gastrointestinales, adem\u00e1s regulan su sistema inmunol\u00f3gico y aseguran una\u00a0<strong>dentici\u00f3n saludable<\/strong>. Tambi\u00e9n hay que tener en cuenta que durante los primeros meses es imprescindible alimentarlos con un pienso especial para gazapos que contendr\u00e1 un porcentaje de prote\u00edna m\u00e1s elevado para favorecer su crecimiento.<\/p>\n<p>Contiene un<strong>\u00a0porcentaje de carbohidratos equilibrados<\/strong>\u00a0de forma que aseguramos una flora intestinal saludable y evitamos problemas de obesidad. Adem\u00e1s, contiene un\u00a0<strong>equilibrio entre los minerales calcio-f\u00f3sforo\u00a0<\/strong>adecuado para esta especie que es muy importante, ya que con ello prevenimos urolitiasis, insuficiencia renal, etc.<\/p>\n<p>Con cunipic naturaliss estar\u00e1s proporcionando a tu conejo una<strong>\u00a0dieta sana y equilibrada<\/strong>, adem\u00e1s, de<strong>\u00a0natural\u00a0<\/strong>y lo m\u00e1s similar a lo que tu conejo tomar\u00eda en la naturaleza. Por ello, esta raci\u00f3n les resultar\u00e1 atractiva diariamente.<\/p>\n<p><strong>Ingredientes:<\/strong>\u00a0Heno, salvado, zanahoria deshidratada, girasol integral, paja tratada, pulpa de remolacha, alfalfa deshidratada, melaza de ca\u00f1a, cardo mariano (Silybum Marianum), equin\u00e1cea (Echinacea), aceite de soja, cloruro de sodio, carbonato de cal.<\/p>\n<p><strong>Composici\u00f3n anal\u00edtica:\u00a0<\/strong>Prote\u00edna bruta 13,10 %; Aceites y grasas brutas 2,0 %; Fibras bruta 23,50 %; Ceniza bruta 11,75 %; Almidones 4,5 %; Humedad 9,65 %; Calcio 0,45 %; F\u00f3sforo 0,3 %.<\/p>\n<p><strong>Aditivos:\u00a0<\/strong>Vitamina A 20.000 UI\/Kg; Vitamina D3 1.800 UI\/Kg; Vitamina E (alfa tocoferol) 50 ppm; Lys (lisina) 0,70%.<\/p>\n<p><strong>Oligoelementos:\u00a0<\/strong>Hierro (carbonato ferroso) 156 ppm; Yodo (ioduro de potasio) 2,10 ppm; Cobalto (carbonato b\u00e1sico cobaltoso) 0,59 ppm; Cobre (sulfato c\u00faprico pentahidratado) 16 ppm; Manganeso (\u00f3xido manganoso) 41 ppm; Cinc (\u00f3xido de zinc) 102 ppm; Selenio (selenito de sodio) 0,10 ppm.<\/p>\n<p>Este pienso pertenece a la<strong>\u00a0prestigiosa marca cunipic<\/strong>, especialista en alimentaci\u00f3n para peque\u00f1as mascotas, con m\u00e1s de 20 a\u00f1os de experiencia en el sector, nos da la seguridad de poder cumplir con las necesidades de nutricionales de nuestras mascotas.<\/p>\n<p>Disponible en\u00a0<strong>envases de 1,36 kg<\/strong>.<\/p>","protected":false},"excerpt":{"rendered":"<p>Alimento completo para conejos adultos Los conejos tienen unos\u00a0requerimientos nutricionales importantes\u00a0que debemos preservar para mantener su salud y vitalidad durante mucho tiempo. Se trata de animales\u00a0herv\u00edboros, por lo que el&hellip;<\/p>","protected":false},"featured_media":26452,"comment_status":"open","ping_status":"closed","template":"","meta":[],"product_cat":[255],"product_tag":[],"class_list":["post-26451","product","type-product","status-publish","has-post-thumbnail","hentry","product_cat-conejos-o-cobayas"],"yoast_head":"<!-- This site is optimized with the Yoast SEO plugin v21.6 - https:\/\/yoast.com\/wordpress\/plugins\/seo\/ -->\n<title>Pienso Naturalis - Cien Mil Hijos<\/title>\n<meta name=\"robots\" content=\"index, follow, max-snippet:-1, max-image-preview:large, max-video-preview:-1\" \/>\n<link rel=\"canonical\" href=\"https:\/\/cienmilhijos.es\/en\/product\/pienso-naturalis\/\" \/>\n<meta property=\"og:locale\" content=\"en_GB\" \/>\n<meta property=\"og:type\" content=\"article\" \/>\n<meta property=\"og:title\" content=\"Pienso Naturalis - Cien Mil Hijos\" \/>\n<meta property=\"og:description\" content=\"Alimento completo para conejos adultos Los conejos tienen unos\u00a0requerimientos nutricionales importantes\u00a0que debemos preservar para mantener su salud y vitalidad durante mucho tiempo. Se trata de animales\u00a0herv\u00edboros, por lo que el&hellip;\" \/>\n<meta property=\"og:url\" content=\"https:\/\/cienmilhijos.es\/en\/product\/pienso-naturalis\/\" \/>\n<meta property=\"og:site_name\" content=\"Cien Mil Hijos\" \/>\n<meta property=\"article:publisher\" content=\"https:\/\/www.facebook.com\/cienmilhijosanimales\/?locale=es_ES\" \/>\n<meta property=\"og:image\" content=\"https:\/\/cienmilhijos.es\/wp-content\/uploads\/2023\/12\/Cunipic_Adult_Naturaliss_pienso_para_conejo_CUNNATUCOAD_M.jpg\" \/>\n\t<meta property=\"og:image:width\" content=\"780\" \/>\n\t<meta property=\"og:image:height\" content=\"780\" \/>\n\t<meta property=\"og:image:type\" content=\"image\/jpeg\" \/>\n<meta name=\"twitter:card\" content=\"summary_large_image\" \/>\n<meta name=\"twitter:label1\" content=\"Estimated reading time\" \/>\n\t<meta name=\"twitter:data1\" content=\"2 minutes\" \/>\n<script type=\"application\/ld+json\" class=\"yoast-schema-graph\">{\"@context\":\"https:\/\/schema.org\",\"@graph\":[{\"@type\":\"WebPage\",\"@id\":\"https:\/\/cienmilhijos.es\/product\/pienso-naturalis\/\",\"url\":\"https:\/\/cienmilhijos.es\/product\/pienso-naturalis\/\",\"name\":\"Pienso Naturalis - Cien Mil Hijos\",\"isPartOf\":{\"@id\":\"https:\/\/cienmilhijos.es\/#website\"},\"datePublished\":\"2023-12-12T09:07:51+00:00\",\"dateModified\":\"2023-12-12T09:07:51+00:00\",\"breadcrumb\":{\"@id\":\"https:\/\/cienmilhijos.es\/product\/pienso-naturalis\/#breadcrumb\"},\"inLanguage\":\"en-GB\",\"potentialAction\":[{\"@type\":\"ReadAction\",\"target\":[\"https:\/\/cienmilhijos.es\/product\/pienso-naturalis\/\"]}]},{\"@type\":\"BreadcrumbList\",\"@id\":\"https:\/\/cienmilhijos.es\/product\/pienso-naturalis\/#breadcrumb\",\"itemListElement\":[{\"@type\":\"ListItem\",\"position\":1,\"name\":\"Portada\",\"item\":\"https:\/\/cienmilhijos.es\/\"},{\"@type\":\"ListItem\",\"position\":2,\"name\":\"Tienda\",\"item\":\"https:\/\/cienmilhijos.es\/tienda\/\"},{\"@type\":\"ListItem\",\"position\":3,\"name\":\"Pienso Naturalis\"}]},{\"@type\":\"WebSite\",\"@id\":\"https:\/\/cienmilhijos.es\/#website\",\"url\":\"https:\/\/cienmilhijos.es\/\",\"name\":\"Cien Mil Hijos\",\"description\":\"Cuidado de animales &amp; tienda de mascotas\",\"publisher\":{\"@id\":\"https:\/\/cienmilhijos.es\/#organization\"},\"potentialAction\":[{\"@type\":\"SearchAction\",\"target\":{\"@type\":\"EntryPoint\",\"urlTemplate\":\"https:\/\/cienmilhijos.es\/?s={search_term_string}\"},\"query-input\":\"required name=search_term_string\"}],\"inLanguage\":\"en-GB\"},{\"@type\":\"Organization\",\"@id\":\"https:\/\/cienmilhijos.es\/#organization\",\"name\":\"Cien Mil Hijos\",\"url\":\"https:\/\/cienmilhijos.es\/\",\"logo\":{\"@type\":\"ImageObject\",\"inLanguage\":\"en-GB\",\"@id\":\"https:\/\/cienmilhijos.es\/#\/schema\/logo\/image\/\",\"url\":\"https:\/\/cienmilhijos.es\/wp-content\/uploads\/2023\/12\/logo2.png\",\"contentUrl\":\"https:\/\/cienmilhijos.es\/wp-content\/uploads\/2023\/12\/logo2.png\",\"width\":1150,\"height\":127,\"caption\":\"Cien Mil Hijos\"},\"image\":{\"@id\":\"https:\/\/cienmilhijos.es\/#\/schema\/logo\/image\/\"},\"sameAs\":[\"https:\/\/www.facebook.com\/cienmilhijosanimales\/?locale=es_ES\"]}]}<\/script>\n<!-- \/ Yoast SEO plugin. -->","yoast_head_json":{"title":"Pienso Naturalis - Cien Mil Hijos","robots":{"index":"index","follow":"follow","max-snippet":"max-snippet:-1","max-image-preview":"max-image-preview:large","max-video-preview":"max-video-preview:-1"},"canonical":"https:\/\/cienmilhijos.es\/en\/product\/pienso-naturalis\/","og_locale":"en_GB","og_type":"article","og_title":"Pienso Naturalis - Cien Mil Hijos","og_description":"Alimento completo para conejos adultos Los conejos tienen unos\u00a0requerimientos nutricionales importantes\u00a0que debemos preservar para mantener su salud y vitalidad durante mucho tiempo. Se trata de animales\u00a0herv\u00edboros, por lo que el&hellip;","og_url":"https:\/\/cienmilhijos.es\/en\/product\/pienso-naturalis\/","og_site_name":"Cien Mil Hijos","article_publisher":"https:\/\/www.facebook.com\/cienmilhijosanimales\/?locale=es_ES","og_image":[{"width":780,"height":780,"url":"https:\/\/cienmilhijos.es\/wp-content\/uploads\/2023\/12\/Cunipic_Adult_Naturaliss_pienso_para_conejo_CUNNATUCOAD_M.jpg","type":"image\/jpeg"}],"twitter_card":"summary_large_image","twitter_misc":{"Estimated reading time":"2 minutes"},"schema":{"@context":"https:\/\/schema.org","@graph":[{"@type":"WebPage","@id":"https:\/\/cienmilhijos.es\/product\/pienso-naturalis\/","url":"https:\/\/cienmilhijos.es\/product\/pienso-naturalis\/","name":"Pienso Naturalis - Cien Mil Hijos","isPartOf":{"@id":"https:\/\/cienmilhijos.es\/#website"},"datePublished":"2023-12-12T09:07:51+00:00","dateModified":"2023-12-12T09:07:51+00:00","breadcrumb":{"@id":"https:\/\/cienmilhijos.es\/product\/pienso-naturalis\/#breadcrumb"},"inLanguage":"en-GB","potentialAction":[{"@type":"ReadAction","target":["https:\/\/cienmilhijos.es\/product\/pienso-naturalis\/"]}]},{"@type":"BreadcrumbList","@id":"https:\/\/cienmilhijos.es\/product\/pienso-naturalis\/#breadcrumb","itemListElement":[{"@type":"ListItem","position":1,"name":"Portada","item":"https:\/\/cienmilhijos.es\/"},{"@type":"ListItem","position":2,"name":"Tienda","item":"https:\/\/cienmilhijos.es\/tienda\/"},{"@type":"ListItem","position":3,"name":"Pienso Naturalis"}]},{"@type":"WebSite","@id":"https:\/\/cienmilhijos.es\/#website","url":"https:\/\/cienmilhijos.es\/","name":"Cien Mil Hijos","description":"Cuidado de animales &amp; tienda de mascotas","publisher":{"@id":"https:\/\/cienmilhijos.es\/#organization"},"potentialAction":[{"@type":"SearchAction","target":{"@type":"EntryPoint","urlTemplate":"https:\/\/cienmilhijos.es\/?s={search_term_string}"},"query-input":"required name=search_term_string"}],"inLanguage":"en-GB"},{"@type":"Organization","@id":"https:\/\/cienmilhijos.es\/#organization","name":"Cien Mil Hijos","url":"https:\/\/cienmilhijos.es\/","logo":{"@type":"ImageObject","inLanguage":"en-GB","@id":"https:\/\/cienmilhijos.es\/#\/schema\/logo\/image\/","url":"https:\/\/cienmilhijos.es\/wp-content\/uploads\/2023\/12\/logo2.png","contentUrl":"https:\/\/cienmilhijos.es\/wp-content\/uploads\/2023\/12\/logo2.png","width":1150,"height":127,"caption":"Cien Mil Hijos"},"image":{"@id":"https:\/\/cienmilhijos.es\/#\/schema\/logo\/image\/"},"sameAs":["https:\/\/www.facebook.com\/cienmilhijosanimales\/?locale=es_ES"]}]}},"_links":{"self":[{"href":"https:\/\/cienmilhijos.es\/en\/wp-json\/wp\/v2\/product\/26451","targetHints":{"allow":["GET"]}}],"collection":[{"href":"https:\/\/cienmilhijos.es\/en\/wp-json\/wp\/v2\/product"}],"about":[{"href":"https:\/\/cienmilhijos.es\/en\/wp-json\/wp\/v2\/types\/product"}],"replies":[{"embeddable":true,"href":"https:\/\/cienmilhijos.es\/en\/wp-json\/wp\/v2\/comments?post=26451"}],"wp:featuredmedia":[{"embeddable":true,"href":"https:\/\/cienmilhijos.es\/en\/wp-json\/wp\/v2\/media\/26452"}],"wp:attachment":[{"href":"https:\/\/cienmilhijos.es\/en\/wp-json\/wp\/v2\/media?parent=26451"}],"wp:term":[{"taxonomy":"product_cat","embeddable":true,"href":"https:\/\/cienmilhijos.es\/en\/wp-json\/wp\/v2\/product_cat?post=26451"},{"taxonomy":"product_tag","embeddable":true,"href":"https:\/\/cienmilhijos.es\/en\/wp-json\/wp\/v2\/product_tag?post=26451"}],"curies":[{"name":"wp","href":"https:\/\/api.w.org\/{rel}","templated":true}]}}