{"id":26433,"date":"2023-12-11T11:52:06","date_gmt":"2023-12-11T11:52:06","guid":{"rendered":"https:\/\/cienmilhijos.es\/?post_type=product&#038;p=26433"},"modified":"2023-12-20T12:05:38","modified_gmt":"2023-12-20T12:05:38","slug":"champu-antiparasitario-para-gatos","status":"publish","type":"product","link":"https:\/\/cienmilhijos.es\/en\/product\/champu-antiparasitario-para-gatos\/","title":{"rendered":"Champ\u00fa Antiparasitario para Gatos"},"content":{"rendered":"<p>El champ\u00fa ICA\u00a0<strong>especial Antiparasitario<\/strong>, adem\u00e1s de mantener la piel y el pelo de su gato en \u00f3ptimas condiciones, limpios y suaves, contribuir\u00e1 a mantenerlos<strong>\u00a0libres de par\u00e1sitos<\/strong>, gracias a la presencia de la Q<strong>uassia amara, un repelente de insectos natural<\/strong>. Este champ\u00fa<strong>\u00a0<\/strong>de\u00a0<strong>pH neutro s\u00faper concentrado<\/strong>\u00a0<strong>y denso\u00a0<\/strong>deja el\u00a0<strong>pelo suave y limpio<\/strong>\u00a0con una leve fragancia durante mayor tiempo.<\/p>\n<p>Todos nuestros champ\u00fas llevan extracto de\u00a0<strong>Aloe vera barbadensis,<\/strong>\u00a0planta muy conocida y apreciada\u00a0que aporta\u00a0propiedades beneficiosas a nuestras mascotas:<\/p>\n<ul>\n<li>Es fungicida y bactericida; Elimina hongos y bacterias de la piel y pelaje de nuestro gato.<\/li>\n<li>Aporta vitaminas esenciales para el crecimiento del pelaje; Vitamina A, B1, B2, B6, B12, C, E.<\/li>\n<li>Regenera las c\u00e9lulas de la piel,\u00a0efecto analg\u00e9sico y potente acci\u00f3n antiinflamatoria.<\/li>\n<li>Mejora el crecimiento del pelaje; Pelo m\u00e1s fuerte y con m\u00e1s brillo.<\/li>\n<\/ul>","protected":false},"excerpt":{"rendered":"<p>El champ\u00fa ICA\u00a0especial Antiparasitario, adem\u00e1s de mantener la piel y el pelo de su gato en \u00f3ptimas condiciones, limpios y suaves, contribuir\u00e1 a mantenerlos\u00a0libres de par\u00e1sitos, gracias a la presencia&hellip;<\/p>","protected":false},"featured_media":26434,"comment_status":"open","ping_status":"closed","template":"","meta":[],"product_cat":[319],"product_tag":[],"class_list":["post-26433","product","type-product","status-publish","has-post-thumbnail","hentry","product_cat-gatos-champu-e-higiene"],"yoast_head":"<!-- This site is optimized with the Yoast SEO plugin v21.6 - https:\/\/yoast.com\/wordpress\/plugins\/seo\/ -->\n<title>Champ\u00fa Antiparasitario para Gatos - Cien Mil Hijos<\/title>\n<meta name=\"robots\" content=\"index, follow, max-snippet:-1, max-image-preview:large, max-video-preview:-1\" \/>\n<link rel=\"canonical\" href=\"https:\/\/cienmilhijos.es\/en\/product\/champu-antiparasitario-para-gatos\/\" \/>\n<meta property=\"og:locale\" content=\"en_GB\" \/>\n<meta property=\"og:type\" content=\"article\" \/>\n<meta property=\"og:title\" content=\"Champ\u00fa Antiparasitario para Gatos - Cien Mil Hijos\" \/>\n<meta property=\"og:description\" content=\"El champ\u00fa ICA\u00a0especial Antiparasitario, adem\u00e1s de mantener la piel y el pelo de su gato en \u00f3ptimas condiciones, limpios y suaves, contribuir\u00e1 a mantenerlos\u00a0libres de par\u00e1sitos, gracias a la presencia&hellip;\" \/>\n<meta property=\"og:url\" content=\"https:\/\/cienmilhijos.es\/en\/product\/champu-antiparasitario-para-gatos\/\" \/>\n<meta property=\"og:site_name\" content=\"Cien Mil Hijos\" \/>\n<meta property=\"article:publisher\" content=\"https:\/\/www.facebook.com\/cienmilhijosanimales\/?locale=es_ES\" \/>\n<meta property=\"article:modified_time\" content=\"2023-12-20T12:05:38+00:00\" \/>\n<meta property=\"og:image\" content=\"https:\/\/cienmilhijos.es\/wp-content\/uploads\/2023\/12\/chg40-champu-antiparasitos-con-aloe-vera-para-gatos-400-ml_general_11183.jpg.webp\" \/>\n\t<meta property=\"og:image:width\" content=\"1999\" \/>\n\t<meta property=\"og:image:height\" content=\"1999\" \/>\n\t<meta property=\"og:image:type\" content=\"image\/webp\" \/>\n<meta name=\"twitter:card\" content=\"summary_large_image\" \/>\n<meta name=\"twitter:label1\" content=\"Estimated reading time\" \/>\n\t<meta name=\"twitter:data1\" content=\"1 minute\" \/>\n<script type=\"application\/ld+json\" class=\"yoast-schema-graph\">{\"@context\":\"https:\/\/schema.org\",\"@graph\":[{\"@type\":\"WebPage\",\"@id\":\"https:\/\/cienmilhijos.es\/product\/champu-antiparasitario-para-gatos\/\",\"url\":\"https:\/\/cienmilhijos.es\/product\/champu-antiparasitario-para-gatos\/\",\"name\":\"Champ\u00fa Antiparasitario para Gatos - Cien Mil Hijos\",\"isPartOf\":{\"@id\":\"https:\/\/cienmilhijos.es\/#website\"},\"datePublished\":\"2023-12-11T11:52:06+00:00\",\"dateModified\":\"2023-12-20T12:05:38+00:00\",\"breadcrumb\":{\"@id\":\"https:\/\/cienmilhijos.es\/product\/champu-antiparasitario-para-gatos\/#breadcrumb\"},\"inLanguage\":\"en-GB\",\"potentialAction\":[{\"@type\":\"ReadAction\",\"target\":[\"https:\/\/cienmilhijos.es\/product\/champu-antiparasitario-para-gatos\/\"]}]},{\"@type\":\"BreadcrumbList\",\"@id\":\"https:\/\/cienmilhijos.es\/product\/champu-antiparasitario-para-gatos\/#breadcrumb\",\"itemListElement\":[{\"@type\":\"ListItem\",\"position\":1,\"name\":\"Portada\",\"item\":\"https:\/\/cienmilhijos.es\/\"},{\"@type\":\"ListItem\",\"position\":2,\"name\":\"Tienda\",\"item\":\"https:\/\/cienmilhijos.es\/tienda\/\"},{\"@type\":\"ListItem\",\"position\":3,\"name\":\"Champ\u00fa Antiparasitario para Gatos\"}]},{\"@type\":\"WebSite\",\"@id\":\"https:\/\/cienmilhijos.es\/#website\",\"url\":\"https:\/\/cienmilhijos.es\/\",\"name\":\"Cien Mil Hijos\",\"description\":\"Cuidado de animales &amp; tienda de mascotas\",\"publisher\":{\"@id\":\"https:\/\/cienmilhijos.es\/#organization\"},\"potentialAction\":[{\"@type\":\"SearchAction\",\"target\":{\"@type\":\"EntryPoint\",\"urlTemplate\":\"https:\/\/cienmilhijos.es\/?s={search_term_string}\"},\"query-input\":\"required name=search_term_string\"}],\"inLanguage\":\"en-GB\"},{\"@type\":\"Organization\",\"@id\":\"https:\/\/cienmilhijos.es\/#organization\",\"name\":\"Cien Mil Hijos\",\"url\":\"https:\/\/cienmilhijos.es\/\",\"logo\":{\"@type\":\"ImageObject\",\"inLanguage\":\"en-GB\",\"@id\":\"https:\/\/cienmilhijos.es\/#\/schema\/logo\/image\/\",\"url\":\"https:\/\/cienmilhijos.es\/wp-content\/uploads\/2023\/12\/logo2.png\",\"contentUrl\":\"https:\/\/cienmilhijos.es\/wp-content\/uploads\/2023\/12\/logo2.png\",\"width\":1150,\"height\":127,\"caption\":\"Cien Mil Hijos\"},\"image\":{\"@id\":\"https:\/\/cienmilhijos.es\/#\/schema\/logo\/image\/\"},\"sameAs\":[\"https:\/\/www.facebook.com\/cienmilhijosanimales\/?locale=es_ES\"]}]}<\/script>\n<!-- \/ Yoast SEO plugin. -->","yoast_head_json":{"title":"Champ\u00fa Antiparasitario para Gatos - Cien Mil Hijos","robots":{"index":"index","follow":"follow","max-snippet":"max-snippet:-1","max-image-preview":"max-image-preview:large","max-video-preview":"max-video-preview:-1"},"canonical":"https:\/\/cienmilhijos.es\/en\/product\/champu-antiparasitario-para-gatos\/","og_locale":"en_GB","og_type":"article","og_title":"Champ\u00fa Antiparasitario para Gatos - Cien Mil Hijos","og_description":"El champ\u00fa ICA\u00a0especial Antiparasitario, adem\u00e1s de mantener la piel y el pelo de su gato en \u00f3ptimas condiciones, limpios y suaves, contribuir\u00e1 a mantenerlos\u00a0libres de par\u00e1sitos, gracias a la presencia&hellip;","og_url":"https:\/\/cienmilhijos.es\/en\/product\/champu-antiparasitario-para-gatos\/","og_site_name":"Cien Mil Hijos","article_publisher":"https:\/\/www.facebook.com\/cienmilhijosanimales\/?locale=es_ES","article_modified_time":"2023-12-20T12:05:38+00:00","og_image":[{"width":1999,"height":1999,"url":"https:\/\/cienmilhijos.es\/wp-content\/uploads\/2023\/12\/chg40-champu-antiparasitos-con-aloe-vera-para-gatos-400-ml_general_11183.jpg.webp","type":"image\/webp"}],"twitter_card":"summary_large_image","twitter_misc":{"Estimated reading time":"1 minute"},"schema":{"@context":"https:\/\/schema.org","@graph":[{"@type":"WebPage","@id":"https:\/\/cienmilhijos.es\/product\/champu-antiparasitario-para-gatos\/","url":"https:\/\/cienmilhijos.es\/product\/champu-antiparasitario-para-gatos\/","name":"Champ\u00fa Antiparasitario para Gatos - Cien Mil Hijos","isPartOf":{"@id":"https:\/\/cienmilhijos.es\/#website"},"datePublished":"2023-12-11T11:52:06+00:00","dateModified":"2023-12-20T12:05:38+00:00","breadcrumb":{"@id":"https:\/\/cienmilhijos.es\/product\/champu-antiparasitario-para-gatos\/#breadcrumb"},"inLanguage":"en-GB","potentialAction":[{"@type":"ReadAction","target":["https:\/\/cienmilhijos.es\/product\/champu-antiparasitario-para-gatos\/"]}]},{"@type":"BreadcrumbList","@id":"https:\/\/cienmilhijos.es\/product\/champu-antiparasitario-para-gatos\/#breadcrumb","itemListElement":[{"@type":"ListItem","position":1,"name":"Portada","item":"https:\/\/cienmilhijos.es\/"},{"@type":"ListItem","position":2,"name":"Tienda","item":"https:\/\/cienmilhijos.es\/tienda\/"},{"@type":"ListItem","position":3,"name":"Champ\u00fa Antiparasitario para Gatos"}]},{"@type":"WebSite","@id":"https:\/\/cienmilhijos.es\/#website","url":"https:\/\/cienmilhijos.es\/","name":"Cien Mil Hijos","description":"Cuidado de animales &amp; tienda de mascotas","publisher":{"@id":"https:\/\/cienmilhijos.es\/#organization"},"potentialAction":[{"@type":"SearchAction","target":{"@type":"EntryPoint","urlTemplate":"https:\/\/cienmilhijos.es\/?s={search_term_string}"},"query-input":"required name=search_term_string"}],"inLanguage":"en-GB"},{"@type":"Organization","@id":"https:\/\/cienmilhijos.es\/#organization","name":"Cien Mil Hijos","url":"https:\/\/cienmilhijos.es\/","logo":{"@type":"ImageObject","inLanguage":"en-GB","@id":"https:\/\/cienmilhijos.es\/#\/schema\/logo\/image\/","url":"https:\/\/cienmilhijos.es\/wp-content\/uploads\/2023\/12\/logo2.png","contentUrl":"https:\/\/cienmilhijos.es\/wp-content\/uploads\/2023\/12\/logo2.png","width":1150,"height":127,"caption":"Cien Mil Hijos"},"image":{"@id":"https:\/\/cienmilhijos.es\/#\/schema\/logo\/image\/"},"sameAs":["https:\/\/www.facebook.com\/cienmilhijosanimales\/?locale=es_ES"]}]}},"_links":{"self":[{"href":"https:\/\/cienmilhijos.es\/en\/wp-json\/wp\/v2\/product\/26433","targetHints":{"allow":["GET"]}}],"collection":[{"href":"https:\/\/cienmilhijos.es\/en\/wp-json\/wp\/v2\/product"}],"about":[{"href":"https:\/\/cienmilhijos.es\/en\/wp-json\/wp\/v2\/types\/product"}],"replies":[{"embeddable":true,"href":"https:\/\/cienmilhijos.es\/en\/wp-json\/wp\/v2\/comments?post=26433"}],"wp:featuredmedia":[{"embeddable":true,"href":"https:\/\/cienmilhijos.es\/en\/wp-json\/wp\/v2\/media\/26434"}],"wp:attachment":[{"href":"https:\/\/cienmilhijos.es\/en\/wp-json\/wp\/v2\/media?parent=26433"}],"wp:term":[{"taxonomy":"product_cat","embeddable":true,"href":"https:\/\/cienmilhijos.es\/en\/wp-json\/wp\/v2\/product_cat?post=26433"},{"taxonomy":"product_tag","embeddable":true,"href":"https:\/\/cienmilhijos.es\/en\/wp-json\/wp\/v2\/product_tag?post=26433"}],"curies":[{"name":"wp","href":"https:\/\/api.w.org\/{rel}","templated":true}]}}