{"id":26404,"date":"2023-12-11T09:41:26","date_gmt":"2023-12-11T09:41:26","guid":{"rendered":"https:\/\/cienmilhijos.es\/?post_type=product&#038;p=26404"},"modified":"2023-12-11T09:48:13","modified_gmt":"2023-12-11T09:48:13","slug":"premios-joy-classic-pollo-y-pescado","status":"publish","type":"product","link":"https:\/\/cienmilhijos.es\/en\/product\/premios-joy-classic-pollo-y-pescado\/","title":{"rendered":"Premios Joy Classic Pollo y Pescado"},"content":{"rendered":"<p>Un delicioso manjar a base de carne de pollo y pescado que aporta energ\u00eda y contiene \u00e1cidos grasos insaturados para una piel y un pelaje sanos. Alimento complementario para perros.<\/p>\n<p>Composici\u00f3n: pollo, bacalao, prote\u00edna vegetal, glicerina, sorbitol. Componentes anal\u00edticos: prote\u00edna cruda 49%, grasa 2%, fibra cruda 3%, ceniza cruda 4%, humedad 20%.<\/p>\n<p>Ofrecerle a tu compa\u00f1ero los premios de Joy Dog Classic tiras de Pescado Pollo 80Gr es la mejor opci\u00f3n en comida saludable para tu mascota.<\/p>","protected":false},"excerpt":{"rendered":"<p>Un delicioso manjar a base de carne de pollo y pescado que aporta energ\u00eda y contiene \u00e1cidos grasos insaturados para una piel y un pelaje sanos. Alimento complementario para perros.&hellip;<\/p>","protected":false},"featured_media":26405,"comment_status":"open","ping_status":"closed","template":"","meta":[],"product_cat":[251],"product_tag":[],"class_list":["post-26404","product","type-product","status-publish","has-post-thumbnail","hentry","product_cat-perros"],"yoast_head":"<!-- This site is optimized with the Yoast SEO plugin v21.6 - https:\/\/yoast.com\/wordpress\/plugins\/seo\/ -->\n<title>Premios Joy Classic Pollo y Pescado - Cien Mil Hijos<\/title>\n<meta name=\"robots\" content=\"index, follow, max-snippet:-1, max-image-preview:large, max-video-preview:-1\" \/>\n<link rel=\"canonical\" href=\"https:\/\/cienmilhijos.es\/en\/product\/premios-joy-classic-pollo-y-pescado\/\" \/>\n<meta property=\"og:locale\" content=\"en_GB\" \/>\n<meta property=\"og:type\" content=\"article\" \/>\n<meta property=\"og:title\" content=\"Premios Joy Classic Pollo y Pescado - Cien Mil Hijos\" \/>\n<meta property=\"og:description\" content=\"Un delicioso manjar a base de carne de pollo y pescado que aporta energ\u00eda y contiene \u00e1cidos grasos insaturados para una piel y un pelaje sanos. Alimento complementario para perros.&hellip;\" \/>\n<meta property=\"og:url\" content=\"https:\/\/cienmilhijos.es\/en\/product\/premios-joy-classic-pollo-y-pescado\/\" \/>\n<meta property=\"og:site_name\" content=\"Cien Mil Hijos\" \/>\n<meta property=\"article:publisher\" content=\"https:\/\/www.facebook.com\/cienmilhijosanimales\/?locale=es_ES\" \/>\n<meta property=\"article:modified_time\" content=\"2023-12-11T09:48:13+00:00\" \/>\n<meta property=\"og:image\" content=\"https:\/\/cienmilhijos.es\/wp-content\/uploads\/2023\/12\/premium-natural-perro-calibra-joy-dog-classic-sandwich-pescado-pollo-80gr.webp\" \/>\n\t<meta property=\"og:image:width\" content=\"800\" \/>\n\t<meta property=\"og:image:height\" content=\"1200\" \/>\n\t<meta property=\"og:image:type\" content=\"image\/webp\" \/>\n<meta name=\"twitter:card\" content=\"summary_large_image\" \/>\n<meta name=\"twitter:label1\" content=\"Estimated reading time\" \/>\n\t<meta name=\"twitter:data1\" content=\"1 minute\" \/>\n<script type=\"application\/ld+json\" class=\"yoast-schema-graph\">{\"@context\":\"https:\/\/schema.org\",\"@graph\":[{\"@type\":\"WebPage\",\"@id\":\"https:\/\/cienmilhijos.es\/product\/premios-joy-classic-pollo-y-pescado\/\",\"url\":\"https:\/\/cienmilhijos.es\/product\/premios-joy-classic-pollo-y-pescado\/\",\"name\":\"Premios Joy Classic Pollo y Pescado - Cien Mil Hijos\",\"isPartOf\":{\"@id\":\"https:\/\/cienmilhijos.es\/#website\"},\"datePublished\":\"2023-12-11T09:41:26+00:00\",\"dateModified\":\"2023-12-11T09:48:13+00:00\",\"breadcrumb\":{\"@id\":\"https:\/\/cienmilhijos.es\/product\/premios-joy-classic-pollo-y-pescado\/#breadcrumb\"},\"inLanguage\":\"en-GB\",\"potentialAction\":[{\"@type\":\"ReadAction\",\"target\":[\"https:\/\/cienmilhijos.es\/product\/premios-joy-classic-pollo-y-pescado\/\"]}]},{\"@type\":\"BreadcrumbList\",\"@id\":\"https:\/\/cienmilhijos.es\/product\/premios-joy-classic-pollo-y-pescado\/#breadcrumb\",\"itemListElement\":[{\"@type\":\"ListItem\",\"position\":1,\"name\":\"Portada\",\"item\":\"https:\/\/cienmilhijos.es\/\"},{\"@type\":\"ListItem\",\"position\":2,\"name\":\"Tienda\",\"item\":\"https:\/\/cienmilhijos.es\/tienda\/\"},{\"@type\":\"ListItem\",\"position\":3,\"name\":\"Premios Joy Classic Pollo y Pescado\"}]},{\"@type\":\"WebSite\",\"@id\":\"https:\/\/cienmilhijos.es\/#website\",\"url\":\"https:\/\/cienmilhijos.es\/\",\"name\":\"Cien Mil Hijos\",\"description\":\"Cuidado de animales &amp; tienda de mascotas\",\"publisher\":{\"@id\":\"https:\/\/cienmilhijos.es\/#organization\"},\"potentialAction\":[{\"@type\":\"SearchAction\",\"target\":{\"@type\":\"EntryPoint\",\"urlTemplate\":\"https:\/\/cienmilhijos.es\/?s={search_term_string}\"},\"query-input\":\"required name=search_term_string\"}],\"inLanguage\":\"en-GB\"},{\"@type\":\"Organization\",\"@id\":\"https:\/\/cienmilhijos.es\/#organization\",\"name\":\"Cien Mil Hijos\",\"url\":\"https:\/\/cienmilhijos.es\/\",\"logo\":{\"@type\":\"ImageObject\",\"inLanguage\":\"en-GB\",\"@id\":\"https:\/\/cienmilhijos.es\/#\/schema\/logo\/image\/\",\"url\":\"https:\/\/cienmilhijos.es\/wp-content\/uploads\/2023\/12\/logo2.png\",\"contentUrl\":\"https:\/\/cienmilhijos.es\/wp-content\/uploads\/2023\/12\/logo2.png\",\"width\":1150,\"height\":127,\"caption\":\"Cien Mil Hijos\"},\"image\":{\"@id\":\"https:\/\/cienmilhijos.es\/#\/schema\/logo\/image\/\"},\"sameAs\":[\"https:\/\/www.facebook.com\/cienmilhijosanimales\/?locale=es_ES\"]}]}<\/script>\n<!-- \/ Yoast SEO plugin. -->","yoast_head_json":{"title":"Premios Joy Classic Pollo y Pescado - Cien Mil Hijos","robots":{"index":"index","follow":"follow","max-snippet":"max-snippet:-1","max-image-preview":"max-image-preview:large","max-video-preview":"max-video-preview:-1"},"canonical":"https:\/\/cienmilhijos.es\/en\/product\/premios-joy-classic-pollo-y-pescado\/","og_locale":"en_GB","og_type":"article","og_title":"Premios Joy Classic Pollo y Pescado - Cien Mil Hijos","og_description":"Un delicioso manjar a base de carne de pollo y pescado que aporta energ\u00eda y contiene \u00e1cidos grasos insaturados para una piel y un pelaje sanos. Alimento complementario para perros.&hellip;","og_url":"https:\/\/cienmilhijos.es\/en\/product\/premios-joy-classic-pollo-y-pescado\/","og_site_name":"Cien Mil Hijos","article_publisher":"https:\/\/www.facebook.com\/cienmilhijosanimales\/?locale=es_ES","article_modified_time":"2023-12-11T09:48:13+00:00","og_image":[{"width":800,"height":1200,"url":"https:\/\/cienmilhijos.es\/wp-content\/uploads\/2023\/12\/premium-natural-perro-calibra-joy-dog-classic-sandwich-pescado-pollo-80gr.webp","type":"image\/webp"}],"twitter_card":"summary_large_image","twitter_misc":{"Estimated reading time":"1 minute"},"schema":{"@context":"https:\/\/schema.org","@graph":[{"@type":"WebPage","@id":"https:\/\/cienmilhijos.es\/product\/premios-joy-classic-pollo-y-pescado\/","url":"https:\/\/cienmilhijos.es\/product\/premios-joy-classic-pollo-y-pescado\/","name":"Premios Joy Classic Pollo y Pescado - Cien Mil Hijos","isPartOf":{"@id":"https:\/\/cienmilhijos.es\/#website"},"datePublished":"2023-12-11T09:41:26+00:00","dateModified":"2023-12-11T09:48:13+00:00","breadcrumb":{"@id":"https:\/\/cienmilhijos.es\/product\/premios-joy-classic-pollo-y-pescado\/#breadcrumb"},"inLanguage":"en-GB","potentialAction":[{"@type":"ReadAction","target":["https:\/\/cienmilhijos.es\/product\/premios-joy-classic-pollo-y-pescado\/"]}]},{"@type":"BreadcrumbList","@id":"https:\/\/cienmilhijos.es\/product\/premios-joy-classic-pollo-y-pescado\/#breadcrumb","itemListElement":[{"@type":"ListItem","position":1,"name":"Portada","item":"https:\/\/cienmilhijos.es\/"},{"@type":"ListItem","position":2,"name":"Tienda","item":"https:\/\/cienmilhijos.es\/tienda\/"},{"@type":"ListItem","position":3,"name":"Premios Joy Classic Pollo y Pescado"}]},{"@type":"WebSite","@id":"https:\/\/cienmilhijos.es\/#website","url":"https:\/\/cienmilhijos.es\/","name":"Cien Mil Hijos","description":"Cuidado de animales &amp; tienda de mascotas","publisher":{"@id":"https:\/\/cienmilhijos.es\/#organization"},"potentialAction":[{"@type":"SearchAction","target":{"@type":"EntryPoint","urlTemplate":"https:\/\/cienmilhijos.es\/?s={search_term_string}"},"query-input":"required name=search_term_string"}],"inLanguage":"en-GB"},{"@type":"Organization","@id":"https:\/\/cienmilhijos.es\/#organization","name":"Cien Mil Hijos","url":"https:\/\/cienmilhijos.es\/","logo":{"@type":"ImageObject","inLanguage":"en-GB","@id":"https:\/\/cienmilhijos.es\/#\/schema\/logo\/image\/","url":"https:\/\/cienmilhijos.es\/wp-content\/uploads\/2023\/12\/logo2.png","contentUrl":"https:\/\/cienmilhijos.es\/wp-content\/uploads\/2023\/12\/logo2.png","width":1150,"height":127,"caption":"Cien Mil Hijos"},"image":{"@id":"https:\/\/cienmilhijos.es\/#\/schema\/logo\/image\/"},"sameAs":["https:\/\/www.facebook.com\/cienmilhijosanimales\/?locale=es_ES"]}]}},"_links":{"self":[{"href":"https:\/\/cienmilhijos.es\/en\/wp-json\/wp\/v2\/product\/26404","targetHints":{"allow":["GET"]}}],"collection":[{"href":"https:\/\/cienmilhijos.es\/en\/wp-json\/wp\/v2\/product"}],"about":[{"href":"https:\/\/cienmilhijos.es\/en\/wp-json\/wp\/v2\/types\/product"}],"replies":[{"embeddable":true,"href":"https:\/\/cienmilhijos.es\/en\/wp-json\/wp\/v2\/comments?post=26404"}],"wp:featuredmedia":[{"embeddable":true,"href":"https:\/\/cienmilhijos.es\/en\/wp-json\/wp\/v2\/media\/26405"}],"wp:attachment":[{"href":"https:\/\/cienmilhijos.es\/en\/wp-json\/wp\/v2\/media?parent=26404"}],"wp:term":[{"taxonomy":"product_cat","embeddable":true,"href":"https:\/\/cienmilhijos.es\/en\/wp-json\/wp\/v2\/product_cat?post=26404"},{"taxonomy":"product_tag","embeddable":true,"href":"https:\/\/cienmilhijos.es\/en\/wp-json\/wp\/v2\/product_tag?post=26404"}],"curies":[{"name":"wp","href":"https:\/\/api.w.org\/{rel}","templated":true}]}}