{"id":26350,"date":"2023-12-05T18:52:34","date_gmt":"2023-12-05T18:52:34","guid":{"rendered":"https:\/\/cienmilhijos.es\/?post_type=product&#038;p=26350"},"modified":"2023-12-09T12:18:02","modified_gmt":"2023-12-09T12:18:02","slug":"transportines-traveller","status":"publish","type":"product","link":"https:\/\/cienmilhijos.es\/en\/product\/transportines-traveller\/","title":{"rendered":"Transportines Traveller"},"content":{"rendered":"<p>Transport\u00edn Traveller<\/p>\n<p>Fabricado en pl\u00e1stico muy resistente, higi\u00e9nico y f\u00e1cil de limpiar.<\/p>\n<p>Montaje y desmontaje muy sencillo y r\u00e1pido.<\/p>\n<p>Buena ventilaci\u00f3n, cinco ventanas.<br \/>\nCon puerta met\u00e1lica lacada en color gris. Puerta met\u00e1lica con sistema de cierre y abertura de muelles. Suave, c\u00f3modo y seguro.<\/p>\n<p>En su parte superior tiene dos compartimentos para llevar la correa, la documentaci\u00f3n, snacks, etc.<br \/>\nTambi\u00e9n incorpora un tirador ocultable para su transporte.<\/p>\n<p>INCLUYE:<br \/>\n\u00b7 Bebedero comedero que se acopla a la puerta.<br \/>\n\u00b7 El modelo I incluye una rejilla de pl\u00e1stico en la base del transport\u00edn para evitar que el perro se moje o manche si orina, vomita, etc.<br \/>\n\u00b7 Ruedas de f\u00e1cil &#8220;quita y pon&#8221; con freno.<\/p>\n<table width=\"300\">\n<tbody>\n<tr>\n<td><strong>Modelo<\/strong><br \/>\n<strong>TRANSPORT\u00cdN<\/strong><\/td>\n<td><strong>Ref.<br \/>\n<\/strong><\/td>\n<td><strong>\u00a0MEDIDAS<\/strong><br \/>\n(m\u00e1ximas exteriores)<\/td>\n<\/tr>\n<tr>\n<td>TALLA M<\/td>\n<td>RQ0030<\/td>\n<td><strong>71 x 51 x 52 (alt.) cm.<\/strong><\/td>\n<\/tr>\n<tr>\n<td>TALLA l<\/td>\n<td>RQ0031<\/td>\n<td><strong>83 x 55 x 60 (alt.) cm.<\/strong><\/td>\n<\/tr>\n<tr>\n<td>TALLA XL<\/td>\n<td>RQ0032<\/td>\n<td><strong>92 x 63 x 67 (alt.) cm.<\/strong><\/td>\n<\/tr>\n<tr>\n<td>TALLA XXL<\/td>\n<td>RQ0033<\/td>\n<td><strong>103 x 72 x 76 (alt.) cm.<\/strong><\/td>\n<\/tr>\n<\/tbody>\n<\/table>","protected":false},"excerpt":{"rendered":"<p>Transport\u00edn Traveller Fabricado en pl\u00e1stico muy resistente, higi\u00e9nico y f\u00e1cil de limpiar. Montaje y desmontaje muy sencillo y r\u00e1pido. Buena ventilaci\u00f3n, cinco ventanas. Con puerta met\u00e1lica lacada en color gris.&hellip;<\/p>","protected":false},"featured_media":26351,"comment_status":"open","ping_status":"closed","template":"","meta":[],"product_cat":[271,272],"product_tag":[],"class_list":["post-26350","product","type-product","status-publish","has-post-thumbnail","hentry","product_cat-articulos-gatos","product_cat-articulos-perros"],"yoast_head":"<!-- This site is optimized with the Yoast SEO plugin v21.6 - https:\/\/yoast.com\/wordpress\/plugins\/seo\/ -->\n<title>Transportines Traveller - Cien Mil Hijos<\/title>\n<meta name=\"robots\" content=\"index, follow, max-snippet:-1, max-image-preview:large, max-video-preview:-1\" \/>\n<link rel=\"canonical\" href=\"https:\/\/cienmilhijos.es\/en\/product\/transportines-traveller\/\" \/>\n<meta property=\"og:locale\" content=\"en_GB\" \/>\n<meta property=\"og:type\" content=\"article\" \/>\n<meta property=\"og:title\" content=\"Transportines Traveller - Cien Mil Hijos\" \/>\n<meta property=\"og:description\" content=\"Transport\u00edn Traveller Fabricado en pl\u00e1stico muy resistente, higi\u00e9nico y f\u00e1cil de limpiar. Montaje y desmontaje muy sencillo y r\u00e1pido. Buena ventilaci\u00f3n, cinco ventanas. Con puerta met\u00e1lica lacada en color gris.&hellip;\" \/>\n<meta property=\"og:url\" content=\"https:\/\/cienmilhijos.es\/en\/product\/transportines-traveller\/\" \/>\n<meta property=\"og:site_name\" content=\"Cien Mil Hijos\" \/>\n<meta property=\"article:publisher\" content=\"https:\/\/www.facebook.com\/cienmilhijosanimales\/?locale=es_ES\" \/>\n<meta property=\"article:modified_time\" content=\"2023-12-09T12:18:02+00:00\" \/>\n<meta property=\"og:image\" content=\"https:\/\/cienmilhijos.es\/wp-content\/uploads\/2023\/12\/picture_31162_original.jpg\" \/>\n\t<meta property=\"og:image:width\" content=\"500\" \/>\n\t<meta property=\"og:image:height\" content=\"500\" \/>\n\t<meta property=\"og:image:type\" content=\"image\/jpeg\" \/>\n<meta name=\"twitter:card\" content=\"summary_large_image\" \/>\n<meta name=\"twitter:label1\" content=\"Estimated reading time\" \/>\n\t<meta name=\"twitter:data1\" content=\"1 minute\" \/>\n<script type=\"application\/ld+json\" class=\"yoast-schema-graph\">{\"@context\":\"https:\/\/schema.org\",\"@graph\":[{\"@type\":\"WebPage\",\"@id\":\"https:\/\/cienmilhijos.es\/product\/transportines-traveller\/\",\"url\":\"https:\/\/cienmilhijos.es\/product\/transportines-traveller\/\",\"name\":\"Transportines Traveller - Cien Mil Hijos\",\"isPartOf\":{\"@id\":\"https:\/\/cienmilhijos.es\/#website\"},\"datePublished\":\"2023-12-05T18:52:34+00:00\",\"dateModified\":\"2023-12-09T12:18:02+00:00\",\"breadcrumb\":{\"@id\":\"https:\/\/cienmilhijos.es\/product\/transportines-traveller\/#breadcrumb\"},\"inLanguage\":\"en-GB\",\"potentialAction\":[{\"@type\":\"ReadAction\",\"target\":[\"https:\/\/cienmilhijos.es\/product\/transportines-traveller\/\"]}]},{\"@type\":\"BreadcrumbList\",\"@id\":\"https:\/\/cienmilhijos.es\/product\/transportines-traveller\/#breadcrumb\",\"itemListElement\":[{\"@type\":\"ListItem\",\"position\":1,\"name\":\"Portada\",\"item\":\"https:\/\/cienmilhijos.es\/\"},{\"@type\":\"ListItem\",\"position\":2,\"name\":\"Tienda\",\"item\":\"https:\/\/cienmilhijos.es\/tienda\/\"},{\"@type\":\"ListItem\",\"position\":3,\"name\":\"Transportines Traveller\"}]},{\"@type\":\"WebSite\",\"@id\":\"https:\/\/cienmilhijos.es\/#website\",\"url\":\"https:\/\/cienmilhijos.es\/\",\"name\":\"Cien Mil Hijos\",\"description\":\"Cuidado de animales &amp; tienda de mascotas\",\"publisher\":{\"@id\":\"https:\/\/cienmilhijos.es\/#organization\"},\"potentialAction\":[{\"@type\":\"SearchAction\",\"target\":{\"@type\":\"EntryPoint\",\"urlTemplate\":\"https:\/\/cienmilhijos.es\/?s={search_term_string}\"},\"query-input\":\"required name=search_term_string\"}],\"inLanguage\":\"en-GB\"},{\"@type\":\"Organization\",\"@id\":\"https:\/\/cienmilhijos.es\/#organization\",\"name\":\"Cien Mil Hijos\",\"url\":\"https:\/\/cienmilhijos.es\/\",\"logo\":{\"@type\":\"ImageObject\",\"inLanguage\":\"en-GB\",\"@id\":\"https:\/\/cienmilhijos.es\/#\/schema\/logo\/image\/\",\"url\":\"https:\/\/cienmilhijos.es\/wp-content\/uploads\/2023\/12\/logo2.png\",\"contentUrl\":\"https:\/\/cienmilhijos.es\/wp-content\/uploads\/2023\/12\/logo2.png\",\"width\":1150,\"height\":127,\"caption\":\"Cien Mil Hijos\"},\"image\":{\"@id\":\"https:\/\/cienmilhijos.es\/#\/schema\/logo\/image\/\"},\"sameAs\":[\"https:\/\/www.facebook.com\/cienmilhijosanimales\/?locale=es_ES\"]}]}<\/script>\n<!-- \/ Yoast SEO plugin. -->","yoast_head_json":{"title":"Transportines Traveller - Cien Mil Hijos","robots":{"index":"index","follow":"follow","max-snippet":"max-snippet:-1","max-image-preview":"max-image-preview:large","max-video-preview":"max-video-preview:-1"},"canonical":"https:\/\/cienmilhijos.es\/en\/product\/transportines-traveller\/","og_locale":"en_GB","og_type":"article","og_title":"Transportines Traveller - Cien Mil Hijos","og_description":"Transport\u00edn Traveller Fabricado en pl\u00e1stico muy resistente, higi\u00e9nico y f\u00e1cil de limpiar. Montaje y desmontaje muy sencillo y r\u00e1pido. Buena ventilaci\u00f3n, cinco ventanas. Con puerta met\u00e1lica lacada en color gris.&hellip;","og_url":"https:\/\/cienmilhijos.es\/en\/product\/transportines-traveller\/","og_site_name":"Cien Mil Hijos","article_publisher":"https:\/\/www.facebook.com\/cienmilhijosanimales\/?locale=es_ES","article_modified_time":"2023-12-09T12:18:02+00:00","og_image":[{"width":500,"height":500,"url":"https:\/\/cienmilhijos.es\/wp-content\/uploads\/2023\/12\/picture_31162_original.jpg","type":"image\/jpeg"}],"twitter_card":"summary_large_image","twitter_misc":{"Estimated reading time":"1 minute"},"schema":{"@context":"https:\/\/schema.org","@graph":[{"@type":"WebPage","@id":"https:\/\/cienmilhijos.es\/product\/transportines-traveller\/","url":"https:\/\/cienmilhijos.es\/product\/transportines-traveller\/","name":"Transportines Traveller - Cien Mil Hijos","isPartOf":{"@id":"https:\/\/cienmilhijos.es\/#website"},"datePublished":"2023-12-05T18:52:34+00:00","dateModified":"2023-12-09T12:18:02+00:00","breadcrumb":{"@id":"https:\/\/cienmilhijos.es\/product\/transportines-traveller\/#breadcrumb"},"inLanguage":"en-GB","potentialAction":[{"@type":"ReadAction","target":["https:\/\/cienmilhijos.es\/product\/transportines-traveller\/"]}]},{"@type":"BreadcrumbList","@id":"https:\/\/cienmilhijos.es\/product\/transportines-traveller\/#breadcrumb","itemListElement":[{"@type":"ListItem","position":1,"name":"Portada","item":"https:\/\/cienmilhijos.es\/"},{"@type":"ListItem","position":2,"name":"Tienda","item":"https:\/\/cienmilhijos.es\/tienda\/"},{"@type":"ListItem","position":3,"name":"Transportines Traveller"}]},{"@type":"WebSite","@id":"https:\/\/cienmilhijos.es\/#website","url":"https:\/\/cienmilhijos.es\/","name":"Cien Mil Hijos","description":"Cuidado de animales &amp; tienda de mascotas","publisher":{"@id":"https:\/\/cienmilhijos.es\/#organization"},"potentialAction":[{"@type":"SearchAction","target":{"@type":"EntryPoint","urlTemplate":"https:\/\/cienmilhijos.es\/?s={search_term_string}"},"query-input":"required name=search_term_string"}],"inLanguage":"en-GB"},{"@type":"Organization","@id":"https:\/\/cienmilhijos.es\/#organization","name":"Cien Mil Hijos","url":"https:\/\/cienmilhijos.es\/","logo":{"@type":"ImageObject","inLanguage":"en-GB","@id":"https:\/\/cienmilhijos.es\/#\/schema\/logo\/image\/","url":"https:\/\/cienmilhijos.es\/wp-content\/uploads\/2023\/12\/logo2.png","contentUrl":"https:\/\/cienmilhijos.es\/wp-content\/uploads\/2023\/12\/logo2.png","width":1150,"height":127,"caption":"Cien Mil Hijos"},"image":{"@id":"https:\/\/cienmilhijos.es\/#\/schema\/logo\/image\/"},"sameAs":["https:\/\/www.facebook.com\/cienmilhijosanimales\/?locale=es_ES"]}]}},"_links":{"self":[{"href":"https:\/\/cienmilhijos.es\/en\/wp-json\/wp\/v2\/product\/26350","targetHints":{"allow":["GET"]}}],"collection":[{"href":"https:\/\/cienmilhijos.es\/en\/wp-json\/wp\/v2\/product"}],"about":[{"href":"https:\/\/cienmilhijos.es\/en\/wp-json\/wp\/v2\/types\/product"}],"replies":[{"embeddable":true,"href":"https:\/\/cienmilhijos.es\/en\/wp-json\/wp\/v2\/comments?post=26350"}],"wp:featuredmedia":[{"embeddable":true,"href":"https:\/\/cienmilhijos.es\/en\/wp-json\/wp\/v2\/media\/26351"}],"wp:attachment":[{"href":"https:\/\/cienmilhijos.es\/en\/wp-json\/wp\/v2\/media?parent=26350"}],"wp:term":[{"taxonomy":"product_cat","embeddable":true,"href":"https:\/\/cienmilhijos.es\/en\/wp-json\/wp\/v2\/product_cat?post=26350"},{"taxonomy":"product_tag","embeddable":true,"href":"https:\/\/cienmilhijos.es\/en\/wp-json\/wp\/v2\/product_tag?post=26350"}],"curies":[{"name":"wp","href":"https:\/\/api.w.org\/{rel}","templated":true}]}}