{"id":26322,"date":"2023-12-03T11:35:53","date_gmt":"2023-12-03T11:35:53","guid":{"rendered":"https:\/\/cienmilhijos.es\/?post_type=product&#038;p=26322"},"modified":"2023-12-20T12:10:20","modified_gmt":"2023-12-20T12:10:20","slug":"cuna-winter-trees","status":"publish","type":"product","link":"https:\/\/cienmilhijos.es\/en\/product\/cuna-winter-trees\/","title":{"rendered":"Cuna Winter Trees"},"content":{"rendered":"<div class=\"container product-detail js-product-detail product-wrapper\" data-pid=\"MRK000207115\">\n<div class=\"description-and-detail mt-3\">\n<div class=\"row details collapsible-xs active\">\n<div id=\"collapsible-details-1\" class=\"col-sm-12 value content\">Cama cuadrada para perros y gatos \u201cWinter Trees\u201d.<\/div>\n<div class=\"col-sm-12 value content\">Esta cama es muy mullida y acogedora. Combina un interior muy suave en color gris, con el tejido exterior del mismo color pero estampado con bonitos \u00e1rboles blancos.<\/div>\n<div class=\"col-sm-12 value content\">La zona de apoyo es muy gruesa y estable.<\/div>\n<div class=\"col-sm-12 value content\">Dise\u00f1o y color elegante para cualquier rinc\u00f3n de la casa.<\/div>\n<div class=\"col-sm-12 value content\">Su mascota se sentir\u00e1 muy recogida gracias a sus laterales altos.<\/div>\n<div class=\"col-sm-12 value content\">Cama de una sola pieza.<\/div>\n<div class=\"col-sm-12 value content\">Lavable a m\u00e1quina en agua fr\u00eda.<\/div>\n<div class=\"col-sm-12 value content\">Tejido antideslizante en la base.<\/div>\n<div class=\"col-sm-12 value content\">Esta cama es muy mullida y acogedora.<\/div>\n<div><\/div>\n<div class=\"col-sm-12 value content\">USOS Y ESPECIFICACIONES:<\/div>\n<div class=\"col-sm-12 value content\">Lavable a m\u00e1quina en agua fr\u00eda.<\/div>\n<div class=\"col-sm-12 value content\">Tejido antideslizante en la base.<\/div>\n<div class=\"col-sm-12 value content\">Color: Gris<\/div>\n<div class=\"col-sm-12 value content\">Medidas:<\/div>\n<div class=\"col-sm-12 value content\">Talla S: Peque\u00f1a. 48 cm x 41 cm x (alt)16 cm. \u00b7<\/div>\n<div class=\"col-sm-12 value content\">Talla M: Mediana. 62 cm x 53 cm x (alt)24 cm.<\/div>\n<div class=\"col-sm-12 value content\">Talla L: Grande. 85 cm x 65 cm x (alt)28 cm.\u00a0 \u00a0 <span style=\"letter-spacing: 0.1px;\">ATENCI\u00d3N: Este tama\u00f1o, al no ser desenfundable, solo puede lavarse en lavadoras de 8 kg o m\u00e1s.<\/span><\/div>\n<\/div>\n<\/div>\n<div class=\"NETREVIEWS_PRODUCT_REVIEWS\" data-product-id=\"MRK000207112_M\"><\/div>\n<\/div>\n<div class=\"home-email-signup mt-5\">\n<div class=\"container\">\n<form role=\"form\" action=\"\">\n<div class=\"row align-items-center\">\n<div class=\"col-12 col-md-6 d-none d-md-block\">\n<div class=\"content-asset\"><\/div>\n<\/div>\n<\/div>\n<input type=\"hidden\" name=\"trp-form-language\" value=\"en\"\/><\/form>\n<\/div>\n<\/div>","protected":false},"excerpt":{"rendered":"<p>Cama cuadrada para perros y gatos \u201cWinter Trees\u201d. Esta cama es muy mullida y acogedora. Combina un interior muy suave en color gris, con el tejido exterior del mismo color&hellip;<\/p>","protected":false},"featured_media":26323,"comment_status":"open","ping_status":"closed","template":"","meta":[],"product_cat":[274],"product_tag":[],"class_list":["post-26322","product","type-product","status-publish","has-post-thumbnail","hentry","product_cat-textil-ropa"],"yoast_head":"<!-- This site is optimized with the Yoast SEO plugin v21.6 - https:\/\/yoast.com\/wordpress\/plugins\/seo\/ -->\n<title>Cuna Winter Trees - Cien Mil Hijos<\/title>\n<meta name=\"robots\" content=\"index, follow, max-snippet:-1, max-image-preview:large, max-video-preview:-1\" \/>\n<link rel=\"canonical\" href=\"https:\/\/cienmilhijos.es\/en\/product\/cuna-winter-trees\/\" \/>\n<meta property=\"og:locale\" content=\"en_GB\" \/>\n<meta property=\"og:type\" content=\"article\" \/>\n<meta property=\"og:title\" content=\"Cuna Winter Trees - Cien Mil Hijos\" \/>\n<meta property=\"og:description\" content=\"Cama cuadrada para perros y gatos \u201cWinter Trees\u201d. Esta cama es muy mullida y acogedora. Combina un interior muy suave en color gris, con el tejido exterior del mismo color&hellip;\" \/>\n<meta property=\"og:url\" content=\"https:\/\/cienmilhijos.es\/en\/product\/cuna-winter-trees\/\" \/>\n<meta property=\"og:site_name\" content=\"Cien Mil Hijos\" \/>\n<meta property=\"article:publisher\" content=\"https:\/\/www.facebook.com\/cienmilhijosanimales\/?locale=es_ES\" \/>\n<meta property=\"article:modified_time\" content=\"2023-12-20T12:10:20+00:00\" \/>\n<meta property=\"og:image\" content=\"https:\/\/cienmilhijos.es\/wp-content\/uploads\/2023\/12\/09e68a3b5fdd4ca382747b1096288c39.jpg\" \/>\n\t<meta property=\"og:image:width\" content=\"780\" \/>\n\t<meta property=\"og:image:height\" content=\"780\" \/>\n\t<meta property=\"og:image:type\" content=\"image\/jpeg\" \/>\n<meta name=\"twitter:card\" content=\"summary_large_image\" \/>\n<meta name=\"twitter:label1\" content=\"Estimated reading time\" \/>\n\t<meta name=\"twitter:data1\" content=\"1 minute\" \/>\n<script type=\"application\/ld+json\" class=\"yoast-schema-graph\">{\"@context\":\"https:\/\/schema.org\",\"@graph\":[{\"@type\":\"WebPage\",\"@id\":\"https:\/\/cienmilhijos.es\/product\/cuna-winter-trees\/\",\"url\":\"https:\/\/cienmilhijos.es\/product\/cuna-winter-trees\/\",\"name\":\"Cuna Winter Trees - Cien Mil Hijos\",\"isPartOf\":{\"@id\":\"https:\/\/cienmilhijos.es\/#website\"},\"datePublished\":\"2023-12-03T11:35:53+00:00\",\"dateModified\":\"2023-12-20T12:10:20+00:00\",\"breadcrumb\":{\"@id\":\"https:\/\/cienmilhijos.es\/product\/cuna-winter-trees\/#breadcrumb\"},\"inLanguage\":\"en-GB\",\"potentialAction\":[{\"@type\":\"ReadAction\",\"target\":[\"https:\/\/cienmilhijos.es\/product\/cuna-winter-trees\/\"]}]},{\"@type\":\"BreadcrumbList\",\"@id\":\"https:\/\/cienmilhijos.es\/product\/cuna-winter-trees\/#breadcrumb\",\"itemListElement\":[{\"@type\":\"ListItem\",\"position\":1,\"name\":\"Portada\",\"item\":\"https:\/\/cienmilhijos.es\/\"},{\"@type\":\"ListItem\",\"position\":2,\"name\":\"Tienda\",\"item\":\"https:\/\/cienmilhijos.es\/tienda\/\"},{\"@type\":\"ListItem\",\"position\":3,\"name\":\"Cuna Winter Trees\"}]},{\"@type\":\"WebSite\",\"@id\":\"https:\/\/cienmilhijos.es\/#website\",\"url\":\"https:\/\/cienmilhijos.es\/\",\"name\":\"Cien Mil Hijos\",\"description\":\"Cuidado de animales &amp; tienda de mascotas\",\"publisher\":{\"@id\":\"https:\/\/cienmilhijos.es\/#organization\"},\"potentialAction\":[{\"@type\":\"SearchAction\",\"target\":{\"@type\":\"EntryPoint\",\"urlTemplate\":\"https:\/\/cienmilhijos.es\/?s={search_term_string}\"},\"query-input\":\"required name=search_term_string\"}],\"inLanguage\":\"en-GB\"},{\"@type\":\"Organization\",\"@id\":\"https:\/\/cienmilhijos.es\/#organization\",\"name\":\"Cien Mil Hijos\",\"url\":\"https:\/\/cienmilhijos.es\/\",\"logo\":{\"@type\":\"ImageObject\",\"inLanguage\":\"en-GB\",\"@id\":\"https:\/\/cienmilhijos.es\/#\/schema\/logo\/image\/\",\"url\":\"https:\/\/cienmilhijos.es\/wp-content\/uploads\/2023\/12\/logo2.png\",\"contentUrl\":\"https:\/\/cienmilhijos.es\/wp-content\/uploads\/2023\/12\/logo2.png\",\"width\":1150,\"height\":127,\"caption\":\"Cien Mil Hijos\"},\"image\":{\"@id\":\"https:\/\/cienmilhijos.es\/#\/schema\/logo\/image\/\"},\"sameAs\":[\"https:\/\/www.facebook.com\/cienmilhijosanimales\/?locale=es_ES\"]}]}<\/script>\n<!-- \/ Yoast SEO plugin. -->","yoast_head_json":{"title":"Cuna Winter Trees - Cien Mil Hijos","robots":{"index":"index","follow":"follow","max-snippet":"max-snippet:-1","max-image-preview":"max-image-preview:large","max-video-preview":"max-video-preview:-1"},"canonical":"https:\/\/cienmilhijos.es\/en\/product\/cuna-winter-trees\/","og_locale":"en_GB","og_type":"article","og_title":"Cuna Winter Trees - Cien Mil Hijos","og_description":"Cama cuadrada para perros y gatos \u201cWinter Trees\u201d. Esta cama es muy mullida y acogedora. Combina un interior muy suave en color gris, con el tejido exterior del mismo color&hellip;","og_url":"https:\/\/cienmilhijos.es\/en\/product\/cuna-winter-trees\/","og_site_name":"Cien Mil Hijos","article_publisher":"https:\/\/www.facebook.com\/cienmilhijosanimales\/?locale=es_ES","article_modified_time":"2023-12-20T12:10:20+00:00","og_image":[{"width":780,"height":780,"url":"https:\/\/cienmilhijos.es\/wp-content\/uploads\/2023\/12\/09e68a3b5fdd4ca382747b1096288c39.jpg","type":"image\/jpeg"}],"twitter_card":"summary_large_image","twitter_misc":{"Estimated reading time":"1 minute"},"schema":{"@context":"https:\/\/schema.org","@graph":[{"@type":"WebPage","@id":"https:\/\/cienmilhijos.es\/product\/cuna-winter-trees\/","url":"https:\/\/cienmilhijos.es\/product\/cuna-winter-trees\/","name":"Cuna Winter Trees - Cien Mil Hijos","isPartOf":{"@id":"https:\/\/cienmilhijos.es\/#website"},"datePublished":"2023-12-03T11:35:53+00:00","dateModified":"2023-12-20T12:10:20+00:00","breadcrumb":{"@id":"https:\/\/cienmilhijos.es\/product\/cuna-winter-trees\/#breadcrumb"},"inLanguage":"en-GB","potentialAction":[{"@type":"ReadAction","target":["https:\/\/cienmilhijos.es\/product\/cuna-winter-trees\/"]}]},{"@type":"BreadcrumbList","@id":"https:\/\/cienmilhijos.es\/product\/cuna-winter-trees\/#breadcrumb","itemListElement":[{"@type":"ListItem","position":1,"name":"Portada","item":"https:\/\/cienmilhijos.es\/"},{"@type":"ListItem","position":2,"name":"Tienda","item":"https:\/\/cienmilhijos.es\/tienda\/"},{"@type":"ListItem","position":3,"name":"Cuna Winter Trees"}]},{"@type":"WebSite","@id":"https:\/\/cienmilhijos.es\/#website","url":"https:\/\/cienmilhijos.es\/","name":"Cien Mil Hijos","description":"Cuidado de animales &amp; tienda de mascotas","publisher":{"@id":"https:\/\/cienmilhijos.es\/#organization"},"potentialAction":[{"@type":"SearchAction","target":{"@type":"EntryPoint","urlTemplate":"https:\/\/cienmilhijos.es\/?s={search_term_string}"},"query-input":"required name=search_term_string"}],"inLanguage":"en-GB"},{"@type":"Organization","@id":"https:\/\/cienmilhijos.es\/#organization","name":"Cien Mil Hijos","url":"https:\/\/cienmilhijos.es\/","logo":{"@type":"ImageObject","inLanguage":"en-GB","@id":"https:\/\/cienmilhijos.es\/#\/schema\/logo\/image\/","url":"https:\/\/cienmilhijos.es\/wp-content\/uploads\/2023\/12\/logo2.png","contentUrl":"https:\/\/cienmilhijos.es\/wp-content\/uploads\/2023\/12\/logo2.png","width":1150,"height":127,"caption":"Cien Mil Hijos"},"image":{"@id":"https:\/\/cienmilhijos.es\/#\/schema\/logo\/image\/"},"sameAs":["https:\/\/www.facebook.com\/cienmilhijosanimales\/?locale=es_ES"]}]}},"_links":{"self":[{"href":"https:\/\/cienmilhijos.es\/en\/wp-json\/wp\/v2\/product\/26322","targetHints":{"allow":["GET"]}}],"collection":[{"href":"https:\/\/cienmilhijos.es\/en\/wp-json\/wp\/v2\/product"}],"about":[{"href":"https:\/\/cienmilhijos.es\/en\/wp-json\/wp\/v2\/types\/product"}],"replies":[{"embeddable":true,"href":"https:\/\/cienmilhijos.es\/en\/wp-json\/wp\/v2\/comments?post=26322"}],"wp:featuredmedia":[{"embeddable":true,"href":"https:\/\/cienmilhijos.es\/en\/wp-json\/wp\/v2\/media\/26323"}],"wp:attachment":[{"href":"https:\/\/cienmilhijos.es\/en\/wp-json\/wp\/v2\/media?parent=26322"}],"wp:term":[{"taxonomy":"product_cat","embeddable":true,"href":"https:\/\/cienmilhijos.es\/en\/wp-json\/wp\/v2\/product_cat?post=26322"},{"taxonomy":"product_tag","embeddable":true,"href":"https:\/\/cienmilhijos.es\/en\/wp-json\/wp\/v2\/product_tag?post=26322"}],"curies":[{"name":"wp","href":"https:\/\/api.w.org\/{rel}","templated":true}]}}