{"id":26284,"date":"2023-11-28T14:45:21","date_gmt":"2023-11-28T14:45:21","guid":{"rendered":"https:\/\/cienmilhijos.es\/?post_type=product&#038;p=26284"},"modified":"2023-11-28T14:45:21","modified_gmt":"2023-11-28T14:45:21","slug":"pienso-ownat-gran-free-light","status":"publish","type":"product","link":"https:\/\/cienmilhijos.es\/en\/product\/pienso-ownat-gran-free-light\/","title":{"rendered":"Pienso Ownat Gran Free light"},"content":{"rendered":"<div class=\"mainContent mainContent--animalerie main_container\">\n<div class=\"container-fluid\">\n<section id=\"description\" class=\"product-section\">\n<div class=\"nav-tabs\">\n<div class=\"nav-tabs__wrapper\">\n<div class=\"nav-tabs__content\">\n<div class=\"product-zmstylus mwct2\">\n<div id=\"tr-1-129787-DESCR_TINY-bloc-1\" class=\"stylusBloc stylusBloc--text\">\n<div class=\"stylusBloc__content\">\n<p>Los alimentos de la gama Just Grain Free de Ownat se elaboran sin cereales y contienen un nivel muy alto de prote\u00edna animal. Cada receta es rica en una selecci\u00f3n de ingredientes frescos, mucha carne fresca, frutas, verduras y plantas de primera calidad. El pienso se cocina con esmero, para conservar todos sus nutrientes y un sabor natural, es un alimento repleto de beneficios para la salud\u00a0de los perros. La proporci\u00f3n equilibrada de los ingredientes garantiza una nutrici\u00f3n \u00f3ptima para los perros adultos; la eliminaci\u00f3n de los cereales reduce adem\u00e1s el riesgo de alergias e intolerancias.<\/p>\n<\/div>\n<\/div>\n<div id=\"tr-1-129787-DESCR_TINY-bloc-2\" class=\"stylusBloc stylusBloc--text\">\n<div class=\"stylusBloc__content\">\n<div class=\"zms-title-div\">\n<div class=\"zms-title\" data-size=\"t1\">Bajo en materia grasa<\/div>\n<\/div>\n<div class=\"zms-title-div\">\n<div class=\"zms-title\" data-size=\"t3\">para perros con tendencia la sobrepeso<\/div>\n<\/div>\n<p>El pienso OWNAT Just Grain Free Light es un alimento completo para perros adultos con tendencia al sobrepeso, un pienso indicado para perros que tienen un nivel de actividad bajo o con tendencia a engordar. Con un contenido reducido de materias grasas y una alta proporci\u00f3n de prote\u00ednas de calidad OWNAT Just Grain Free Light ayudar\u00e1 a tu perro a recuperar un peso ideal, y a mantener la masa muscular.<\/p>\n<p>OWNAT Just Grain Free Light se elabora con un 20% de carne fresca de pollo, as\u00ed como carne deshidratada, frutas ricas en vitaminas y antioxidantes, como las manzanas y los ar\u00e1ndanos, verduras, semillas de lino, fuente de \u00e1cidos grasos omega 3 y plantas arom\u00e1ticas. Es un pienso sabroso, saciante,\u00a0un alimento equilibrado\u00a0que proporciona a los perros con tendencia a engordar todos los nutrientes que necesitan para una buena salud. OWNAT Just Grain Free Light es\u00a0adem\u00e1s un alimento sin cereales,\u00a0colorantes ni conservantes, excepcionalmente f\u00e1cil de digerir.<\/p>\n<\/div>\n<\/div>\n<div id=\"tr-1-129787-DESCR_TINY-bloc-3\" class=\"stylusBloc stylusBloc--text\">\n<div class=\"stylusBloc__content\">\n<div class=\"zms-title-div\">\n<div class=\"zms-title\" data-size=\"t1\">Caracter\u00edsticas<\/div>\n<\/div>\n<div class=\"zms-title-div\">\n<div class=\"zms-title\" data-size=\"t3\">OWNAT Just Grain Free Light pienso para perros<\/div>\n<\/div>\n<p>&#8211; Alimento completo para perros adultos.<br \/>\n&#8211; Indicado para perros con sobrepeso o tendencia a engordar.<br \/>\n&#8211; Bajo en materias grasas y calor\u00edas.<br \/>\n&#8211; Elaborado con ingredientes naturales, sin conservantes ni a\u00f1adidos.<br \/>\n&#8211; Con un 64 % de prote\u00ednas de carne de calidad<br \/>\n&#8211; Un 36% de frutas, verduras y plantas.<br \/>\n&#8211; Alimento de f\u00e1cil digesti\u00f3n y saciante.<br \/>\n&#8211; Tama\u00f1o de las croquetas : 11 x 6 mm<\/p>\n<\/div>\n<\/div>\n<\/div>\n<\/div>\n<div class=\"row\">\n<div id=\"analytics\">\n<div class=\"col-md-5 col-sm-12\">\n<div class=\"nav-tabs__content\">\n<div class=\"zm-title\">TABLA ANAL\u00cdTICA<\/div>\n<table class=\"table table-bordered table-striped\">\n<tbody>\n<tr>\n<td>Prote\u00ednas (%) :<\/td>\n<td>40<\/td>\n<\/tr>\n<tr>\n<td>Materias_grasa (%) :<\/td>\n<td>15<\/td>\n<\/tr>\n<tr>\n<td>Humedad (%) :<\/td>\n<td>8<\/td>\n<\/tr>\n<tr>\n<td>Fibra \/ celulosa (%) :<\/td>\n<td>2.5<\/td>\n<\/tr>\n<tr>\n<td>Materia inorg\u00e1nica \/ ceniza bruta (%) :<\/td>\n<td>9<\/td>\n<\/tr>\n<tr>\n<td>Calcio (%) :<\/td>\n<td>1.5<\/td>\n<\/tr>\n<tr>\n<td>F\u00f3sforo (%) :<\/td>\n<td>1<\/td>\n<\/tr>\n<\/tbody>\n<\/table>\n<\/div>\n<\/div>\n<\/div>\n<div id=\"rations\">\n<div class=\"col-md-7 col-sm-12\">\n<div class=\"nav-tabs__content\">\n<div class=\"zm-title\">TABLA DE RACIONES<\/div>\n<table class=\"table table-bordered table-striped\">\n<thead>\n<tr>\n<th colspan=\"20\">Edad : Adulto<\/th>\n<\/tr>\n<\/thead>\n<tbody>\n<tr class=\"hidden-xs\">\n<td class=\"text-center\">1-5 kg<\/td>\n<td class=\"text-center\">5-10 kg<\/td>\n<td class=\"text-center\">10-20 kg<\/td>\n<td class=\"text-center\">20-30 kg<\/td>\n<td class=\"text-center\">30-40 kg<\/td>\n<td class=\"text-center\">40-50 kg<\/td>\n<td class=\"text-center\">50-60 kg<\/td>\n<td class=\"text-center\">60-70 kg<\/td>\n<\/tr>\n<tr>\n<td class=\"text-center\" data-label=\"Peso : 1-5 kg\">30-80 gr\/d<\/td>\n<td class=\"text-center\" data-label=\"Peso : 5-10 kg\">80-160 gr\/d<\/td>\n<td class=\"text-center\" data-label=\"Peso : 10-20 kg\">160-220 gr\/d<\/td>\n<td class=\"text-center\" data-label=\"Peso : 20-30 kg\">220-340 gr\/d<\/td>\n<td class=\"text-center\" data-label=\"Peso : 30-40 kg\">340-415 gr\/d<\/td>\n<td class=\"text-center\" data-label=\"Peso : 40-50 kg\">415-480 gr\/d<\/td>\n<td class=\"text-center\" data-label=\"Peso : 50-60 kg\">480-550 gr\/d<\/td>\n<td class=\"text-center\" data-label=\"Peso : 60-70 kg\">550-650 gr\/d<\/td>\n<\/tr>\n<\/tbody>\n<\/table>\n<\/div>\n<\/div>\n<\/div>\n<\/div>\n<div class=\"zac-productdescvideos nav-tabs__content\"><\/div>\n<div class=\"nav-tabs__content\">\n<div class=\"zm-title\">\n<h3>INGREDIENTES PARA OWNAT JUST GRAIN FREE LIGHT PIENSO PARA PERROS<\/h3>\n<h4 class=\"text-primary\">Ingredientes<\/h4>\n<\/div>\n<ul>\n<li>Pollo: pollo deshidratado (26%), pollo fresco*(min. 20% antes de la extrusi\u00f3n), pesas peque\u00f1as enteras*(10%), carne de cerdo deshidratada (8%), ra\u00edces de yuca*(7%), patata deshidratada*(6%), prote\u00edna de pollo hidrolizada, grasa de ave (conservada con antioxidantes naturales), algarroba*(4%), levadura de cerveza (1%), pulpa de remolacha, manzana*(1%), linaza*(1%), aceite de pescado (conservado con antioxidantes naturales), sal gema*, fructo-oligosac\u00e1ridos y manano-oligosac\u00e1ridos, alfalfa deshidratada*, algas deshidratadas*(500mg\/kg), glucosamina (500mg\/kg), yucca schidigera, sulfato de condroitina (100mg\/kg), ar\u00e1ndanos* (100mg\/kg), tomillo*(80mg\/kg), flor de manzanilla*(80mg\/kg), hinojo*(80mg\/kg), equin\u00e1cea*(80mg\/kg), t\u00e9 verde*(80mg\/kg). *Ingredientes naturales<\/li>\n<\/ul>\n<\/div>\n<\/div>\n<\/div>\n<\/section>\n<section class=\"zac-purchasedwith product-section ajx-prod-slide\">\n<div class=\"zm-anim-slide-down\">\n<div id=\"pss_6565f92c6f846\" class=\"products-suggestions-slider flickity-enabled is-draggable\" tabindex=\"0\">\n<div class=\"flickity-viewport\">\n<div class=\"flickity-slider\">\n<div class=\"carousel-cell item active\" aria-hidden=\"true\">\n<div class=\"product-block__wrapper\"><\/div>\n<\/div>\n<div class=\"carousel-cell item active\" aria-hidden=\"true\">\n<div class=\"product-block__wrapper\">\n<div class=\"product-block__image\"><\/div>\n<\/div>\n<\/div>\n<div class=\"carousel-cell item active\" aria-hidden=\"true\">\n<div class=\"product-block__wrapper\">\n<div class=\"product-block__image\"><\/div>\n<\/div>\n<\/div>\n<div class=\"carousel-cell item active\" aria-hidden=\"true\">\n<div class=\"product-block__wrapper\">\n<div class=\"product-block__image\"><\/div>\n<\/div>\n<\/div>\n<div class=\"carousel-cell item active\" aria-hidden=\"true\">\n<div class=\"product-block__wrapper\">\n<div class=\"product-block__image\"><\/div>\n<\/div>\n<\/div>\n<div class=\"carousel-cell item active\" aria-hidden=\"true\">\n<div class=\"product-block__wrapper\">\n<div class=\"product-block__image\"><\/div>\n<\/div>\n<\/div>\n<\/div>\n<\/div>\n<\/div>\n<\/div>\n<\/section>\n<\/div>\n<section id=\"avis\" class=\"product-section product-reviews\">\n<div class=\"container-fluid\">\n<div class=\"productReviews\">\n<div class=\"productReviews__comments\">\n<div class=\"productReviews__comments__list\">\n<div class=\"customer-review\">\n<div class=\"customer-review__author\">\n<div class=\"customer-review__rating-box\"><\/div>\n<\/div>\n<\/div>\n<\/div>\n<\/div>\n<\/div>\n<\/div>\n<\/section>\n<div class=\"container-fluid\">\n<section id=\"attractiveproducts\" class=\"product-similars-products product-section zac-attractiveproducts ajx-prod-slide2\" data-btnlabel=\"Todos los productos\">\n<div class=\"zm-anim-slide-down\">\n<div id=\"pss_6565f92a15afc\" class=\"products-suggestions-slider flickity-enabled is-draggable\" tabindex=\"0\">\n<div class=\"flickity-viewport\">\n<div class=\"flickity-slider\">\n<div class=\"carousel-cell item active is-selected\">\n<div class=\"product-block__wrapper\"><\/div>\n<\/div>\n<div class=\"carousel-cell item active\" aria-hidden=\"true\">\n<div class=\"product-block__wrapper\"><\/div>\n<\/div>\n<\/div>\n<\/div>\n<\/div>\n<\/div>\n<\/section>\n<section class=\"product-section\"><\/section>\n<\/div>\n<div class=\"launchers launchers--product launchers--pined\">\n<div class=\"container\">\n<div class=\"launchers__wrapper\">\n<div class=\"launchers--product__image\"><\/div>\n<\/div>\n<\/div>\n<\/div>\n<\/div>\n<footer id=\"footer\" class=\"footer\">\n<div class=\"container\">\n<div class=\"footer__cols\">\n<div class=\"footer__colct footer__colct--logo\">\n<div class=\"footer__banner\"><\/div>\n<\/div>\n<\/div>\n<\/div>\n<\/footer>\n<div class=\"rgpd-banner shown\">\n<div class=\"rgpd-banner__text\">\n<div class=\"rgpd-banner__text__title\"><\/div>\n<\/div>\n<\/div>","protected":false},"excerpt":{"rendered":"<p>Los alimentos de la gama Just Grain Free de Ownat se elaboran sin cereales y contienen un nivel muy alto de prote\u00edna animal. Cada receta es rica en una selecci\u00f3n&hellip;<\/p>","protected":false},"featured_media":26285,"comment_status":"open","ping_status":"closed","template":"","meta":[],"product_cat":[269],"product_tag":[],"class_list":["post-26284","product","type-product","status-publish","has-post-thumbnail","hentry","product_cat-alimentacion-perros"],"yoast_head":"<!-- This site is optimized with the Yoast SEO plugin v21.6 - https:\/\/yoast.com\/wordpress\/plugins\/seo\/ -->\n<title>Pienso Ownat Gran Free light - Cien Mil Hijos<\/title>\n<meta name=\"robots\" content=\"index, follow, max-snippet:-1, max-image-preview:large, max-video-preview:-1\" \/>\n<link rel=\"canonical\" href=\"https:\/\/cienmilhijos.es\/en\/product\/pienso-ownat-gran-free-light\/\" \/>\n<meta property=\"og:locale\" content=\"en_GB\" \/>\n<meta property=\"og:type\" content=\"article\" \/>\n<meta property=\"og:title\" content=\"Pienso Ownat Gran Free light - Cien Mil Hijos\" \/>\n<meta property=\"og:description\" content=\"Los alimentos de la gama Just Grain Free de Ownat se elaboran sin cereales y contienen un nivel muy alto de prote\u00edna animal. Cada receta es rica en una selecci\u00f3n&hellip;\" \/>\n<meta property=\"og:url\" content=\"https:\/\/cienmilhijos.es\/en\/product\/pienso-ownat-gran-free-light\/\" \/>\n<meta property=\"og:site_name\" content=\"Cien Mil Hijos\" \/>\n<meta property=\"article:publisher\" content=\"https:\/\/www.facebook.com\/cienmilhijosanimales\/?locale=es_ES\" \/>\n<meta property=\"og:image\" content=\"https:\/\/cienmilhijos.es\/wp-content\/uploads\/2023\/11\/sm_18731fefc0e570cb3860f2a6d4b38c6490d1665149538.jpg\" \/>\n\t<meta property=\"og:image:width\" content=\"200\" \/>\n\t<meta property=\"og:image:height\" content=\"200\" \/>\n\t<meta property=\"og:image:type\" content=\"image\/jpeg\" \/>\n<meta name=\"twitter:card\" content=\"summary_large_image\" \/>\n<meta name=\"twitter:label1\" content=\"Estimated reading time\" \/>\n\t<meta name=\"twitter:data1\" content=\"3 minutes\" \/>\n<script type=\"application\/ld+json\" class=\"yoast-schema-graph\">{\"@context\":\"https:\/\/schema.org\",\"@graph\":[{\"@type\":\"WebPage\",\"@id\":\"https:\/\/cienmilhijos.es\/product\/pienso-ownat-gran-free-light\/\",\"url\":\"https:\/\/cienmilhijos.es\/product\/pienso-ownat-gran-free-light\/\",\"name\":\"Pienso Ownat Gran Free light - Cien Mil Hijos\",\"isPartOf\":{\"@id\":\"https:\/\/cienmilhijos.es\/#website\"},\"datePublished\":\"2023-11-28T14:45:21+00:00\",\"dateModified\":\"2023-11-28T14:45:21+00:00\",\"breadcrumb\":{\"@id\":\"https:\/\/cienmilhijos.es\/product\/pienso-ownat-gran-free-light\/#breadcrumb\"},\"inLanguage\":\"en-GB\",\"potentialAction\":[{\"@type\":\"ReadAction\",\"target\":[\"https:\/\/cienmilhijos.es\/product\/pienso-ownat-gran-free-light\/\"]}]},{\"@type\":\"BreadcrumbList\",\"@id\":\"https:\/\/cienmilhijos.es\/product\/pienso-ownat-gran-free-light\/#breadcrumb\",\"itemListElement\":[{\"@type\":\"ListItem\",\"position\":1,\"name\":\"Portada\",\"item\":\"https:\/\/cienmilhijos.es\/\"},{\"@type\":\"ListItem\",\"position\":2,\"name\":\"Tienda\",\"item\":\"https:\/\/cienmilhijos.es\/tienda\/\"},{\"@type\":\"ListItem\",\"position\":3,\"name\":\"Pienso Ownat Gran Free light\"}]},{\"@type\":\"WebSite\",\"@id\":\"https:\/\/cienmilhijos.es\/#website\",\"url\":\"https:\/\/cienmilhijos.es\/\",\"name\":\"Cien Mil Hijos\",\"description\":\"Cuidado de animales &amp; tienda de mascotas\",\"publisher\":{\"@id\":\"https:\/\/cienmilhijos.es\/#organization\"},\"potentialAction\":[{\"@type\":\"SearchAction\",\"target\":{\"@type\":\"EntryPoint\",\"urlTemplate\":\"https:\/\/cienmilhijos.es\/?s={search_term_string}\"},\"query-input\":\"required name=search_term_string\"}],\"inLanguage\":\"en-GB\"},{\"@type\":\"Organization\",\"@id\":\"https:\/\/cienmilhijos.es\/#organization\",\"name\":\"Cien Mil Hijos\",\"url\":\"https:\/\/cienmilhijos.es\/\",\"logo\":{\"@type\":\"ImageObject\",\"inLanguage\":\"en-GB\",\"@id\":\"https:\/\/cienmilhijos.es\/#\/schema\/logo\/image\/\",\"url\":\"https:\/\/cienmilhijos.es\/wp-content\/uploads\/2023\/12\/logo2.png\",\"contentUrl\":\"https:\/\/cienmilhijos.es\/wp-content\/uploads\/2023\/12\/logo2.png\",\"width\":1150,\"height\":127,\"caption\":\"Cien Mil Hijos\"},\"image\":{\"@id\":\"https:\/\/cienmilhijos.es\/#\/schema\/logo\/image\/\"},\"sameAs\":[\"https:\/\/www.facebook.com\/cienmilhijosanimales\/?locale=es_ES\"]}]}<\/script>\n<!-- \/ Yoast SEO plugin. -->","yoast_head_json":{"title":"Pienso Ownat Gran Free light - Cien Mil Hijos","robots":{"index":"index","follow":"follow","max-snippet":"max-snippet:-1","max-image-preview":"max-image-preview:large","max-video-preview":"max-video-preview:-1"},"canonical":"https:\/\/cienmilhijos.es\/en\/product\/pienso-ownat-gran-free-light\/","og_locale":"en_GB","og_type":"article","og_title":"Pienso Ownat Gran Free light - Cien Mil Hijos","og_description":"Los alimentos de la gama Just Grain Free de Ownat se elaboran sin cereales y contienen un nivel muy alto de prote\u00edna animal. Cada receta es rica en una selecci\u00f3n&hellip;","og_url":"https:\/\/cienmilhijos.es\/en\/product\/pienso-ownat-gran-free-light\/","og_site_name":"Cien Mil Hijos","article_publisher":"https:\/\/www.facebook.com\/cienmilhijosanimales\/?locale=es_ES","og_image":[{"width":200,"height":200,"url":"https:\/\/cienmilhijos.es\/wp-content\/uploads\/2023\/11\/sm_18731fefc0e570cb3860f2a6d4b38c6490d1665149538.jpg","type":"image\/jpeg"}],"twitter_card":"summary_large_image","twitter_misc":{"Estimated reading time":"3 minutes"},"schema":{"@context":"https:\/\/schema.org","@graph":[{"@type":"WebPage","@id":"https:\/\/cienmilhijos.es\/product\/pienso-ownat-gran-free-light\/","url":"https:\/\/cienmilhijos.es\/product\/pienso-ownat-gran-free-light\/","name":"Pienso Ownat Gran Free light - Cien Mil Hijos","isPartOf":{"@id":"https:\/\/cienmilhijos.es\/#website"},"datePublished":"2023-11-28T14:45:21+00:00","dateModified":"2023-11-28T14:45:21+00:00","breadcrumb":{"@id":"https:\/\/cienmilhijos.es\/product\/pienso-ownat-gran-free-light\/#breadcrumb"},"inLanguage":"en-GB","potentialAction":[{"@type":"ReadAction","target":["https:\/\/cienmilhijos.es\/product\/pienso-ownat-gran-free-light\/"]}]},{"@type":"BreadcrumbList","@id":"https:\/\/cienmilhijos.es\/product\/pienso-ownat-gran-free-light\/#breadcrumb","itemListElement":[{"@type":"ListItem","position":1,"name":"Portada","item":"https:\/\/cienmilhijos.es\/"},{"@type":"ListItem","position":2,"name":"Tienda","item":"https:\/\/cienmilhijos.es\/tienda\/"},{"@type":"ListItem","position":3,"name":"Pienso Ownat Gran Free light"}]},{"@type":"WebSite","@id":"https:\/\/cienmilhijos.es\/#website","url":"https:\/\/cienmilhijos.es\/","name":"Cien Mil Hijos","description":"Cuidado de animales &amp; tienda de mascotas","publisher":{"@id":"https:\/\/cienmilhijos.es\/#organization"},"potentialAction":[{"@type":"SearchAction","target":{"@type":"EntryPoint","urlTemplate":"https:\/\/cienmilhijos.es\/?s={search_term_string}"},"query-input":"required name=search_term_string"}],"inLanguage":"en-GB"},{"@type":"Organization","@id":"https:\/\/cienmilhijos.es\/#organization","name":"Cien Mil Hijos","url":"https:\/\/cienmilhijos.es\/","logo":{"@type":"ImageObject","inLanguage":"en-GB","@id":"https:\/\/cienmilhijos.es\/#\/schema\/logo\/image\/","url":"https:\/\/cienmilhijos.es\/wp-content\/uploads\/2023\/12\/logo2.png","contentUrl":"https:\/\/cienmilhijos.es\/wp-content\/uploads\/2023\/12\/logo2.png","width":1150,"height":127,"caption":"Cien Mil Hijos"},"image":{"@id":"https:\/\/cienmilhijos.es\/#\/schema\/logo\/image\/"},"sameAs":["https:\/\/www.facebook.com\/cienmilhijosanimales\/?locale=es_ES"]}]}},"_links":{"self":[{"href":"https:\/\/cienmilhijos.es\/en\/wp-json\/wp\/v2\/product\/26284","targetHints":{"allow":["GET"]}}],"collection":[{"href":"https:\/\/cienmilhijos.es\/en\/wp-json\/wp\/v2\/product"}],"about":[{"href":"https:\/\/cienmilhijos.es\/en\/wp-json\/wp\/v2\/types\/product"}],"replies":[{"embeddable":true,"href":"https:\/\/cienmilhijos.es\/en\/wp-json\/wp\/v2\/comments?post=26284"}],"wp:featuredmedia":[{"embeddable":true,"href":"https:\/\/cienmilhijos.es\/en\/wp-json\/wp\/v2\/media\/26285"}],"wp:attachment":[{"href":"https:\/\/cienmilhijos.es\/en\/wp-json\/wp\/v2\/media?parent=26284"}],"wp:term":[{"taxonomy":"product_cat","embeddable":true,"href":"https:\/\/cienmilhijos.es\/en\/wp-json\/wp\/v2\/product_cat?post=26284"},{"taxonomy":"product_tag","embeddable":true,"href":"https:\/\/cienmilhijos.es\/en\/wp-json\/wp\/v2\/product_tag?post=26284"}],"curies":[{"name":"wp","href":"https:\/\/api.w.org\/{rel}","templated":true}]}}