{"id":26275,"date":"2023-11-28T13:50:33","date_gmt":"2023-11-28T13:50:33","guid":{"rendered":"https:\/\/cienmilhijos.es\/?post_type=product&#038;p=26275"},"modified":"2023-12-20T12:11:27","modified_gmt":"2023-12-20T12:11:27","slug":"pienso-ownat-grain-free-de-pollo","status":"publish","type":"product","link":"https:\/\/cienmilhijos.es\/en\/product\/pienso-ownat-grain-free-de-pollo\/","title":{"rendered":"Pienso Ownat Grain Free de Pollo"},"content":{"rendered":"<div class=\"col-12\"><\/div>\n<div id=\"collapsible-details-1\" class=\"col-sm-12 value content\">\n<p>Ownat Just Grain Free es un pienso completo y equilibrado adecuado para perros de todas las razas. La receta utiliza un\u00a0<strong>34% de carne deshidratada y un 20% de pollo fresco<\/strong>, lo que suministra un gran aporte de prote\u00ednas de alta calidad para proporcionar toda la energ\u00eda que necesitan cada d\u00eda. La carne se acompa\u00f1a con<strong>\u00a0frutas y verduras<\/strong>\u00a0como las manzanas y los guisantes, y con plantas como el tomillo, la flor de manzanilla y el hinojo. Toda esta combinaci\u00f3n de<strong>\u00a0ingredientes naturales<\/strong>\u00a0confiere a las croquetas un sabor irresistible.<\/p>\n<p>El pienso Ownat Just Grain Free no s\u00f3lo utiliza ingredientes naturales y un gran porcentaje de carne, tambi\u00e9n incorpora pollo fresco. Una\u00a0<strong>receta muy natural y sana\u00a0<\/strong>que tu perro devorar\u00e1 con m\u00e1s gusto que nunca. Otro componente muy com\u00fan en el pienso es el aceite de pescado, que contribuye a mantener una\u00a0<strong>piel y un pelo sanos<\/strong>\u00a0y a reforzar el sistema inmunitario gracias a los aportes de \u00e1cidos grasos omega 3 y omega 6. Ownat a\u00f1ade a su receta la condroitina y la glucosamina para el mantenimiento de las articulaciones, protegiendolas del desgaste.<\/p>\n<p>Prueba los diferentes piensos de\u00a0<strong>Ownat Grain Free: pollo y pavo, cordero, salm\u00f3n, cerdo<\/strong>\u2026 Toda la gama utiliza ingredientes de la m\u00e1s alta calidad y carne fresca. Adem\u00e1s,\u00a0<strong>excluyen los cereales<\/strong>\u00a0para mejorar la digesti\u00f3n y reducir las intolerancias alimentarias.<\/p>\n<h3>\nVENTAJAS DEL PIENSO OWNAT JUST GRAIN FREE:<\/h3>\n<ul>\n<li>Pienso de pollo para perros.<\/li>\n<li>Sin cereales.<\/li>\n<li>Con un alto porcentaje de carne.<\/li>\n<li>Acompa\u00f1ado de frutas y verduras.<\/li>\n<li>Rico en \u00e1cidos grasos omega 3 y omega 6.<\/li>\n<li>Salud digestiva.<\/li>\n<li>Salud de las articulaciones.<\/li>\n<li>Sin conservantes ni colorantes artificiales.<\/li>\n<\/ul>\n<h3>\nUSO Y ESPECIFICACIONES:<\/h3>\n<ul>\n<li>Pienso completo y equilibrado de alta calidad para la alimentaci\u00f3n de perros adultos de todas las razas.<\/li>\n<\/ul>\n<p><strong>Descripci\u00f3n nutricional:<\/strong><\/p>\n<ul>\n<li>Ingredientes: Carne deshidratada (34%), pollo fresco* (m\u00edn. 20% antes de la extrusi\u00f3n), guisantes enteros*, grasa av\u00edcola (preservada con antioxidantes naturales), ra\u00edces de mandioca*, patata deshidratada*, vaina de algarroba*, prote\u00edna hidrolizada de pollo, pescado deshidratado, levadura de cerveza*, pulpa de remolacha, manzana fresca* (1%), semilla de lino*, algas marinas deshidratadas*, sal gema*, aceite de pescado (preservado con antioxidantes naturales), fructo y manano oligosac\u00e1ridos, alfalfa deshidratada*, glucosamina, condroitina, yucca schidigera, ar\u00e1ndanos*, tomillo*, flor de manzanilla*, hinojo*, equin\u00e1ceas*, t\u00e9 verde*. *Ingredientes naturales.<\/li>\n<li>Constituyentes anal\u00edticos: Prote\u00edna: 40%, contenido en grasa: 20%, fibras brutas: 3%, materia inorg\u00e1nica: 9%, humedad: 8%, Omega 6: 3%, Omega 3: 0,5%, calcio: 1,5%, f\u00f3sforo: 1%.<\/li>\n<li>Aditivos nutricionales: Vitamina A 22.000 UI, Vitamina D3 1.500 UI, Vitamina E 350 UI, Vitamina C 100 mg, Taurina 1.100 mg, L-carnitina 200 mg, Cobre (Sulfato de cobre pentahidratado) 5 mg, Cobre (Quelato de cobre de amino\u00e1cidos hidratado) 5 mg, Manganeso (\u00d3xido manganoso) 50 mg, Zinc (\u00d3xido de zinc) 100 mg, Hierro (Sulfato ferroso, monohidratado) 50 mg, Zinc (Quelato de Zinc de amino\u00e1cidos hidratado) 10 mg, Iodo (Ioduro pot\u00e1sico) 4 mg, Selenio (selenito s\u00f3dico) 0,3 mg. Con antioxidantes naturales.<\/li>\n<\/ul>\n<p><strong>Dosificaci\u00f3n<\/strong>:<\/p>\n<table border=\"1\" cellspacing=\"1\" cellpadding=\"1\">\n<thead>\n<tr>\n<th scope=\"col\">Peso<\/th>\n<th scope=\"col\">Cantidad diaria recomendada<\/th>\n<\/tr>\n<\/thead>\n<tbody>\n<tr>\n<td>1 &#8211; 5 kg<\/td>\n<td>45 &#8211; 80 g<\/td>\n<\/tr>\n<tr>\n<td>5 &#8211; 10 kg<\/td>\n<td>80 &#8211; 150 g<\/td>\n<\/tr>\n<tr>\n<td>10 &#8211; 20 kg<\/td>\n<td>150 &#8211; 230 g<\/td>\n<\/tr>\n<tr>\n<td>20 &#8211; 30 kg<\/td>\n<td>230 &#8211; 325 g<\/td>\n<\/tr>\n<tr>\n<td>30 &#8211; 40 kg<\/td>\n<td>325 &#8211; 425 g<\/td>\n<\/tr>\n<tr>\n<td>40 &#8211; 50 kg<\/td>\n<td>425 &#8211; 515 g<\/td>\n<\/tr>\n<tr>\n<td>50 &#8211; 60 kg<\/td>\n<td>515 &#8211; 600 g<\/td>\n<\/tr>\n<tr>\n<td>60 &#8211; 70 kg<\/td>\n<td>600 &#8211; 700 g<\/td>\n<\/tr>\n<\/tbody>\n<\/table>\n<p><strong>Formato<\/strong>:<\/p>\n<ul>\n<li>3 kg<\/li>\n<li>14 kg<\/li>\n<\/ul>\n<\/div>","protected":false},"excerpt":{"rendered":"<p>Ownat Just Grain Free es un pienso completo y equilibrado adecuado para perros de todas las razas. La receta utiliza un\u00a034% de carne deshidratada y un 20% de pollo fresco,&hellip;<\/p>","protected":false},"featured_media":26276,"comment_status":"open","ping_status":"closed","template":"","meta":[],"product_cat":[269],"product_tag":[],"class_list":["post-26275","product","type-product","status-publish","has-post-thumbnail","hentry","product_cat-alimentacion-perros"],"yoast_head":"<!-- This site is optimized with the Yoast SEO plugin v21.6 - https:\/\/yoast.com\/wordpress\/plugins\/seo\/ -->\n<title>Pienso Ownat Grain Free de Pollo - Cien Mil Hijos<\/title>\n<meta name=\"robots\" content=\"index, follow, max-snippet:-1, max-image-preview:large, max-video-preview:-1\" \/>\n<link rel=\"canonical\" href=\"https:\/\/cienmilhijos.es\/en\/product\/pienso-ownat-grain-free-de-pollo\/\" \/>\n<meta property=\"og:locale\" content=\"en_GB\" \/>\n<meta property=\"og:type\" content=\"article\" \/>\n<meta property=\"og:title\" content=\"Pienso Ownat Grain Free de Pollo - Cien Mil Hijos\" \/>\n<meta property=\"og:description\" content=\"Ownat Just Grain Free es un pienso completo y equilibrado adecuado para perros de todas las razas. La receta utiliza un\u00a034% de carne deshidratada y un 20% de pollo fresco,&hellip;\" \/>\n<meta property=\"og:url\" content=\"https:\/\/cienmilhijos.es\/en\/product\/pienso-ownat-grain-free-de-pollo\/\" \/>\n<meta property=\"og:site_name\" content=\"Cien Mil Hijos\" \/>\n<meta property=\"article:publisher\" content=\"https:\/\/www.facebook.com\/cienmilhijosanimales\/?locale=es_ES\" \/>\n<meta property=\"article:modified_time\" content=\"2023-12-20T12:11:27+00:00\" \/>\n<meta property=\"og:image\" content=\"https:\/\/cienmilhijos.es\/wp-content\/uploads\/2023\/11\/shopping-1-1.webp\" \/>\n\t<meta property=\"og:image:width\" content=\"89\" \/>\n\t<meta property=\"og:image:height\" content=\"177\" \/>\n\t<meta property=\"og:image:type\" content=\"image\/webp\" \/>\n<meta name=\"twitter:card\" content=\"summary_large_image\" \/>\n<meta name=\"twitter:label1\" content=\"Estimated reading time\" \/>\n\t<meta name=\"twitter:data1\" content=\"3 minutes\" \/>\n<script type=\"application\/ld+json\" class=\"yoast-schema-graph\">{\"@context\":\"https:\/\/schema.org\",\"@graph\":[{\"@type\":\"WebPage\",\"@id\":\"https:\/\/cienmilhijos.es\/product\/pienso-ownat-grain-free-de-pollo\/\",\"url\":\"https:\/\/cienmilhijos.es\/product\/pienso-ownat-grain-free-de-pollo\/\",\"name\":\"Pienso Ownat Grain Free de Pollo - Cien Mil Hijos\",\"isPartOf\":{\"@id\":\"https:\/\/cienmilhijos.es\/#website\"},\"datePublished\":\"2023-11-28T13:50:33+00:00\",\"dateModified\":\"2023-12-20T12:11:27+00:00\",\"breadcrumb\":{\"@id\":\"https:\/\/cienmilhijos.es\/product\/pienso-ownat-grain-free-de-pollo\/#breadcrumb\"},\"inLanguage\":\"en-GB\",\"potentialAction\":[{\"@type\":\"ReadAction\",\"target\":[\"https:\/\/cienmilhijos.es\/product\/pienso-ownat-grain-free-de-pollo\/\"]}]},{\"@type\":\"BreadcrumbList\",\"@id\":\"https:\/\/cienmilhijos.es\/product\/pienso-ownat-grain-free-de-pollo\/#breadcrumb\",\"itemListElement\":[{\"@type\":\"ListItem\",\"position\":1,\"name\":\"Portada\",\"item\":\"https:\/\/cienmilhijos.es\/\"},{\"@type\":\"ListItem\",\"position\":2,\"name\":\"Tienda\",\"item\":\"https:\/\/cienmilhijos.es\/tienda\/\"},{\"@type\":\"ListItem\",\"position\":3,\"name\":\"Pienso Ownat Grain Free de Pollo\"}]},{\"@type\":\"WebSite\",\"@id\":\"https:\/\/cienmilhijos.es\/#website\",\"url\":\"https:\/\/cienmilhijos.es\/\",\"name\":\"Cien Mil Hijos\",\"description\":\"Cuidado de animales &amp; tienda de mascotas\",\"publisher\":{\"@id\":\"https:\/\/cienmilhijos.es\/#organization\"},\"potentialAction\":[{\"@type\":\"SearchAction\",\"target\":{\"@type\":\"EntryPoint\",\"urlTemplate\":\"https:\/\/cienmilhijos.es\/?s={search_term_string}\"},\"query-input\":\"required name=search_term_string\"}],\"inLanguage\":\"en-GB\"},{\"@type\":\"Organization\",\"@id\":\"https:\/\/cienmilhijos.es\/#organization\",\"name\":\"Cien Mil Hijos\",\"url\":\"https:\/\/cienmilhijos.es\/\",\"logo\":{\"@type\":\"ImageObject\",\"inLanguage\":\"en-GB\",\"@id\":\"https:\/\/cienmilhijos.es\/#\/schema\/logo\/image\/\",\"url\":\"https:\/\/cienmilhijos.es\/wp-content\/uploads\/2023\/12\/logo2.png\",\"contentUrl\":\"https:\/\/cienmilhijos.es\/wp-content\/uploads\/2023\/12\/logo2.png\",\"width\":1150,\"height\":127,\"caption\":\"Cien Mil Hijos\"},\"image\":{\"@id\":\"https:\/\/cienmilhijos.es\/#\/schema\/logo\/image\/\"},\"sameAs\":[\"https:\/\/www.facebook.com\/cienmilhijosanimales\/?locale=es_ES\"]}]}<\/script>\n<!-- \/ Yoast SEO plugin. -->","yoast_head_json":{"title":"Pienso Ownat Grain Free de Pollo - Cien Mil Hijos","robots":{"index":"index","follow":"follow","max-snippet":"max-snippet:-1","max-image-preview":"max-image-preview:large","max-video-preview":"max-video-preview:-1"},"canonical":"https:\/\/cienmilhijos.es\/en\/product\/pienso-ownat-grain-free-de-pollo\/","og_locale":"en_GB","og_type":"article","og_title":"Pienso Ownat Grain Free de Pollo - Cien Mil Hijos","og_description":"Ownat Just Grain Free es un pienso completo y equilibrado adecuado para perros de todas las razas. La receta utiliza un\u00a034% de carne deshidratada y un 20% de pollo fresco,&hellip;","og_url":"https:\/\/cienmilhijos.es\/en\/product\/pienso-ownat-grain-free-de-pollo\/","og_site_name":"Cien Mil Hijos","article_publisher":"https:\/\/www.facebook.com\/cienmilhijosanimales\/?locale=es_ES","article_modified_time":"2023-12-20T12:11:27+00:00","og_image":[{"width":89,"height":177,"url":"https:\/\/cienmilhijos.es\/wp-content\/uploads\/2023\/11\/shopping-1-1.webp","type":"image\/webp"}],"twitter_card":"summary_large_image","twitter_misc":{"Estimated reading time":"3 minutes"},"schema":{"@context":"https:\/\/schema.org","@graph":[{"@type":"WebPage","@id":"https:\/\/cienmilhijos.es\/product\/pienso-ownat-grain-free-de-pollo\/","url":"https:\/\/cienmilhijos.es\/product\/pienso-ownat-grain-free-de-pollo\/","name":"Pienso Ownat Grain Free de Pollo - Cien Mil Hijos","isPartOf":{"@id":"https:\/\/cienmilhijos.es\/#website"},"datePublished":"2023-11-28T13:50:33+00:00","dateModified":"2023-12-20T12:11:27+00:00","breadcrumb":{"@id":"https:\/\/cienmilhijos.es\/product\/pienso-ownat-grain-free-de-pollo\/#breadcrumb"},"inLanguage":"en-GB","potentialAction":[{"@type":"ReadAction","target":["https:\/\/cienmilhijos.es\/product\/pienso-ownat-grain-free-de-pollo\/"]}]},{"@type":"BreadcrumbList","@id":"https:\/\/cienmilhijos.es\/product\/pienso-ownat-grain-free-de-pollo\/#breadcrumb","itemListElement":[{"@type":"ListItem","position":1,"name":"Portada","item":"https:\/\/cienmilhijos.es\/"},{"@type":"ListItem","position":2,"name":"Tienda","item":"https:\/\/cienmilhijos.es\/tienda\/"},{"@type":"ListItem","position":3,"name":"Pienso Ownat Grain Free de Pollo"}]},{"@type":"WebSite","@id":"https:\/\/cienmilhijos.es\/#website","url":"https:\/\/cienmilhijos.es\/","name":"Cien Mil Hijos","description":"Cuidado de animales &amp; tienda de mascotas","publisher":{"@id":"https:\/\/cienmilhijos.es\/#organization"},"potentialAction":[{"@type":"SearchAction","target":{"@type":"EntryPoint","urlTemplate":"https:\/\/cienmilhijos.es\/?s={search_term_string}"},"query-input":"required name=search_term_string"}],"inLanguage":"en-GB"},{"@type":"Organization","@id":"https:\/\/cienmilhijos.es\/#organization","name":"Cien Mil Hijos","url":"https:\/\/cienmilhijos.es\/","logo":{"@type":"ImageObject","inLanguage":"en-GB","@id":"https:\/\/cienmilhijos.es\/#\/schema\/logo\/image\/","url":"https:\/\/cienmilhijos.es\/wp-content\/uploads\/2023\/12\/logo2.png","contentUrl":"https:\/\/cienmilhijos.es\/wp-content\/uploads\/2023\/12\/logo2.png","width":1150,"height":127,"caption":"Cien Mil Hijos"},"image":{"@id":"https:\/\/cienmilhijos.es\/#\/schema\/logo\/image\/"},"sameAs":["https:\/\/www.facebook.com\/cienmilhijosanimales\/?locale=es_ES"]}]}},"_links":{"self":[{"href":"https:\/\/cienmilhijos.es\/en\/wp-json\/wp\/v2\/product\/26275","targetHints":{"allow":["GET"]}}],"collection":[{"href":"https:\/\/cienmilhijos.es\/en\/wp-json\/wp\/v2\/product"}],"about":[{"href":"https:\/\/cienmilhijos.es\/en\/wp-json\/wp\/v2\/types\/product"}],"replies":[{"embeddable":true,"href":"https:\/\/cienmilhijos.es\/en\/wp-json\/wp\/v2\/comments?post=26275"}],"wp:featuredmedia":[{"embeddable":true,"href":"https:\/\/cienmilhijos.es\/en\/wp-json\/wp\/v2\/media\/26276"}],"wp:attachment":[{"href":"https:\/\/cienmilhijos.es\/en\/wp-json\/wp\/v2\/media?parent=26275"}],"wp:term":[{"taxonomy":"product_cat","embeddable":true,"href":"https:\/\/cienmilhijos.es\/en\/wp-json\/wp\/v2\/product_cat?post=26275"},{"taxonomy":"product_tag","embeddable":true,"href":"https:\/\/cienmilhijos.es\/en\/wp-json\/wp\/v2\/product_tag?post=26275"}],"curies":[{"name":"wp","href":"https:\/\/api.w.org\/{rel}","templated":true}]}}